{"id":10,"date":"2014-01-23T14:26:46","date_gmt":"2014-01-23T14:26:46","guid":{"rendered":"http:\/\/vetpovoa.pt\/VP\/?page_id=10"},"modified":"2016-12-29T19:12:47","modified_gmt":"2016-12-29T19:12:47","slug":"clinicaveterinariavetpovoacoimbra","status":"publish","type":"page","link":"https:\/\/vetpovoa.pt\/VP\/?page_id=10","title":{"rendered":"VET P\u00d3VOA"},"content":{"rendered":"<h1><img loading=\"lazy\" decoding=\"async\" class=\"aligncenter size-full wp-image-3450\" src=\"http:\/\/vetpovoa.pt\/VP\/wp-content\/uploads\/A-Clinica-imagem.png\" alt=\"\" width=\"1501\" height=\"552\" srcset=\"https:\/\/vetpovoa.pt\/VP\/wp-content\/uploads\/A-Clinica-imagem.png 1501w, https:\/\/vetpovoa.pt\/VP\/wp-content\/uploads\/A-Clinica-imagem-300x110.png 300w, https:\/\/vetpovoa.pt\/VP\/wp-content\/uploads\/A-Clinica-imagem-768x282.png 768w, https:\/\/vetpovoa.pt\/VP\/wp-content\/uploads\/A-Clinica-imagem-1024x377.png 1024w\" sizes=\"auto, (max-width: 1501px) 100vw, 1501px\" \/><\/h1>\n<blockquote>\n<h1>A sua <span class=\"marker\" style=\"color:#ffffff;background-color:#03b1af\">Cl\u00ednica Veterin\u00e1ra<\/span> em Coimbra<\/h1>\n<\/blockquote>\n<h1>Um pouco de hist\u00f3ria<\/h1>\n<p>A cl\u00ednica veterin\u00e1ria Vet P\u00f3voa foi fundada em 1996, como cl\u00ednica principal do antigo consult\u00f3rio da S\u00e9 Velha no centro de Coimbra, de forma a poder responder a uma necessidade crescente de servi\u00e7os m\u00e9dico-veterin\u00e1rios na cidade. Nessa altura passou a ser poss\u00edvel a realiza\u00e7\u00e3o de v\u00e1rios exames complementares aos animais de companhia, que at\u00e9 ent\u00e3o estavam limitadas \u00e0s grandes cidades como Lisboa e Porto.<\/p>\n<p>Teve como primeiro diretor cl\u00ednico o Dr. Jo\u00e3o Pinto Bravo, um dos primeiros m\u00e9dicos veterin\u00e1rios em Coimbra que se reformou da cl\u00ednica de animais de companhia no in\u00edcio de 2006.<\/p>\n<p>Desde 2006 que a Vet P\u00f3voa \u00e9 dirigida por uma nova ger\u00eancia, tendo sido alvo de remodela\u00e7\u00f5es nesse mesmo ano. Todos os anos a Vet P\u00f3voa sofre obras de melhoramento, e faz parte da nossa pol\u00edtica a aquisi\u00e7\u00e3o de pelo menos um equipamento novo por ano.<\/p>\n<h1><\/h1>\n<h1>Cl\u00ednica Atual<\/h1>\n<p>Em 2014 a cl\u00ednica conta com 6 m\u00e9dicos veterin\u00e1rios a trabalhar em exclusividade, e que direcionam todos os seus esfor\u00e7os para a clinica veterin\u00e1ria de animais de companhia. S\u00f3 desta forma temos tempo e disponibilidade para tratar do companheiro mais querido do mundo: O seu&#8230;<\/p>\n<p><strong>Temos protocolos de coopera\u00e7\u00e3o com outros profissionais, cl\u00ednicas, hospitais e universidades, de forma a receber casos de refer\u00eancia, nomeadamente na \u00e1rea de medicina interna, cirurgia, imagiologia e acupunctura e poder enviar de forma r\u00e1pida e eficaz casos para procedimentos mais espec\u00edficos <\/strong>(p.e. cirurgia de cataratas, TAC, Resson\u00e2ncia Magn\u00e9tica, pr\u00f3tese total de anca, etc.).<\/p>\n<h1><\/h1>\n<h1><span class=\"marker\" style=\"color:#ffffff;background-color:#03b1af\">Miss\u00e3o e Vis\u00e3o<\/span><\/h1>\n<p>Com o objetivo de prestar um servi\u00e7o cada vez mais personalizado e ao mesmo tempo mais eficaz, o corpo cl\u00ednico da Vet P\u00f3voa encontra-se em atualiza\u00e7\u00e3o constante de conhecimentos, tendo neste momento 3 m\u00e9dicos veterin\u00e1rios p\u00f3s-graduados em diversas \u00e1reas da cl\u00ednica de animais de companhia. (Consulte a sec\u00e7\u00e3o equipa para uma apresenta\u00e7\u00e3o muito resumida do curr\u00edculo de cada elemento).<\/p>\n<p>Orgulhamo-nos de poder socorrer qualquer animal de companhia 24 horas por dia, 7 dias por semana, atrav\u00e9s do nosso <strong>n\u00famero de urg\u00eancias (916 128 849)<\/strong>, inclusivamente no domic\u00edlio, dispondo tamb\u00e9m de servi\u00e7o de ambul\u00e2ncia e transporte de animais de companhia, dispon\u00edvel em toda a cidade de Coimbra e arredores.<\/p>\n","protected":false},"excerpt":{"rendered":"<p>A sua em Coimbra Um pouco de hist\u00f3ria A cl\u00ednica veterin\u00e1ria Vet P\u00f3voa foi fundada em 1996, como cl\u00ednica principal do antigo consult\u00f3rio da S\u00e9&hellip; <a href=\"https:\/\/vetpovoa.pt\/VP\/?page_id=10\" class=\"post-excerpt-readmore\"><\/a><\/p>\n","protected":false},"author":1,"featured_media":0,"parent":0,"menu_order":1,"comment_status":"open","ping_status":"open","template":"","meta":{"footnotes":""},"class_list":["post-10","page","type-page","status-publish","hentry"],"yoast_head":"<!-- This site is optimized with the Yoast SEO plugin v24.5 - https:\/\/yoast.com\/wordpress\/plugins\/seo\/ -->\n<title>Cl\u00ednica Veterin\u00e1ria Coimbra - Vet P\u00f3voa (com urg\u00eancias 24h)<\/title>\n<meta name=\"description\" content=\"Cl\u00ednica Veterin\u00e1ria Coimbra - Vet P\u00f3voa (com urg\u00eancias 24h) para animais de companhia instalada na P\u00f3voa de S\u00e3o Martinho (a 1km dos Cov\u00f5es): T. 916 128 849\" \/>\n<meta name=\"robots\" content=\"index, follow, max-snippet:-1, max-image-preview:large, max-video-preview:-1\" \/>\n<link rel=\"canonical\" href=\"https:\/\/vetpovoa.pt\/VP\/?page_id=10\" \/>\n<meta property=\"og:locale\" content=\"pt_PT\" \/>\n<meta property=\"og:type\" content=\"article\" \/>\n<meta property=\"og:title\" content=\"Cl\u00ednica Veterin\u00e1ria Coimbra - Vet P\u00f3voa (com urg\u00eancias 24h)\" \/>\n<meta property=\"og:description\" content=\"Cl\u00ednica Veterin\u00e1ria Coimbra - Vet P\u00f3voa (com urg\u00eancias 24h) para animais de companhia instalada na P\u00f3voa de S\u00e3o Martinho (a 1km dos Cov\u00f5es): T. 916 128 849\" \/>\n<meta property=\"og:url\" content=\"https:\/\/vetpovoa.pt\/VP\/?page_id=10\" \/>\n<meta property=\"og:site_name\" content=\"Vet P\u00f3voa - Cl\u00ednica Veterin\u00e1ria Coimbra\" \/>\n<meta property=\"article:modified_time\" content=\"2016-12-29T19:12:47+00:00\" \/>\n<meta property=\"og:image\" content=\"https:\/\/vetpovoa.pt\/VP\/wp-content\/uploads\/A-Clinica-imagem.png\" \/>\n\t<meta property=\"og:image:width\" content=\"1501\" \/>\n\t<meta property=\"og:image:height\" content=\"552\" \/>\n\t<meta property=\"og:image:type\" content=\"image\/png\" \/>\n<meta name=\"twitter:card\" content=\"summary_large_image\" \/>\n<meta name=\"twitter:label1\" content=\"Tempo estimado de leitura\" \/>\n\t<meta name=\"twitter:data1\" content=\"2 minutos\" \/>\n<script type=\"application\/ld+json\" class=\"yoast-schema-graph\">{\"@context\":\"https:\/\/schema.org\",\"@graph\":[{\"@type\":\"WebPage\",\"@id\":\"https:\/\/vetpovoa.pt\/VP\/?page_id=10\",\"url\":\"https:\/\/vetpovoa.pt\/VP\/?page_id=10\",\"name\":\"Cl\u00ednica Veterin\u00e1ria Coimbra - Vet P\u00f3voa (com urg\u00eancias 24h)\",\"isPartOf\":{\"@id\":\"https:\/\/vetpovoa.pt\/VP\/#website\"},\"primaryImageOfPage\":{\"@id\":\"https:\/\/vetpovoa.pt\/VP\/?page_id=10#primaryimage\"},\"image\":{\"@id\":\"https:\/\/vetpovoa.pt\/VP\/?page_id=10#primaryimage\"},\"thumbnailUrl\":\"http:\/\/vetpovoa.pt\/VP\/wp-content\/uploads\/A-Clinica-imagem.png\",\"datePublished\":\"2014-01-23T14:26:46+00:00\",\"dateModified\":\"2016-12-29T19:12:47+00:00\",\"description\":\"Cl\u00ednica Veterin\u00e1ria Coimbra - Vet P\u00f3voa (com urg\u00eancias 24h) para animais de companhia instalada na P\u00f3voa de S\u00e3o Martinho (a 1km dos Cov\u00f5es): T. 916 128 849\",\"breadcrumb\":{\"@id\":\"https:\/\/vetpovoa.pt\/VP\/?page_id=10#breadcrumb\"},\"inLanguage\":\"pt-PT\",\"potentialAction\":[{\"@type\":\"ReadAction\",\"target\":[\"https:\/\/vetpovoa.pt\/VP\/?page_id=10\"]}]},{\"@type\":\"ImageObject\",\"inLanguage\":\"pt-PT\",\"@id\":\"https:\/\/vetpovoa.pt\/VP\/?page_id=10#primaryimage\",\"url\":\"http:\/\/vetpovoa.pt\/VP\/wp-content\/uploads\/A-Clinica-imagem.png\",\"contentUrl\":\"http:\/\/vetpovoa.pt\/VP\/wp-content\/uploads\/A-Clinica-imagem.png\"},{\"@type\":\"BreadcrumbList\",\"@id\":\"https:\/\/vetpovoa.pt\/VP\/?page_id=10#breadcrumb\",\"itemListElement\":[{\"@type\":\"ListItem\",\"position\":1,\"name\":\"In\u00edcio\",\"item\":\"https:\/\/vetpovoa.pt\/VP\/\"},{\"@type\":\"ListItem\",\"position\":2,\"name\":\"VET P\u00d3VOA\"}]},{\"@type\":\"WebSite\",\"@id\":\"https:\/\/vetpovoa.pt\/VP\/#website\",\"url\":\"https:\/\/vetpovoa.pt\/VP\/\",\"name\":\"Vet P\u00f3voa - Cl\u00ednica Veterin\u00e1ria Coimbra\",\"description\":\"Cl\u00ednica Veterin\u00e1ria Coimbra\",\"potentialAction\":[{\"@type\":\"SearchAction\",\"target\":{\"@type\":\"EntryPoint\",\"urlTemplate\":\"https:\/\/vetpovoa.pt\/VP\/?s={search_term_string}\"},\"query-input\":{\"@type\":\"PropertyValueSpecification\",\"valueRequired\":true,\"valueName\":\"search_term_string\"}}],\"inLanguage\":\"pt-PT\"}]}<\/script>\n<!-- \/ Yoast SEO plugin. -->","yoast_head_json":{"title":"Cl\u00ednica Veterin\u00e1ria Coimbra - Vet P\u00f3voa (com urg\u00eancias 24h)","description":"Cl\u00ednica Veterin\u00e1ria Coimbra - Vet P\u00f3voa (com urg\u00eancias 24h) para animais de companhia instalada na P\u00f3voa de S\u00e3o Martinho (a 1km dos Cov\u00f5es): T. 916 128 849","robots":{"index":"index","follow":"follow","max-snippet":"max-snippet:-1","max-image-preview":"max-image-preview:large","max-video-preview":"max-video-preview:-1"},"canonical":"https:\/\/vetpovoa.pt\/VP\/?page_id=10","og_locale":"pt_PT","og_type":"article","og_title":"Cl\u00ednica Veterin\u00e1ria Coimbra - Vet P\u00f3voa (com urg\u00eancias 24h)","og_description":"Cl\u00ednica Veterin\u00e1ria Coimbra - Vet P\u00f3voa (com urg\u00eancias 24h) para animais de companhia instalada na P\u00f3voa de S\u00e3o Martinho (a 1km dos Cov\u00f5es): T. 916 128 849","og_url":"https:\/\/vetpovoa.pt\/VP\/?page_id=10","og_site_name":"Vet P\u00f3voa - Cl\u00ednica Veterin\u00e1ria Coimbra","article_modified_time":"2016-12-29T19:12:47+00:00","og_image":[{"width":1501,"height":552,"url":"https:\/\/vetpovoa.pt\/VP\/wp-content\/uploads\/A-Clinica-imagem.png","type":"image\/png"}],"twitter_card":"summary_large_image","twitter_misc":{"Tempo estimado de leitura":"2 minutos"},"schema":{"@context":"https:\/\/schema.org","@graph":[{"@type":"WebPage","@id":"https:\/\/vetpovoa.pt\/VP\/?page_id=10","url":"https:\/\/vetpovoa.pt\/VP\/?page_id=10","name":"Cl\u00ednica Veterin\u00e1ria Coimbra - Vet P\u00f3voa (com urg\u00eancias 24h)","isPartOf":{"@id":"https:\/\/vetpovoa.pt\/VP\/#website"},"primaryImageOfPage":{"@id":"https:\/\/vetpovoa.pt\/VP\/?page_id=10#primaryimage"},"image":{"@id":"https:\/\/vetpovoa.pt\/VP\/?page_id=10#primaryimage"},"thumbnailUrl":"http:\/\/vetpovoa.pt\/VP\/wp-content\/uploads\/A-Clinica-imagem.png","datePublished":"2014-01-23T14:26:46+00:00","dateModified":"2016-12-29T19:12:47+00:00","description":"Cl\u00ednica Veterin\u00e1ria Coimbra - Vet P\u00f3voa (com urg\u00eancias 24h) para animais de companhia instalada na P\u00f3voa de S\u00e3o Martinho (a 1km dos Cov\u00f5es): T. 916 128 849","breadcrumb":{"@id":"https:\/\/vetpovoa.pt\/VP\/?page_id=10#breadcrumb"},"inLanguage":"pt-PT","potentialAction":[{"@type":"ReadAction","target":["https:\/\/vetpovoa.pt\/VP\/?page_id=10"]}]},{"@type":"ImageObject","inLanguage":"pt-PT","@id":"https:\/\/vetpovoa.pt\/VP\/?page_id=10#primaryimage","url":"http:\/\/vetpovoa.pt\/VP\/wp-content\/uploads\/A-Clinica-imagem.png","contentUrl":"http:\/\/vetpovoa.pt\/VP\/wp-content\/uploads\/A-Clinica-imagem.png"},{"@type":"BreadcrumbList","@id":"https:\/\/vetpovoa.pt\/VP\/?page_id=10#breadcrumb","itemListElement":[{"@type":"ListItem","position":1,"name":"In\u00edcio","item":"https:\/\/vetpovoa.pt\/VP\/"},{"@type":"ListItem","position":2,"name":"VET P\u00d3VOA"}]},{"@type":"WebSite","@id":"https:\/\/vetpovoa.pt\/VP\/#website","url":"https:\/\/vetpovoa.pt\/VP\/","name":"Vet P\u00f3voa - Cl\u00ednica Veterin\u00e1ria Coimbra","description":"Cl\u00ednica Veterin\u00e1ria Coimbra","potentialAction":[{"@type":"SearchAction","target":{"@type":"EntryPoint","urlTemplate":"https:\/\/vetpovoa.pt\/VP\/?s={search_term_string}"},"query-input":{"@type":"PropertyValueSpecification","valueRequired":true,"valueName":"search_term_string"}}],"inLanguage":"pt-PT"}]}},"_links":{"self":[{"href":"https:\/\/vetpovoa.pt\/VP\/index.php?rest_route=\/wp\/v2\/pages\/10","targetHints":{"allow":["GET"]}}],"collection":[{"href":"https:\/\/vetpovoa.pt\/VP\/index.php?rest_route=\/wp\/v2\/pages"}],"about":[{"href":"https:\/\/vetpovoa.pt\/VP\/index.php?rest_route=\/wp\/v2\/types\/page"}],"author":[{"embeddable":true,"href":"https:\/\/vetpovoa.pt\/VP\/index.php?rest_route=\/wp\/v2\/users\/1"}],"replies":[{"embeddable":true,"href":"https:\/\/vetpovoa.pt\/VP\/index.php?rest_route=%2Fwp%2Fv2%2Fcomments&post=10"}],"version-history":[{"count":36,"href":"https:\/\/vetpovoa.pt\/VP\/index.php?rest_route=\/wp\/v2\/pages\/10\/revisions"}],"predecessor-version":[{"id":3452,"href":"https:\/\/vetpovoa.pt\/VP\/index.php?rest_route=\/wp\/v2\/pages\/10\/revisions\/3452"}],"wp:attachment":[{"href":"https:\/\/vetpovoa.pt\/VP\/index.php?rest_route=%2Fwp%2Fv2%2Fmedia&parent=10"}],"curies":[{"name":"wp","href":"https:\/\/api.w.org\/{rel}","templated":true}]}}