{"id":12,"date":"2014-01-23T14:27:05","date_gmt":"2014-01-23T14:27:05","guid":{"rendered":"http:\/\/vetpovoa.pt\/VP\/?page_id=12"},"modified":"2025-02-27T15:55:21","modified_gmt":"2025-02-27T15:55:21","slug":"contactosvetpovoa","status":"publish","type":"page","link":"https:\/\/vetpovoa.pt\/VP\/?page_id=12","title":{"rendered":"Contactos"},"content":{"rendered":"<style type=\"text\/css\"><!-- @page { margin: 0.79in } P { margin-bottom: 0.08in } A:link { so-language: zxx } --><\/style>\n<p><img loading=\"lazy\" decoding=\"async\" class=\"aligncenter size-full wp-image-3538\" src=\"http:\/\/vetpovoa.pt\/VP\/wp-content\/uploads\/estamos-perto.png\" alt=\"\" width=\"1500\" height=\"552\" srcset=\"https:\/\/vetpovoa.pt\/VP\/wp-content\/uploads\/estamos-perto.png 1500w, https:\/\/vetpovoa.pt\/VP\/wp-content\/uploads\/estamos-perto-300x110.png 300w, https:\/\/vetpovoa.pt\/VP\/wp-content\/uploads\/estamos-perto-768x283.png 768w, https:\/\/vetpovoa.pt\/VP\/wp-content\/uploads\/estamos-perto-1024x377.png 1024w\" sizes=\"auto, (max-width: 1500px) 100vw, 1500px\" \/><\/p>\n<h1><span class=\"marker\" style=\"background-color:#03b1af\">Vet P\u00f3voa<\/span> a sua Cl\u00ednica Veterin\u00e1ria em Coimbra<\/h1>\n<h3><strong>A sua Cl\u00ednica Veterin\u00e1ria em Coimbra<br \/>\n<\/strong><\/h3>\n<p>Escola Superior Agr\u00e1ria de Coimbra<br \/>\nEstrada de Bencanta, Avenida M\u00e1rio Silva<br \/>\n3045-601 COIMBRA<\/p>\n<p><strong>Hor\u00e1rio de abertura ao p\u00fablico:<\/strong> Segunda a S\u00e1bado das 10:00 \u00e0s 20:00.<br \/>\n<strong>Marca\u00e7\u00e3o de consultas:<\/strong> 239 445 454 (Chamada para a Rede Fixa Nacional) ou geral@vetpovoa.pt<\/p>\n<blockquote><p>No caso de n\u00e3o ter consulta marcada o atendimento ser\u00e1 por ordem de chegada e considerado Atendimento N\u00e3o Programado<\/p><\/blockquote>\n<h2><span style=\"color: #00b1b0;\"><strong><span style=\"font-size: medium;\">Para qualquer situa\u00e7\u00e3o de emerg\u00eancia, estamos dispon\u00edveis 24 horas por dia atrav\u00e9s do telem\u00f3vel <\/span><\/strong><\/span><span style=\"color: #00b1b0;\"><strong><span style=\"font-size: medium;\">916 128 849 (Chamada para a Rede M\u00f3vel Nacional).<\/span><\/strong><\/span><\/h2>\n<p><iframe loading=\"lazy\" src=\"https:\/\/maps.google.com\/maps?q=S%C3%A3o+Martinho+do+Bispo,+Rua+Central+47,+P%C3%B3voa,+Portugal&amp;layer=c&amp;sll=40.195953,-8.453920&amp;cbp=13,260.62,,0,3.16&amp;cbll=40.19603,-8.453764&amp;hl=en&amp;ie=UTF8&amp;hq=&amp;hnear=Rua+Central+47,+P%C3%B3voa,+Coimbra,+Portugal&amp;t=h&amp;panoid=FlpBPQm2rEd6dsxr0W2rlw&amp;source=embed&amp;ll=40.190266,-8.453722&amp;spn=0.01967,0.068665&amp;z=14&amp;output=svembed\" width=\"800\" height=\"300\" frameborder=\"0\" marginwidth=\"0\" marginheight=\"0\" scrolling=\"no\"><\/iframe><br \/>\n<small><a style=\"color: #0000ff; text-align: left;\" href=\"https:\/\/maps.google.com\/maps?q=S%C3%A3o+Martinho+do+Bispo,+Rua+Central+47,+P%C3%B3voa,+Portugal&amp;layer=c&amp;sll=40.195953,-8.453920&amp;cbp=13,260.62,,0,3.16&amp;cbll=40.19603,-8.453764&amp;hl=en&amp;ie=UTF8&amp;hq=&amp;hnear=Rua+Central+47,+P%C3%B3voa,+Coimbra,+Portugal&amp;t=h&amp;panoid=FlpBPQm2rEd6dsxr0W2rlw&amp;source=embed&amp;ll=40.190266,-8.453722&amp;spn=0.01967,0.068665&amp;z=14\">View Larger Map<\/a><\/small><\/p>\n","protected":false},"excerpt":{"rendered":"<p>a sua Cl\u00ednica Veterin\u00e1ria em Coimbra A sua Cl\u00ednica Veterin\u00e1ria em Coimbra Escola Superior Agr\u00e1ria de Coimbra Estrada de Bencanta, Avenida M\u00e1rio Silva 3045-601 COIMBRA&hellip; <a href=\"https:\/\/vetpovoa.pt\/VP\/?page_id=12\" class=\"post-excerpt-readmore\"><\/a><\/p>\n","protected":false},"author":1,"featured_media":0,"parent":0,"menu_order":5,"comment_status":"open","ping_status":"open","template":"","meta":{"footnotes":""},"class_list":["post-12","page","type-page","status-publish","hentry"],"yoast_head":"<!-- This site is optimized with the Yoast SEO plugin v24.5 - https:\/\/yoast.com\/wordpress\/plugins\/seo\/ -->\n<title>Contactos Vet P\u00f3voa - Clinica Veterin\u00e1ria Coimbra (urg\u00eancias 24horas)<\/title>\n<meta name=\"description\" content=\"Rua Central 47 P\u00f3voa-S\u00e3o Martinho do Bispo (entre o Hospital dos Cov\u00f5es e o centro de Santa Clara) 3045-405 COIMBRA T. 239 445 454 &amp; M. geral@vetpovoa.pt\" \/>\n<meta name=\"robots\" content=\"index, follow, max-snippet:-1, max-image-preview:large, max-video-preview:-1\" \/>\n<link rel=\"canonical\" href=\"https:\/\/vetpovoa.pt\/VP\/?page_id=12\" \/>\n<meta property=\"og:locale\" content=\"pt_PT\" \/>\n<meta property=\"og:type\" content=\"article\" \/>\n<meta property=\"og:title\" content=\"Contactos Vet P\u00f3voa - Clinica Veterin\u00e1ria Coimbra (urg\u00eancias 24horas)\" \/>\n<meta property=\"og:description\" content=\"Rua Central 47 P\u00f3voa-S\u00e3o Martinho do Bispo (entre o Hospital dos Cov\u00f5es e o centro de Santa Clara) 3045-405 COIMBRA T. 239 445 454 &amp; M. geral@vetpovoa.pt\" \/>\n<meta property=\"og:url\" content=\"https:\/\/vetpovoa.pt\/VP\/?page_id=12\" \/>\n<meta property=\"og:site_name\" content=\"Vet P\u00f3voa - Cl\u00ednica Veterin\u00e1ria Coimbra\" \/>\n<meta property=\"article:modified_time\" content=\"2025-02-27T15:55:21+00:00\" \/>\n<meta property=\"og:image\" content=\"https:\/\/vetpovoa.pt\/VP\/wp-content\/uploads\/estamos-perto.png\" \/>\n\t<meta property=\"og:image:width\" content=\"1500\" \/>\n\t<meta property=\"og:image:height\" content=\"552\" \/>\n\t<meta property=\"og:image:type\" content=\"image\/png\" \/>\n<meta name=\"twitter:card\" content=\"summary_large_image\" \/>\n<meta name=\"twitter:label1\" content=\"Tempo estimado de leitura\" \/>\n\t<meta name=\"twitter:data1\" content=\"1 minuto\" \/>\n<script type=\"application\/ld+json\" class=\"yoast-schema-graph\">{\"@context\":\"https:\/\/schema.org\",\"@graph\":[{\"@type\":\"WebPage\",\"@id\":\"https:\/\/vetpovoa.pt\/VP\/?page_id=12\",\"url\":\"https:\/\/vetpovoa.pt\/VP\/?page_id=12\",\"name\":\"Contactos Vet P\u00f3voa - Clinica Veterin\u00e1ria Coimbra (urg\u00eancias 24horas)\",\"isPartOf\":{\"@id\":\"https:\/\/vetpovoa.pt\/VP\/#website\"},\"primaryImageOfPage\":{\"@id\":\"https:\/\/vetpovoa.pt\/VP\/?page_id=12#primaryimage\"},\"image\":{\"@id\":\"https:\/\/vetpovoa.pt\/VP\/?page_id=12#primaryimage\"},\"thumbnailUrl\":\"http:\/\/vetpovoa.pt\/VP\/wp-content\/uploads\/estamos-perto.png\",\"datePublished\":\"2014-01-23T14:27:05+00:00\",\"dateModified\":\"2025-02-27T15:55:21+00:00\",\"description\":\"Rua Central 47 P\u00f3voa-S\u00e3o Martinho do Bispo (entre o Hospital dos Cov\u00f5es e o centro de Santa Clara) 3045-405 COIMBRA T. 239 445 454 & M. geral@vetpovoa.pt\",\"breadcrumb\":{\"@id\":\"https:\/\/vetpovoa.pt\/VP\/?page_id=12#breadcrumb\"},\"inLanguage\":\"pt-PT\",\"potentialAction\":[{\"@type\":\"ReadAction\",\"target\":[\"https:\/\/vetpovoa.pt\/VP\/?page_id=12\"]}]},{\"@type\":\"ImageObject\",\"inLanguage\":\"pt-PT\",\"@id\":\"https:\/\/vetpovoa.pt\/VP\/?page_id=12#primaryimage\",\"url\":\"http:\/\/vetpovoa.pt\/VP\/wp-content\/uploads\/estamos-perto.png\",\"contentUrl\":\"http:\/\/vetpovoa.pt\/VP\/wp-content\/uploads\/estamos-perto.png\"},{\"@type\":\"BreadcrumbList\",\"@id\":\"https:\/\/vetpovoa.pt\/VP\/?page_id=12#breadcrumb\",\"itemListElement\":[{\"@type\":\"ListItem\",\"position\":1,\"name\":\"In\u00edcio\",\"item\":\"https:\/\/vetpovoa.pt\/VP\/\"},{\"@type\":\"ListItem\",\"position\":2,\"name\":\"Contactos\"}]},{\"@type\":\"WebSite\",\"@id\":\"https:\/\/vetpovoa.pt\/VP\/#website\",\"url\":\"https:\/\/vetpovoa.pt\/VP\/\",\"name\":\"Vet P\u00f3voa - Cl\u00ednica Veterin\u00e1ria Coimbra\",\"description\":\"Cl\u00ednica Veterin\u00e1ria Coimbra\",\"potentialAction\":[{\"@type\":\"SearchAction\",\"target\":{\"@type\":\"EntryPoint\",\"urlTemplate\":\"https:\/\/vetpovoa.pt\/VP\/?s={search_term_string}\"},\"query-input\":{\"@type\":\"PropertyValueSpecification\",\"valueRequired\":true,\"valueName\":\"search_term_string\"}}],\"inLanguage\":\"pt-PT\"}]}<\/script>\n<!-- \/ Yoast SEO plugin. -->","yoast_head_json":{"title":"Contactos Vet P\u00f3voa - Clinica Veterin\u00e1ria Coimbra (urg\u00eancias 24horas)","description":"Rua Central 47 P\u00f3voa-S\u00e3o Martinho do Bispo (entre o Hospital dos Cov\u00f5es e o centro de Santa Clara) 3045-405 COIMBRA T. 239 445 454 & M. geral@vetpovoa.pt","robots":{"index":"index","follow":"follow","max-snippet":"max-snippet:-1","max-image-preview":"max-image-preview:large","max-video-preview":"max-video-preview:-1"},"canonical":"https:\/\/vetpovoa.pt\/VP\/?page_id=12","og_locale":"pt_PT","og_type":"article","og_title":"Contactos Vet P\u00f3voa - Clinica Veterin\u00e1ria Coimbra (urg\u00eancias 24horas)","og_description":"Rua Central 47 P\u00f3voa-S\u00e3o Martinho do Bispo (entre o Hospital dos Cov\u00f5es e o centro de Santa Clara) 3045-405 COIMBRA T. 239 445 454 & M. geral@vetpovoa.pt","og_url":"https:\/\/vetpovoa.pt\/VP\/?page_id=12","og_site_name":"Vet P\u00f3voa - Cl\u00ednica Veterin\u00e1ria Coimbra","article_modified_time":"2025-02-27T15:55:21+00:00","og_image":[{"width":1500,"height":552,"url":"https:\/\/vetpovoa.pt\/VP\/wp-content\/uploads\/estamos-perto.png","type":"image\/png"}],"twitter_card":"summary_large_image","twitter_misc":{"Tempo estimado de leitura":"1 minuto"},"schema":{"@context":"https:\/\/schema.org","@graph":[{"@type":"WebPage","@id":"https:\/\/vetpovoa.pt\/VP\/?page_id=12","url":"https:\/\/vetpovoa.pt\/VP\/?page_id=12","name":"Contactos Vet P\u00f3voa - Clinica Veterin\u00e1ria Coimbra (urg\u00eancias 24horas)","isPartOf":{"@id":"https:\/\/vetpovoa.pt\/VP\/#website"},"primaryImageOfPage":{"@id":"https:\/\/vetpovoa.pt\/VP\/?page_id=12#primaryimage"},"image":{"@id":"https:\/\/vetpovoa.pt\/VP\/?page_id=12#primaryimage"},"thumbnailUrl":"http:\/\/vetpovoa.pt\/VP\/wp-content\/uploads\/estamos-perto.png","datePublished":"2014-01-23T14:27:05+00:00","dateModified":"2025-02-27T15:55:21+00:00","description":"Rua Central 47 P\u00f3voa-S\u00e3o Martinho do Bispo (entre o Hospital dos Cov\u00f5es e o centro de Santa Clara) 3045-405 COIMBRA T. 239 445 454 & M. geral@vetpovoa.pt","breadcrumb":{"@id":"https:\/\/vetpovoa.pt\/VP\/?page_id=12#breadcrumb"},"inLanguage":"pt-PT","potentialAction":[{"@type":"ReadAction","target":["https:\/\/vetpovoa.pt\/VP\/?page_id=12"]}]},{"@type":"ImageObject","inLanguage":"pt-PT","@id":"https:\/\/vetpovoa.pt\/VP\/?page_id=12#primaryimage","url":"http:\/\/vetpovoa.pt\/VP\/wp-content\/uploads\/estamos-perto.png","contentUrl":"http:\/\/vetpovoa.pt\/VP\/wp-content\/uploads\/estamos-perto.png"},{"@type":"BreadcrumbList","@id":"https:\/\/vetpovoa.pt\/VP\/?page_id=12#breadcrumb","itemListElement":[{"@type":"ListItem","position":1,"name":"In\u00edcio","item":"https:\/\/vetpovoa.pt\/VP\/"},{"@type":"ListItem","position":2,"name":"Contactos"}]},{"@type":"WebSite","@id":"https:\/\/vetpovoa.pt\/VP\/#website","url":"https:\/\/vetpovoa.pt\/VP\/","name":"Vet P\u00f3voa - Cl\u00ednica Veterin\u00e1ria Coimbra","description":"Cl\u00ednica Veterin\u00e1ria Coimbra","potentialAction":[{"@type":"SearchAction","target":{"@type":"EntryPoint","urlTemplate":"https:\/\/vetpovoa.pt\/VP\/?s={search_term_string}"},"query-input":{"@type":"PropertyValueSpecification","valueRequired":true,"valueName":"search_term_string"}}],"inLanguage":"pt-PT"}]}},"_links":{"self":[{"href":"https:\/\/vetpovoa.pt\/VP\/index.php?rest_route=\/wp\/v2\/pages\/12","targetHints":{"allow":["GET"]}}],"collection":[{"href":"https:\/\/vetpovoa.pt\/VP\/index.php?rest_route=\/wp\/v2\/pages"}],"about":[{"href":"https:\/\/vetpovoa.pt\/VP\/index.php?rest_route=\/wp\/v2\/types\/page"}],"author":[{"embeddable":true,"href":"https:\/\/vetpovoa.pt\/VP\/index.php?rest_route=\/wp\/v2\/users\/1"}],"replies":[{"embeddable":true,"href":"https:\/\/vetpovoa.pt\/VP\/index.php?rest_route=%2Fwp%2Fv2%2Fcomments&post=12"}],"version-history":[{"count":22,"href":"https:\/\/vetpovoa.pt\/VP\/index.php?rest_route=\/wp\/v2\/pages\/12\/revisions"}],"predecessor-version":[{"id":4052,"href":"https:\/\/vetpovoa.pt\/VP\/index.php?rest_route=\/wp\/v2\/pages\/12\/revisions\/4052"}],"wp:attachment":[{"href":"https:\/\/vetpovoa.pt\/VP\/index.php?rest_route=%2Fwp%2Fv2%2Fmedia&parent=12"}],"curies":[{"name":"wp","href":"https:\/\/api.w.org\/{rel}","templated":true}]}}