{"id":14,"date":"2014-01-23T14:27:31","date_gmt":"2014-01-23T14:27:31","guid":{"rendered":"http:\/\/vetpovoa.pt\/VP\/?page_id=14"},"modified":"2017-01-16T14:28:18","modified_gmt":"2017-01-16T14:28:18","slug":"servicosveterinarios","status":"publish","type":"page","link":"https:\/\/vetpovoa.pt\/VP\/?page_id=14","title":{"rendered":"Servi\u00e7os Veterin\u00e1rios"},"content":{"rendered":"<h1><\/h1>\n<h1><img loading=\"lazy\" decoding=\"async\" class=\"aligncenter size-full wp-image-3515\" src=\"http:\/\/vetpovoa.pt\/VP\/wp-content\/uploads\/servi\u00e7os-todo-o-cuidado.png\" alt=\"\" width=\"1499\" height=\"551\" srcset=\"https:\/\/vetpovoa.pt\/VP\/wp-content\/uploads\/servi\u00e7os-todo-o-cuidado.png 1499w, https:\/\/vetpovoa.pt\/VP\/wp-content\/uploads\/servi\u00e7os-todo-o-cuidado-300x110.png 300w, https:\/\/vetpovoa.pt\/VP\/wp-content\/uploads\/servi\u00e7os-todo-o-cuidado-768x282.png 768w, https:\/\/vetpovoa.pt\/VP\/wp-content\/uploads\/servi\u00e7os-todo-o-cuidado-1024x376.png 1024w\" sizes=\"auto, (max-width: 1499px) 100vw, 1499px\" \/><\/h1>\n<h1>Temos <span class=\"marker\" style=\"background-color:#03b1af\">tudo<\/span> o que o precisa<\/h1>\n<p>O edif\u00edcio da Vet P\u00f3voa encontra-se na P\u00f3voa de S\u00e3o Martinho do Bispo (ver contactos e disp\u00f5e de uma \u00e1rea de Rece\u00e7\u00e3o, Sala de Espera, 2 Consult\u00f3rios, Sala de Tratamentos, Sala de Esteriliza\u00e7\u00e3o, Laborat\u00f3rio, Farm\u00e1cia, Internamento, Sala de Radiologia e Bloco Cirurgico. Todas estas divis\u00f5es se encontram no mesmo piso de modo a facilitar a desloca\u00e7\u00e3o dos animais dentro da cl\u00ednica. No piso superior situam-se as \u00e1reas de Escrit\u00f3rio, Biblioteca, Lavandaria e Armazem. De modo a poder fornecer servi\u00e7o domicili\u00e1rio, a Vet P\u00f3voa disp\u00f5e de um servi\u00e7o de ambul\u00e2ncia e transporte de animais de companhia.<\/p>\n<p>&nbsp;<\/p>\n<p>A cl\u00ednica possui ainda um espa\u00e7o ao ar livre onde os animais podem passear e tomar um pouco de sol, na companhia dos seus donos.<\/p>\n<p><strong>Dentro do vasto leque de servi\u00e7os veterin\u00e1rios, destacamos:<\/strong><\/p>\n<div class=\"ul-style-lines\"><\/p>\n<ul class=\"icons\">\n<li><i class=\"icon-ambulance\"><\/i>Consultas: Cl\u00ednica geral, Consultas de especialidade, Urg\u00eancias e Domicilios<\/li>\n<li><i class=\"icon-ambulance\"><\/i>Cirurgia Geral, Ortop\u00e9dica e Neurol\u00f3gica (com monitoriza\u00e7\u00e3o anest\u00e9sica permanente)<\/li>\n<li><i class=\"icon-ambulance\"><\/i>An\u00e1lises Cl\u00ednicas na hora, com equipamentos pr\u00f3prios<\/li>\n<li><i class=\"icon-ambulance\"><\/i>Imagiologia: RX Digital, Ecografia e Ecocardiografia Doppler<\/li>\n<li><i class=\"icon-ambulance\"><\/i>\u00a0Electrocardiograma e Medi\u00e7\u00e3o da press\u00e3o arterial<\/li>\n<li><i class=\"icon-ambulance\"><\/i>Acupunctura<\/li>\n<li><i class=\"icon-ambulance\"><\/i>Quimioterapia (Convencional e Metron\u00f3mica)<\/li>\n<\/ul>\n<p><\/div>\n<div class=\"ul-style-padding\"><ul class=\"icons\"><li><i class=\"icon-briefcase\"><\/i><strong>Realizamos ainda TAC e Resson\u00e2ncia Magn\u00e9tica em parceria com outras entidades<\/strong><\/li>\n<\/ul><\/div>\n<p>&nbsp;<\/p>\n<blockquote><p><strong>Aconselhamos que mantenha a vacina\u00e7\u00e3o do seu companheiro em dia, podendo ter inicio \u00e0s 5 semanas de idade e mantendo-se ao longo da vida uma vez por ano.<\/strong><\/p><\/blockquote>\n<p><img loading=\"lazy\" decoding=\"async\" class=\"aligncenter size-full wp-image-3517\" src=\"http:\/\/vetpovoa.pt\/VP\/wp-content\/uploads\/servi\u00e7os-vacina-1.png\" alt=\"\" width=\"1499\" height=\"541\" srcset=\"https:\/\/vetpovoa.pt\/VP\/wp-content\/uploads\/servi\u00e7os-vacina-1.png 1499w, https:\/\/vetpovoa.pt\/VP\/wp-content\/uploads\/servi\u00e7os-vacina-1-300x108.png 300w, https:\/\/vetpovoa.pt\/VP\/wp-content\/uploads\/servi\u00e7os-vacina-1-768x277.png 768w, https:\/\/vetpovoa.pt\/VP\/wp-content\/uploads\/servi\u00e7os-vacina-1-1024x370.png 1024w\" sizes=\"auto, (max-width: 1499px) 100vw, 1499px\" \/><\/p>\n","protected":false},"excerpt":{"rendered":"<p>Temos o que o precisa O edif\u00edcio da Vet P\u00f3voa encontra-se na P\u00f3voa de S\u00e3o Martinho do Bispo (ver contactos e disp\u00f5e de uma \u00e1rea&hellip; <a href=\"https:\/\/vetpovoa.pt\/VP\/?page_id=14\" class=\"post-excerpt-readmore\"><\/a><\/p>\n","protected":false},"author":1,"featured_media":0,"parent":0,"menu_order":2,"comment_status":"open","ping_status":"open","template":"","meta":{"footnotes":""},"class_list":["post-14","page","type-page","status-publish","hentry"],"yoast_head":"<!-- This site is optimized with the Yoast SEO plugin v24.5 - https:\/\/yoast.com\/wordpress\/plugins\/seo\/ -->\n<title>Servi\u00e7os Veterin\u00e1rios - Vet P\u00f3voa | Clinica Veterin\u00e1ria em Coimbra - U 24h<\/title>\n<meta name=\"description\" content=\"A Cl\u00ednica Veterin\u00e1ria Vet P\u00f3voa em Coimbra, possui um leque vasto de servi\u00e7os para o seu animal - dos cuidados prim\u00e1rios \u00e0s cirurgias e com urg\u00eancias 24h.\" \/>\n<meta name=\"robots\" content=\"index, follow, max-snippet:-1, max-image-preview:large, max-video-preview:-1\" \/>\n<link rel=\"canonical\" href=\"https:\/\/vetpovoa.pt\/VP\/?page_id=14\" \/>\n<meta property=\"og:locale\" content=\"pt_PT\" \/>\n<meta property=\"og:type\" content=\"article\" \/>\n<meta property=\"og:title\" content=\"Servi\u00e7os Veterin\u00e1rios - Vet P\u00f3voa | Clinica Veterin\u00e1ria em Coimbra - U 24h\" \/>\n<meta property=\"og:description\" content=\"A Cl\u00ednica Veterin\u00e1ria Vet P\u00f3voa em Coimbra, possui um leque vasto de servi\u00e7os para o seu animal - dos cuidados prim\u00e1rios \u00e0s cirurgias e com urg\u00eancias 24h.\" \/>\n<meta property=\"og:url\" content=\"https:\/\/vetpovoa.pt\/VP\/?page_id=14\" \/>\n<meta property=\"og:site_name\" content=\"Vet P\u00f3voa - Cl\u00ednica Veterin\u00e1ria Coimbra\" \/>\n<meta property=\"article:modified_time\" content=\"2017-01-16T14:28:18+00:00\" \/>\n<meta name=\"twitter:card\" content=\"summary_large_image\" \/>\n<meta name=\"twitter:label1\" content=\"Tempo estimado de leitura\" \/>\n\t<meta name=\"twitter:data1\" content=\"1 minuto\" \/>\n<script type=\"application\/ld+json\" class=\"yoast-schema-graph\">{\"@context\":\"https:\/\/schema.org\",\"@graph\":[{\"@type\":\"WebPage\",\"@id\":\"https:\/\/vetpovoa.pt\/VP\/?page_id=14\",\"url\":\"https:\/\/vetpovoa.pt\/VP\/?page_id=14\",\"name\":\"Servi\u00e7os Veterin\u00e1rios - Vet P\u00f3voa | Clinica Veterin\u00e1ria em Coimbra - U 24h\",\"isPartOf\":{\"@id\":\"https:\/\/vetpovoa.pt\/VP\/#website\"},\"datePublished\":\"2014-01-23T14:27:31+00:00\",\"dateModified\":\"2017-01-16T14:28:18+00:00\",\"description\":\"A Cl\u00ednica Veterin\u00e1ria Vet P\u00f3voa em Coimbra, possui um leque vasto de servi\u00e7os para o seu animal - dos cuidados prim\u00e1rios \u00e0s cirurgias e com urg\u00eancias 24h.\",\"breadcrumb\":{\"@id\":\"https:\/\/vetpovoa.pt\/VP\/?page_id=14#breadcrumb\"},\"inLanguage\":\"pt-PT\",\"potentialAction\":[{\"@type\":\"ReadAction\",\"target\":[\"https:\/\/vetpovoa.pt\/VP\/?page_id=14\"]}]},{\"@type\":\"BreadcrumbList\",\"@id\":\"https:\/\/vetpovoa.pt\/VP\/?page_id=14#breadcrumb\",\"itemListElement\":[{\"@type\":\"ListItem\",\"position\":1,\"name\":\"In\u00edcio\",\"item\":\"https:\/\/vetpovoa.pt\/VP\/\"},{\"@type\":\"ListItem\",\"position\":2,\"name\":\"Servi\u00e7os Veterin\u00e1rios\"}]},{\"@type\":\"WebSite\",\"@id\":\"https:\/\/vetpovoa.pt\/VP\/#website\",\"url\":\"https:\/\/vetpovoa.pt\/VP\/\",\"name\":\"Vet P\u00f3voa - Cl\u00ednica Veterin\u00e1ria Coimbra\",\"description\":\"Cl\u00ednica Veterin\u00e1ria Coimbra\",\"potentialAction\":[{\"@type\":\"SearchAction\",\"target\":{\"@type\":\"EntryPoint\",\"urlTemplate\":\"https:\/\/vetpovoa.pt\/VP\/?s={search_term_string}\"},\"query-input\":{\"@type\":\"PropertyValueSpecification\",\"valueRequired\":true,\"valueName\":\"search_term_string\"}}],\"inLanguage\":\"pt-PT\"}]}<\/script>\n<!-- \/ Yoast SEO plugin. -->","yoast_head_json":{"title":"Servi\u00e7os Veterin\u00e1rios - Vet P\u00f3voa | Clinica Veterin\u00e1ria em Coimbra - U 24h","description":"A Cl\u00ednica Veterin\u00e1ria Vet P\u00f3voa em Coimbra, possui um leque vasto de servi\u00e7os para o seu animal - dos cuidados prim\u00e1rios \u00e0s cirurgias e com urg\u00eancias 24h.","robots":{"index":"index","follow":"follow","max-snippet":"max-snippet:-1","max-image-preview":"max-image-preview:large","max-video-preview":"max-video-preview:-1"},"canonical":"https:\/\/vetpovoa.pt\/VP\/?page_id=14","og_locale":"pt_PT","og_type":"article","og_title":"Servi\u00e7os Veterin\u00e1rios - Vet P\u00f3voa | Clinica Veterin\u00e1ria em Coimbra - U 24h","og_description":"A Cl\u00ednica Veterin\u00e1ria Vet P\u00f3voa em Coimbra, possui um leque vasto de servi\u00e7os para o seu animal - dos cuidados prim\u00e1rios \u00e0s cirurgias e com urg\u00eancias 24h.","og_url":"https:\/\/vetpovoa.pt\/VP\/?page_id=14","og_site_name":"Vet P\u00f3voa - Cl\u00ednica Veterin\u00e1ria Coimbra","article_modified_time":"2017-01-16T14:28:18+00:00","twitter_card":"summary_large_image","twitter_misc":{"Tempo estimado de leitura":"1 minuto"},"schema":{"@context":"https:\/\/schema.org","@graph":[{"@type":"WebPage","@id":"https:\/\/vetpovoa.pt\/VP\/?page_id=14","url":"https:\/\/vetpovoa.pt\/VP\/?page_id=14","name":"Servi\u00e7os Veterin\u00e1rios - Vet P\u00f3voa | Clinica Veterin\u00e1ria em Coimbra - U 24h","isPartOf":{"@id":"https:\/\/vetpovoa.pt\/VP\/#website"},"datePublished":"2014-01-23T14:27:31+00:00","dateModified":"2017-01-16T14:28:18+00:00","description":"A Cl\u00ednica Veterin\u00e1ria Vet P\u00f3voa em Coimbra, possui um leque vasto de servi\u00e7os para o seu animal - dos cuidados prim\u00e1rios \u00e0s cirurgias e com urg\u00eancias 24h.","breadcrumb":{"@id":"https:\/\/vetpovoa.pt\/VP\/?page_id=14#breadcrumb"},"inLanguage":"pt-PT","potentialAction":[{"@type":"ReadAction","target":["https:\/\/vetpovoa.pt\/VP\/?page_id=14"]}]},{"@type":"BreadcrumbList","@id":"https:\/\/vetpovoa.pt\/VP\/?page_id=14#breadcrumb","itemListElement":[{"@type":"ListItem","position":1,"name":"In\u00edcio","item":"https:\/\/vetpovoa.pt\/VP\/"},{"@type":"ListItem","position":2,"name":"Servi\u00e7os Veterin\u00e1rios"}]},{"@type":"WebSite","@id":"https:\/\/vetpovoa.pt\/VP\/#website","url":"https:\/\/vetpovoa.pt\/VP\/","name":"Vet P\u00f3voa - Cl\u00ednica Veterin\u00e1ria Coimbra","description":"Cl\u00ednica Veterin\u00e1ria Coimbra","potentialAction":[{"@type":"SearchAction","target":{"@type":"EntryPoint","urlTemplate":"https:\/\/vetpovoa.pt\/VP\/?s={search_term_string}"},"query-input":{"@type":"PropertyValueSpecification","valueRequired":true,"valueName":"search_term_string"}}],"inLanguage":"pt-PT"}]}},"_links":{"self":[{"href":"https:\/\/vetpovoa.pt\/VP\/index.php?rest_route=\/wp\/v2\/pages\/14","targetHints":{"allow":["GET"]}}],"collection":[{"href":"https:\/\/vetpovoa.pt\/VP\/index.php?rest_route=\/wp\/v2\/pages"}],"about":[{"href":"https:\/\/vetpovoa.pt\/VP\/index.php?rest_route=\/wp\/v2\/types\/page"}],"author":[{"embeddable":true,"href":"https:\/\/vetpovoa.pt\/VP\/index.php?rest_route=\/wp\/v2\/users\/1"}],"replies":[{"embeddable":true,"href":"https:\/\/vetpovoa.pt\/VP\/index.php?rest_route=%2Fwp%2Fv2%2Fcomments&post=14"}],"version-history":[{"count":28,"href":"https:\/\/vetpovoa.pt\/VP\/index.php?rest_route=\/wp\/v2\/pages\/14\/revisions"}],"predecessor-version":[{"id":3518,"href":"https:\/\/vetpovoa.pt\/VP\/index.php?rest_route=\/wp\/v2\/pages\/14\/revisions\/3518"}],"wp:attachment":[{"href":"https:\/\/vetpovoa.pt\/VP\/index.php?rest_route=%2Fwp%2Fv2%2Fmedia&parent=14"}],"curies":[{"name":"wp","href":"https:\/\/api.w.org\/{rel}","templated":true}]}}