{"id":17,"date":"2014-01-23T14:28:25","date_gmt":"2014-01-23T14:28:25","guid":{"rendered":"http:\/\/vetpovoa.pt\/VP\/?page_id=17"},"modified":"2019-01-25T15:47:47","modified_gmt":"2019-01-25T15:47:47","slug":"equipa","status":"publish","type":"page","link":"https:\/\/vetpovoa.pt\/VP\/?page_id=17","title":{"rendered":"Equipa"},"content":{"rendered":"<h1 style=\"text-align: left; padding-left: 30px;\"><span style=\"color: #00b1b0;\"><strong><span style=\"font-size: medium;\"><img loading=\"lazy\" decoding=\"async\" class=\"aligncenter size-full wp-image-3798\" src=\"https:\/\/vetpovoa.pt\/VP\/wp-content\/uploads\/EquipaNet.jpg\" alt=\"\" width=\"710\" height=\"473\" srcset=\"https:\/\/vetpovoa.pt\/VP\/wp-content\/uploads\/EquipaNet.jpg 710w, https:\/\/vetpovoa.pt\/VP\/wp-content\/uploads\/EquipaNet-300x200.jpg 300w\" sizes=\"auto, (max-width: 710px) 100vw, 710px\" \/>A NOSSA EQUIPA<\/span><\/strong><\/span><\/h1>\n<p style=\"text-align: left; padding-left: 30px;\"><span style=\"font-size: 18pt;\">Na Vet P\u00f3voa temos um segredo relacionado com o funcionamento da cl\u00ednica.<\/span><\/p>\n<p style=\"padding-left: 30px;\"><span style=\"font-size: 18pt;\">O segredo \u00e9 bastante simples e f\u00e1cil de explicar:<\/span><\/p>\n<p style=\"padding-left: 30px;\"><span style=\"font-size: 18pt;\">Funcionamos em equipa, estando em permanente comunica\u00e7\u00e3o entre n\u00f3s, com o cliente e com o exterior.<\/span><\/p>\n<p style=\"padding-left: 30px;\"><span style=\"font-size: 18pt;\">Tal com numa orquestra ou num clube de futebol, cada um tem as suas tarefas e \u00e9 cada vez mais especializado no que faz, no entanto dependemos uns dos outros para podermos acompanhar os avan\u00e7os que a medicina veterin\u00e1ria tem tido nos \u00faltimos anos.<\/span><\/p>\n<p style=\"padding-left: 30px;\"><span style=\"font-size: 18pt;\">S\u00f3 com uma estrutura harmoniosa constitu\u00edda por 6 m\u00e9dicos veterin\u00e1rios (4 dos quais p\u00f3s graduados em especialidades m\u00e9dicas), 3 enfermeiros veterin\u00e1rios e 1 auxiliar administrativa (respons\u00e1vel pela loja <a href=\"https:\/\/vetpovoa.pt\/VP\/?page_id=3737\" target=\"_blank\" rel=\"noopener\">Dona Micas<\/a>), \u00e9 poss\u00edvel resolver os casos di\u00e1rios de forma c\u00e9lere e com a m\u00e1xima qualidade.<\/span><\/p>\n<p style=\"padding-left: 30px;\"><span style=\"font-size: 18pt;\">Realizamos reuni\u00f5es de decis\u00e3o terap\u00eautica sempre que o caso \u00e9 mais complexo e solicitamos ajuda a colegas especializados sempre que se justifique e o tutor assim o entenda.<\/span><\/p>\n<p style=\"padding-left: 30px;\"><span style=\"font-size: 18pt;\">Estamos preparados para proporcionar desde os cuidados preventivos mais simples, at\u00e9 aos exames complementares e tratamentos de vanguarda mais complexos, sempre em sintonia com as expetativas dos tutores.<\/span><\/p>\n<p style=\"padding-left: 30px;\"><span style=\"font-size: 18pt;\">Al\u00e9m dos colegas dedicados \u00e0s consultas externas e \u00e0s urg\u00eancias, a nossa cl\u00ednica tem uma equipa cir\u00fargica permanente a qualquer hora do dia ou da noite, em qualquer dia do ano, de modo a poder socorrer o mais eficazmente poss\u00edvel o melhor companheiro do mundo: O SEU<\/span><\/p>\n<p style=\"padding-left: 30px;\"><span style=\"font-size: 18pt;\">Conhe\u00e7a as pessoas que fazem parte da nossa cl\u00ednica:<\/span><\/p>\n<p style=\"padding-left: 30px;\"><span style=\"font-size: 18pt;\">Ricardo Almeida, M\u00e9dico Veterin\u00e1rio<\/span><\/p>\n<p style=\"padding-left: 30px;\"><span style=\"font-size: 18pt;\">Carolina Silva, M\u00e9dica Veterin\u00e1ria<\/span><\/p>\n<p style=\"padding-left: 30px;\"><span style=\"font-size: 18pt;\">Carolina Ta\u00eds Martins, M\u00e9dica Veterin\u00e1ria<\/span><\/p>\n<p style=\"padding-left: 30px;\"><span style=\"font-size: 18pt;\">Margarida Carvalho, M\u00e9dica Veterin\u00e1ria<\/span><\/p>\n<p style=\"padding-left: 30px;\"><span style=\"font-size: 18pt;\">Fernando Ferreira, M\u00e9dico Veterin\u00e1rio<\/span><\/p>\n<p style=\"padding-left: 30px;\"><span style=\"font-size: 18pt;\">Mauro Moura, M\u00e9dico Veterin\u00e1rio<\/span><\/p>\n<p style=\"padding-left: 30px;\"><span style=\"font-size: 18pt;\">Daniela Vaz, Enfermeira Veterin\u00e1ria<\/span><\/p>\n<p style=\"padding-left: 30px;\"><span style=\"font-size: 18pt;\">M\u00e1rcia Oliveira, Enfermeira Veterin\u00e1ria<\/span><\/p>\n<p style=\"padding-left: 30px;\"><span style=\"font-size: 18pt;\">Isabel Magalh\u00e3es, Enfermeira Veterin\u00e1ria<\/span><\/p>\n<p style=\"padding-left: 30px;\"><span style=\"font-size: 18pt;\">Lina Vale, Administrativa e respons\u00e1vel pela <a href=\"http:\/\/www.donamicas.pt\" target=\"_blank\" rel=\"noopener\">Dona Micas<\/a><\/span><\/p>\n<p>&nbsp;<\/p>\n<p>&nbsp;<\/p>\n<p>&nbsp;<\/p>\n<p>&nbsp;<\/p>\n<p style=\"padding-left: 30px;\">\n","protected":false},"excerpt":{"rendered":"<p>A NOSSA EQUIPA Na Vet P\u00f3voa temos um segredo relacionado com o funcionamento da cl\u00ednica. O segredo \u00e9 bastante simples e f\u00e1cil de explicar: Funcionamos&hellip; <a href=\"https:\/\/vetpovoa.pt\/VP\/?page_id=17\" class=\"post-excerpt-readmore\"><\/a><\/p>\n","protected":false},"author":1,"featured_media":0,"parent":0,"menu_order":3,"comment_status":"open","ping_status":"open","template":"","meta":{"footnotes":""},"class_list":["post-17","page","type-page","status-publish","hentry"],"yoast_head":"<!-- This site is optimized with the Yoast SEO plugin v24.5 - https:\/\/yoast.com\/wordpress\/plugins\/seo\/ -->\n<title>Equipa da Vet P\u00f3voa<\/title>\n<meta name=\"description\" content=\"O Nosso Segredo: Funcionamos em equipa\" \/>\n<meta name=\"robots\" content=\"index, follow, max-snippet:-1, max-image-preview:large, max-video-preview:-1\" \/>\n<link rel=\"canonical\" href=\"https:\/\/vetpovoa.pt\/VP\/?page_id=17\" \/>\n<meta property=\"og:locale\" content=\"pt_PT\" \/>\n<meta property=\"og:type\" content=\"article\" \/>\n<meta property=\"og:title\" content=\"Equipa da Vet P\u00f3voa\" \/>\n<meta property=\"og:description\" content=\"O Nosso Segredo: Funcionamos em equipa\" \/>\n<meta property=\"og:url\" content=\"https:\/\/vetpovoa.pt\/VP\/?page_id=17\" \/>\n<meta property=\"og:site_name\" content=\"Vet P\u00f3voa - Cl\u00ednica Veterin\u00e1ria Coimbra\" \/>\n<meta property=\"article:modified_time\" content=\"2019-01-25T15:47:47+00:00\" \/>\n<meta property=\"og:image\" content=\"https:\/\/vetpovoa.pt\/VP\/wp-content\/uploads\/EquipaNet.jpg\" \/>\n\t<meta property=\"og:image:width\" content=\"710\" \/>\n\t<meta property=\"og:image:height\" content=\"473\" \/>\n\t<meta property=\"og:image:type\" content=\"image\/jpeg\" \/>\n<meta name=\"twitter:card\" content=\"summary_large_image\" \/>\n<meta name=\"twitter:label1\" content=\"Tempo estimado de leitura\" \/>\n\t<meta name=\"twitter:data1\" content=\"2 minutos\" \/>\n<script type=\"application\/ld+json\" class=\"yoast-schema-graph\">{\"@context\":\"https:\/\/schema.org\",\"@graph\":[{\"@type\":\"WebPage\",\"@id\":\"https:\/\/vetpovoa.pt\/VP\/?page_id=17\",\"url\":\"https:\/\/vetpovoa.pt\/VP\/?page_id=17\",\"name\":\"Equipa da Vet P\u00f3voa\",\"isPartOf\":{\"@id\":\"https:\/\/vetpovoa.pt\/VP\/#website\"},\"primaryImageOfPage\":{\"@id\":\"https:\/\/vetpovoa.pt\/VP\/?page_id=17#primaryimage\"},\"image\":{\"@id\":\"https:\/\/vetpovoa.pt\/VP\/?page_id=17#primaryimage\"},\"thumbnailUrl\":\"https:\/\/vetpovoa.pt\/VP\/wp-content\/uploads\/EquipaNet.jpg\",\"datePublished\":\"2014-01-23T14:28:25+00:00\",\"dateModified\":\"2019-01-25T15:47:47+00:00\",\"description\":\"O Nosso Segredo: Funcionamos em equipa\",\"breadcrumb\":{\"@id\":\"https:\/\/vetpovoa.pt\/VP\/?page_id=17#breadcrumb\"},\"inLanguage\":\"pt-PT\",\"potentialAction\":[{\"@type\":\"ReadAction\",\"target\":[\"https:\/\/vetpovoa.pt\/VP\/?page_id=17\"]}]},{\"@type\":\"ImageObject\",\"inLanguage\":\"pt-PT\",\"@id\":\"https:\/\/vetpovoa.pt\/VP\/?page_id=17#primaryimage\",\"url\":\"https:\/\/vetpovoa.pt\/VP\/wp-content\/uploads\/EquipaNet.jpg\",\"contentUrl\":\"https:\/\/vetpovoa.pt\/VP\/wp-content\/uploads\/EquipaNet.jpg\",\"width\":710,\"height\":473},{\"@type\":\"BreadcrumbList\",\"@id\":\"https:\/\/vetpovoa.pt\/VP\/?page_id=17#breadcrumb\",\"itemListElement\":[{\"@type\":\"ListItem\",\"position\":1,\"name\":\"In\u00edcio\",\"item\":\"https:\/\/vetpovoa.pt\/VP\/\"},{\"@type\":\"ListItem\",\"position\":2,\"name\":\"Equipa\"}]},{\"@type\":\"WebSite\",\"@id\":\"https:\/\/vetpovoa.pt\/VP\/#website\",\"url\":\"https:\/\/vetpovoa.pt\/VP\/\",\"name\":\"Vet P\u00f3voa - Cl\u00ednica Veterin\u00e1ria Coimbra\",\"description\":\"Cl\u00ednica Veterin\u00e1ria Coimbra\",\"potentialAction\":[{\"@type\":\"SearchAction\",\"target\":{\"@type\":\"EntryPoint\",\"urlTemplate\":\"https:\/\/vetpovoa.pt\/VP\/?s={search_term_string}\"},\"query-input\":{\"@type\":\"PropertyValueSpecification\",\"valueRequired\":true,\"valueName\":\"search_term_string\"}}],\"inLanguage\":\"pt-PT\"}]}<\/script>\n<!-- \/ Yoast SEO plugin. -->","yoast_head_json":{"title":"Equipa da Vet P\u00f3voa","description":"O Nosso Segredo: Funcionamos em equipa","robots":{"index":"index","follow":"follow","max-snippet":"max-snippet:-1","max-image-preview":"max-image-preview:large","max-video-preview":"max-video-preview:-1"},"canonical":"https:\/\/vetpovoa.pt\/VP\/?page_id=17","og_locale":"pt_PT","og_type":"article","og_title":"Equipa da Vet P\u00f3voa","og_description":"O Nosso Segredo: Funcionamos em equipa","og_url":"https:\/\/vetpovoa.pt\/VP\/?page_id=17","og_site_name":"Vet P\u00f3voa - Cl\u00ednica Veterin\u00e1ria Coimbra","article_modified_time":"2019-01-25T15:47:47+00:00","og_image":[{"width":710,"height":473,"url":"https:\/\/vetpovoa.pt\/VP\/wp-content\/uploads\/EquipaNet.jpg","type":"image\/jpeg"}],"twitter_card":"summary_large_image","twitter_misc":{"Tempo estimado de leitura":"2 minutos"},"schema":{"@context":"https:\/\/schema.org","@graph":[{"@type":"WebPage","@id":"https:\/\/vetpovoa.pt\/VP\/?page_id=17","url":"https:\/\/vetpovoa.pt\/VP\/?page_id=17","name":"Equipa da Vet P\u00f3voa","isPartOf":{"@id":"https:\/\/vetpovoa.pt\/VP\/#website"},"primaryImageOfPage":{"@id":"https:\/\/vetpovoa.pt\/VP\/?page_id=17#primaryimage"},"image":{"@id":"https:\/\/vetpovoa.pt\/VP\/?page_id=17#primaryimage"},"thumbnailUrl":"https:\/\/vetpovoa.pt\/VP\/wp-content\/uploads\/EquipaNet.jpg","datePublished":"2014-01-23T14:28:25+00:00","dateModified":"2019-01-25T15:47:47+00:00","description":"O Nosso Segredo: Funcionamos em equipa","breadcrumb":{"@id":"https:\/\/vetpovoa.pt\/VP\/?page_id=17#breadcrumb"},"inLanguage":"pt-PT","potentialAction":[{"@type":"ReadAction","target":["https:\/\/vetpovoa.pt\/VP\/?page_id=17"]}]},{"@type":"ImageObject","inLanguage":"pt-PT","@id":"https:\/\/vetpovoa.pt\/VP\/?page_id=17#primaryimage","url":"https:\/\/vetpovoa.pt\/VP\/wp-content\/uploads\/EquipaNet.jpg","contentUrl":"https:\/\/vetpovoa.pt\/VP\/wp-content\/uploads\/EquipaNet.jpg","width":710,"height":473},{"@type":"BreadcrumbList","@id":"https:\/\/vetpovoa.pt\/VP\/?page_id=17#breadcrumb","itemListElement":[{"@type":"ListItem","position":1,"name":"In\u00edcio","item":"https:\/\/vetpovoa.pt\/VP\/"},{"@type":"ListItem","position":2,"name":"Equipa"}]},{"@type":"WebSite","@id":"https:\/\/vetpovoa.pt\/VP\/#website","url":"https:\/\/vetpovoa.pt\/VP\/","name":"Vet P\u00f3voa - Cl\u00ednica Veterin\u00e1ria Coimbra","description":"Cl\u00ednica Veterin\u00e1ria Coimbra","potentialAction":[{"@type":"SearchAction","target":{"@type":"EntryPoint","urlTemplate":"https:\/\/vetpovoa.pt\/VP\/?s={search_term_string}"},"query-input":{"@type":"PropertyValueSpecification","valueRequired":true,"valueName":"search_term_string"}}],"inLanguage":"pt-PT"}]}},"_links":{"self":[{"href":"https:\/\/vetpovoa.pt\/VP\/index.php?rest_route=\/wp\/v2\/pages\/17","targetHints":{"allow":["GET"]}}],"collection":[{"href":"https:\/\/vetpovoa.pt\/VP\/index.php?rest_route=\/wp\/v2\/pages"}],"about":[{"href":"https:\/\/vetpovoa.pt\/VP\/index.php?rest_route=\/wp\/v2\/types\/page"}],"author":[{"embeddable":true,"href":"https:\/\/vetpovoa.pt\/VP\/index.php?rest_route=\/wp\/v2\/users\/1"}],"replies":[{"embeddable":true,"href":"https:\/\/vetpovoa.pt\/VP\/index.php?rest_route=%2Fwp%2Fv2%2Fcomments&post=17"}],"version-history":[{"count":14,"href":"https:\/\/vetpovoa.pt\/VP\/index.php?rest_route=\/wp\/v2\/pages\/17\/revisions"}],"predecessor-version":[{"id":3801,"href":"https:\/\/vetpovoa.pt\/VP\/index.php?rest_route=\/wp\/v2\/pages\/17\/revisions\/3801"}],"wp:attachment":[{"href":"https:\/\/vetpovoa.pt\/VP\/index.php?rest_route=%2Fwp%2Fv2%2Fmedia&parent=17"}],"curies":[{"name":"wp","href":"https:\/\/api.w.org\/{rel}","templated":true}]}}