{"id":187,"date":"2016-02-02T01:02:51","date_gmt":"2016-02-02T01:02:51","guid":{"rendered":"http:\/\/vetpovoa.pt\/VP\/?page_id=187"},"modified":"2016-12-20T12:30:04","modified_gmt":"2016-12-20T12:30:04","slug":"nutricao","status":"publish","type":"page","link":"https:\/\/vetpovoa.pt\/VP\/?page_id=187","title":{"rendered":"Nutri\u00e7\u00e3o"},"content":{"rendered":"<p>Tal como os humanos, tamb\u00e9m os nossos companheiros t\u00eam necessidades nutricionais especificas, que t\u00eam sido estudadas ao longo de muitos anos.<br \/>\nExistem diferen\u00e7as profundas entre esp\u00e9cies, ra\u00e7as, idades, sexos, conforma\u00e7\u00f5es corporais e at\u00e9 problemas de sa\u00fade pr\u00e9-existentes, assim sendo, uma alimenta\u00e7\u00e3o equilibrada e ajustada a cada um dos nossos melhores amigos, ajuda na manuten\u00e7\u00e3o de uma vida saud\u00e1vel e na preven\u00e7\u00e3o de v\u00e1rias doen\u00e7as.<\/p>\n<p>Porque somos o que comemos, em Fevereiro dedicamos o m\u00eas \u00e0 <span style=\"color: #000000;\"><strong>Nutri\u00e7\u00e3o<\/strong><\/span>, como tal, \u00a0al\u00e9m de v\u00e1rias surpresas relacionadas com o tema, toda a nossa equipa est\u00e1 preparada para aconselhar a melhor alimenta\u00e7\u00e3o para o melhor companheiro do mundo&#8230; O SEU.<span style=\"line-height: 1.5em;\">\u00a0<\/span><\/p>\n<p><img loading=\"lazy\" decoding=\"async\" class=\"aligncenter size-full wp-image-134\" src=\"http:\/\/vetpovoa.pt\/VP\/wp-content\/uploads\/2014\/01\/FACHADA2.jpg\" alt=\"FACHADA2\" width=\"927\" height=\"293\" srcset=\"https:\/\/vetpovoa.pt\/VP\/wp-content\/uploads\/2014\/01\/FACHADA2.jpg 927w, https:\/\/vetpovoa.pt\/VP\/wp-content\/uploads\/2014\/01\/FACHADA2-300x94.jpg 300w\" sizes=\"auto, (max-width: 927px) 100vw, 927px\" \/><\/p>\n<p>&nbsp;<\/p>\n","protected":false},"excerpt":{"rendered":"<p>Tal como os humanos, tamb\u00e9m os nossos companheiros t\u00eam necessidades nutricionais especificas, que t\u00eam sido estudadas ao longo de muitos anos. Existem diferen\u00e7as profundas entre&hellip; <a href=\"https:\/\/vetpovoa.pt\/VP\/?page_id=187\" class=\"post-excerpt-readmore\"><\/a><\/p>\n","protected":false},"author":1,"featured_media":0,"parent":173,"menu_order":1,"comment_status":"open","ping_status":"open","template":"full-width-page.php","meta":{"footnotes":""},"class_list":["post-187","page","type-page","status-publish","hentry"],"yoast_head":"<!-- This site is optimized with the Yoast SEO plugin v24.5 - https:\/\/yoast.com\/wordpress\/plugins\/seo\/ -->\n<title>Nutri\u00e7\u00e3o - Vet P\u00f3voa - Cl\u00ednica Veterin\u00e1ria Coimbra<\/title>\n<meta name=\"robots\" content=\"index, follow, max-snippet:-1, max-image-preview:large, max-video-preview:-1\" \/>\n<link rel=\"canonical\" href=\"https:\/\/vetpovoa.pt\/VP\/?page_id=187\" \/>\n<meta property=\"og:locale\" content=\"pt_PT\" \/>\n<meta property=\"og:type\" content=\"article\" \/>\n<meta property=\"og:title\" content=\"Nutri\u00e7\u00e3o - Vet P\u00f3voa - Cl\u00ednica Veterin\u00e1ria Coimbra\" \/>\n<meta property=\"og:description\" content=\"Tal como os humanos, tamb\u00e9m os nossos companheiros t\u00eam necessidades nutricionais especificas, que t\u00eam sido estudadas ao longo de muitos anos. Existem diferen\u00e7as profundas entre&hellip;\" \/>\n<meta property=\"og:url\" content=\"https:\/\/vetpovoa.pt\/VP\/?page_id=187\" \/>\n<meta property=\"og:site_name\" content=\"Vet P\u00f3voa - Cl\u00ednica Veterin\u00e1ria Coimbra\" \/>\n<meta property=\"article:modified_time\" content=\"2016-12-20T12:30:04+00:00\" \/>\n<meta property=\"og:image\" content=\"https:\/\/vetpovoa.pt\/VP\/wp-content\/uploads\/2014\/01\/FACHADA2.jpg\" \/>\n\t<meta property=\"og:image:width\" content=\"927\" \/>\n\t<meta property=\"og:image:height\" content=\"293\" \/>\n\t<meta property=\"og:image:type\" content=\"image\/jpeg\" \/>\n<meta name=\"twitter:card\" content=\"summary_large_image\" \/>\n<meta name=\"twitter:label1\" content=\"Tempo estimado de leitura\" \/>\n\t<meta name=\"twitter:data1\" content=\"1 minuto\" \/>\n<script type=\"application\/ld+json\" class=\"yoast-schema-graph\">{\"@context\":\"https:\/\/schema.org\",\"@graph\":[{\"@type\":\"WebPage\",\"@id\":\"https:\/\/vetpovoa.pt\/VP\/?page_id=187\",\"url\":\"https:\/\/vetpovoa.pt\/VP\/?page_id=187\",\"name\":\"Nutri\u00e7\u00e3o - Vet P\u00f3voa - Cl\u00ednica Veterin\u00e1ria Coimbra\",\"isPartOf\":{\"@id\":\"https:\/\/vetpovoa.pt\/VP\/#website\"},\"primaryImageOfPage\":{\"@id\":\"https:\/\/vetpovoa.pt\/VP\/?page_id=187#primaryimage\"},\"image\":{\"@id\":\"https:\/\/vetpovoa.pt\/VP\/?page_id=187#primaryimage\"},\"thumbnailUrl\":\"http:\/\/vetpovoa.pt\/VP\/wp-content\/uploads\/2014\/01\/FACHADA2.jpg\",\"datePublished\":\"2016-02-02T01:02:51+00:00\",\"dateModified\":\"2016-12-20T12:30:04+00:00\",\"breadcrumb\":{\"@id\":\"https:\/\/vetpovoa.pt\/VP\/?page_id=187#breadcrumb\"},\"inLanguage\":\"pt-PT\",\"potentialAction\":[{\"@type\":\"ReadAction\",\"target\":[\"https:\/\/vetpovoa.pt\/VP\/?page_id=187\"]}]},{\"@type\":\"ImageObject\",\"inLanguage\":\"pt-PT\",\"@id\":\"https:\/\/vetpovoa.pt\/VP\/?page_id=187#primaryimage\",\"url\":\"http:\/\/vetpovoa.pt\/VP\/wp-content\/uploads\/2014\/01\/FACHADA2.jpg\",\"contentUrl\":\"http:\/\/vetpovoa.pt\/VP\/wp-content\/uploads\/2014\/01\/FACHADA2.jpg\"},{\"@type\":\"BreadcrumbList\",\"@id\":\"https:\/\/vetpovoa.pt\/VP\/?page_id=187#breadcrumb\",\"itemListElement\":[{\"@type\":\"ListItem\",\"position\":1,\"name\":\"In\u00edcio\",\"item\":\"https:\/\/vetpovoa.pt\/VP\/\"},{\"@type\":\"ListItem\",\"position\":2,\"name\":\"Campanhas Preventivas\",\"item\":\"https:\/\/vetpovoa.pt\/VP\/?page_id=173\"},{\"@type\":\"ListItem\",\"position\":3,\"name\":\"Nutri\u00e7\u00e3o\"}]},{\"@type\":\"WebSite\",\"@id\":\"https:\/\/vetpovoa.pt\/VP\/#website\",\"url\":\"https:\/\/vetpovoa.pt\/VP\/\",\"name\":\"Vet P\u00f3voa - Cl\u00ednica Veterin\u00e1ria Coimbra\",\"description\":\"Cl\u00ednica Veterin\u00e1ria Coimbra\",\"potentialAction\":[{\"@type\":\"SearchAction\",\"target\":{\"@type\":\"EntryPoint\",\"urlTemplate\":\"https:\/\/vetpovoa.pt\/VP\/?s={search_term_string}\"},\"query-input\":{\"@type\":\"PropertyValueSpecification\",\"valueRequired\":true,\"valueName\":\"search_term_string\"}}],\"inLanguage\":\"pt-PT\"}]}<\/script>\n<!-- \/ Yoast SEO plugin. -->","yoast_head_json":{"title":"Nutri\u00e7\u00e3o - Vet P\u00f3voa - Cl\u00ednica Veterin\u00e1ria Coimbra","robots":{"index":"index","follow":"follow","max-snippet":"max-snippet:-1","max-image-preview":"max-image-preview:large","max-video-preview":"max-video-preview:-1"},"canonical":"https:\/\/vetpovoa.pt\/VP\/?page_id=187","og_locale":"pt_PT","og_type":"article","og_title":"Nutri\u00e7\u00e3o - Vet P\u00f3voa - Cl\u00ednica Veterin\u00e1ria Coimbra","og_description":"Tal como os humanos, tamb\u00e9m os nossos companheiros t\u00eam necessidades nutricionais especificas, que t\u00eam sido estudadas ao longo de muitos anos. Existem diferen\u00e7as profundas entre&hellip;","og_url":"https:\/\/vetpovoa.pt\/VP\/?page_id=187","og_site_name":"Vet P\u00f3voa - Cl\u00ednica Veterin\u00e1ria Coimbra","article_modified_time":"2016-12-20T12:30:04+00:00","og_image":[{"width":927,"height":293,"url":"https:\/\/vetpovoa.pt\/VP\/wp-content\/uploads\/2014\/01\/FACHADA2.jpg","type":"image\/jpeg"}],"twitter_card":"summary_large_image","twitter_misc":{"Tempo estimado de leitura":"1 minuto"},"schema":{"@context":"https:\/\/schema.org","@graph":[{"@type":"WebPage","@id":"https:\/\/vetpovoa.pt\/VP\/?page_id=187","url":"https:\/\/vetpovoa.pt\/VP\/?page_id=187","name":"Nutri\u00e7\u00e3o - Vet P\u00f3voa - Cl\u00ednica Veterin\u00e1ria Coimbra","isPartOf":{"@id":"https:\/\/vetpovoa.pt\/VP\/#website"},"primaryImageOfPage":{"@id":"https:\/\/vetpovoa.pt\/VP\/?page_id=187#primaryimage"},"image":{"@id":"https:\/\/vetpovoa.pt\/VP\/?page_id=187#primaryimage"},"thumbnailUrl":"http:\/\/vetpovoa.pt\/VP\/wp-content\/uploads\/2014\/01\/FACHADA2.jpg","datePublished":"2016-02-02T01:02:51+00:00","dateModified":"2016-12-20T12:30:04+00:00","breadcrumb":{"@id":"https:\/\/vetpovoa.pt\/VP\/?page_id=187#breadcrumb"},"inLanguage":"pt-PT","potentialAction":[{"@type":"ReadAction","target":["https:\/\/vetpovoa.pt\/VP\/?page_id=187"]}]},{"@type":"ImageObject","inLanguage":"pt-PT","@id":"https:\/\/vetpovoa.pt\/VP\/?page_id=187#primaryimage","url":"http:\/\/vetpovoa.pt\/VP\/wp-content\/uploads\/2014\/01\/FACHADA2.jpg","contentUrl":"http:\/\/vetpovoa.pt\/VP\/wp-content\/uploads\/2014\/01\/FACHADA2.jpg"},{"@type":"BreadcrumbList","@id":"https:\/\/vetpovoa.pt\/VP\/?page_id=187#breadcrumb","itemListElement":[{"@type":"ListItem","position":1,"name":"In\u00edcio","item":"https:\/\/vetpovoa.pt\/VP\/"},{"@type":"ListItem","position":2,"name":"Campanhas Preventivas","item":"https:\/\/vetpovoa.pt\/VP\/?page_id=173"},{"@type":"ListItem","position":3,"name":"Nutri\u00e7\u00e3o"}]},{"@type":"WebSite","@id":"https:\/\/vetpovoa.pt\/VP\/#website","url":"https:\/\/vetpovoa.pt\/VP\/","name":"Vet P\u00f3voa - Cl\u00ednica Veterin\u00e1ria Coimbra","description":"Cl\u00ednica Veterin\u00e1ria Coimbra","potentialAction":[{"@type":"SearchAction","target":{"@type":"EntryPoint","urlTemplate":"https:\/\/vetpovoa.pt\/VP\/?s={search_term_string}"},"query-input":{"@type":"PropertyValueSpecification","valueRequired":true,"valueName":"search_term_string"}}],"inLanguage":"pt-PT"}]}},"_links":{"self":[{"href":"https:\/\/vetpovoa.pt\/VP\/index.php?rest_route=\/wp\/v2\/pages\/187","targetHints":{"allow":["GET"]}}],"collection":[{"href":"https:\/\/vetpovoa.pt\/VP\/index.php?rest_route=\/wp\/v2\/pages"}],"about":[{"href":"https:\/\/vetpovoa.pt\/VP\/index.php?rest_route=\/wp\/v2\/types\/page"}],"author":[{"embeddable":true,"href":"https:\/\/vetpovoa.pt\/VP\/index.php?rest_route=\/wp\/v2\/users\/1"}],"replies":[{"embeddable":true,"href":"https:\/\/vetpovoa.pt\/VP\/index.php?rest_route=%2Fwp%2Fv2%2Fcomments&post=187"}],"version-history":[{"count":10,"href":"https:\/\/vetpovoa.pt\/VP\/index.php?rest_route=\/wp\/v2\/pages\/187\/revisions"}],"predecessor-version":[{"id":293,"href":"https:\/\/vetpovoa.pt\/VP\/index.php?rest_route=\/wp\/v2\/pages\/187\/revisions\/293"}],"up":[{"embeddable":true,"href":"https:\/\/vetpovoa.pt\/VP\/index.php?rest_route=\/wp\/v2\/pages\/173"}],"wp:attachment":[{"href":"https:\/\/vetpovoa.pt\/VP\/index.php?rest_route=%2Fwp%2Fv2%2Fmedia&parent=187"}],"curies":[{"name":"wp","href":"https:\/\/api.w.org\/{rel}","templated":true}]}}