{"id":1870,"date":"2013-04-10T11:40:13","date_gmt":"2013-04-10T11:40:13","guid":{"rendered":"http:\/\/demo.olevmedia.com\/ace\/?page_id=1870"},"modified":"2017-02-06T13:37:33","modified_gmt":"2017-02-06T13:37:33","slug":"clinica-veterinaria-coimbra","status":"publish","type":"page","link":"https:\/\/vetpovoa.pt\/VP\/","title":{"rendered":"Home"},"content":{"rendered":"<h1><a href=\"http:\/\/vetpovoa.pt\/VP\/?page_id=14\">Os <\/a><a href=\"http:\/\/vetpovoa.pt\/VP\/?page_id=173\"><span class=\"marker\" style=\"color:#ffffff;background-color:#03b1af\">nossos servi\u00e7os<\/span> <\/a><a href=\"http:\/\/vetpovoa.pt\/VP\/?page_id=14\">s\u00e3o tudo o que o seu companheiro precisa<\/a><\/h1>\n<p>&nbsp;<\/p>\n<p><img loading=\"lazy\" decoding=\"async\" class=\"aligncenter wp-image-3504 size-full\" src=\"http:\/\/vetpovoa.pt\/VP\/wp-content\/uploads\/servi\u00e7os.png\" width=\"1500\" height=\"460\" srcset=\"https:\/\/vetpovoa.pt\/VP\/wp-content\/uploads\/servi\u00e7os.png 1500w, https:\/\/vetpovoa.pt\/VP\/wp-content\/uploads\/servi\u00e7os-300x92.png 300w, https:\/\/vetpovoa.pt\/VP\/wp-content\/uploads\/servi\u00e7os-768x236.png 768w, https:\/\/vetpovoa.pt\/VP\/wp-content\/uploads\/servi\u00e7os-1024x314.png 1024w\" sizes=\"auto, (max-width: 1500px) 100vw, 1500px\" \/><\/p>\n<p>&nbsp;<\/p>\n<h4>Veja o que temos para lhe oferecer:<\/h4>\n<div class=\"ul-style-lines\"><\/p>\n<p>Uma Cl\u00ednica Veterin\u00e1ria em Coimbra com urg\u00eancias 24h que conta com 6 m\u00e9dicos veterin\u00e1rios sempre dispostos a ajudar o melhor animal de estima\u00e7\u00e3o do mundo: O SEU<\/p>\n<p>Dentro do nosso vasto leque de servi\u00e7os, destacamos:<\/p>\n<ul class=\"icons\">\n<li><i class=\"icon-ambulance\"><\/i>Consultas: Cl\u00ednica geral, Consultas de especialidade, Urg\u00eancias e Domic\u00edlios<\/li>\n<li><i class=\"icon-ambulance\"><\/i>Cirurgia Geral, Ortop\u00e9dica e Neurol\u00f3gica (com monitoriza\u00e7\u00e3o anest\u00e9sica permanente)<\/li>\n<li><i class=\"icon-ambulance\"><\/i>Cirurgia Laparoscopica<\/li>\n<li><i class=\"icon-ambulance\"><\/i>An\u00e1lises Cl\u00ednicas na hora, com equipamentos pr\u00f3prios<\/li>\n<li><i class=\"icon-ambulance\"><\/i>Imagiologia: RX Digital, Ecografia e Ecocardiografia Doppler<\/li>\n<li><i class=\"icon-ambulance\"><\/i>Endoscopia (nomeadamente Gastroscopia, Colonoscopia, Rino e Traqueobroncoscopia, Uretrocistoscopia e Laparoscopia)<\/li>\n<li><i class=\"icon-ambulance\"><\/i>Electrocardiograma e Medi\u00e7\u00e3o da press\u00e3o arterial<\/li>\n<li><i class=\"icon-ambulance\"><\/i>Acupuntura<\/li>\n<li><i class=\"icon-ambulance\"><\/i>Quimioterapia (Convencional e Metron\u00f3mica)<\/li>\n<li><i class=\"icon-ambulance\"><\/i>Servi\u00e7o de Ambul\u00e2ncia<\/li>\n<\/ul>\n<p><\/div>\n<p>&nbsp;<\/p>\n<div class=\"ul-style-padding\"><ul class=\"icons\"><li><i class=\"icon-briefcase\"><\/i><strong>Realizamos ainda TAC e Resson\u00e2ncia Magn\u00e9tica em parceria com outras entidades<\/strong><\/li>\n<\/ul><\/div>\n<p>&nbsp;<\/p>\n<p>&nbsp;<\/p>\n<hr \/>\n<p>&nbsp;<\/p>\n<h1 style=\"text-align: left;\"><a href=\"http:\/\/vetpovoa.pt\/VP\/?page_id=173\">A <span class=\"marker\" style=\"color:#ffffff;background-color:#03b1af\">sa\u00fade do seu amigo<\/span> \u00e9 o mais importante<\/a><\/h1>\n<p>Saiba um pouco mais sobre o que pode afectar o seu fiel amigo e de como o pode ajudar com um tratamento atento e cuidado. Temos tamb\u00e9m alguns indica\u00e7\u00f5es sobre a alimenta\u00e7\u00e3o e os cuidados fundamentais para uma vida longa e saud\u00e1vel. D\u00ea uma vista de olhos <a href=\"http:\/\/vetpovoa.pt\/VP\/?page_id=173\">aqui<\/a>.<\/p>\n<p>&nbsp;<\/p>\n<p><a href=\"http:\/\/vetpovoa.pt\/VP\/?page_id=173\"><div class=\"gallery-sliced eat-left-right\"><div class=\"gallery-sliced-box-row gallery-sliced-box-5\"><div class=\"img-box img-1\"><a href=\"https:\/\/vetpovoa.pt\/VP\/wp-content\/uploads\/doen\u00e7a-DESPARASITA\u00c7\u00c3O.png\" rel=\"prettyPhoto[postgal_52606575]\" class=\"hover-zoom\"><img loading=\"lazy\" decoding=\"async\" width=\"314\" height=\"209\" src=\"https:\/\/vetpovoa.pt\/VP\/wp-content\/themes\/ace\/img\/e.gif\" data-original=\"https:\/\/vetpovoa.pt\/VP\/wp-content\/uploads\/doen\u00e7a-DESPARASITA\u00c7\u00c3O-314x209.png\" alt=\"doen\u00e7a DESPARASITA\u00c7\u00c3O\" data-src-large=\"https:\/\/vetpovoa.pt\/VP\/wp-content\/uploads\/doen\u00e7a-DESPARASITA\u00c7\u00c3O-563x375.png\" data-src-large-wh=\"563x375\" class=\"lazyload\"\/><\/a><\/div><div class=\"img-box img-2\"><a href=\"https:\/\/vetpovoa.pt\/VP\/wp-content\/uploads\/doen\u00e7a-LEISHMANIOSE.png\" rel=\"prettyPhoto[postgal_52606575]\" class=\"hover-zoom\"><img loading=\"lazy\" decoding=\"async\" width=\"314\" height=\"209\" src=\"https:\/\/vetpovoa.pt\/VP\/wp-content\/themes\/ace\/img\/e.gif\" data-original=\"https:\/\/vetpovoa.pt\/VP\/wp-content\/uploads\/doen\u00e7a-LEISHMANIOSE-314x209.png\" alt=\"doen\u00e7a LEISHMANIOSE\" data-src-large=\"https:\/\/vetpovoa.pt\/VP\/wp-content\/uploads\/doen\u00e7a-LEISHMANIOSE-563x375.png\" data-src-large-wh=\"563x375\" class=\"lazyload\"\/><\/a><\/div><div class=\"img-box img-3\"><a href=\"https:\/\/vetpovoa.pt\/VP\/wp-content\/uploads\/doen\u00e7a-DIROFILAROSE.png\" rel=\"prettyPhoto[postgal_52606575]\" class=\"hover-zoom\"><img loading=\"lazy\" decoding=\"async\" width=\"314\" height=\"209\" src=\"https:\/\/vetpovoa.pt\/VP\/wp-content\/themes\/ace\/img\/e.gif\" data-original=\"https:\/\/vetpovoa.pt\/VP\/wp-content\/uploads\/doen\u00e7a-DIROFILAROSE-314x209.png\" alt=\"doen\u00e7a DIROFILAROSE\" data-src-large=\"https:\/\/vetpovoa.pt\/VP\/wp-content\/uploads\/doen\u00e7a-DIROFILAROSE-563x375.png\" data-src-large-wh=\"563x375\" class=\"lazyload\"\/><\/a><\/div><div class=\"clear\"><\/div><div class=\"img-box img-4\"><a href=\"https:\/\/vetpovoa.pt\/VP\/wp-content\/uploads\/doen\u00e7a-grande.png\" rel=\"prettyPhoto[postgal_52606575]\" class=\"hover-zoom\"><img loading=\"lazy\" decoding=\"async\" width=\"475\" height=\"317\" src=\"https:\/\/vetpovoa.pt\/VP\/wp-content\/themes\/ace\/img\/e.gif\" data-original=\"https:\/\/vetpovoa.pt\/VP\/wp-content\/uploads\/doen\u00e7a-grande-475x317.png\" alt=\"doen\u00e7a grande\" data-src-large=\"https:\/\/vetpovoa.pt\/VP\/wp-content\/uploads\/doen\u00e7a-grande-853x568.png\" data-src-large-wh=\"853x568\" class=\"lazyload\"\/><\/a><\/div><div class=\"img-box img-5\"><a href=\"https:\/\/vetpovoa.pt\/VP\/wp-content\/uploads\/Prevenir-\u00e9-sempre-o-melhor-rem\u00e9dio.png\" rel=\"prettyPhoto[postgal_52606575]\" class=\"hover-zoom\"><img loading=\"lazy\" decoding=\"async\" width=\"475\" height=\"317\" src=\"https:\/\/vetpovoa.pt\/VP\/wp-content\/themes\/ace\/img\/e.gif\" data-original=\"https:\/\/vetpovoa.pt\/VP\/wp-content\/uploads\/Prevenir-\u00e9-sempre-o-melhor-rem\u00e9dio-475x317.png\" alt=\"Prevenir \u00e9 sempre o melhor rem\u00e9dio\" data-src-large=\"https:\/\/vetpovoa.pt\/VP\/wp-content\/uploads\/Prevenir-\u00e9-sempre-o-melhor-rem\u00e9dio-853x568.png\" data-src-large-wh=\"853x568\" class=\"lazyload\"\/><\/a><\/div><div class=\"clear\"><\/div><\/div><\/div><\/a><\/p>\n<p>&nbsp;<\/p>\n<hr \/>\n<p>&nbsp;<\/p>\n<h1><a href=\"http:\/\/vetpovoa.pt\/VP\/?page_id=173\"><span class=\"marker\" style=\"color:#ffffff;background-color:#03b1af\">Jornal<\/span> <\/a><a href=\"http:\/\/vetpovoa.pt\/VP\/?page_id=219\">Animal<\/a><\/h1>\n<p>Dicas, sugest\u00f5es e curiosidades. Acompanhe as v\u00e1rias mat\u00e9rias e novidades que trazemos sobre o mundo animal. Este jornal pretende dar a conhecer v\u00e1rias iniciativas relacionadas com actividades desenvolvidas em prol da sociedade que, de alguma forma, t\u00eam liga\u00e7\u00e3o aos nossos &#8220;meninos &amp; meninas&#8221;. Os animais s\u00e3o a nossa vida e a nossa vida \u00e9 muito mais preenchida quando eles est\u00e3o envolvidos. Fique atento e v\u00e1 visitando o nosso jornal.<\/p>\n<p><img loading=\"lazy\" decoding=\"async\" class=\"aligncenter size-full wp-image-3521\" src=\"http:\/\/vetpovoa.pt\/VP\/wp-content\/uploads\/jornal-animal.png\" alt=\"\" width=\"1500\" height=\"707\" srcset=\"https:\/\/vetpovoa.pt\/VP\/wp-content\/uploads\/jornal-animal.png 1500w, https:\/\/vetpovoa.pt\/VP\/wp-content\/uploads\/jornal-animal-300x141.png 300w, https:\/\/vetpovoa.pt\/VP\/wp-content\/uploads\/jornal-animal-768x362.png 768w, https:\/\/vetpovoa.pt\/VP\/wp-content\/uploads\/jornal-animal-1024x483.png 1024w\" sizes=\"auto, (max-width: 1500px) 100vw, 1500px\" \/><\/p>\n<p>&nbsp;<\/p>\n<hr \/>\n<p>&nbsp;<\/p>\n<p>&nbsp;<\/p>\n<p>&nbsp;<\/p>\n<p>&nbsp;<\/p>\n","protected":false},"excerpt":{"rendered":"<p>Os s\u00e3o tudo o que o seu companheiro precisa &nbsp; &nbsp; Veja o que temos para lhe oferecer: &nbsp; &nbsp; &nbsp; &nbsp; A \u00e9 o&hellip; <a href=\"https:\/\/vetpovoa.pt\/VP\/\" class=\"post-excerpt-readmore\"><\/a><\/p>\n","protected":false},"author":1,"featured_media":0,"parent":0,"menu_order":0,"comment_status":"open","ping_status":"open","template":"","meta":{"footnotes":""},"class_list":["post-1870","page","type-page","status-publish","hentry"],"yoast_head":"<!-- This site is optimized with the Yoast SEO plugin v24.5 - https:\/\/yoast.com\/wordpress\/plugins\/seo\/ -->\n<title>Cl\u00ednica Veterin\u00e1ria Coimbra - Vet P\u00f3voa (com urg\u00eancias 24h)<\/title>\n<meta name=\"description\" content=\"A Vet P\u00f3voa \u00e9 a Cl\u00ednica Veterin\u00e1ria em Coimbra do seu animal de companhia. Instala\u00e7\u00f5es em S. Martinho do Bispo (perto dos Cov\u00f5es) e urg\u00eancias 24h: 239445454\" \/>\n<meta name=\"robots\" content=\"index, follow, max-snippet:-1, max-image-preview:large, max-video-preview:-1\" \/>\n<link rel=\"canonical\" href=\"https:\/\/vetpovoa.pt\/VP\/\" \/>\n<meta property=\"og:locale\" content=\"pt_PT\" \/>\n<meta property=\"og:type\" content=\"article\" \/>\n<meta property=\"og:title\" content=\"Cl\u00ednica Veterin\u00e1ria Coimbra - Vet P\u00f3voa (com urg\u00eancias 24h)\" \/>\n<meta property=\"og:description\" content=\"A Vet P\u00f3voa \u00e9 a Cl\u00ednica Veterin\u00e1ria em Coimbra do seu animal de companhia. Instala\u00e7\u00f5es em S. Martinho do Bispo (perto dos Cov\u00f5es) e urg\u00eancias 24h: 239445454\" \/>\n<meta property=\"og:url\" content=\"https:\/\/vetpovoa.pt\/VP\/\" \/>\n<meta property=\"og:site_name\" content=\"Vet P\u00f3voa - Cl\u00ednica Veterin\u00e1ria Coimbra\" \/>\n<meta property=\"article:modified_time\" content=\"2017-02-06T13:37:33+00:00\" \/>\n<meta property=\"og:image\" content=\"http:\/\/vetpovoa.pt\/VP\/wp-content\/uploads\/jornal-animal.png\" \/>\n<meta name=\"twitter:card\" content=\"summary_large_image\" \/>\n<meta name=\"twitter:label1\" content=\"Tempo estimado de leitura\" \/>\n\t<meta name=\"twitter:data1\" content=\"2 minutos\" \/>\n<script type=\"application\/ld+json\" class=\"yoast-schema-graph\">{\"@context\":\"https:\/\/schema.org\",\"@graph\":[{\"@type\":\"WebPage\",\"@id\":\"https:\/\/vetpovoa.pt\/VP\/\",\"url\":\"https:\/\/vetpovoa.pt\/VP\/\",\"name\":\"Cl\u00ednica Veterin\u00e1ria Coimbra - Vet P\u00f3voa (com urg\u00eancias 24h)\",\"isPartOf\":{\"@id\":\"https:\/\/vetpovoa.pt\/VP\/#website\"},\"primaryImageOfPage\":{\"@id\":\"https:\/\/vetpovoa.pt\/VP\/#primaryimage\"},\"image\":{\"@id\":\"https:\/\/vetpovoa.pt\/VP\/#primaryimage\"},\"thumbnailUrl\":\"http:\/\/vetpovoa.pt\/VP\/wp-content\/uploads\/jornal-animal.png\",\"datePublished\":\"2013-04-10T11:40:13+00:00\",\"dateModified\":\"2017-02-06T13:37:33+00:00\",\"description\":\"A Vet P\u00f3voa \u00e9 a Cl\u00ednica Veterin\u00e1ria em Coimbra do seu animal de companhia. Instala\u00e7\u00f5es em S. Martinho do Bispo (perto dos Cov\u00f5es) e urg\u00eancias 24h: 239445454\",\"breadcrumb\":{\"@id\":\"https:\/\/vetpovoa.pt\/VP\/#breadcrumb\"},\"inLanguage\":\"pt-PT\",\"potentialAction\":[{\"@type\":\"ReadAction\",\"target\":[\"https:\/\/vetpovoa.pt\/VP\/\"]}]},{\"@type\":\"ImageObject\",\"inLanguage\":\"pt-PT\",\"@id\":\"https:\/\/vetpovoa.pt\/VP\/#primaryimage\",\"url\":\"http:\/\/vetpovoa.pt\/VP\/wp-content\/uploads\/jornal-animal.png\",\"contentUrl\":\"http:\/\/vetpovoa.pt\/VP\/wp-content\/uploads\/jornal-animal.png\"},{\"@type\":\"BreadcrumbList\",\"@id\":\"https:\/\/vetpovoa.pt\/VP\/#breadcrumb\",\"itemListElement\":[{\"@type\":\"ListItem\",\"position\":1,\"name\":\"In\u00edcio\",\"item\":\"https:\/\/vetpovoa.pt\/VP\/\"},{\"@type\":\"ListItem\",\"position\":2,\"name\":\"Home\"}]},{\"@type\":\"WebSite\",\"@id\":\"https:\/\/vetpovoa.pt\/VP\/#website\",\"url\":\"https:\/\/vetpovoa.pt\/VP\/\",\"name\":\"Vet P\u00f3voa - Cl\u00ednica Veterin\u00e1ria Coimbra\",\"description\":\"Cl\u00ednica Veterin\u00e1ria Coimbra\",\"potentialAction\":[{\"@type\":\"SearchAction\",\"target\":{\"@type\":\"EntryPoint\",\"urlTemplate\":\"https:\/\/vetpovoa.pt\/VP\/?s={search_term_string}\"},\"query-input\":{\"@type\":\"PropertyValueSpecification\",\"valueRequired\":true,\"valueName\":\"search_term_string\"}}],\"inLanguage\":\"pt-PT\"}]}<\/script>\n<!-- \/ Yoast SEO plugin. -->","yoast_head_json":{"title":"Cl\u00ednica Veterin\u00e1ria Coimbra - Vet P\u00f3voa (com urg\u00eancias 24h)","description":"A Vet P\u00f3voa \u00e9 a Cl\u00ednica Veterin\u00e1ria em Coimbra do seu animal de companhia. Instala\u00e7\u00f5es em S. Martinho do Bispo (perto dos Cov\u00f5es) e urg\u00eancias 24h: 239445454","robots":{"index":"index","follow":"follow","max-snippet":"max-snippet:-1","max-image-preview":"max-image-preview:large","max-video-preview":"max-video-preview:-1"},"canonical":"https:\/\/vetpovoa.pt\/VP\/","og_locale":"pt_PT","og_type":"article","og_title":"Cl\u00ednica Veterin\u00e1ria Coimbra - Vet P\u00f3voa (com urg\u00eancias 24h)","og_description":"A Vet P\u00f3voa \u00e9 a Cl\u00ednica Veterin\u00e1ria em Coimbra do seu animal de companhia. Instala\u00e7\u00f5es em S. Martinho do Bispo (perto dos Cov\u00f5es) e urg\u00eancias 24h: 239445454","og_url":"https:\/\/vetpovoa.pt\/VP\/","og_site_name":"Vet P\u00f3voa - Cl\u00ednica Veterin\u00e1ria Coimbra","article_modified_time":"2017-02-06T13:37:33+00:00","og_image":[{"url":"http:\/\/vetpovoa.pt\/VP\/wp-content\/uploads\/jornal-animal.png","type":"","width":"","height":""}],"twitter_card":"summary_large_image","twitter_misc":{"Tempo estimado de leitura":"2 minutos"},"schema":{"@context":"https:\/\/schema.org","@graph":[{"@type":"WebPage","@id":"https:\/\/vetpovoa.pt\/VP\/","url":"https:\/\/vetpovoa.pt\/VP\/","name":"Cl\u00ednica Veterin\u00e1ria Coimbra - Vet P\u00f3voa (com urg\u00eancias 24h)","isPartOf":{"@id":"https:\/\/vetpovoa.pt\/VP\/#website"},"primaryImageOfPage":{"@id":"https:\/\/vetpovoa.pt\/VP\/#primaryimage"},"image":{"@id":"https:\/\/vetpovoa.pt\/VP\/#primaryimage"},"thumbnailUrl":"http:\/\/vetpovoa.pt\/VP\/wp-content\/uploads\/jornal-animal.png","datePublished":"2013-04-10T11:40:13+00:00","dateModified":"2017-02-06T13:37:33+00:00","description":"A Vet P\u00f3voa \u00e9 a Cl\u00ednica Veterin\u00e1ria em Coimbra do seu animal de companhia. Instala\u00e7\u00f5es em S. Martinho do Bispo (perto dos Cov\u00f5es) e urg\u00eancias 24h: 239445454","breadcrumb":{"@id":"https:\/\/vetpovoa.pt\/VP\/#breadcrumb"},"inLanguage":"pt-PT","potentialAction":[{"@type":"ReadAction","target":["https:\/\/vetpovoa.pt\/VP\/"]}]},{"@type":"ImageObject","inLanguage":"pt-PT","@id":"https:\/\/vetpovoa.pt\/VP\/#primaryimage","url":"http:\/\/vetpovoa.pt\/VP\/wp-content\/uploads\/jornal-animal.png","contentUrl":"http:\/\/vetpovoa.pt\/VP\/wp-content\/uploads\/jornal-animal.png"},{"@type":"BreadcrumbList","@id":"https:\/\/vetpovoa.pt\/VP\/#breadcrumb","itemListElement":[{"@type":"ListItem","position":1,"name":"In\u00edcio","item":"https:\/\/vetpovoa.pt\/VP\/"},{"@type":"ListItem","position":2,"name":"Home"}]},{"@type":"WebSite","@id":"https:\/\/vetpovoa.pt\/VP\/#website","url":"https:\/\/vetpovoa.pt\/VP\/","name":"Vet P\u00f3voa - Cl\u00ednica Veterin\u00e1ria Coimbra","description":"Cl\u00ednica Veterin\u00e1ria Coimbra","potentialAction":[{"@type":"SearchAction","target":{"@type":"EntryPoint","urlTemplate":"https:\/\/vetpovoa.pt\/VP\/?s={search_term_string}"},"query-input":{"@type":"PropertyValueSpecification","valueRequired":true,"valueName":"search_term_string"}}],"inLanguage":"pt-PT"}]}},"_links":{"self":[{"href":"https:\/\/vetpovoa.pt\/VP\/index.php?rest_route=\/wp\/v2\/pages\/1870","targetHints":{"allow":["GET"]}}],"collection":[{"href":"https:\/\/vetpovoa.pt\/VP\/index.php?rest_route=\/wp\/v2\/pages"}],"about":[{"href":"https:\/\/vetpovoa.pt\/VP\/index.php?rest_route=\/wp\/v2\/types\/page"}],"author":[{"embeddable":true,"href":"https:\/\/vetpovoa.pt\/VP\/index.php?rest_route=\/wp\/v2\/users\/1"}],"replies":[{"embeddable":true,"href":"https:\/\/vetpovoa.pt\/VP\/index.php?rest_route=%2Fwp%2Fv2%2Fcomments&post=1870"}],"version-history":[{"count":108,"href":"https:\/\/vetpovoa.pt\/VP\/index.php?rest_route=\/wp\/v2\/pages\/1870\/revisions"}],"predecessor-version":[{"id":3631,"href":"https:\/\/vetpovoa.pt\/VP\/index.php?rest_route=\/wp\/v2\/pages\/1870\/revisions\/3631"}],"wp:attachment":[{"href":"https:\/\/vetpovoa.pt\/VP\/index.php?rest_route=%2Fwp%2Fv2%2Fmedia&parent=1870"}],"curies":[{"name":"wp","href":"https:\/\/api.w.org\/{rel}","templated":true}]}}