{"id":204,"date":"2016-02-29T20:38:18","date_gmt":"2016-02-29T20:38:18","guid":{"rendered":"http:\/\/vetpovoa.pt\/VP\/?page_id=204"},"modified":"2016-02-29T22:50:24","modified_gmt":"2016-02-29T22:50:24","slug":"desparasitacao-interna","status":"publish","type":"page","link":"https:\/\/vetpovoa.pt\/VP\/?page_id=204","title":{"rendered":"Desparasita\u00e7\u00e3o Interna"},"content":{"rendered":"<p><img loading=\"lazy\" decoding=\"async\" class=\"wp-image-213 alignleft\" src=\"http:\/\/vetpovoa.pt\/VP\/wp-content\/uploads\/Nematode.jpg\" alt=\"Nematode\" width=\"416\" height=\"342\" srcset=\"https:\/\/vetpovoa.pt\/VP\/wp-content\/uploads\/Nematode.jpg 800w, https:\/\/vetpovoa.pt\/VP\/wp-content\/uploads\/Nematode-300x247.jpg 300w, https:\/\/vetpovoa.pt\/VP\/wp-content\/uploads\/Nematode-768x632.jpg 768w\" sizes=\"auto, (max-width: 416px) 100vw, 416px\" \/><\/p>\n<p>Embora n\u00e3o nos lembremos deles com frequ\u00eancia, os parasitas &#8220;internos&#8221; continuam presentes nos nossos animais de companhia. Apesar de estar muito trabalho feito na preven\u00e7\u00e3o das doen\u00e7as causadas por estes organismos, ainda h\u00e1 muito a fazer.<\/p>\n<p>No entanto n\u00e3o h\u00e1 nada a temer: basta realizar desparasita\u00e7\u00f5es frequentes e adequadas para o seu animal de estima\u00e7\u00e3o.<\/p>\n<p>O m\u00e9dico veterin\u00e1rio \u00e9 o t\u00e9cnico mais qualificado para receitar o melhor protocolo profil\u00e1tico para o melhor dos companheiros: O SEU<\/p>\n<p>Reserv\u00e1mos o m\u00eas de Mar\u00e7o para a Desparasita\u00e7\u00e3o Interna onde toda a nossa equipa est\u00e1 preparada para responder \u00e0s vossas quest\u00f5es, havendo tamb\u00e9m algumas surpresas.<\/p>\n<p>Saiba mais em:<a href=\"http:\/\/www.livredeparasitas.com\/pt\/\">\u00a0Livre de Parasitas<\/a><\/p>\n","protected":false},"excerpt":{"rendered":"<p>Embora n\u00e3o nos lembremos deles com frequ\u00eancia, os parasitas &#8220;internos&#8221; continuam presentes nos nossos animais de companhia. Apesar de estar muito trabalho feito na preven\u00e7\u00e3o&hellip; <a href=\"https:\/\/vetpovoa.pt\/VP\/?page_id=204\" class=\"post-excerpt-readmore\"><\/a><\/p>\n","protected":false},"author":1,"featured_media":0,"parent":0,"menu_order":0,"comment_status":"closed","ping_status":"closed","template":"full-width-page.php","meta":{"footnotes":""},"class_list":["post-204","page","type-page","status-publish","hentry"],"yoast_head":"<!-- This site is optimized with the Yoast SEO plugin v24.5 - https:\/\/yoast.com\/wordpress\/plugins\/seo\/ -->\n<title>Desparasita\u00e7\u00e3o Interna - Vet P\u00f3voa - Cl\u00ednica Veterin\u00e1ria Coimbra<\/title>\n<meta name=\"robots\" content=\"index, follow, max-snippet:-1, max-image-preview:large, max-video-preview:-1\" \/>\n<link rel=\"canonical\" href=\"https:\/\/vetpovoa.pt\/VP\/?page_id=204\" \/>\n<meta property=\"og:locale\" content=\"pt_PT\" \/>\n<meta property=\"og:type\" content=\"article\" \/>\n<meta property=\"og:title\" content=\"Desparasita\u00e7\u00e3o Interna - Vet P\u00f3voa - Cl\u00ednica Veterin\u00e1ria Coimbra\" \/>\n<meta property=\"og:description\" content=\"Embora n\u00e3o nos lembremos deles com frequ\u00eancia, os parasitas &#8220;internos&#8221; continuam presentes nos nossos animais de companhia. Apesar de estar muito trabalho feito na preven\u00e7\u00e3o&hellip;\" \/>\n<meta property=\"og:url\" content=\"https:\/\/vetpovoa.pt\/VP\/?page_id=204\" \/>\n<meta property=\"og:site_name\" content=\"Vet P\u00f3voa - Cl\u00ednica Veterin\u00e1ria Coimbra\" \/>\n<meta property=\"article:modified_time\" content=\"2016-02-29T22:50:24+00:00\" \/>\n<meta property=\"og:image\" content=\"https:\/\/vetpovoa.pt\/VP\/wp-content\/uploads\/Nematode.jpg\" \/>\n\t<meta property=\"og:image:width\" content=\"800\" \/>\n\t<meta property=\"og:image:height\" content=\"658\" \/>\n\t<meta property=\"og:image:type\" content=\"image\/jpeg\" \/>\n<meta name=\"twitter:card\" content=\"summary_large_image\" \/>\n<meta name=\"twitter:label1\" content=\"Tempo estimado de leitura\" \/>\n\t<meta name=\"twitter:data1\" content=\"1 minuto\" \/>\n<script type=\"application\/ld+json\" class=\"yoast-schema-graph\">{\"@context\":\"https:\/\/schema.org\",\"@graph\":[{\"@type\":\"WebPage\",\"@id\":\"https:\/\/vetpovoa.pt\/VP\/?page_id=204\",\"url\":\"https:\/\/vetpovoa.pt\/VP\/?page_id=204\",\"name\":\"Desparasita\u00e7\u00e3o Interna - Vet P\u00f3voa - Cl\u00ednica Veterin\u00e1ria Coimbra\",\"isPartOf\":{\"@id\":\"https:\/\/vetpovoa.pt\/VP\/#website\"},\"primaryImageOfPage\":{\"@id\":\"https:\/\/vetpovoa.pt\/VP\/?page_id=204#primaryimage\"},\"image\":{\"@id\":\"https:\/\/vetpovoa.pt\/VP\/?page_id=204#primaryimage\"},\"thumbnailUrl\":\"http:\/\/vetpovoa.pt\/VP\/wp-content\/uploads\/Nematode.jpg\",\"datePublished\":\"2016-02-29T20:38:18+00:00\",\"dateModified\":\"2016-02-29T22:50:24+00:00\",\"breadcrumb\":{\"@id\":\"https:\/\/vetpovoa.pt\/VP\/?page_id=204#breadcrumb\"},\"inLanguage\":\"pt-PT\",\"potentialAction\":[{\"@type\":\"ReadAction\",\"target\":[\"https:\/\/vetpovoa.pt\/VP\/?page_id=204\"]}]},{\"@type\":\"ImageObject\",\"inLanguage\":\"pt-PT\",\"@id\":\"https:\/\/vetpovoa.pt\/VP\/?page_id=204#primaryimage\",\"url\":\"http:\/\/vetpovoa.pt\/VP\/wp-content\/uploads\/Nematode.jpg\",\"contentUrl\":\"http:\/\/vetpovoa.pt\/VP\/wp-content\/uploads\/Nematode.jpg\"},{\"@type\":\"BreadcrumbList\",\"@id\":\"https:\/\/vetpovoa.pt\/VP\/?page_id=204#breadcrumb\",\"itemListElement\":[{\"@type\":\"ListItem\",\"position\":1,\"name\":\"In\u00edcio\",\"item\":\"https:\/\/vetpovoa.pt\/VP\/\"},{\"@type\":\"ListItem\",\"position\":2,\"name\":\"Desparasita\u00e7\u00e3o Interna\"}]},{\"@type\":\"WebSite\",\"@id\":\"https:\/\/vetpovoa.pt\/VP\/#website\",\"url\":\"https:\/\/vetpovoa.pt\/VP\/\",\"name\":\"Vet P\u00f3voa - Cl\u00ednica Veterin\u00e1ria Coimbra\",\"description\":\"Cl\u00ednica Veterin\u00e1ria Coimbra\",\"potentialAction\":[{\"@type\":\"SearchAction\",\"target\":{\"@type\":\"EntryPoint\",\"urlTemplate\":\"https:\/\/vetpovoa.pt\/VP\/?s={search_term_string}\"},\"query-input\":{\"@type\":\"PropertyValueSpecification\",\"valueRequired\":true,\"valueName\":\"search_term_string\"}}],\"inLanguage\":\"pt-PT\"}]}<\/script>\n<!-- \/ Yoast SEO plugin. -->","yoast_head_json":{"title":"Desparasita\u00e7\u00e3o Interna - Vet P\u00f3voa - Cl\u00ednica Veterin\u00e1ria Coimbra","robots":{"index":"index","follow":"follow","max-snippet":"max-snippet:-1","max-image-preview":"max-image-preview:large","max-video-preview":"max-video-preview:-1"},"canonical":"https:\/\/vetpovoa.pt\/VP\/?page_id=204","og_locale":"pt_PT","og_type":"article","og_title":"Desparasita\u00e7\u00e3o Interna - Vet P\u00f3voa - Cl\u00ednica Veterin\u00e1ria Coimbra","og_description":"Embora n\u00e3o nos lembremos deles com frequ\u00eancia, os parasitas &#8220;internos&#8221; continuam presentes nos nossos animais de companhia. Apesar de estar muito trabalho feito na preven\u00e7\u00e3o&hellip;","og_url":"https:\/\/vetpovoa.pt\/VP\/?page_id=204","og_site_name":"Vet P\u00f3voa - Cl\u00ednica Veterin\u00e1ria Coimbra","article_modified_time":"2016-02-29T22:50:24+00:00","og_image":[{"width":800,"height":658,"url":"https:\/\/vetpovoa.pt\/VP\/wp-content\/uploads\/Nematode.jpg","type":"image\/jpeg"}],"twitter_card":"summary_large_image","twitter_misc":{"Tempo estimado de leitura":"1 minuto"},"schema":{"@context":"https:\/\/schema.org","@graph":[{"@type":"WebPage","@id":"https:\/\/vetpovoa.pt\/VP\/?page_id=204","url":"https:\/\/vetpovoa.pt\/VP\/?page_id=204","name":"Desparasita\u00e7\u00e3o Interna - Vet P\u00f3voa - Cl\u00ednica Veterin\u00e1ria Coimbra","isPartOf":{"@id":"https:\/\/vetpovoa.pt\/VP\/#website"},"primaryImageOfPage":{"@id":"https:\/\/vetpovoa.pt\/VP\/?page_id=204#primaryimage"},"image":{"@id":"https:\/\/vetpovoa.pt\/VP\/?page_id=204#primaryimage"},"thumbnailUrl":"http:\/\/vetpovoa.pt\/VP\/wp-content\/uploads\/Nematode.jpg","datePublished":"2016-02-29T20:38:18+00:00","dateModified":"2016-02-29T22:50:24+00:00","breadcrumb":{"@id":"https:\/\/vetpovoa.pt\/VP\/?page_id=204#breadcrumb"},"inLanguage":"pt-PT","potentialAction":[{"@type":"ReadAction","target":["https:\/\/vetpovoa.pt\/VP\/?page_id=204"]}]},{"@type":"ImageObject","inLanguage":"pt-PT","@id":"https:\/\/vetpovoa.pt\/VP\/?page_id=204#primaryimage","url":"http:\/\/vetpovoa.pt\/VP\/wp-content\/uploads\/Nematode.jpg","contentUrl":"http:\/\/vetpovoa.pt\/VP\/wp-content\/uploads\/Nematode.jpg"},{"@type":"BreadcrumbList","@id":"https:\/\/vetpovoa.pt\/VP\/?page_id=204#breadcrumb","itemListElement":[{"@type":"ListItem","position":1,"name":"In\u00edcio","item":"https:\/\/vetpovoa.pt\/VP\/"},{"@type":"ListItem","position":2,"name":"Desparasita\u00e7\u00e3o Interna"}]},{"@type":"WebSite","@id":"https:\/\/vetpovoa.pt\/VP\/#website","url":"https:\/\/vetpovoa.pt\/VP\/","name":"Vet P\u00f3voa - Cl\u00ednica Veterin\u00e1ria Coimbra","description":"Cl\u00ednica Veterin\u00e1ria Coimbra","potentialAction":[{"@type":"SearchAction","target":{"@type":"EntryPoint","urlTemplate":"https:\/\/vetpovoa.pt\/VP\/?s={search_term_string}"},"query-input":{"@type":"PropertyValueSpecification","valueRequired":true,"valueName":"search_term_string"}}],"inLanguage":"pt-PT"}]}},"_links":{"self":[{"href":"https:\/\/vetpovoa.pt\/VP\/index.php?rest_route=\/wp\/v2\/pages\/204","targetHints":{"allow":["GET"]}}],"collection":[{"href":"https:\/\/vetpovoa.pt\/VP\/index.php?rest_route=\/wp\/v2\/pages"}],"about":[{"href":"https:\/\/vetpovoa.pt\/VP\/index.php?rest_route=\/wp\/v2\/types\/page"}],"author":[{"embeddable":true,"href":"https:\/\/vetpovoa.pt\/VP\/index.php?rest_route=\/wp\/v2\/users\/1"}],"replies":[{"embeddable":true,"href":"https:\/\/vetpovoa.pt\/VP\/index.php?rest_route=%2Fwp%2Fv2%2Fcomments&post=204"}],"version-history":[{"count":8,"href":"https:\/\/vetpovoa.pt\/VP\/index.php?rest_route=\/wp\/v2\/pages\/204\/revisions"}],"predecessor-version":[{"id":215,"href":"https:\/\/vetpovoa.pt\/VP\/index.php?rest_route=\/wp\/v2\/pages\/204\/revisions\/215"}],"wp:attachment":[{"href":"https:\/\/vetpovoa.pt\/VP\/index.php?rest_route=%2Fwp%2Fv2%2Fmedia&parent=204"}],"curies":[{"name":"wp","href":"https:\/\/api.w.org\/{rel}","templated":true}]}}