{"id":234,"date":"2016-03-21T23:37:50","date_gmt":"2016-03-21T23:37:50","guid":{"rendered":"http:\/\/vetpovoa.pt\/VP\/?page_id=234"},"modified":"2025-02-27T16:13:06","modified_gmt":"2025-02-27T16:13:06","slug":"informacoes","status":"publish","type":"page","link":"https:\/\/vetpovoa.pt\/VP\/?page_id=234","title":{"rendered":"Sugest\u00f5es e Reclama\u00e7\u00f5es"},"content":{"rendered":"<p><img loading=\"lazy\" decoding=\"async\" class=\"aligncenter size-full wp-image-3526\" src=\"http:\/\/vetpovoa.pt\/VP\/wp-content\/uploads\/links-uteis.png\" alt=\"\" width=\"1468\" height=\"551\" srcset=\"https:\/\/vetpovoa.pt\/VP\/wp-content\/uploads\/links-uteis.png 1468w, https:\/\/vetpovoa.pt\/VP\/wp-content\/uploads\/links-uteis-300x113.png 300w, https:\/\/vetpovoa.pt\/VP\/wp-content\/uploads\/links-uteis-768x288.png 768w, https:\/\/vetpovoa.pt\/VP\/wp-content\/uploads\/links-uteis-1024x384.png 1024w\" sizes=\"auto, (max-width: 1468px) 100vw, 1468px\" \/><\/p>\n<p>&nbsp;<\/p>\n<h1>As <span class=\"marker\" style=\"background-color:#03b1af\">informa\u00e7\u00f5es<\/span> que lhe podem ser \u00fateis<\/h1>\n<p>A sua Cl\u00ednica Veterin\u00e1ria em Coimbra &#8211; Vet P\u00f3voa, acredita que a informa\u00e7\u00e3o e a transpar\u00eancia na presta\u00e7\u00e3o de qualquer servi\u00e7o devem andar sempre de m\u00e3os dadas. Existimos para o poder servir, a si e ao seu animal de companhia,\u00a0 e estamos sempre dispon\u00edveis para, consigo, poder melhor o servi\u00e7o que prestamos. S\u00f3 assim poderemos atingir a excel\u00eancia que desejamos na presta\u00e7\u00e3o dos servi\u00e7os veterin\u00e1rios.<\/p>\n<p>Assim sendo, na Vet P\u00f3voa, todas as sugest\u00f5es ou reclama\u00e7\u00f5es s\u00e3o bem vindas!<\/p>\n<p>Caso tenha uma reclama\u00e7\u00e3o ou sugest\u00e3o, poder\u00e1 enviar um mail para <a href=\"mailto:gest@vetpovoa.pt\">gest@vetpovoa.pt<\/a><\/p>\n<p>Se houver necessidade de uma reclama\u00e7\u00e3o formal, poder\u00e1 faz\u00ea-lo atrav\u00e9s do <a href=\"https:\/\/www.livroreclamacoes.pt\/inicio\" target=\"_blank\" rel=\"noopener\">Livro de Reclama\u00e7\u00f5es<\/a>.<\/p>\n<p>Informamos tamb\u00e9m os nossos estimados clientes que em caso de lit\u00edgio, o consumidor pode recorrer a uma Entidade de Resoluc\u0327\u00e3o Alternativa de Lit\u00edgios de Consumo.<\/p>\n<p>No caso da \u00e1rea geogr\u00e1fica de atua\u00e7\u00e3o da Vet P\u00f3voa, Cl\u00ednica Veterin\u00e1ria Lda, a entidade competente \u00e9 :<\/p>\n<p><strong>Centro de Arbitragem de Conflitos de Consumo do Distrito de Coimbra<a href=\"http:\/\/www.centrodearbitragemdecoimbra.com\"><img loading=\"lazy\" decoding=\"async\" class=\"alignleft wp-image-3481 size-full\" src=\"http:\/\/vetpovoa.pt\/VP\/wp-content\/uploads\/\u00edndice.png\" width=\"160\" height=\"180\" \/><\/a><\/strong><\/p>\n<p>Av. Ferna\u0303o Magalha\u0303es, n. 240, 1\u00ba &#8211; 3000-172 COIMBRA<\/p>\n<p>Tel.: 239 821 690\/289 (Chamada para a Rede Fixa Nacional)<\/p>\n<p>Fax.: 239 821 690<\/p>\n<p>E-mail: <a href=\"mailto:geral@centrodearbitragemdecoimbra.com\" target=\"_blank\" rel=\"noopener\">geral@centrodearbitragemdecoimbra.com<\/a><\/p>\n<p>Site oficial do Centro de Arbitragem de Conflitos de Consumo do Distrito de Coimbra: <a href=\"http:\/\/www.centrodearbitragemdecoimbra.com\" target=\"_blank\" rel=\"noopener\">http:\/\/www.centrodearbitragemdecoimbra.com<\/a><\/p>\n<p>Pode encontrar mais informac\u0327o\u0303es acerca deste e de outros assuntos no Portal do Consumidor:<\/p>\n<p><a href=\"https:\/\/www.consumidor.pt\/\"><img loading=\"lazy\" decoding=\"async\" class=\"size-full wp-image-3491 alignleft\" src=\"http:\/\/vetpovoa.pt\/VP\/wp-content\/uploads\/i005448.gif\" alt=\"\" width=\"356\" height=\"63\" \/><\/a><\/p>\n<p><a href=\"http:\/\/www.consumidor.pt\" target=\"_blank\" rel=\"noopener\">www.consumidor.pt<\/a><\/p>\n","protected":false},"excerpt":{"rendered":"<p>&nbsp; As que lhe podem ser \u00fateis A sua Cl\u00ednica Veterin\u00e1ria em Coimbra &#8211; Vet P\u00f3voa, acredita que a informa\u00e7\u00e3o e a transpar\u00eancia na presta\u00e7\u00e3o&hellip; <a href=\"https:\/\/vetpovoa.pt\/VP\/?page_id=234\" class=\"post-excerpt-readmore\"><\/a><\/p>\n","protected":false},"author":1,"featured_media":0,"parent":0,"menu_order":0,"comment_status":"closed","ping_status":"closed","template":"","meta":{"footnotes":""},"class_list":["post-234","page","type-page","status-publish","hentry"],"yoast_head":"<!-- This site is optimized with the Yoast SEO plugin v24.5 - https:\/\/yoast.com\/wordpress\/plugins\/seo\/ -->\n<title>Cl\u00ednica Veterin\u00e1ria em Coimbra | Vet P\u00f3voa - Urg\u00eancias 24 horas<\/title>\n<meta name=\"description\" content=\"A sua Cl\u00ednica Veterin\u00e1ria em Coimbra - Vet P\u00f3voa, acredita que a informa\u00e7\u00e3o e a transpar\u00eancia na presta\u00e7\u00e3o dos servi\u00e7os veterin\u00e1rios devem andar lado a lado\" \/>\n<meta name=\"robots\" content=\"index, follow, max-snippet:-1, max-image-preview:large, max-video-preview:-1\" \/>\n<link rel=\"canonical\" href=\"https:\/\/vetpovoa.pt\/VP\/?page_id=234\" \/>\n<meta property=\"og:locale\" content=\"pt_PT\" \/>\n<meta property=\"og:type\" content=\"article\" \/>\n<meta property=\"og:title\" content=\"Cl\u00ednica Veterin\u00e1ria em Coimbra | Vet P\u00f3voa - Urg\u00eancias 24 horas\" \/>\n<meta property=\"og:description\" content=\"A sua Cl\u00ednica Veterin\u00e1ria em Coimbra - Vet P\u00f3voa, acredita que a informa\u00e7\u00e3o e a transpar\u00eancia na presta\u00e7\u00e3o dos servi\u00e7os veterin\u00e1rios devem andar lado a lado\" \/>\n<meta property=\"og:url\" content=\"https:\/\/vetpovoa.pt\/VP\/?page_id=234\" \/>\n<meta property=\"og:site_name\" content=\"Vet P\u00f3voa - Cl\u00ednica Veterin\u00e1ria Coimbra\" \/>\n<meta property=\"article:modified_time\" content=\"2025-02-27T16:13:06+00:00\" \/>\n<meta property=\"og:image\" content=\"https:\/\/vetpovoa.pt\/VP\/wp-content\/uploads\/links-uteis.png\" \/>\n\t<meta property=\"og:image:width\" content=\"1468\" \/>\n\t<meta property=\"og:image:height\" content=\"551\" \/>\n\t<meta property=\"og:image:type\" content=\"image\/png\" \/>\n<meta name=\"twitter:card\" content=\"summary_large_image\" \/>\n<meta name=\"twitter:label1\" content=\"Tempo estimado de leitura\" \/>\n\t<meta name=\"twitter:data1\" content=\"2 minutos\" \/>\n<script type=\"application\/ld+json\" class=\"yoast-schema-graph\">{\"@context\":\"https:\/\/schema.org\",\"@graph\":[{\"@type\":\"WebPage\",\"@id\":\"https:\/\/vetpovoa.pt\/VP\/?page_id=234\",\"url\":\"https:\/\/vetpovoa.pt\/VP\/?page_id=234\",\"name\":\"Cl\u00ednica Veterin\u00e1ria em Coimbra | Vet P\u00f3voa - Urg\u00eancias 24 horas\",\"isPartOf\":{\"@id\":\"https:\/\/vetpovoa.pt\/VP\/#website\"},\"primaryImageOfPage\":{\"@id\":\"https:\/\/vetpovoa.pt\/VP\/?page_id=234#primaryimage\"},\"image\":{\"@id\":\"https:\/\/vetpovoa.pt\/VP\/?page_id=234#primaryimage\"},\"thumbnailUrl\":\"http:\/\/vetpovoa.pt\/VP\/wp-content\/uploads\/links-uteis.png\",\"datePublished\":\"2016-03-21T23:37:50+00:00\",\"dateModified\":\"2025-02-27T16:13:06+00:00\",\"description\":\"A sua Cl\u00ednica Veterin\u00e1ria em Coimbra - Vet P\u00f3voa, acredita que a informa\u00e7\u00e3o e a transpar\u00eancia na presta\u00e7\u00e3o dos servi\u00e7os veterin\u00e1rios devem andar lado a lado\",\"breadcrumb\":{\"@id\":\"https:\/\/vetpovoa.pt\/VP\/?page_id=234#breadcrumb\"},\"inLanguage\":\"pt-PT\",\"potentialAction\":[{\"@type\":\"ReadAction\",\"target\":[\"https:\/\/vetpovoa.pt\/VP\/?page_id=234\"]}]},{\"@type\":\"ImageObject\",\"inLanguage\":\"pt-PT\",\"@id\":\"https:\/\/vetpovoa.pt\/VP\/?page_id=234#primaryimage\",\"url\":\"http:\/\/vetpovoa.pt\/VP\/wp-content\/uploads\/links-uteis.png\",\"contentUrl\":\"http:\/\/vetpovoa.pt\/VP\/wp-content\/uploads\/links-uteis.png\"},{\"@type\":\"BreadcrumbList\",\"@id\":\"https:\/\/vetpovoa.pt\/VP\/?page_id=234#breadcrumb\",\"itemListElement\":[{\"@type\":\"ListItem\",\"position\":1,\"name\":\"In\u00edcio\",\"item\":\"https:\/\/vetpovoa.pt\/VP\/\"},{\"@type\":\"ListItem\",\"position\":2,\"name\":\"Sugest\u00f5es e Reclama\u00e7\u00f5es\"}]},{\"@type\":\"WebSite\",\"@id\":\"https:\/\/vetpovoa.pt\/VP\/#website\",\"url\":\"https:\/\/vetpovoa.pt\/VP\/\",\"name\":\"Vet P\u00f3voa - Cl\u00ednica Veterin\u00e1ria Coimbra\",\"description\":\"Cl\u00ednica Veterin\u00e1ria Coimbra\",\"potentialAction\":[{\"@type\":\"SearchAction\",\"target\":{\"@type\":\"EntryPoint\",\"urlTemplate\":\"https:\/\/vetpovoa.pt\/VP\/?s={search_term_string}\"},\"query-input\":{\"@type\":\"PropertyValueSpecification\",\"valueRequired\":true,\"valueName\":\"search_term_string\"}}],\"inLanguage\":\"pt-PT\"}]}<\/script>\n<!-- \/ Yoast SEO plugin. -->","yoast_head_json":{"title":"Cl\u00ednica Veterin\u00e1ria em Coimbra | Vet P\u00f3voa - Urg\u00eancias 24 horas","description":"A sua Cl\u00ednica Veterin\u00e1ria em Coimbra - Vet P\u00f3voa, acredita que a informa\u00e7\u00e3o e a transpar\u00eancia na presta\u00e7\u00e3o dos servi\u00e7os veterin\u00e1rios devem andar lado a lado","robots":{"index":"index","follow":"follow","max-snippet":"max-snippet:-1","max-image-preview":"max-image-preview:large","max-video-preview":"max-video-preview:-1"},"canonical":"https:\/\/vetpovoa.pt\/VP\/?page_id=234","og_locale":"pt_PT","og_type":"article","og_title":"Cl\u00ednica Veterin\u00e1ria em Coimbra | Vet P\u00f3voa - Urg\u00eancias 24 horas","og_description":"A sua Cl\u00ednica Veterin\u00e1ria em Coimbra - Vet P\u00f3voa, acredita que a informa\u00e7\u00e3o e a transpar\u00eancia na presta\u00e7\u00e3o dos servi\u00e7os veterin\u00e1rios devem andar lado a lado","og_url":"https:\/\/vetpovoa.pt\/VP\/?page_id=234","og_site_name":"Vet P\u00f3voa - Cl\u00ednica Veterin\u00e1ria Coimbra","article_modified_time":"2025-02-27T16:13:06+00:00","og_image":[{"width":1468,"height":551,"url":"https:\/\/vetpovoa.pt\/VP\/wp-content\/uploads\/links-uteis.png","type":"image\/png"}],"twitter_card":"summary_large_image","twitter_misc":{"Tempo estimado de leitura":"2 minutos"},"schema":{"@context":"https:\/\/schema.org","@graph":[{"@type":"WebPage","@id":"https:\/\/vetpovoa.pt\/VP\/?page_id=234","url":"https:\/\/vetpovoa.pt\/VP\/?page_id=234","name":"Cl\u00ednica Veterin\u00e1ria em Coimbra | Vet P\u00f3voa - Urg\u00eancias 24 horas","isPartOf":{"@id":"https:\/\/vetpovoa.pt\/VP\/#website"},"primaryImageOfPage":{"@id":"https:\/\/vetpovoa.pt\/VP\/?page_id=234#primaryimage"},"image":{"@id":"https:\/\/vetpovoa.pt\/VP\/?page_id=234#primaryimage"},"thumbnailUrl":"http:\/\/vetpovoa.pt\/VP\/wp-content\/uploads\/links-uteis.png","datePublished":"2016-03-21T23:37:50+00:00","dateModified":"2025-02-27T16:13:06+00:00","description":"A sua Cl\u00ednica Veterin\u00e1ria em Coimbra - Vet P\u00f3voa, acredita que a informa\u00e7\u00e3o e a transpar\u00eancia na presta\u00e7\u00e3o dos servi\u00e7os veterin\u00e1rios devem andar lado a lado","breadcrumb":{"@id":"https:\/\/vetpovoa.pt\/VP\/?page_id=234#breadcrumb"},"inLanguage":"pt-PT","potentialAction":[{"@type":"ReadAction","target":["https:\/\/vetpovoa.pt\/VP\/?page_id=234"]}]},{"@type":"ImageObject","inLanguage":"pt-PT","@id":"https:\/\/vetpovoa.pt\/VP\/?page_id=234#primaryimage","url":"http:\/\/vetpovoa.pt\/VP\/wp-content\/uploads\/links-uteis.png","contentUrl":"http:\/\/vetpovoa.pt\/VP\/wp-content\/uploads\/links-uteis.png"},{"@type":"BreadcrumbList","@id":"https:\/\/vetpovoa.pt\/VP\/?page_id=234#breadcrumb","itemListElement":[{"@type":"ListItem","position":1,"name":"In\u00edcio","item":"https:\/\/vetpovoa.pt\/VP\/"},{"@type":"ListItem","position":2,"name":"Sugest\u00f5es e Reclama\u00e7\u00f5es"}]},{"@type":"WebSite","@id":"https:\/\/vetpovoa.pt\/VP\/#website","url":"https:\/\/vetpovoa.pt\/VP\/","name":"Vet P\u00f3voa - Cl\u00ednica Veterin\u00e1ria Coimbra","description":"Cl\u00ednica Veterin\u00e1ria Coimbra","potentialAction":[{"@type":"SearchAction","target":{"@type":"EntryPoint","urlTemplate":"https:\/\/vetpovoa.pt\/VP\/?s={search_term_string}"},"query-input":{"@type":"PropertyValueSpecification","valueRequired":true,"valueName":"search_term_string"}}],"inLanguage":"pt-PT"}]}},"_links":{"self":[{"href":"https:\/\/vetpovoa.pt\/VP\/index.php?rest_route=\/wp\/v2\/pages\/234","targetHints":{"allow":["GET"]}}],"collection":[{"href":"https:\/\/vetpovoa.pt\/VP\/index.php?rest_route=\/wp\/v2\/pages"}],"about":[{"href":"https:\/\/vetpovoa.pt\/VP\/index.php?rest_route=\/wp\/v2\/types\/page"}],"author":[{"embeddable":true,"href":"https:\/\/vetpovoa.pt\/VP\/index.php?rest_route=\/wp\/v2\/users\/1"}],"replies":[{"embeddable":true,"href":"https:\/\/vetpovoa.pt\/VP\/index.php?rest_route=%2Fwp%2Fv2%2Fcomments&post=234"}],"version-history":[{"count":21,"href":"https:\/\/vetpovoa.pt\/VP\/index.php?rest_route=\/wp\/v2\/pages\/234\/revisions"}],"predecessor-version":[{"id":4053,"href":"https:\/\/vetpovoa.pt\/VP\/index.php?rest_route=\/wp\/v2\/pages\/234\/revisions\/4053"}],"wp:attachment":[{"href":"https:\/\/vetpovoa.pt\/VP\/index.php?rest_route=%2Fwp%2Fv2%2Fmedia&parent=234"}],"curies":[{"name":"wp","href":"https:\/\/api.w.org\/{rel}","templated":true}]}}