{"id":243,"date":"2016-04-01T00:18:57","date_gmt":"2016-04-01T00:18:57","guid":{"rendered":"http:\/\/vetpovoa.pt\/VP\/?page_id=243"},"modified":"2017-04-06T14:25:48","modified_gmt":"2017-04-06T14:25:48","slug":"desparasitacao-externa","status":"publish","type":"page","link":"https:\/\/vetpovoa.pt\/VP\/?page_id=243","title":{"rendered":"Desparasita\u00e7\u00e3o Externa"},"content":{"rendered":"<p style=\"text-align: justify;\"><img loading=\"lazy\" decoding=\"async\" class=\"wp-image-245 alignright\" src=\"http:\/\/vetpovoa.pt\/VP\/wp-content\/uploads\/images.jpeg\" alt=\"images\" width=\"249\" height=\"304\" \/>Com o in\u00edcio de mais uma Primavera, os parasitas &#8220;externos&#8221; aproveitam para tentar atacar os nossos companheiros e at\u00e9 mesmo a n\u00f3s pr\u00f3prios. Sendo os mais frequentes as pulgas e carra\u00e7as, n\u00e3o nos devemos esquecer dos mosquitos. Ao\u00a0alimentarem-se nos nossos companheiros durante as picadas, al\u00e9m do efeito espoliador e do mau estar que causam, estes parasitas podem funcionar tamb\u00e9m como vetores de outras doen\u00e7as, ou seja podem inocular os c\u00e3es e gatos com outras doen\u00e7as. Al\u00e9m das febres da carra\u00e7a, existem tamb\u00e9m doen\u00e7as transmitidas pelos mosquitos, \u00a0especialmente na cidade de Coimbra onde a Leishmaniose e a Dirofilariose s\u00e3o consideradas end\u00e9micas e por isso muito frequentes em c\u00e3es.<\/p>\n<p>Mais uma vez n\u00e3o h\u00e1 nada a temer: basta realizar desparasita\u00e7\u00f5es externas frequentes e adequadas para o seu animal de estima\u00e7\u00e3o.<\/p>\n<p>Hoje em dia existem inumeras maneiras de lidar com a situa\u00e7\u00e3o, estando \u00e0 disposi\u00e7\u00e3o v\u00e1rios produtos altamente eficazes e seguros. O m\u00e9dico veterin\u00e1rio \u00e9 o t\u00e9cnico mais qualificado para receitar o melhor protocolo profil\u00e1tico para o melhor dos companheiros: O SEU<\/p>\n<p>Dedicamos o m\u00eas de Abril para a Desparasita\u00e7\u00e3o Externa\u00a0onde toda a nossa equipa est\u00e1 preparada para responder \u00e0s vossas quest\u00f5es sobre o assunto.<\/p>\n<p>Saiba mais em:<a href=\"http:\/\/www.livredeparasitas.com\/pt\/\">\u00a0Livre de Parasitas<\/a><\/p>\n","protected":false},"excerpt":{"rendered":"<p>Com o in\u00edcio de mais uma Primavera, os parasitas &#8220;externos&#8221; aproveitam para tentar atacar os nossos companheiros e at\u00e9 mesmo a n\u00f3s pr\u00f3prios. Sendo os&hellip; <a href=\"https:\/\/vetpovoa.pt\/VP\/?page_id=243\" class=\"post-excerpt-readmore\"><\/a><\/p>\n","protected":false},"author":1,"featured_media":0,"parent":0,"menu_order":0,"comment_status":"closed","ping_status":"closed","template":"","meta":{"footnotes":""},"class_list":["post-243","page","type-page","status-publish","hentry"],"yoast_head":"<!-- This site is optimized with the Yoast SEO plugin v24.5 - https:\/\/yoast.com\/wordpress\/plugins\/seo\/ -->\n<title>Desparasita\u00e7\u00e3o Externa - Vet P\u00f3voa - Cl\u00ednica Veterin\u00e1ria Coimbra<\/title>\n<meta name=\"robots\" content=\"index, follow, max-snippet:-1, max-image-preview:large, max-video-preview:-1\" \/>\n<link rel=\"canonical\" href=\"https:\/\/vetpovoa.pt\/VP\/?page_id=243\" \/>\n<meta property=\"og:locale\" content=\"pt_PT\" \/>\n<meta property=\"og:type\" content=\"article\" \/>\n<meta property=\"og:title\" content=\"Desparasita\u00e7\u00e3o Externa - Vet P\u00f3voa - Cl\u00ednica Veterin\u00e1ria Coimbra\" \/>\n<meta property=\"og:description\" content=\"Com o in\u00edcio de mais uma Primavera, os parasitas &#8220;externos&#8221; aproveitam para tentar atacar os nossos companheiros e at\u00e9 mesmo a n\u00f3s pr\u00f3prios. Sendo os&hellip;\" \/>\n<meta property=\"og:url\" content=\"https:\/\/vetpovoa.pt\/VP\/?page_id=243\" \/>\n<meta property=\"og:site_name\" content=\"Vet P\u00f3voa - Cl\u00ednica Veterin\u00e1ria Coimbra\" \/>\n<meta property=\"article:modified_time\" content=\"2017-04-06T14:25:48+00:00\" \/>\n<meta property=\"og:image\" content=\"https:\/\/vetpovoa.pt\/VP\/wp-content\/uploads\/images.jpeg\" \/>\n\t<meta property=\"og:image:width\" content=\"203\" \/>\n\t<meta property=\"og:image:height\" content=\"248\" \/>\n\t<meta property=\"og:image:type\" content=\"image\/jpeg\" \/>\n<meta name=\"twitter:card\" content=\"summary_large_image\" \/>\n<meta name=\"twitter:label1\" content=\"Tempo estimado de leitura\" \/>\n\t<meta name=\"twitter:data1\" content=\"1 minuto\" \/>\n<script type=\"application\/ld+json\" class=\"yoast-schema-graph\">{\"@context\":\"https:\/\/schema.org\",\"@graph\":[{\"@type\":\"WebPage\",\"@id\":\"https:\/\/vetpovoa.pt\/VP\/?page_id=243\",\"url\":\"https:\/\/vetpovoa.pt\/VP\/?page_id=243\",\"name\":\"Desparasita\u00e7\u00e3o Externa - Vet P\u00f3voa - Cl\u00ednica Veterin\u00e1ria Coimbra\",\"isPartOf\":{\"@id\":\"https:\/\/vetpovoa.pt\/VP\/#website\"},\"primaryImageOfPage\":{\"@id\":\"https:\/\/vetpovoa.pt\/VP\/?page_id=243#primaryimage\"},\"image\":{\"@id\":\"https:\/\/vetpovoa.pt\/VP\/?page_id=243#primaryimage\"},\"thumbnailUrl\":\"http:\/\/vetpovoa.pt\/VP\/wp-content\/uploads\/images.jpeg\",\"datePublished\":\"2016-04-01T00:18:57+00:00\",\"dateModified\":\"2017-04-06T14:25:48+00:00\",\"breadcrumb\":{\"@id\":\"https:\/\/vetpovoa.pt\/VP\/?page_id=243#breadcrumb\"},\"inLanguage\":\"pt-PT\",\"potentialAction\":[{\"@type\":\"ReadAction\",\"target\":[\"https:\/\/vetpovoa.pt\/VP\/?page_id=243\"]}]},{\"@type\":\"ImageObject\",\"inLanguage\":\"pt-PT\",\"@id\":\"https:\/\/vetpovoa.pt\/VP\/?page_id=243#primaryimage\",\"url\":\"http:\/\/vetpovoa.pt\/VP\/wp-content\/uploads\/images.jpeg\",\"contentUrl\":\"http:\/\/vetpovoa.pt\/VP\/wp-content\/uploads\/images.jpeg\"},{\"@type\":\"BreadcrumbList\",\"@id\":\"https:\/\/vetpovoa.pt\/VP\/?page_id=243#breadcrumb\",\"itemListElement\":[{\"@type\":\"ListItem\",\"position\":1,\"name\":\"In\u00edcio\",\"item\":\"https:\/\/vetpovoa.pt\/VP\/\"},{\"@type\":\"ListItem\",\"position\":2,\"name\":\"Desparasita\u00e7\u00e3o Externa\"}]},{\"@type\":\"WebSite\",\"@id\":\"https:\/\/vetpovoa.pt\/VP\/#website\",\"url\":\"https:\/\/vetpovoa.pt\/VP\/\",\"name\":\"Vet P\u00f3voa - Cl\u00ednica Veterin\u00e1ria Coimbra\",\"description\":\"Cl\u00ednica Veterin\u00e1ria Coimbra\",\"potentialAction\":[{\"@type\":\"SearchAction\",\"target\":{\"@type\":\"EntryPoint\",\"urlTemplate\":\"https:\/\/vetpovoa.pt\/VP\/?s={search_term_string}\"},\"query-input\":{\"@type\":\"PropertyValueSpecification\",\"valueRequired\":true,\"valueName\":\"search_term_string\"}}],\"inLanguage\":\"pt-PT\"}]}<\/script>\n<!-- \/ Yoast SEO plugin. -->","yoast_head_json":{"title":"Desparasita\u00e7\u00e3o Externa - Vet P\u00f3voa - Cl\u00ednica Veterin\u00e1ria Coimbra","robots":{"index":"index","follow":"follow","max-snippet":"max-snippet:-1","max-image-preview":"max-image-preview:large","max-video-preview":"max-video-preview:-1"},"canonical":"https:\/\/vetpovoa.pt\/VP\/?page_id=243","og_locale":"pt_PT","og_type":"article","og_title":"Desparasita\u00e7\u00e3o Externa - Vet P\u00f3voa - Cl\u00ednica Veterin\u00e1ria Coimbra","og_description":"Com o in\u00edcio de mais uma Primavera, os parasitas &#8220;externos&#8221; aproveitam para tentar atacar os nossos companheiros e at\u00e9 mesmo a n\u00f3s pr\u00f3prios. Sendo os&hellip;","og_url":"https:\/\/vetpovoa.pt\/VP\/?page_id=243","og_site_name":"Vet P\u00f3voa - Cl\u00ednica Veterin\u00e1ria Coimbra","article_modified_time":"2017-04-06T14:25:48+00:00","og_image":[{"width":203,"height":248,"url":"https:\/\/vetpovoa.pt\/VP\/wp-content\/uploads\/images.jpeg","type":"image\/jpeg"}],"twitter_card":"summary_large_image","twitter_misc":{"Tempo estimado de leitura":"1 minuto"},"schema":{"@context":"https:\/\/schema.org","@graph":[{"@type":"WebPage","@id":"https:\/\/vetpovoa.pt\/VP\/?page_id=243","url":"https:\/\/vetpovoa.pt\/VP\/?page_id=243","name":"Desparasita\u00e7\u00e3o Externa - Vet P\u00f3voa - Cl\u00ednica Veterin\u00e1ria Coimbra","isPartOf":{"@id":"https:\/\/vetpovoa.pt\/VP\/#website"},"primaryImageOfPage":{"@id":"https:\/\/vetpovoa.pt\/VP\/?page_id=243#primaryimage"},"image":{"@id":"https:\/\/vetpovoa.pt\/VP\/?page_id=243#primaryimage"},"thumbnailUrl":"http:\/\/vetpovoa.pt\/VP\/wp-content\/uploads\/images.jpeg","datePublished":"2016-04-01T00:18:57+00:00","dateModified":"2017-04-06T14:25:48+00:00","breadcrumb":{"@id":"https:\/\/vetpovoa.pt\/VP\/?page_id=243#breadcrumb"},"inLanguage":"pt-PT","potentialAction":[{"@type":"ReadAction","target":["https:\/\/vetpovoa.pt\/VP\/?page_id=243"]}]},{"@type":"ImageObject","inLanguage":"pt-PT","@id":"https:\/\/vetpovoa.pt\/VP\/?page_id=243#primaryimage","url":"http:\/\/vetpovoa.pt\/VP\/wp-content\/uploads\/images.jpeg","contentUrl":"http:\/\/vetpovoa.pt\/VP\/wp-content\/uploads\/images.jpeg"},{"@type":"BreadcrumbList","@id":"https:\/\/vetpovoa.pt\/VP\/?page_id=243#breadcrumb","itemListElement":[{"@type":"ListItem","position":1,"name":"In\u00edcio","item":"https:\/\/vetpovoa.pt\/VP\/"},{"@type":"ListItem","position":2,"name":"Desparasita\u00e7\u00e3o Externa"}]},{"@type":"WebSite","@id":"https:\/\/vetpovoa.pt\/VP\/#website","url":"https:\/\/vetpovoa.pt\/VP\/","name":"Vet P\u00f3voa - Cl\u00ednica Veterin\u00e1ria Coimbra","description":"Cl\u00ednica Veterin\u00e1ria Coimbra","potentialAction":[{"@type":"SearchAction","target":{"@type":"EntryPoint","urlTemplate":"https:\/\/vetpovoa.pt\/VP\/?s={search_term_string}"},"query-input":{"@type":"PropertyValueSpecification","valueRequired":true,"valueName":"search_term_string"}}],"inLanguage":"pt-PT"}]}},"_links":{"self":[{"href":"https:\/\/vetpovoa.pt\/VP\/index.php?rest_route=\/wp\/v2\/pages\/243","targetHints":{"allow":["GET"]}}],"collection":[{"href":"https:\/\/vetpovoa.pt\/VP\/index.php?rest_route=\/wp\/v2\/pages"}],"about":[{"href":"https:\/\/vetpovoa.pt\/VP\/index.php?rest_route=\/wp\/v2\/types\/page"}],"author":[{"embeddable":true,"href":"https:\/\/vetpovoa.pt\/VP\/index.php?rest_route=\/wp\/v2\/users\/1"}],"replies":[{"embeddable":true,"href":"https:\/\/vetpovoa.pt\/VP\/index.php?rest_route=%2Fwp%2Fv2%2Fcomments&post=243"}],"version-history":[{"count":6,"href":"https:\/\/vetpovoa.pt\/VP\/index.php?rest_route=\/wp\/v2\/pages\/243\/revisions"}],"predecessor-version":[{"id":3643,"href":"https:\/\/vetpovoa.pt\/VP\/index.php?rest_route=\/wp\/v2\/pages\/243\/revisions\/3643"}],"wp:attachment":[{"href":"https:\/\/vetpovoa.pt\/VP\/index.php?rest_route=%2Fwp%2Fv2%2Fmedia&parent=243"}],"curies":[{"name":"wp","href":"https:\/\/api.w.org\/{rel}","templated":true}]}}