{"id":252,"date":"2016-05-04T21:49:13","date_gmt":"2016-05-04T21:49:13","guid":{"rendered":"http:\/\/vetpovoa.pt\/VP\/?page_id=252"},"modified":"2017-05-30T22:56:29","modified_gmt":"2017-05-30T22:56:29","slug":"leishmaniose","status":"publish","type":"page","link":"https:\/\/vetpovoa.pt\/VP\/?page_id=252","title":{"rendered":"Junho \u00e9 m\u00eas de preven\u00e7\u00e3o da Leishmaniose"},"content":{"rendered":"<p style=\"text-align: justify;\"><img loading=\"lazy\" decoding=\"async\" class=\"wp-image-258 alignright\" src=\"http:\/\/vetpovoa.pt\/VP\/wp-content\/uploads\/Phlebotomus_sp._20130706_2.jpg\" alt=\"Phlebotomus_sp._20130706_2\" width=\"386\" height=\"272\" srcset=\"https:\/\/vetpovoa.pt\/VP\/wp-content\/uploads\/Phlebotomus_sp._20130706_2.jpg 1056w, https:\/\/vetpovoa.pt\/VP\/wp-content\/uploads\/Phlebotomus_sp._20130706_2-300x211.jpg 300w, https:\/\/vetpovoa.pt\/VP\/wp-content\/uploads\/Phlebotomus_sp._20130706_2-768x541.jpg 768w, https:\/\/vetpovoa.pt\/VP\/wp-content\/uploads\/Phlebotomus_sp._20130706_2-1024x721.jpg 1024w\" sizes=\"auto, (max-width: 386px) 100vw, 386px\" \/>A Leishmaniose \u00e9 uma doen\u00e7a que afecta um n\u00famero consider\u00e1vel de c\u00e3es no nosso pa\u00eds. H\u00e1 10 anos atr\u00e1s era o principal motivo de consulta por patologia (consulta n\u00e3o preventiva), na nossa cl\u00ednica. Felizmente muito tem sido feito para combater e prevenir esta doen\u00e7a cr\u00f3nica e potencialmente mortal para os nossos companheiros caninos.<\/p>\n<p style=\"text-align: justify;\">Desde a preven\u00e7\u00e3o da picada dos mosquitos at\u00e9 \u00e0 administra\u00e7\u00e3o de um xarope preventivo ou \u00e0 vacina\u00e7\u00e3o h\u00e1 sempre uma solu\u00e7\u00e3o preventiva \u00e0 medida do melhor companheiro do mundo: O SEU.<\/p>\n<p>Saiba mais em:<\/p>\n<p><a href=\"http:\/\/vetpovoa.pt\/VP\/?page_id=42\" target=\"_blank\" rel=\"noopener noreferrer\">Leishmaniose Canina<\/a><\/p>\n<p>Veja o nosso Canal do You Tube<\/p>\n<p><a href=\"https:\/\/www.youtube.com\/c\/vetpovoaclinicaveterinariacoimbra\" target=\"_blank\" rel=\"noopener noreferrer\">https:\/\/www.youtube.com\/c\/vetpovoaclinicaveterinariacoimbra<\/a><\/p>\n<p>Ou consulte os links:<\/p>\n<p><a href=\"http:\/\/www.advantix.pt\/\" target=\"_blank\" rel=\"noopener noreferrer\">Advantix<\/a><\/p>\n<p><a href=\"http:\/\/vetpovoa.pt\/VP\/wp-content\/uploads\/Programa-Leishpro2016.pdf\" target=\"_blank\" rel=\"noopener noreferrer\">Programa Leishpro<\/a><\/p>\n<p><a href=\"https:\/\/www.virbac.pt\/home\/artigos-proprietario\/leishmaniose.html\" target=\"_blank\" rel=\"noopener noreferrer\">Vacina\u00e7\u00e3o<\/a><\/p>\n<p>Com a chegada do bom tempo aumenta tamb\u00e9m a probabilidade de cont\u00e1gio, pelo que dedicamos o m\u00eas de Junho \u00e0 Leishmaniose. Temos algumas surpresas e como sempre uma equipa de 6 m\u00e9dicos veterin\u00e1rios dedicados em exclusivo aos animais de companhia para o aconselhar o melhor poss\u00edvel.<\/p>\n<p>Nota: Apesar de estarem descritos casos raros da doen\u00e7a em gatos e de ser uma zoonose (poder contagiar tamb\u00e9m o Homem), a esp\u00e9cie de parasita presente no nosso pais \u00e9 t\u00edpica dos c\u00e3es (<em>Leishmania infantum<\/em>), al\u00e9m disso o mosquito vetor da doen\u00e7a que predomina no nosso pa\u00eds tamb\u00e9m tem maior apet\u00eancia por se alimentar do c\u00e3o (<em>Phlebotomus perniciosus)<\/em><\/p>\n","protected":false},"excerpt":{"rendered":"<p>A Leishmaniose \u00e9 uma doen\u00e7a que afecta um n\u00famero consider\u00e1vel de c\u00e3es no nosso pa\u00eds. H\u00e1 10 anos atr\u00e1s era o principal motivo de consulta&hellip; <a href=\"https:\/\/vetpovoa.pt\/VP\/?page_id=252\" class=\"post-excerpt-readmore\"><\/a><\/p>\n","protected":false},"author":1,"featured_media":0,"parent":0,"menu_order":0,"comment_status":"closed","ping_status":"closed","template":"","meta":{"footnotes":""},"class_list":["post-252","page","type-page","status-publish","hentry"],"yoast_head":"<!-- This site is optimized with the Yoast SEO plugin v24.5 - https:\/\/yoast.com\/wordpress\/plugins\/seo\/ -->\n<title>Junho \u00e9 m\u00eas de preven\u00e7\u00e3o da Leishmaniose - Vet P\u00f3voa - Cl\u00ednica Veterin\u00e1ria Coimbra<\/title>\n<meta name=\"robots\" content=\"index, follow, max-snippet:-1, max-image-preview:large, max-video-preview:-1\" \/>\n<link rel=\"canonical\" href=\"https:\/\/vetpovoa.pt\/VP\/?page_id=252\" \/>\n<meta property=\"og:locale\" content=\"pt_PT\" \/>\n<meta property=\"og:type\" content=\"article\" \/>\n<meta property=\"og:title\" content=\"Junho \u00e9 m\u00eas de preven\u00e7\u00e3o da Leishmaniose - Vet P\u00f3voa - Cl\u00ednica Veterin\u00e1ria Coimbra\" \/>\n<meta property=\"og:description\" content=\"A Leishmaniose \u00e9 uma doen\u00e7a que afecta um n\u00famero consider\u00e1vel de c\u00e3es no nosso pa\u00eds. H\u00e1 10 anos atr\u00e1s era o principal motivo de consulta&hellip;\" \/>\n<meta property=\"og:url\" content=\"https:\/\/vetpovoa.pt\/VP\/?page_id=252\" \/>\n<meta property=\"og:site_name\" content=\"Vet P\u00f3voa - Cl\u00ednica Veterin\u00e1ria Coimbra\" \/>\n<meta property=\"article:modified_time\" content=\"2017-05-30T22:56:29+00:00\" \/>\n<meta property=\"og:image\" content=\"https:\/\/vetpovoa.pt\/VP\/wp-content\/uploads\/Phlebotomus_sp._20130706_2.jpg\" \/>\n\t<meta property=\"og:image:width\" content=\"1056\" \/>\n\t<meta property=\"og:image:height\" content=\"744\" \/>\n\t<meta property=\"og:image:type\" content=\"image\/jpeg\" \/>\n<meta name=\"twitter:card\" content=\"summary_large_image\" \/>\n<meta name=\"twitter:label1\" content=\"Tempo estimado de leitura\" \/>\n\t<meta name=\"twitter:data1\" content=\"1 minuto\" \/>\n<script type=\"application\/ld+json\" class=\"yoast-schema-graph\">{\"@context\":\"https:\/\/schema.org\",\"@graph\":[{\"@type\":\"WebPage\",\"@id\":\"https:\/\/vetpovoa.pt\/VP\/?page_id=252\",\"url\":\"https:\/\/vetpovoa.pt\/VP\/?page_id=252\",\"name\":\"Junho \u00e9 m\u00eas de preven\u00e7\u00e3o da Leishmaniose - Vet P\u00f3voa - Cl\u00ednica Veterin\u00e1ria Coimbra\",\"isPartOf\":{\"@id\":\"https:\/\/vetpovoa.pt\/VP\/#website\"},\"primaryImageOfPage\":{\"@id\":\"https:\/\/vetpovoa.pt\/VP\/?page_id=252#primaryimage\"},\"image\":{\"@id\":\"https:\/\/vetpovoa.pt\/VP\/?page_id=252#primaryimage\"},\"thumbnailUrl\":\"http:\/\/vetpovoa.pt\/VP\/wp-content\/uploads\/Phlebotomus_sp._20130706_2.jpg\",\"datePublished\":\"2016-05-04T21:49:13+00:00\",\"dateModified\":\"2017-05-30T22:56:29+00:00\",\"breadcrumb\":{\"@id\":\"https:\/\/vetpovoa.pt\/VP\/?page_id=252#breadcrumb\"},\"inLanguage\":\"pt-PT\",\"potentialAction\":[{\"@type\":\"ReadAction\",\"target\":[\"https:\/\/vetpovoa.pt\/VP\/?page_id=252\"]}]},{\"@type\":\"ImageObject\",\"inLanguage\":\"pt-PT\",\"@id\":\"https:\/\/vetpovoa.pt\/VP\/?page_id=252#primaryimage\",\"url\":\"http:\/\/vetpovoa.pt\/VP\/wp-content\/uploads\/Phlebotomus_sp._20130706_2.jpg\",\"contentUrl\":\"http:\/\/vetpovoa.pt\/VP\/wp-content\/uploads\/Phlebotomus_sp._20130706_2.jpg\"},{\"@type\":\"BreadcrumbList\",\"@id\":\"https:\/\/vetpovoa.pt\/VP\/?page_id=252#breadcrumb\",\"itemListElement\":[{\"@type\":\"ListItem\",\"position\":1,\"name\":\"In\u00edcio\",\"item\":\"https:\/\/vetpovoa.pt\/VP\/\"},{\"@type\":\"ListItem\",\"position\":2,\"name\":\"Junho \u00e9 m\u00eas de preven\u00e7\u00e3o da Leishmaniose\"}]},{\"@type\":\"WebSite\",\"@id\":\"https:\/\/vetpovoa.pt\/VP\/#website\",\"url\":\"https:\/\/vetpovoa.pt\/VP\/\",\"name\":\"Vet P\u00f3voa - Cl\u00ednica Veterin\u00e1ria Coimbra\",\"description\":\"Cl\u00ednica Veterin\u00e1ria Coimbra\",\"potentialAction\":[{\"@type\":\"SearchAction\",\"target\":{\"@type\":\"EntryPoint\",\"urlTemplate\":\"https:\/\/vetpovoa.pt\/VP\/?s={search_term_string}\"},\"query-input\":{\"@type\":\"PropertyValueSpecification\",\"valueRequired\":true,\"valueName\":\"search_term_string\"}}],\"inLanguage\":\"pt-PT\"}]}<\/script>\n<!-- \/ Yoast SEO plugin. -->","yoast_head_json":{"title":"Junho \u00e9 m\u00eas de preven\u00e7\u00e3o da Leishmaniose - Vet P\u00f3voa - Cl\u00ednica Veterin\u00e1ria Coimbra","robots":{"index":"index","follow":"follow","max-snippet":"max-snippet:-1","max-image-preview":"max-image-preview:large","max-video-preview":"max-video-preview:-1"},"canonical":"https:\/\/vetpovoa.pt\/VP\/?page_id=252","og_locale":"pt_PT","og_type":"article","og_title":"Junho \u00e9 m\u00eas de preven\u00e7\u00e3o da Leishmaniose - Vet P\u00f3voa - Cl\u00ednica Veterin\u00e1ria Coimbra","og_description":"A Leishmaniose \u00e9 uma doen\u00e7a que afecta um n\u00famero consider\u00e1vel de c\u00e3es no nosso pa\u00eds. H\u00e1 10 anos atr\u00e1s era o principal motivo de consulta&hellip;","og_url":"https:\/\/vetpovoa.pt\/VP\/?page_id=252","og_site_name":"Vet P\u00f3voa - Cl\u00ednica Veterin\u00e1ria Coimbra","article_modified_time":"2017-05-30T22:56:29+00:00","og_image":[{"width":1056,"height":744,"url":"https:\/\/vetpovoa.pt\/VP\/wp-content\/uploads\/Phlebotomus_sp._20130706_2.jpg","type":"image\/jpeg"}],"twitter_card":"summary_large_image","twitter_misc":{"Tempo estimado de leitura":"1 minuto"},"schema":{"@context":"https:\/\/schema.org","@graph":[{"@type":"WebPage","@id":"https:\/\/vetpovoa.pt\/VP\/?page_id=252","url":"https:\/\/vetpovoa.pt\/VP\/?page_id=252","name":"Junho \u00e9 m\u00eas de preven\u00e7\u00e3o da Leishmaniose - Vet P\u00f3voa - Cl\u00ednica Veterin\u00e1ria Coimbra","isPartOf":{"@id":"https:\/\/vetpovoa.pt\/VP\/#website"},"primaryImageOfPage":{"@id":"https:\/\/vetpovoa.pt\/VP\/?page_id=252#primaryimage"},"image":{"@id":"https:\/\/vetpovoa.pt\/VP\/?page_id=252#primaryimage"},"thumbnailUrl":"http:\/\/vetpovoa.pt\/VP\/wp-content\/uploads\/Phlebotomus_sp._20130706_2.jpg","datePublished":"2016-05-04T21:49:13+00:00","dateModified":"2017-05-30T22:56:29+00:00","breadcrumb":{"@id":"https:\/\/vetpovoa.pt\/VP\/?page_id=252#breadcrumb"},"inLanguage":"pt-PT","potentialAction":[{"@type":"ReadAction","target":["https:\/\/vetpovoa.pt\/VP\/?page_id=252"]}]},{"@type":"ImageObject","inLanguage":"pt-PT","@id":"https:\/\/vetpovoa.pt\/VP\/?page_id=252#primaryimage","url":"http:\/\/vetpovoa.pt\/VP\/wp-content\/uploads\/Phlebotomus_sp._20130706_2.jpg","contentUrl":"http:\/\/vetpovoa.pt\/VP\/wp-content\/uploads\/Phlebotomus_sp._20130706_2.jpg"},{"@type":"BreadcrumbList","@id":"https:\/\/vetpovoa.pt\/VP\/?page_id=252#breadcrumb","itemListElement":[{"@type":"ListItem","position":1,"name":"In\u00edcio","item":"https:\/\/vetpovoa.pt\/VP\/"},{"@type":"ListItem","position":2,"name":"Junho \u00e9 m\u00eas de preven\u00e7\u00e3o da Leishmaniose"}]},{"@type":"WebSite","@id":"https:\/\/vetpovoa.pt\/VP\/#website","url":"https:\/\/vetpovoa.pt\/VP\/","name":"Vet P\u00f3voa - Cl\u00ednica Veterin\u00e1ria Coimbra","description":"Cl\u00ednica Veterin\u00e1ria Coimbra","potentialAction":[{"@type":"SearchAction","target":{"@type":"EntryPoint","urlTemplate":"https:\/\/vetpovoa.pt\/VP\/?s={search_term_string}"},"query-input":{"@type":"PropertyValueSpecification","valueRequired":true,"valueName":"search_term_string"}}],"inLanguage":"pt-PT"}]}},"_links":{"self":[{"href":"https:\/\/vetpovoa.pt\/VP\/index.php?rest_route=\/wp\/v2\/pages\/252","targetHints":{"allow":["GET"]}}],"collection":[{"href":"https:\/\/vetpovoa.pt\/VP\/index.php?rest_route=\/wp\/v2\/pages"}],"about":[{"href":"https:\/\/vetpovoa.pt\/VP\/index.php?rest_route=\/wp\/v2\/types\/page"}],"author":[{"embeddable":true,"href":"https:\/\/vetpovoa.pt\/VP\/index.php?rest_route=\/wp\/v2\/users\/1"}],"replies":[{"embeddable":true,"href":"https:\/\/vetpovoa.pt\/VP\/index.php?rest_route=%2Fwp%2Fv2%2Fcomments&post=252"}],"version-history":[{"count":8,"href":"https:\/\/vetpovoa.pt\/VP\/index.php?rest_route=\/wp\/v2\/pages\/252\/revisions"}],"predecessor-version":[{"id":3667,"href":"https:\/\/vetpovoa.pt\/VP\/index.php?rest_route=\/wp\/v2\/pages\/252\/revisions\/3667"}],"wp:attachment":[{"href":"https:\/\/vetpovoa.pt\/VP\/index.php?rest_route=%2Fwp%2Fv2%2Fmedia&parent=252"}],"curies":[{"name":"wp","href":"https:\/\/api.w.org\/{rel}","templated":true}]}}