{"id":264,"date":"2016-06-14T23:48:22","date_gmt":"2016-06-14T23:48:22","guid":{"rendered":"http:\/\/vetpovoa.pt\/VP\/?page_id=264"},"modified":"2017-05-30T22:55:16","modified_gmt":"2017-05-30T22:55:16","slug":"junho-e-o-mes-da-dirofilariose","status":"publish","type":"page","link":"https:\/\/vetpovoa.pt\/VP\/?page_id=264","title":{"rendered":"Maio \u00e9 o m\u00eas da Dirofilariose"},"content":{"rendered":"<p>Muito timidamente o Ver\u00e3o come\u00e7a a aparecer, e com ele chega tamb\u00e9m o tempo de passeios e de praia com os nossos melhores amigos.<\/p>\n<p>Mas com o aumento da temperatura, aumenta tamb\u00e9m a probabilidade de haver picadas de mosquitos e com elas o aparecimento de doen\u00e7as como a Dirofilariose, que infelizmente \u00e9 end\u00e9mica n\u00e3o s\u00f3 em Coimbra, mas tamb\u00e9m em muitos dos destinos de f\u00e9rias dos portugueses.<\/p>\n<p>Esta doen\u00e7a n\u00e3o deve ser confundida com a Leishmaniose (embora os meios de transmiss\u00e3o sejam semelhantes).<\/p>\n<p>Como cada vez mais pretendemos praticar uma medicina preventiva, toda a equipa da Vet P\u00f3voa estar\u00e1 \u00e0 vossa disposi\u00e7\u00e3o para alertar sobre esta terr\u00edvel doen\u00e7a que afeta essencialmente os c\u00e3es.<img loading=\"lazy\" decoding=\"async\" class=\" wp-image-265 alignright\" src=\"http:\/\/vetpovoa.pt\/VP\/wp-content\/uploads\/imgres.jpg\" alt=\"imgres\" width=\"340\" height=\"229\" \/><\/p>\n<p>As boas noticias \u00e9 que existem preven\u00e7\u00f5es simples e muit\u00edssimo eficazes, que impedem o seu aparecimento.<\/p>\n<p>Saiba mais em:\u00a0<a href=\"http:\/\/vetpovoa.pt\/VP\/?page_id=47\" target=\"_blank\" rel=\"noopener noreferrer\">Dirofilariose Canina<\/a><\/p>\n<p>e em:\u00a0<a href=\"http:\/\/elanco.pt\/pdfs\/dirofilariose_folheto1.pdf\" target=\"_blank\" rel=\"noopener noreferrer\">Folheto Dirofilariose<\/a><\/p>\n<p>Boas f\u00e9rias para todos&#8230;<\/p>\n","protected":false},"excerpt":{"rendered":"<p>Muito timidamente o Ver\u00e3o come\u00e7a a aparecer, e com ele chega tamb\u00e9m o tempo de passeios e de praia com os nossos melhores amigos. Mas&hellip; <a href=\"https:\/\/vetpovoa.pt\/VP\/?page_id=264\" class=\"post-excerpt-readmore\"><\/a><\/p>\n","protected":false},"author":1,"featured_media":0,"parent":173,"menu_order":0,"comment_status":"closed","ping_status":"closed","template":"","meta":{"footnotes":""},"class_list":["post-264","page","type-page","status-publish","hentry"],"yoast_head":"<!-- This site is optimized with the Yoast SEO plugin v24.5 - https:\/\/yoast.com\/wordpress\/plugins\/seo\/ -->\n<title>Maio \u00e9 o m\u00eas da Dirofilariose - Vet P\u00f3voa - Cl\u00ednica Veterin\u00e1ria Coimbra<\/title>\n<meta name=\"robots\" content=\"index, follow, max-snippet:-1, max-image-preview:large, max-video-preview:-1\" \/>\n<link rel=\"canonical\" href=\"https:\/\/vetpovoa.pt\/VP\/?page_id=264\" \/>\n<meta property=\"og:locale\" content=\"pt_PT\" \/>\n<meta property=\"og:type\" content=\"article\" \/>\n<meta property=\"og:title\" content=\"Maio \u00e9 o m\u00eas da Dirofilariose - Vet P\u00f3voa - Cl\u00ednica Veterin\u00e1ria Coimbra\" \/>\n<meta property=\"og:description\" content=\"Muito timidamente o Ver\u00e3o come\u00e7a a aparecer, e com ele chega tamb\u00e9m o tempo de passeios e de praia com os nossos melhores amigos. Mas&hellip;\" \/>\n<meta property=\"og:url\" content=\"https:\/\/vetpovoa.pt\/VP\/?page_id=264\" \/>\n<meta property=\"og:site_name\" content=\"Vet P\u00f3voa - Cl\u00ednica Veterin\u00e1ria Coimbra\" \/>\n<meta property=\"article:modified_time\" content=\"2017-05-30T22:55:16+00:00\" \/>\n<meta name=\"twitter:card\" content=\"summary_large_image\" \/>\n<meta name=\"twitter:label1\" content=\"Tempo estimado de leitura\" \/>\n\t<meta name=\"twitter:data1\" content=\"1 minuto\" \/>\n<script type=\"application\/ld+json\" class=\"yoast-schema-graph\">{\"@context\":\"https:\/\/schema.org\",\"@graph\":[{\"@type\":\"WebPage\",\"@id\":\"https:\/\/vetpovoa.pt\/VP\/?page_id=264\",\"url\":\"https:\/\/vetpovoa.pt\/VP\/?page_id=264\",\"name\":\"Maio \u00e9 o m\u00eas da Dirofilariose - Vet P\u00f3voa - Cl\u00ednica Veterin\u00e1ria Coimbra\",\"isPartOf\":{\"@id\":\"https:\/\/vetpovoa.pt\/VP\/#website\"},\"primaryImageOfPage\":{\"@id\":\"https:\/\/vetpovoa.pt\/VP\/?page_id=264#primaryimage\"},\"image\":{\"@id\":\"https:\/\/vetpovoa.pt\/VP\/?page_id=264#primaryimage\"},\"thumbnailUrl\":\"http:\/\/vetpovoa.pt\/VP\/wp-content\/uploads\/imgres.jpg\",\"datePublished\":\"2016-06-14T23:48:22+00:00\",\"dateModified\":\"2017-05-30T22:55:16+00:00\",\"breadcrumb\":{\"@id\":\"https:\/\/vetpovoa.pt\/VP\/?page_id=264#breadcrumb\"},\"inLanguage\":\"pt-PT\",\"potentialAction\":[{\"@type\":\"ReadAction\",\"target\":[\"https:\/\/vetpovoa.pt\/VP\/?page_id=264\"]}]},{\"@type\":\"ImageObject\",\"inLanguage\":\"pt-PT\",\"@id\":\"https:\/\/vetpovoa.pt\/VP\/?page_id=264#primaryimage\",\"url\":\"http:\/\/vetpovoa.pt\/VP\/wp-content\/uploads\/imgres.jpg\",\"contentUrl\":\"http:\/\/vetpovoa.pt\/VP\/wp-content\/uploads\/imgres.jpg\"},{\"@type\":\"BreadcrumbList\",\"@id\":\"https:\/\/vetpovoa.pt\/VP\/?page_id=264#breadcrumb\",\"itemListElement\":[{\"@type\":\"ListItem\",\"position\":1,\"name\":\"In\u00edcio\",\"item\":\"https:\/\/vetpovoa.pt\/VP\/\"},{\"@type\":\"ListItem\",\"position\":2,\"name\":\"Campanhas Preventivas\",\"item\":\"https:\/\/vetpovoa.pt\/VP\/?page_id=173\"},{\"@type\":\"ListItem\",\"position\":3,\"name\":\"Maio \u00e9 o m\u00eas da Dirofilariose\"}]},{\"@type\":\"WebSite\",\"@id\":\"https:\/\/vetpovoa.pt\/VP\/#website\",\"url\":\"https:\/\/vetpovoa.pt\/VP\/\",\"name\":\"Vet P\u00f3voa - Cl\u00ednica Veterin\u00e1ria Coimbra\",\"description\":\"Cl\u00ednica Veterin\u00e1ria Coimbra\",\"potentialAction\":[{\"@type\":\"SearchAction\",\"target\":{\"@type\":\"EntryPoint\",\"urlTemplate\":\"https:\/\/vetpovoa.pt\/VP\/?s={search_term_string}\"},\"query-input\":{\"@type\":\"PropertyValueSpecification\",\"valueRequired\":true,\"valueName\":\"search_term_string\"}}],\"inLanguage\":\"pt-PT\"}]}<\/script>\n<!-- \/ Yoast SEO plugin. -->","yoast_head_json":{"title":"Maio \u00e9 o m\u00eas da Dirofilariose - Vet P\u00f3voa - Cl\u00ednica Veterin\u00e1ria Coimbra","robots":{"index":"index","follow":"follow","max-snippet":"max-snippet:-1","max-image-preview":"max-image-preview:large","max-video-preview":"max-video-preview:-1"},"canonical":"https:\/\/vetpovoa.pt\/VP\/?page_id=264","og_locale":"pt_PT","og_type":"article","og_title":"Maio \u00e9 o m\u00eas da Dirofilariose - Vet P\u00f3voa - Cl\u00ednica Veterin\u00e1ria Coimbra","og_description":"Muito timidamente o Ver\u00e3o come\u00e7a a aparecer, e com ele chega tamb\u00e9m o tempo de passeios e de praia com os nossos melhores amigos. Mas&hellip;","og_url":"https:\/\/vetpovoa.pt\/VP\/?page_id=264","og_site_name":"Vet P\u00f3voa - Cl\u00ednica Veterin\u00e1ria Coimbra","article_modified_time":"2017-05-30T22:55:16+00:00","twitter_card":"summary_large_image","twitter_misc":{"Tempo estimado de leitura":"1 minuto"},"schema":{"@context":"https:\/\/schema.org","@graph":[{"@type":"WebPage","@id":"https:\/\/vetpovoa.pt\/VP\/?page_id=264","url":"https:\/\/vetpovoa.pt\/VP\/?page_id=264","name":"Maio \u00e9 o m\u00eas da Dirofilariose - Vet P\u00f3voa - Cl\u00ednica Veterin\u00e1ria Coimbra","isPartOf":{"@id":"https:\/\/vetpovoa.pt\/VP\/#website"},"primaryImageOfPage":{"@id":"https:\/\/vetpovoa.pt\/VP\/?page_id=264#primaryimage"},"image":{"@id":"https:\/\/vetpovoa.pt\/VP\/?page_id=264#primaryimage"},"thumbnailUrl":"http:\/\/vetpovoa.pt\/VP\/wp-content\/uploads\/imgres.jpg","datePublished":"2016-06-14T23:48:22+00:00","dateModified":"2017-05-30T22:55:16+00:00","breadcrumb":{"@id":"https:\/\/vetpovoa.pt\/VP\/?page_id=264#breadcrumb"},"inLanguage":"pt-PT","potentialAction":[{"@type":"ReadAction","target":["https:\/\/vetpovoa.pt\/VP\/?page_id=264"]}]},{"@type":"ImageObject","inLanguage":"pt-PT","@id":"https:\/\/vetpovoa.pt\/VP\/?page_id=264#primaryimage","url":"http:\/\/vetpovoa.pt\/VP\/wp-content\/uploads\/imgres.jpg","contentUrl":"http:\/\/vetpovoa.pt\/VP\/wp-content\/uploads\/imgres.jpg"},{"@type":"BreadcrumbList","@id":"https:\/\/vetpovoa.pt\/VP\/?page_id=264#breadcrumb","itemListElement":[{"@type":"ListItem","position":1,"name":"In\u00edcio","item":"https:\/\/vetpovoa.pt\/VP\/"},{"@type":"ListItem","position":2,"name":"Campanhas Preventivas","item":"https:\/\/vetpovoa.pt\/VP\/?page_id=173"},{"@type":"ListItem","position":3,"name":"Maio \u00e9 o m\u00eas da Dirofilariose"}]},{"@type":"WebSite","@id":"https:\/\/vetpovoa.pt\/VP\/#website","url":"https:\/\/vetpovoa.pt\/VP\/","name":"Vet P\u00f3voa - Cl\u00ednica Veterin\u00e1ria Coimbra","description":"Cl\u00ednica Veterin\u00e1ria Coimbra","potentialAction":[{"@type":"SearchAction","target":{"@type":"EntryPoint","urlTemplate":"https:\/\/vetpovoa.pt\/VP\/?s={search_term_string}"},"query-input":{"@type":"PropertyValueSpecification","valueRequired":true,"valueName":"search_term_string"}}],"inLanguage":"pt-PT"}]}},"_links":{"self":[{"href":"https:\/\/vetpovoa.pt\/VP\/index.php?rest_route=\/wp\/v2\/pages\/264","targetHints":{"allow":["GET"]}}],"collection":[{"href":"https:\/\/vetpovoa.pt\/VP\/index.php?rest_route=\/wp\/v2\/pages"}],"about":[{"href":"https:\/\/vetpovoa.pt\/VP\/index.php?rest_route=\/wp\/v2\/types\/page"}],"author":[{"embeddable":true,"href":"https:\/\/vetpovoa.pt\/VP\/index.php?rest_route=\/wp\/v2\/users\/1"}],"replies":[{"embeddable":true,"href":"https:\/\/vetpovoa.pt\/VP\/index.php?rest_route=%2Fwp%2Fv2%2Fcomments&post=264"}],"version-history":[{"count":3,"href":"https:\/\/vetpovoa.pt\/VP\/index.php?rest_route=\/wp\/v2\/pages\/264\/revisions"}],"predecessor-version":[{"id":3666,"href":"https:\/\/vetpovoa.pt\/VP\/index.php?rest_route=\/wp\/v2\/pages\/264\/revisions\/3666"}],"up":[{"embeddable":true,"href":"https:\/\/vetpovoa.pt\/VP\/index.php?rest_route=\/wp\/v2\/pages\/173"}],"wp:attachment":[{"href":"https:\/\/vetpovoa.pt\/VP\/index.php?rest_route=%2Fwp%2Fv2%2Fmedia&parent=264"}],"curies":[{"name":"wp","href":"https:\/\/api.w.org\/{rel}","templated":true}]}}