{"id":3624,"date":"2017-02-03T15:13:11","date_gmt":"2017-02-03T15:13:11","guid":{"rendered":"http:\/\/vetpovoa.pt\/VP\/?page_id=3624"},"modified":"2017-02-03T15:13:11","modified_gmt":"2017-02-03T15:13:11","slug":"informacoes-clinicas","status":"publish","type":"page","link":"https:\/\/vetpovoa.pt\/VP\/?page_id=3624","title":{"rendered":"Informa\u00e7\u00f5es Cl\u00ednicas"},"content":{"rendered":"<p>Na Vet P\u00f3voa, pretendemos ser o seu consultor em tudo o que esteja relacionado com a vida do melhor animal de companhia do mundo: O SEU.<\/p>\n<p>Nesse sentido, neste menu poder\u00e1 consultar regras de maneio e conhecer melhor alguns dos problemas mais frequentes que podem acometer os nossos meninos de 4 patas.<\/p>\n<p><img loading=\"lazy\" decoding=\"async\" class=\"aligncenter size-full wp-image-3625\" src=\"http:\/\/vetpovoa.pt\/VP\/wp-content\/uploads\/Camila1.jpg\" alt=\"\" width=\"4000\" height=\"2672\" srcset=\"https:\/\/vetpovoa.pt\/VP\/wp-content\/uploads\/Camila1.jpg 4000w, https:\/\/vetpovoa.pt\/VP\/wp-content\/uploads\/Camila1-300x200.jpg 300w, https:\/\/vetpovoa.pt\/VP\/wp-content\/uploads\/Camila1-768x513.jpg 768w, https:\/\/vetpovoa.pt\/VP\/wp-content\/uploads\/Camila1-1024x684.jpg 1024w\" sizes=\"auto, (max-width: 4000px) 100vw, 4000px\" \/><\/p>\n","protected":false},"excerpt":{"rendered":"<p>Na Vet P\u00f3voa, pretendemos ser o seu consultor em tudo o que esteja relacionado com a vida do melhor animal de companhia do mundo: O&hellip; <a href=\"https:\/\/vetpovoa.pt\/VP\/?page_id=3624\" class=\"post-excerpt-readmore\"><\/a><\/p>\n","protected":false},"author":1,"featured_media":0,"parent":0,"menu_order":0,"comment_status":"closed","ping_status":"closed","template":"","meta":{"footnotes":""},"class_list":["post-3624","page","type-page","status-publish","hentry"],"yoast_head":"<!-- This site is optimized with the Yoast SEO plugin v24.5 - https:\/\/yoast.com\/wordpress\/plugins\/seo\/ -->\n<title>Informa\u00e7\u00f5es Cl\u00ednicas - Vet P\u00f3voa - Cl\u00ednica Veterin\u00e1ria Coimbra<\/title>\n<meta name=\"robots\" content=\"index, follow, max-snippet:-1, max-image-preview:large, max-video-preview:-1\" \/>\n<link rel=\"canonical\" href=\"https:\/\/vetpovoa.pt\/VP\/?page_id=3624\" \/>\n<meta property=\"og:locale\" content=\"pt_PT\" \/>\n<meta property=\"og:type\" content=\"article\" \/>\n<meta property=\"og:title\" content=\"Informa\u00e7\u00f5es Cl\u00ednicas - Vet P\u00f3voa - Cl\u00ednica Veterin\u00e1ria Coimbra\" \/>\n<meta property=\"og:description\" content=\"Na Vet P\u00f3voa, pretendemos ser o seu consultor em tudo o que esteja relacionado com a vida do melhor animal de companhia do mundo: O&hellip;\" \/>\n<meta property=\"og:url\" content=\"https:\/\/vetpovoa.pt\/VP\/?page_id=3624\" \/>\n<meta property=\"og:site_name\" content=\"Vet P\u00f3voa - Cl\u00ednica Veterin\u00e1ria Coimbra\" \/>\n<meta property=\"og:image\" content=\"https:\/\/vetpovoa.pt\/VP\/wp-content\/uploads\/Camila1-1024x684.jpg\" \/>\n\t<meta property=\"og:image:width\" content=\"1024\" \/>\n\t<meta property=\"og:image:height\" content=\"684\" \/>\n\t<meta property=\"og:image:type\" content=\"image\/jpeg\" \/>\n<meta name=\"twitter:card\" content=\"summary_large_image\" \/>\n<script type=\"application\/ld+json\" class=\"yoast-schema-graph\">{\"@context\":\"https:\/\/schema.org\",\"@graph\":[{\"@type\":\"WebPage\",\"@id\":\"https:\/\/vetpovoa.pt\/VP\/?page_id=3624\",\"url\":\"https:\/\/vetpovoa.pt\/VP\/?page_id=3624\",\"name\":\"Informa\u00e7\u00f5es Cl\u00ednicas - Vet P\u00f3voa - Cl\u00ednica Veterin\u00e1ria Coimbra\",\"isPartOf\":{\"@id\":\"https:\/\/vetpovoa.pt\/VP\/#website\"},\"primaryImageOfPage\":{\"@id\":\"https:\/\/vetpovoa.pt\/VP\/?page_id=3624#primaryimage\"},\"image\":{\"@id\":\"https:\/\/vetpovoa.pt\/VP\/?page_id=3624#primaryimage\"},\"thumbnailUrl\":\"http:\/\/vetpovoa.pt\/VP\/wp-content\/uploads\/Camila1.jpg\",\"datePublished\":\"2017-02-03T15:13:11+00:00\",\"breadcrumb\":{\"@id\":\"https:\/\/vetpovoa.pt\/VP\/?page_id=3624#breadcrumb\"},\"inLanguage\":\"pt-PT\",\"potentialAction\":[{\"@type\":\"ReadAction\",\"target\":[\"https:\/\/vetpovoa.pt\/VP\/?page_id=3624\"]}]},{\"@type\":\"ImageObject\",\"inLanguage\":\"pt-PT\",\"@id\":\"https:\/\/vetpovoa.pt\/VP\/?page_id=3624#primaryimage\",\"url\":\"http:\/\/vetpovoa.pt\/VP\/wp-content\/uploads\/Camila1.jpg\",\"contentUrl\":\"http:\/\/vetpovoa.pt\/VP\/wp-content\/uploads\/Camila1.jpg\"},{\"@type\":\"BreadcrumbList\",\"@id\":\"https:\/\/vetpovoa.pt\/VP\/?page_id=3624#breadcrumb\",\"itemListElement\":[{\"@type\":\"ListItem\",\"position\":1,\"name\":\"In\u00edcio\",\"item\":\"https:\/\/vetpovoa.pt\/VP\/\"},{\"@type\":\"ListItem\",\"position\":2,\"name\":\"Informa\u00e7\u00f5es Cl\u00ednicas\"}]},{\"@type\":\"WebSite\",\"@id\":\"https:\/\/vetpovoa.pt\/VP\/#website\",\"url\":\"https:\/\/vetpovoa.pt\/VP\/\",\"name\":\"Vet P\u00f3voa - Cl\u00ednica Veterin\u00e1ria Coimbra\",\"description\":\"Cl\u00ednica Veterin\u00e1ria Coimbra\",\"potentialAction\":[{\"@type\":\"SearchAction\",\"target\":{\"@type\":\"EntryPoint\",\"urlTemplate\":\"https:\/\/vetpovoa.pt\/VP\/?s={search_term_string}\"},\"query-input\":{\"@type\":\"PropertyValueSpecification\",\"valueRequired\":true,\"valueName\":\"search_term_string\"}}],\"inLanguage\":\"pt-PT\"}]}<\/script>\n<!-- \/ Yoast SEO plugin. -->","yoast_head_json":{"title":"Informa\u00e7\u00f5es Cl\u00ednicas - Vet P\u00f3voa - Cl\u00ednica Veterin\u00e1ria Coimbra","robots":{"index":"index","follow":"follow","max-snippet":"max-snippet:-1","max-image-preview":"max-image-preview:large","max-video-preview":"max-video-preview:-1"},"canonical":"https:\/\/vetpovoa.pt\/VP\/?page_id=3624","og_locale":"pt_PT","og_type":"article","og_title":"Informa\u00e7\u00f5es Cl\u00ednicas - Vet P\u00f3voa - Cl\u00ednica Veterin\u00e1ria Coimbra","og_description":"Na Vet P\u00f3voa, pretendemos ser o seu consultor em tudo o que esteja relacionado com a vida do melhor animal de companhia do mundo: O&hellip;","og_url":"https:\/\/vetpovoa.pt\/VP\/?page_id=3624","og_site_name":"Vet P\u00f3voa - Cl\u00ednica Veterin\u00e1ria Coimbra","og_image":[{"width":1024,"height":684,"url":"https:\/\/vetpovoa.pt\/VP\/wp-content\/uploads\/Camila1-1024x684.jpg","type":"image\/jpeg"}],"twitter_card":"summary_large_image","schema":{"@context":"https:\/\/schema.org","@graph":[{"@type":"WebPage","@id":"https:\/\/vetpovoa.pt\/VP\/?page_id=3624","url":"https:\/\/vetpovoa.pt\/VP\/?page_id=3624","name":"Informa\u00e7\u00f5es Cl\u00ednicas - Vet P\u00f3voa - Cl\u00ednica Veterin\u00e1ria Coimbra","isPartOf":{"@id":"https:\/\/vetpovoa.pt\/VP\/#website"},"primaryImageOfPage":{"@id":"https:\/\/vetpovoa.pt\/VP\/?page_id=3624#primaryimage"},"image":{"@id":"https:\/\/vetpovoa.pt\/VP\/?page_id=3624#primaryimage"},"thumbnailUrl":"http:\/\/vetpovoa.pt\/VP\/wp-content\/uploads\/Camila1.jpg","datePublished":"2017-02-03T15:13:11+00:00","breadcrumb":{"@id":"https:\/\/vetpovoa.pt\/VP\/?page_id=3624#breadcrumb"},"inLanguage":"pt-PT","potentialAction":[{"@type":"ReadAction","target":["https:\/\/vetpovoa.pt\/VP\/?page_id=3624"]}]},{"@type":"ImageObject","inLanguage":"pt-PT","@id":"https:\/\/vetpovoa.pt\/VP\/?page_id=3624#primaryimage","url":"http:\/\/vetpovoa.pt\/VP\/wp-content\/uploads\/Camila1.jpg","contentUrl":"http:\/\/vetpovoa.pt\/VP\/wp-content\/uploads\/Camila1.jpg"},{"@type":"BreadcrumbList","@id":"https:\/\/vetpovoa.pt\/VP\/?page_id=3624#breadcrumb","itemListElement":[{"@type":"ListItem","position":1,"name":"In\u00edcio","item":"https:\/\/vetpovoa.pt\/VP\/"},{"@type":"ListItem","position":2,"name":"Informa\u00e7\u00f5es Cl\u00ednicas"}]},{"@type":"WebSite","@id":"https:\/\/vetpovoa.pt\/VP\/#website","url":"https:\/\/vetpovoa.pt\/VP\/","name":"Vet P\u00f3voa - Cl\u00ednica Veterin\u00e1ria Coimbra","description":"Cl\u00ednica Veterin\u00e1ria Coimbra","potentialAction":[{"@type":"SearchAction","target":{"@type":"EntryPoint","urlTemplate":"https:\/\/vetpovoa.pt\/VP\/?s={search_term_string}"},"query-input":{"@type":"PropertyValueSpecification","valueRequired":true,"valueName":"search_term_string"}}],"inLanguage":"pt-PT"}]}},"_links":{"self":[{"href":"https:\/\/vetpovoa.pt\/VP\/index.php?rest_route=\/wp\/v2\/pages\/3624","targetHints":{"allow":["GET"]}}],"collection":[{"href":"https:\/\/vetpovoa.pt\/VP\/index.php?rest_route=\/wp\/v2\/pages"}],"about":[{"href":"https:\/\/vetpovoa.pt\/VP\/index.php?rest_route=\/wp\/v2\/types\/page"}],"author":[{"embeddable":true,"href":"https:\/\/vetpovoa.pt\/VP\/index.php?rest_route=\/wp\/v2\/users\/1"}],"replies":[{"embeddable":true,"href":"https:\/\/vetpovoa.pt\/VP\/index.php?rest_route=%2Fwp%2Fv2%2Fcomments&post=3624"}],"version-history":[{"count":1,"href":"https:\/\/vetpovoa.pt\/VP\/index.php?rest_route=\/wp\/v2\/pages\/3624\/revisions"}],"predecessor-version":[{"id":3627,"href":"https:\/\/vetpovoa.pt\/VP\/index.php?rest_route=\/wp\/v2\/pages\/3624\/revisions\/3627"}],"wp:attachment":[{"href":"https:\/\/vetpovoa.pt\/VP\/index.php?rest_route=%2Fwp%2Fv2%2Fmedia&parent=3624"}],"curies":[{"name":"wp","href":"https:\/\/api.w.org\/{rel}","templated":true}]}}