{"id":3650,"date":"2017-04-22T18:12:39","date_gmt":"2017-04-22T18:12:39","guid":{"rendered":"http:\/\/vetpovoa.pt\/VP\/?page_id=3650"},"modified":"2017-04-22T18:14:54","modified_gmt":"2017-04-22T18:14:54","slug":"tomografia-axial-computadorizada-tac","status":"publish","type":"page","link":"https:\/\/vetpovoa.pt\/VP\/?page_id=3650","title":{"rendered":"Tomografia Axial Computadorizada &#8211; TAC"},"content":{"rendered":"<p>Na Vet P\u00f3voa, pretendemos personalizar cada tratamento quer \u00e0 patologia do paciente, quer \u00e0s expetativas do dono, assim, cada vez temos mais vincada a nossa parceria com o Centro de Imagiologia Veterin\u00e1ria Montenegro quer para a realiza\u00e7\u00e3o de Tomografias Axiais Computadorizadas &#8211; TAC como de Resson\u00e2ncias Magn\u00e9ticas &#8211; RM.<\/p>\n<p>Atualmente, \u00e9-nos poss\u00edvel, de forma extraordinariamente r\u00e1pida, ter acesso \u00e0s mais modernas t\u00e9cnicas de imagiologia avan\u00e7ada de modo a realizar os diagn\u00f3sticos mais precisos, e consequentemente propor as terap\u00eauticas mais adequadas.<\/p>\n<p>O nosso servi\u00e7o de TAC pode incluir transporte e acompanhamento permanente por um m\u00e9dico ou enfermeiro veterin\u00e1rio, quando solicitado pelo dono.<\/p>\n<p>Massas Intracranianas:<\/p>\n<p><img loading=\"lazy\" decoding=\"async\" class=\"size-full wp-image-3655 alignleft\" src=\"http:\/\/vetpovoa.pt\/VP\/wp-content\/uploads\/Tac-creneo-4.jpg\" alt=\"\" width=\"391\" height=\"274\" srcset=\"https:\/\/vetpovoa.pt\/VP\/wp-content\/uploads\/Tac-creneo-4.jpg 391w, https:\/\/vetpovoa.pt\/VP\/wp-content\/uploads\/Tac-creneo-4-300x210.jpg 300w\" sizes=\"auto, (max-width: 391px) 100vw, 391px\" \/><img loading=\"lazy\" decoding=\"async\" class=\"aligncenter size-full wp-image-3653\" src=\"http:\/\/vetpovoa.pt\/VP\/wp-content\/uploads\/Tac-craneo-3.jpg\" alt=\"\" width=\"387\" height=\"292\" srcset=\"https:\/\/vetpovoa.pt\/VP\/wp-content\/uploads\/Tac-craneo-3.jpg 387w, https:\/\/vetpovoa.pt\/VP\/wp-content\/uploads\/Tac-craneo-3-300x226.jpg 300w\" sizes=\"auto, (max-width: 387px) 100vw, 387px\" \/><\/p>\n<p><img loading=\"lazy\" decoding=\"async\" class=\"size-full wp-image-3652 alignleft\" src=\"http:\/\/vetpovoa.pt\/VP\/wp-content\/uploads\/TAC-Craneo-T.jpg\" alt=\"\" width=\"361\" height=\"283\" srcset=\"https:\/\/vetpovoa.pt\/VP\/wp-content\/uploads\/TAC-Craneo-T.jpg 361w, https:\/\/vetpovoa.pt\/VP\/wp-content\/uploads\/TAC-Craneo-T-300x235.jpg 300w\" sizes=\"auto, (max-width: 361px) 100vw, 361px\" \/><\/p>\n<p><img loading=\"lazy\" decoding=\"async\" class=\"aligncenter size-full wp-image-3654\" src=\"http:\/\/vetpovoa.pt\/VP\/wp-content\/uploads\/Tac-craneo-2.jpg\" alt=\"\" width=\"205\" height=\"212\" \/><\/p>\n<p>&nbsp;<\/p>\n<p>&nbsp;<\/p>\n<p>TAC Tridimensional para planeamento cir\u00fargico de uma luxa\u00e7\u00e3o de r\u00f3tula:<\/p>\n<p><img loading=\"lazy\" decoding=\"async\" class=\" wp-image-3658 alignleft\" src=\"http:\/\/vetpovoa.pt\/VP\/wp-content\/uploads\/3D-Saved-State-1.jpg\" alt=\"\" width=\"317\" height=\"467\" srcset=\"https:\/\/vetpovoa.pt\/VP\/wp-content\/uploads\/3D-Saved-State-1.jpg 313w, https:\/\/vetpovoa.pt\/VP\/wp-content\/uploads\/3D-Saved-State-1-204x300.jpg 204w\" sizes=\"auto, (max-width: 317px) 100vw, 317px\" \/><\/p>\n<p><img loading=\"lazy\" decoding=\"async\" class=\"aligncenter wp-image-3659\" src=\"http:\/\/vetpovoa.pt\/VP\/wp-content\/uploads\/3D-Saved-State-2.jpg\" alt=\"\" width=\"416\" height=\"446\" srcset=\"https:\/\/vetpovoa.pt\/VP\/wp-content\/uploads\/3D-Saved-State-2.jpg 506w, https:\/\/vetpovoa.pt\/VP\/wp-content\/uploads\/3D-Saved-State-2-280x300.jpg 280w\" sizes=\"auto, (max-width: 416px) 100vw, 416px\" \/><\/p>\n<p>&nbsp;<\/p>\n<p>Todas as imagens apresentadas s\u00e3o provenientes de exames de TAC de pacientes da Vet P\u00f3voa e foram obtidas no Centro de Imagiologia Veterin\u00e1ria Montenegro (situada na cidade do Porto).<\/p>\n<p>Para mais informa\u00e7\u00f5es n\u00e3o hesitem em contactar-nos.<\/p>\n","protected":false},"excerpt":{"rendered":"<p>Na Vet P\u00f3voa, pretendemos personalizar cada tratamento quer \u00e0 patologia do paciente, quer \u00e0s expetativas do dono, assim, cada vez temos mais vincada a nossa&hellip; <a href=\"https:\/\/vetpovoa.pt\/VP\/?page_id=3650\" class=\"post-excerpt-readmore\"><\/a><\/p>\n","protected":false},"author":1,"featured_media":3659,"parent":3624,"menu_order":2,"comment_status":"closed","ping_status":"closed","template":"","meta":{"footnotes":""},"class_list":["post-3650","page","type-page","status-publish","has-post-thumbnail","hentry"],"yoast_head":"<!-- This site is optimized with the Yoast SEO plugin v24.5 - https:\/\/yoast.com\/wordpress\/plugins\/seo\/ -->\n<title>Tomografia Axial Computadorizada - TAC - Vet P\u00f3voa - Cl\u00ednica Veterin\u00e1ria Coimbra<\/title>\n<meta name=\"robots\" content=\"index, follow, max-snippet:-1, max-image-preview:large, max-video-preview:-1\" \/>\n<link rel=\"canonical\" href=\"https:\/\/vetpovoa.pt\/VP\/?page_id=3650\" \/>\n<meta property=\"og:locale\" content=\"pt_PT\" \/>\n<meta property=\"og:type\" content=\"article\" \/>\n<meta property=\"og:title\" content=\"Tomografia Axial Computadorizada - TAC - Vet P\u00f3voa - Cl\u00ednica Veterin\u00e1ria Coimbra\" \/>\n<meta property=\"og:description\" content=\"Na Vet P\u00f3voa, pretendemos personalizar cada tratamento quer \u00e0 patologia do paciente, quer \u00e0s expetativas do dono, assim, cada vez temos mais vincada a nossa&hellip;\" \/>\n<meta property=\"og:url\" content=\"https:\/\/vetpovoa.pt\/VP\/?page_id=3650\" \/>\n<meta property=\"og:site_name\" content=\"Vet P\u00f3voa - Cl\u00ednica Veterin\u00e1ria Coimbra\" \/>\n<meta property=\"article:modified_time\" content=\"2017-04-22T18:14:54+00:00\" \/>\n<meta property=\"og:image\" content=\"https:\/\/vetpovoa.pt\/VP\/wp-content\/uploads\/3D-Saved-State-2.jpg\" \/>\n\t<meta property=\"og:image:width\" content=\"506\" \/>\n\t<meta property=\"og:image:height\" content=\"543\" \/>\n\t<meta property=\"og:image:type\" content=\"image\/jpeg\" \/>\n<meta name=\"twitter:card\" content=\"summary_large_image\" \/>\n<meta name=\"twitter:label1\" content=\"Tempo estimado de leitura\" \/>\n\t<meta name=\"twitter:data1\" content=\"1 minuto\" \/>\n<script type=\"application\/ld+json\" class=\"yoast-schema-graph\">{\"@context\":\"https:\/\/schema.org\",\"@graph\":[{\"@type\":\"WebPage\",\"@id\":\"https:\/\/vetpovoa.pt\/VP\/?page_id=3650\",\"url\":\"https:\/\/vetpovoa.pt\/VP\/?page_id=3650\",\"name\":\"Tomografia Axial Computadorizada - TAC - Vet P\u00f3voa - Cl\u00ednica Veterin\u00e1ria Coimbra\",\"isPartOf\":{\"@id\":\"https:\/\/vetpovoa.pt\/VP\/#website\"},\"primaryImageOfPage\":{\"@id\":\"https:\/\/vetpovoa.pt\/VP\/?page_id=3650#primaryimage\"},\"image\":{\"@id\":\"https:\/\/vetpovoa.pt\/VP\/?page_id=3650#primaryimage\"},\"thumbnailUrl\":\"https:\/\/vetpovoa.pt\/VP\/wp-content\/uploads\/3D-Saved-State-2.jpg\",\"datePublished\":\"2017-04-22T18:12:39+00:00\",\"dateModified\":\"2017-04-22T18:14:54+00:00\",\"breadcrumb\":{\"@id\":\"https:\/\/vetpovoa.pt\/VP\/?page_id=3650#breadcrumb\"},\"inLanguage\":\"pt-PT\",\"potentialAction\":[{\"@type\":\"ReadAction\",\"target\":[\"https:\/\/vetpovoa.pt\/VP\/?page_id=3650\"]}]},{\"@type\":\"ImageObject\",\"inLanguage\":\"pt-PT\",\"@id\":\"https:\/\/vetpovoa.pt\/VP\/?page_id=3650#primaryimage\",\"url\":\"https:\/\/vetpovoa.pt\/VP\/wp-content\/uploads\/3D-Saved-State-2.jpg\",\"contentUrl\":\"https:\/\/vetpovoa.pt\/VP\/wp-content\/uploads\/3D-Saved-State-2.jpg\",\"width\":506,\"height\":543},{\"@type\":\"BreadcrumbList\",\"@id\":\"https:\/\/vetpovoa.pt\/VP\/?page_id=3650#breadcrumb\",\"itemListElement\":[{\"@type\":\"ListItem\",\"position\":1,\"name\":\"In\u00edcio\",\"item\":\"https:\/\/vetpovoa.pt\/VP\/\"},{\"@type\":\"ListItem\",\"position\":2,\"name\":\"Informa\u00e7\u00f5es Cl\u00ednicas\",\"item\":\"https:\/\/vetpovoa.pt\/VP\/?page_id=3624\"},{\"@type\":\"ListItem\",\"position\":3,\"name\":\"Tomografia Axial Computadorizada &#8211; TAC\"}]},{\"@type\":\"WebSite\",\"@id\":\"https:\/\/vetpovoa.pt\/VP\/#website\",\"url\":\"https:\/\/vetpovoa.pt\/VP\/\",\"name\":\"Vet P\u00f3voa - Cl\u00ednica Veterin\u00e1ria Coimbra\",\"description\":\"Cl\u00ednica Veterin\u00e1ria Coimbra\",\"potentialAction\":[{\"@type\":\"SearchAction\",\"target\":{\"@type\":\"EntryPoint\",\"urlTemplate\":\"https:\/\/vetpovoa.pt\/VP\/?s={search_term_string}\"},\"query-input\":{\"@type\":\"PropertyValueSpecification\",\"valueRequired\":true,\"valueName\":\"search_term_string\"}}],\"inLanguage\":\"pt-PT\"}]}<\/script>\n<!-- \/ Yoast SEO plugin. -->","yoast_head_json":{"title":"Tomografia Axial Computadorizada - TAC - Vet P\u00f3voa - Cl\u00ednica Veterin\u00e1ria Coimbra","robots":{"index":"index","follow":"follow","max-snippet":"max-snippet:-1","max-image-preview":"max-image-preview:large","max-video-preview":"max-video-preview:-1"},"canonical":"https:\/\/vetpovoa.pt\/VP\/?page_id=3650","og_locale":"pt_PT","og_type":"article","og_title":"Tomografia Axial Computadorizada - TAC - Vet P\u00f3voa - Cl\u00ednica Veterin\u00e1ria Coimbra","og_description":"Na Vet P\u00f3voa, pretendemos personalizar cada tratamento quer \u00e0 patologia do paciente, quer \u00e0s expetativas do dono, assim, cada vez temos mais vincada a nossa&hellip;","og_url":"https:\/\/vetpovoa.pt\/VP\/?page_id=3650","og_site_name":"Vet P\u00f3voa - Cl\u00ednica Veterin\u00e1ria Coimbra","article_modified_time":"2017-04-22T18:14:54+00:00","og_image":[{"width":506,"height":543,"url":"https:\/\/vetpovoa.pt\/VP\/wp-content\/uploads\/3D-Saved-State-2.jpg","type":"image\/jpeg"}],"twitter_card":"summary_large_image","twitter_misc":{"Tempo estimado de leitura":"1 minuto"},"schema":{"@context":"https:\/\/schema.org","@graph":[{"@type":"WebPage","@id":"https:\/\/vetpovoa.pt\/VP\/?page_id=3650","url":"https:\/\/vetpovoa.pt\/VP\/?page_id=3650","name":"Tomografia Axial Computadorizada - TAC - Vet P\u00f3voa - Cl\u00ednica Veterin\u00e1ria Coimbra","isPartOf":{"@id":"https:\/\/vetpovoa.pt\/VP\/#website"},"primaryImageOfPage":{"@id":"https:\/\/vetpovoa.pt\/VP\/?page_id=3650#primaryimage"},"image":{"@id":"https:\/\/vetpovoa.pt\/VP\/?page_id=3650#primaryimage"},"thumbnailUrl":"https:\/\/vetpovoa.pt\/VP\/wp-content\/uploads\/3D-Saved-State-2.jpg","datePublished":"2017-04-22T18:12:39+00:00","dateModified":"2017-04-22T18:14:54+00:00","breadcrumb":{"@id":"https:\/\/vetpovoa.pt\/VP\/?page_id=3650#breadcrumb"},"inLanguage":"pt-PT","potentialAction":[{"@type":"ReadAction","target":["https:\/\/vetpovoa.pt\/VP\/?page_id=3650"]}]},{"@type":"ImageObject","inLanguage":"pt-PT","@id":"https:\/\/vetpovoa.pt\/VP\/?page_id=3650#primaryimage","url":"https:\/\/vetpovoa.pt\/VP\/wp-content\/uploads\/3D-Saved-State-2.jpg","contentUrl":"https:\/\/vetpovoa.pt\/VP\/wp-content\/uploads\/3D-Saved-State-2.jpg","width":506,"height":543},{"@type":"BreadcrumbList","@id":"https:\/\/vetpovoa.pt\/VP\/?page_id=3650#breadcrumb","itemListElement":[{"@type":"ListItem","position":1,"name":"In\u00edcio","item":"https:\/\/vetpovoa.pt\/VP\/"},{"@type":"ListItem","position":2,"name":"Informa\u00e7\u00f5es Cl\u00ednicas","item":"https:\/\/vetpovoa.pt\/VP\/?page_id=3624"},{"@type":"ListItem","position":3,"name":"Tomografia Axial Computadorizada &#8211; TAC"}]},{"@type":"WebSite","@id":"https:\/\/vetpovoa.pt\/VP\/#website","url":"https:\/\/vetpovoa.pt\/VP\/","name":"Vet P\u00f3voa - Cl\u00ednica Veterin\u00e1ria Coimbra","description":"Cl\u00ednica Veterin\u00e1ria Coimbra","potentialAction":[{"@type":"SearchAction","target":{"@type":"EntryPoint","urlTemplate":"https:\/\/vetpovoa.pt\/VP\/?s={search_term_string}"},"query-input":{"@type":"PropertyValueSpecification","valueRequired":true,"valueName":"search_term_string"}}],"inLanguage":"pt-PT"}]}},"_links":{"self":[{"href":"https:\/\/vetpovoa.pt\/VP\/index.php?rest_route=\/wp\/v2\/pages\/3650","targetHints":{"allow":["GET"]}}],"collection":[{"href":"https:\/\/vetpovoa.pt\/VP\/index.php?rest_route=\/wp\/v2\/pages"}],"about":[{"href":"https:\/\/vetpovoa.pt\/VP\/index.php?rest_route=\/wp\/v2\/types\/page"}],"author":[{"embeddable":true,"href":"https:\/\/vetpovoa.pt\/VP\/index.php?rest_route=\/wp\/v2\/users\/1"}],"replies":[{"embeddable":true,"href":"https:\/\/vetpovoa.pt\/VP\/index.php?rest_route=%2Fwp%2Fv2%2Fcomments&post=3650"}],"version-history":[{"count":6,"href":"https:\/\/vetpovoa.pt\/VP\/index.php?rest_route=\/wp\/v2\/pages\/3650\/revisions"}],"predecessor-version":[{"id":3664,"href":"https:\/\/vetpovoa.pt\/VP\/index.php?rest_route=\/wp\/v2\/pages\/3650\/revisions\/3664"}],"up":[{"embeddable":true,"href":"https:\/\/vetpovoa.pt\/VP\/index.php?rest_route=\/wp\/v2\/pages\/3624"}],"wp:featuredmedia":[{"embeddable":true,"href":"https:\/\/vetpovoa.pt\/VP\/index.php?rest_route=\/wp\/v2\/media\/3659"}],"wp:attachment":[{"href":"https:\/\/vetpovoa.pt\/VP\/index.php?rest_route=%2Fwp%2Fv2%2Fmedia&parent=3650"}],"curies":[{"name":"wp","href":"https:\/\/api.w.org\/{rel}","templated":true}]}}