{"id":3700,"date":"2018-03-24T16:12:49","date_gmt":"2018-03-24T16:12:49","guid":{"rendered":"http:\/\/vetpovoa.pt\/VP\/?page_id=3700"},"modified":"2019-04-11T17:00:14","modified_gmt":"2019-04-11T17:00:14","slug":"casos-clinicos","status":"publish","type":"page","link":"https:\/\/vetpovoa.pt\/VP\/?page_id=3700","title":{"rendered":"Casos Cl\u00ednicos"},"content":{"rendered":"<p>Hoje em dia est\u00e3o muito em voga os programas televisivos relacionados com a medicina veterin\u00e1ria de animais de companhia onde nos s\u00e3o apresentados casos cl\u00ednicos do dia a dia. A grande maioria s\u00e3o estrangeiros, pelo que notamos, em conversa com cliente e amigos, que por vezes o p\u00fablico n\u00e3o tem ideia do que se faz no quotidiano de uma cl\u00ednica veterin\u00e1ria em Portugal.<\/p>\n<p>Assim sendo, cada vez se torna mais importante\u00a0dar a conhecer o trabalho que diariamente a nossa cl\u00ednica, tal como v\u00e1rios milhares de m\u00e9dicos veterin\u00e1rios espalhados pelo pa\u00eds, realizam para prevenir ou tratar acidentes e doen\u00e7as.<\/p>\n<p>Aliando essa partilha \u00e0 necessidade de alerta para alguns perigos que os tutores desconhecem, decidimos criar este espa\u00e7o onde ser\u00e3o apresentados casos cl\u00ednicos que pela sua raridade, complexidade, ou simplesmente pelo facto de serem desconhecidos sejam interessantes de dar a conhecer.<\/p>\n<p>A equipa da Vet P\u00f3voa, nunca tem um dia igual ao outro. Aqui poder\u00e1 encontrar um pouco daquilo que fazemos.<\/p>\n<p>Contudo alertamos para a eventualidade de alguns casos cl\u00ednicos conterem imagens consideradas chocantes ou impressionantes por pessoas mais sens\u00edveis.<\/p>\n<p>Como sempre, estamos ao vosso dispor para qualquer esclarecimento que julguem necess\u00e1rio.<\/p>\n<p><img loading=\"lazy\" decoding=\"async\" class=\"aligncenter wp-image-3721 size-full\" src=\"http:\/\/vetpovoa.pt\/VP\/wp-content\/uploads\/Fiona-1.jpg\" alt=\"\" width=\"444\" height=\"362\" srcset=\"https:\/\/vetpovoa.pt\/VP\/wp-content\/uploads\/Fiona-1.jpg 444w, https:\/\/vetpovoa.pt\/VP\/wp-content\/uploads\/Fiona-1-300x245.jpg 300w\" sizes=\"auto, (max-width: 444px) 100vw, 444px\" \/><\/p>\n<p><a href=\"http:\/\/vetpovoa.pt\/VP\/?page_id=3704\" target=\"_blank\" rel=\"noopener\">Atr\u00e9sia Anal Completa<\/a><\/p>\n<p>&nbsp;<\/p>\n","protected":false},"excerpt":{"rendered":"<p>Hoje em dia est\u00e3o muito em voga os programas televisivos relacionados com a medicina veterin\u00e1ria de animais de companhia onde nos s\u00e3o apresentados casos cl\u00ednicos&hellip; <a href=\"https:\/\/vetpovoa.pt\/VP\/?page_id=3700\" class=\"post-excerpt-readmore\"><\/a><\/p>\n","protected":false},"author":1,"featured_media":0,"parent":0,"menu_order":0,"comment_status":"closed","ping_status":"closed","template":"","meta":{"footnotes":""},"class_list":["post-3700","page","type-page","status-publish","hentry"],"yoast_head":"<!-- This site is optimized with the Yoast SEO plugin v24.5 - https:\/\/yoast.com\/wordpress\/plugins\/seo\/ -->\n<title>Casos Cl\u00ednicos - Vet P\u00f3voa - Cl\u00ednica Veterin\u00e1ria Coimbra<\/title>\n<meta name=\"description\" content=\"Casos Cl\u00ednicos que pela que pela sua raridade, complexidade, ou simplesmente pelo facto de serem desconhecidos sejam interessantes de dar a conhecer.\" \/>\n<meta name=\"robots\" content=\"index, follow, max-snippet:-1, max-image-preview:large, max-video-preview:-1\" \/>\n<link rel=\"canonical\" href=\"https:\/\/vetpovoa.pt\/VP\/?page_id=3700\" \/>\n<meta property=\"og:locale\" content=\"pt_PT\" \/>\n<meta property=\"og:type\" content=\"article\" \/>\n<meta property=\"og:title\" content=\"Casos Cl\u00ednicos - Vet P\u00f3voa - Cl\u00ednica Veterin\u00e1ria Coimbra\" \/>\n<meta property=\"og:description\" content=\"Casos Cl\u00ednicos que pela que pela sua raridade, complexidade, ou simplesmente pelo facto de serem desconhecidos sejam interessantes de dar a conhecer.\" \/>\n<meta property=\"og:url\" content=\"https:\/\/vetpovoa.pt\/VP\/?page_id=3700\" \/>\n<meta property=\"og:site_name\" content=\"Vet P\u00f3voa - Cl\u00ednica Veterin\u00e1ria Coimbra\" \/>\n<meta property=\"article:modified_time\" content=\"2019-04-11T17:00:14+00:00\" \/>\n<meta property=\"og:image\" content=\"https:\/\/vetpovoa.pt\/VP\/wp-content\/uploads\/Fiona-1.jpg\" \/>\n\t<meta property=\"og:image:width\" content=\"444\" \/>\n\t<meta property=\"og:image:height\" content=\"362\" \/>\n\t<meta property=\"og:image:type\" content=\"image\/jpeg\" \/>\n<meta name=\"twitter:card\" content=\"summary_large_image\" \/>\n<meta name=\"twitter:label1\" content=\"Tempo estimado de leitura\" \/>\n\t<meta name=\"twitter:data1\" content=\"1 minuto\" \/>\n<script type=\"application\/ld+json\" class=\"yoast-schema-graph\">{\"@context\":\"https:\/\/schema.org\",\"@graph\":[{\"@type\":\"WebPage\",\"@id\":\"https:\/\/vetpovoa.pt\/VP\/?page_id=3700\",\"url\":\"https:\/\/vetpovoa.pt\/VP\/?page_id=3700\",\"name\":\"Casos Cl\u00ednicos - Vet P\u00f3voa - Cl\u00ednica Veterin\u00e1ria Coimbra\",\"isPartOf\":{\"@id\":\"https:\/\/vetpovoa.pt\/VP\/#website\"},\"primaryImageOfPage\":{\"@id\":\"https:\/\/vetpovoa.pt\/VP\/?page_id=3700#primaryimage\"},\"image\":{\"@id\":\"https:\/\/vetpovoa.pt\/VP\/?page_id=3700#primaryimage\"},\"thumbnailUrl\":\"http:\/\/vetpovoa.pt\/VP\/wp-content\/uploads\/Fiona-1.jpg\",\"datePublished\":\"2018-03-24T16:12:49+00:00\",\"dateModified\":\"2019-04-11T17:00:14+00:00\",\"description\":\"Casos Cl\u00ednicos que pela que pela sua raridade, complexidade, ou simplesmente pelo facto de serem desconhecidos sejam interessantes de dar a conhecer.\",\"breadcrumb\":{\"@id\":\"https:\/\/vetpovoa.pt\/VP\/?page_id=3700#breadcrumb\"},\"inLanguage\":\"pt-PT\",\"potentialAction\":[{\"@type\":\"ReadAction\",\"target\":[\"https:\/\/vetpovoa.pt\/VP\/?page_id=3700\"]}]},{\"@type\":\"ImageObject\",\"inLanguage\":\"pt-PT\",\"@id\":\"https:\/\/vetpovoa.pt\/VP\/?page_id=3700#primaryimage\",\"url\":\"http:\/\/vetpovoa.pt\/VP\/wp-content\/uploads\/Fiona-1.jpg\",\"contentUrl\":\"http:\/\/vetpovoa.pt\/VP\/wp-content\/uploads\/Fiona-1.jpg\"},{\"@type\":\"BreadcrumbList\",\"@id\":\"https:\/\/vetpovoa.pt\/VP\/?page_id=3700#breadcrumb\",\"itemListElement\":[{\"@type\":\"ListItem\",\"position\":1,\"name\":\"In\u00edcio\",\"item\":\"https:\/\/vetpovoa.pt\/VP\/\"},{\"@type\":\"ListItem\",\"position\":2,\"name\":\"Casos Cl\u00ednicos\"}]},{\"@type\":\"WebSite\",\"@id\":\"https:\/\/vetpovoa.pt\/VP\/#website\",\"url\":\"https:\/\/vetpovoa.pt\/VP\/\",\"name\":\"Vet P\u00f3voa - Cl\u00ednica Veterin\u00e1ria Coimbra\",\"description\":\"Cl\u00ednica Veterin\u00e1ria Coimbra\",\"potentialAction\":[{\"@type\":\"SearchAction\",\"target\":{\"@type\":\"EntryPoint\",\"urlTemplate\":\"https:\/\/vetpovoa.pt\/VP\/?s={search_term_string}\"},\"query-input\":{\"@type\":\"PropertyValueSpecification\",\"valueRequired\":true,\"valueName\":\"search_term_string\"}}],\"inLanguage\":\"pt-PT\"}]}<\/script>\n<!-- \/ Yoast SEO plugin. -->","yoast_head_json":{"title":"Casos Cl\u00ednicos - Vet P\u00f3voa - Cl\u00ednica Veterin\u00e1ria Coimbra","description":"Casos Cl\u00ednicos que pela que pela sua raridade, complexidade, ou simplesmente pelo facto de serem desconhecidos sejam interessantes de dar a conhecer.","robots":{"index":"index","follow":"follow","max-snippet":"max-snippet:-1","max-image-preview":"max-image-preview:large","max-video-preview":"max-video-preview:-1"},"canonical":"https:\/\/vetpovoa.pt\/VP\/?page_id=3700","og_locale":"pt_PT","og_type":"article","og_title":"Casos Cl\u00ednicos - Vet P\u00f3voa - Cl\u00ednica Veterin\u00e1ria Coimbra","og_description":"Casos Cl\u00ednicos que pela que pela sua raridade, complexidade, ou simplesmente pelo facto de serem desconhecidos sejam interessantes de dar a conhecer.","og_url":"https:\/\/vetpovoa.pt\/VP\/?page_id=3700","og_site_name":"Vet P\u00f3voa - Cl\u00ednica Veterin\u00e1ria Coimbra","article_modified_time":"2019-04-11T17:00:14+00:00","og_image":[{"width":444,"height":362,"url":"https:\/\/vetpovoa.pt\/VP\/wp-content\/uploads\/Fiona-1.jpg","type":"image\/jpeg"}],"twitter_card":"summary_large_image","twitter_misc":{"Tempo estimado de leitura":"1 minuto"},"schema":{"@context":"https:\/\/schema.org","@graph":[{"@type":"WebPage","@id":"https:\/\/vetpovoa.pt\/VP\/?page_id=3700","url":"https:\/\/vetpovoa.pt\/VP\/?page_id=3700","name":"Casos Cl\u00ednicos - Vet P\u00f3voa - Cl\u00ednica Veterin\u00e1ria Coimbra","isPartOf":{"@id":"https:\/\/vetpovoa.pt\/VP\/#website"},"primaryImageOfPage":{"@id":"https:\/\/vetpovoa.pt\/VP\/?page_id=3700#primaryimage"},"image":{"@id":"https:\/\/vetpovoa.pt\/VP\/?page_id=3700#primaryimage"},"thumbnailUrl":"http:\/\/vetpovoa.pt\/VP\/wp-content\/uploads\/Fiona-1.jpg","datePublished":"2018-03-24T16:12:49+00:00","dateModified":"2019-04-11T17:00:14+00:00","description":"Casos Cl\u00ednicos que pela que pela sua raridade, complexidade, ou simplesmente pelo facto de serem desconhecidos sejam interessantes de dar a conhecer.","breadcrumb":{"@id":"https:\/\/vetpovoa.pt\/VP\/?page_id=3700#breadcrumb"},"inLanguage":"pt-PT","potentialAction":[{"@type":"ReadAction","target":["https:\/\/vetpovoa.pt\/VP\/?page_id=3700"]}]},{"@type":"ImageObject","inLanguage":"pt-PT","@id":"https:\/\/vetpovoa.pt\/VP\/?page_id=3700#primaryimage","url":"http:\/\/vetpovoa.pt\/VP\/wp-content\/uploads\/Fiona-1.jpg","contentUrl":"http:\/\/vetpovoa.pt\/VP\/wp-content\/uploads\/Fiona-1.jpg"},{"@type":"BreadcrumbList","@id":"https:\/\/vetpovoa.pt\/VP\/?page_id=3700#breadcrumb","itemListElement":[{"@type":"ListItem","position":1,"name":"In\u00edcio","item":"https:\/\/vetpovoa.pt\/VP\/"},{"@type":"ListItem","position":2,"name":"Casos Cl\u00ednicos"}]},{"@type":"WebSite","@id":"https:\/\/vetpovoa.pt\/VP\/#website","url":"https:\/\/vetpovoa.pt\/VP\/","name":"Vet P\u00f3voa - Cl\u00ednica Veterin\u00e1ria Coimbra","description":"Cl\u00ednica Veterin\u00e1ria Coimbra","potentialAction":[{"@type":"SearchAction","target":{"@type":"EntryPoint","urlTemplate":"https:\/\/vetpovoa.pt\/VP\/?s={search_term_string}"},"query-input":{"@type":"PropertyValueSpecification","valueRequired":true,"valueName":"search_term_string"}}],"inLanguage":"pt-PT"}]}},"_links":{"self":[{"href":"https:\/\/vetpovoa.pt\/VP\/index.php?rest_route=\/wp\/v2\/pages\/3700","targetHints":{"allow":["GET"]}}],"collection":[{"href":"https:\/\/vetpovoa.pt\/VP\/index.php?rest_route=\/wp\/v2\/pages"}],"about":[{"href":"https:\/\/vetpovoa.pt\/VP\/index.php?rest_route=\/wp\/v2\/types\/page"}],"author":[{"embeddable":true,"href":"https:\/\/vetpovoa.pt\/VP\/index.php?rest_route=\/wp\/v2\/users\/1"}],"replies":[{"embeddable":true,"href":"https:\/\/vetpovoa.pt\/VP\/index.php?rest_route=%2Fwp%2Fv2%2Fcomments&post=3700"}],"version-history":[{"count":6,"href":"https:\/\/vetpovoa.pt\/VP\/index.php?rest_route=\/wp\/v2\/pages\/3700\/revisions"}],"predecessor-version":[{"id":3851,"href":"https:\/\/vetpovoa.pt\/VP\/index.php?rest_route=\/wp\/v2\/pages\/3700\/revisions\/3851"}],"wp:attachment":[{"href":"https:\/\/vetpovoa.pt\/VP\/index.php?rest_route=%2Fwp%2Fv2%2Fmedia&parent=3700"}],"curies":[{"name":"wp","href":"https:\/\/api.w.org\/{rel}","templated":true}]}}