{"id":3704,"date":"2018-03-24T16:44:56","date_gmt":"2018-03-24T16:44:56","guid":{"rendered":"http:\/\/vetpovoa.pt\/VP\/?page_id=3704"},"modified":"2018-03-28T20:49:24","modified_gmt":"2018-03-28T20:49:24","slug":"atresia-anal-completa","status":"publish","type":"page","link":"https:\/\/vetpovoa.pt\/VP\/?page_id=3704","title":{"rendered":"Atr\u00e9sia Anal Completa"},"content":{"rendered":"<p>Em 2017 apresentou-se \u00e0 consulta externa da Vet P\u00f3voa uma gatinha recolhida da rua com um defeito na regi\u00e3o perineal.<\/p>\n<p><strong>A GATINHA N\u00c3O TINHA \u00c2NUS, O QUE FAZIA COM QUE AS FEZES SA\u00cdSSEM PELA VAGINA<img loading=\"lazy\" decoding=\"async\" class=\"wp-image-3705 aligncenter\" src=\"http:\/\/vetpovoa.pt\/VP\/wp-content\/uploads\/IMG_4768.jpeg\" alt=\"\" width=\"242\" height=\"323\" srcset=\"https:\/\/vetpovoa.pt\/VP\/wp-content\/uploads\/IMG_4768.jpeg 480w, https:\/\/vetpovoa.pt\/VP\/wp-content\/uploads\/IMG_4768-225x300.jpeg 225w\" sizes=\"auto, (max-width: 242px) 100vw, 242px\" \/><\/strong><\/p>\n<p>A atr\u00e9sia anal completa \u00e9 uma malforma\u00e7\u00e3o cong\u00e9nita em que a parte final do intestino n\u00e3o comunica com o exterior. Felizmente, e como a natureza \u00e9 eximia, o organismo conseguiu arranjar uma comunica\u00e7\u00e3o (fistula) entre o \u00e2nus e a vagina por onde saiam as fezes, permitindo assim o funcionamento intestinal.<\/p>\n<p>Rapidamente foi observada pela nossa equipa de cirurgia e, apesar de explicado aos protetores da gatinha as poss\u00edveis complica\u00e7\u00f5es e a prov\u00e1vel incontin\u00eancia fecal futura,\u00a0ficou decidido p\u00f4r m\u00e3os \u00e0 obra para tentar resolver o problema.<\/p>\n<p>&nbsp;<\/p>\n<p><img loading=\"lazy\" decoding=\"async\" class=\"wp-image-3706 alignleft\" src=\"http:\/\/vetpovoa.pt\/VP\/wp-content\/uploads\/IMG_4775.jpeg\" alt=\"\" width=\"236\" height=\"236\" srcset=\"https:\/\/vetpovoa.pt\/VP\/wp-content\/uploads\/IMG_4775.jpeg 480w, https:\/\/vetpovoa.pt\/VP\/wp-content\/uploads\/IMG_4775-150x150.jpeg 150w, https:\/\/vetpovoa.pt\/VP\/wp-content\/uploads\/IMG_4775-300x300.jpeg 300w, https:\/\/vetpovoa.pt\/VP\/wp-content\/uploads\/IMG_4775-144x144.jpeg 144w\" sizes=\"auto, (max-width: 236px) 100vw, 236px\" \/><strong>A &#8220;BOT\u00c3O&#8221; FOI SUJEITA A DUAS INTERVEN\u00c7\u00d5ES CIRURGICAS TENDO REAGIDO MUITO BEM NO P\u00d3S-OPERAT\u00d3RIO<\/strong><\/p>\n<p>&nbsp;<\/p>\n<p>Depois disso, a Bot\u00e3o voltou \u00e0 nossa cl\u00ednica apenas para rotinas, j\u00e1 foi sujeita a ovariohisterectomia (esteriliza\u00e7\u00e3o) e teve uma gastro-enterite simples.<\/p>\n<p>&nbsp;<\/p>\n<p>&nbsp;<\/p>\n<p>&nbsp;<\/p>\n<p>&nbsp;<\/p>\n<p><strong>A &#8220;BOT\u00c3O&#8221; CONTROLA COMPLETAMENTE AS FEZES E A URINA, UTILIZANDO A LITEIRA COMO QUALQUER OUTRO GATO<\/strong><\/p>\n<p><strong>HOJE \u00c9 UMA GATA FELIZ COM UMA QUALIDADE DE VIDA EXTRAORDIN\u00c1RIA.<\/strong><\/p>\n<p><img loading=\"lazy\" decoding=\"async\" class=\"aligncenter size-full wp-image-3708\" src=\"http:\/\/vetpovoa.pt\/VP\/wp-content\/uploads\/2018-03-02-PHOTO-00003159.jpg\" alt=\"\" width=\"1200\" height=\"1600\" srcset=\"https:\/\/vetpovoa.pt\/VP\/wp-content\/uploads\/2018-03-02-PHOTO-00003159.jpg 1200w, https:\/\/vetpovoa.pt\/VP\/wp-content\/uploads\/2018-03-02-PHOTO-00003159-225x300.jpg 225w, https:\/\/vetpovoa.pt\/VP\/wp-content\/uploads\/2018-03-02-PHOTO-00003159-768x1024.jpg 768w\" sizes=\"auto, (max-width: 1200px) 100vw, 1200px\" \/><\/p>\n<p>&nbsp;<\/p>\n<p>&nbsp;<\/p>\n","protected":false},"excerpt":{"rendered":"<p>Em 2017 apresentou-se \u00e0 consulta externa da Vet P\u00f3voa uma gatinha recolhida da rua com um defeito na regi\u00e3o perineal. A GATINHA N\u00c3O TINHA \u00c2NUS,&hellip; <a href=\"https:\/\/vetpovoa.pt\/VP\/?page_id=3704\" class=\"post-excerpt-readmore\"><\/a><\/p>\n","protected":false},"author":1,"featured_media":0,"parent":3700,"menu_order":0,"comment_status":"closed","ping_status":"closed","template":"","meta":{"footnotes":""},"class_list":["post-3704","page","type-page","status-publish","hentry"],"yoast_head":"<!-- This site is optimized with the Yoast SEO plugin v24.5 - https:\/\/yoast.com\/wordpress\/plugins\/seo\/ -->\n<title>Atr\u00e9sia Anal Completa - Vet P\u00f3voa - Cl\u00ednica Veterin\u00e1ria Coimbra<\/title>\n<meta name=\"description\" content=\"CHEGOU-NOS UMA GATINHA QUE N\u00c3O TINHA \u00c2NUS, O QUE FAZIA COM QUE AS FEZES SA\u00cdSSEM PELA VAGINA. FOI SUJEITA A DUAS INTERVEN\u00c7\u00d5ES CIRURGICAS TENDO FICADO BEM.\" \/>\n<meta name=\"robots\" content=\"index, follow, max-snippet:-1, max-image-preview:large, max-video-preview:-1\" \/>\n<link rel=\"canonical\" href=\"https:\/\/vetpovoa.pt\/VP\/?page_id=3704\" \/>\n<meta property=\"og:locale\" content=\"pt_PT\" \/>\n<meta property=\"og:type\" content=\"article\" \/>\n<meta property=\"og:title\" content=\"Atr\u00e9sia Anal Completa - Vet P\u00f3voa - Cl\u00ednica Veterin\u00e1ria Coimbra\" \/>\n<meta property=\"og:description\" content=\"CHEGOU-NOS UMA GATINHA QUE N\u00c3O TINHA \u00c2NUS, O QUE FAZIA COM QUE AS FEZES SA\u00cdSSEM PELA VAGINA. FOI SUJEITA A DUAS INTERVEN\u00c7\u00d5ES CIRURGICAS TENDO FICADO BEM.\" \/>\n<meta property=\"og:url\" content=\"https:\/\/vetpovoa.pt\/VP\/?page_id=3704\" \/>\n<meta property=\"og:site_name\" content=\"Vet P\u00f3voa - Cl\u00ednica Veterin\u00e1ria Coimbra\" \/>\n<meta property=\"article:modified_time\" content=\"2018-03-28T20:49:24+00:00\" \/>\n<meta property=\"og:image\" content=\"https:\/\/vetpovoa.pt\/VP\/wp-content\/uploads\/IMG_4768.jpeg\" \/>\n\t<meta property=\"og:image:width\" content=\"480\" \/>\n\t<meta property=\"og:image:height\" content=\"640\" \/>\n\t<meta property=\"og:image:type\" content=\"image\/jpeg\" \/>\n<meta name=\"twitter:card\" content=\"summary_large_image\" \/>\n<meta name=\"twitter:label1\" content=\"Tempo estimado de leitura\" \/>\n\t<meta name=\"twitter:data1\" content=\"1 minuto\" \/>\n<script type=\"application\/ld+json\" class=\"yoast-schema-graph\">{\"@context\":\"https:\/\/schema.org\",\"@graph\":[{\"@type\":\"WebPage\",\"@id\":\"https:\/\/vetpovoa.pt\/VP\/?page_id=3704\",\"url\":\"https:\/\/vetpovoa.pt\/VP\/?page_id=3704\",\"name\":\"Atr\u00e9sia Anal Completa - Vet P\u00f3voa - Cl\u00ednica Veterin\u00e1ria Coimbra\",\"isPartOf\":{\"@id\":\"https:\/\/vetpovoa.pt\/VP\/#website\"},\"primaryImageOfPage\":{\"@id\":\"https:\/\/vetpovoa.pt\/VP\/?page_id=3704#primaryimage\"},\"image\":{\"@id\":\"https:\/\/vetpovoa.pt\/VP\/?page_id=3704#primaryimage\"},\"thumbnailUrl\":\"http:\/\/vetpovoa.pt\/VP\/wp-content\/uploads\/IMG_4768.jpeg\",\"datePublished\":\"2018-03-24T16:44:56+00:00\",\"dateModified\":\"2018-03-28T20:49:24+00:00\",\"description\":\"CHEGOU-NOS UMA GATINHA QUE N\u00c3O TINHA \u00c2NUS, O QUE FAZIA COM QUE AS FEZES SA\u00cdSSEM PELA VAGINA. FOI SUJEITA A DUAS INTERVEN\u00c7\u00d5ES CIRURGICAS TENDO FICADO BEM.\",\"breadcrumb\":{\"@id\":\"https:\/\/vetpovoa.pt\/VP\/?page_id=3704#breadcrumb\"},\"inLanguage\":\"pt-PT\",\"potentialAction\":[{\"@type\":\"ReadAction\",\"target\":[\"https:\/\/vetpovoa.pt\/VP\/?page_id=3704\"]}]},{\"@type\":\"ImageObject\",\"inLanguage\":\"pt-PT\",\"@id\":\"https:\/\/vetpovoa.pt\/VP\/?page_id=3704#primaryimage\",\"url\":\"http:\/\/vetpovoa.pt\/VP\/wp-content\/uploads\/IMG_4768.jpeg\",\"contentUrl\":\"http:\/\/vetpovoa.pt\/VP\/wp-content\/uploads\/IMG_4768.jpeg\"},{\"@type\":\"BreadcrumbList\",\"@id\":\"https:\/\/vetpovoa.pt\/VP\/?page_id=3704#breadcrumb\",\"itemListElement\":[{\"@type\":\"ListItem\",\"position\":1,\"name\":\"In\u00edcio\",\"item\":\"https:\/\/vetpovoa.pt\/VP\/\"},{\"@type\":\"ListItem\",\"position\":2,\"name\":\"Casos Cl\u00ednicos\",\"item\":\"https:\/\/vetpovoa.pt\/VP\/?page_id=3700\"},{\"@type\":\"ListItem\",\"position\":3,\"name\":\"Atr\u00e9sia Anal Completa\"}]},{\"@type\":\"WebSite\",\"@id\":\"https:\/\/vetpovoa.pt\/VP\/#website\",\"url\":\"https:\/\/vetpovoa.pt\/VP\/\",\"name\":\"Vet P\u00f3voa - Cl\u00ednica Veterin\u00e1ria Coimbra\",\"description\":\"Cl\u00ednica Veterin\u00e1ria Coimbra\",\"potentialAction\":[{\"@type\":\"SearchAction\",\"target\":{\"@type\":\"EntryPoint\",\"urlTemplate\":\"https:\/\/vetpovoa.pt\/VP\/?s={search_term_string}\"},\"query-input\":{\"@type\":\"PropertyValueSpecification\",\"valueRequired\":true,\"valueName\":\"search_term_string\"}}],\"inLanguage\":\"pt-PT\"}]}<\/script>\n<!-- \/ Yoast SEO plugin. -->","yoast_head_json":{"title":"Atr\u00e9sia Anal Completa - Vet P\u00f3voa - Cl\u00ednica Veterin\u00e1ria Coimbra","description":"CHEGOU-NOS UMA GATINHA QUE N\u00c3O TINHA \u00c2NUS, O QUE FAZIA COM QUE AS FEZES SA\u00cdSSEM PELA VAGINA. FOI SUJEITA A DUAS INTERVEN\u00c7\u00d5ES CIRURGICAS TENDO FICADO BEM.","robots":{"index":"index","follow":"follow","max-snippet":"max-snippet:-1","max-image-preview":"max-image-preview:large","max-video-preview":"max-video-preview:-1"},"canonical":"https:\/\/vetpovoa.pt\/VP\/?page_id=3704","og_locale":"pt_PT","og_type":"article","og_title":"Atr\u00e9sia Anal Completa - Vet P\u00f3voa - Cl\u00ednica Veterin\u00e1ria Coimbra","og_description":"CHEGOU-NOS UMA GATINHA QUE N\u00c3O TINHA \u00c2NUS, O QUE FAZIA COM QUE AS FEZES SA\u00cdSSEM PELA VAGINA. FOI SUJEITA A DUAS INTERVEN\u00c7\u00d5ES CIRURGICAS TENDO FICADO BEM.","og_url":"https:\/\/vetpovoa.pt\/VP\/?page_id=3704","og_site_name":"Vet P\u00f3voa - Cl\u00ednica Veterin\u00e1ria Coimbra","article_modified_time":"2018-03-28T20:49:24+00:00","og_image":[{"width":480,"height":640,"url":"https:\/\/vetpovoa.pt\/VP\/wp-content\/uploads\/IMG_4768.jpeg","type":"image\/jpeg"}],"twitter_card":"summary_large_image","twitter_misc":{"Tempo estimado de leitura":"1 minuto"},"schema":{"@context":"https:\/\/schema.org","@graph":[{"@type":"WebPage","@id":"https:\/\/vetpovoa.pt\/VP\/?page_id=3704","url":"https:\/\/vetpovoa.pt\/VP\/?page_id=3704","name":"Atr\u00e9sia Anal Completa - Vet P\u00f3voa - Cl\u00ednica Veterin\u00e1ria Coimbra","isPartOf":{"@id":"https:\/\/vetpovoa.pt\/VP\/#website"},"primaryImageOfPage":{"@id":"https:\/\/vetpovoa.pt\/VP\/?page_id=3704#primaryimage"},"image":{"@id":"https:\/\/vetpovoa.pt\/VP\/?page_id=3704#primaryimage"},"thumbnailUrl":"http:\/\/vetpovoa.pt\/VP\/wp-content\/uploads\/IMG_4768.jpeg","datePublished":"2018-03-24T16:44:56+00:00","dateModified":"2018-03-28T20:49:24+00:00","description":"CHEGOU-NOS UMA GATINHA QUE N\u00c3O TINHA \u00c2NUS, O QUE FAZIA COM QUE AS FEZES SA\u00cdSSEM PELA VAGINA. FOI SUJEITA A DUAS INTERVEN\u00c7\u00d5ES CIRURGICAS TENDO FICADO BEM.","breadcrumb":{"@id":"https:\/\/vetpovoa.pt\/VP\/?page_id=3704#breadcrumb"},"inLanguage":"pt-PT","potentialAction":[{"@type":"ReadAction","target":["https:\/\/vetpovoa.pt\/VP\/?page_id=3704"]}]},{"@type":"ImageObject","inLanguage":"pt-PT","@id":"https:\/\/vetpovoa.pt\/VP\/?page_id=3704#primaryimage","url":"http:\/\/vetpovoa.pt\/VP\/wp-content\/uploads\/IMG_4768.jpeg","contentUrl":"http:\/\/vetpovoa.pt\/VP\/wp-content\/uploads\/IMG_4768.jpeg"},{"@type":"BreadcrumbList","@id":"https:\/\/vetpovoa.pt\/VP\/?page_id=3704#breadcrumb","itemListElement":[{"@type":"ListItem","position":1,"name":"In\u00edcio","item":"https:\/\/vetpovoa.pt\/VP\/"},{"@type":"ListItem","position":2,"name":"Casos Cl\u00ednicos","item":"https:\/\/vetpovoa.pt\/VP\/?page_id=3700"},{"@type":"ListItem","position":3,"name":"Atr\u00e9sia Anal Completa"}]},{"@type":"WebSite","@id":"https:\/\/vetpovoa.pt\/VP\/#website","url":"https:\/\/vetpovoa.pt\/VP\/","name":"Vet P\u00f3voa - Cl\u00ednica Veterin\u00e1ria Coimbra","description":"Cl\u00ednica Veterin\u00e1ria Coimbra","potentialAction":[{"@type":"SearchAction","target":{"@type":"EntryPoint","urlTemplate":"https:\/\/vetpovoa.pt\/VP\/?s={search_term_string}"},"query-input":{"@type":"PropertyValueSpecification","valueRequired":true,"valueName":"search_term_string"}}],"inLanguage":"pt-PT"}]}},"_links":{"self":[{"href":"https:\/\/vetpovoa.pt\/VP\/index.php?rest_route=\/wp\/v2\/pages\/3704","targetHints":{"allow":["GET"]}}],"collection":[{"href":"https:\/\/vetpovoa.pt\/VP\/index.php?rest_route=\/wp\/v2\/pages"}],"about":[{"href":"https:\/\/vetpovoa.pt\/VP\/index.php?rest_route=\/wp\/v2\/types\/page"}],"author":[{"embeddable":true,"href":"https:\/\/vetpovoa.pt\/VP\/index.php?rest_route=\/wp\/v2\/users\/1"}],"replies":[{"embeddable":true,"href":"https:\/\/vetpovoa.pt\/VP\/index.php?rest_route=%2Fwp%2Fv2%2Fcomments&post=3704"}],"version-history":[{"count":7,"href":"https:\/\/vetpovoa.pt\/VP\/index.php?rest_route=\/wp\/v2\/pages\/3704\/revisions"}],"predecessor-version":[{"id":3716,"href":"https:\/\/vetpovoa.pt\/VP\/index.php?rest_route=\/wp\/v2\/pages\/3704\/revisions\/3716"}],"up":[{"embeddable":true,"href":"https:\/\/vetpovoa.pt\/VP\/index.php?rest_route=\/wp\/v2\/pages\/3700"}],"wp:attachment":[{"href":"https:\/\/vetpovoa.pt\/VP\/index.php?rest_route=%2Fwp%2Fv2%2Fmedia&parent=3704"}],"curies":[{"name":"wp","href":"https:\/\/api.w.org\/{rel}","templated":true}]}}