{"id":3724,"date":"2018-04-21T03:34:13","date_gmt":"2018-04-21T03:34:13","guid":{"rendered":"http:\/\/vetpovoa.pt\/VP\/?page_id=3724"},"modified":"2018-04-21T03:34:13","modified_gmt":"2018-04-21T03:34:13","slug":"tumor-cardiaco-da-n","status":"publish","type":"page","link":"https:\/\/vetpovoa.pt\/VP\/?page_id=3724","title":{"rendered":"Tumor Cardiaco da N."},"content":{"rendered":"<p>A N. \u00e9 uma senhora cadela, muito simp\u00e1tica, com uma idade muito bonita e nossa cliente h\u00e1 muitos, muitos anos.<\/p>\n<p>Chegou \u00e0 Vet P\u00f3voa com sinais de insufici\u00eancia cardiaca congestiva, ou seja o cora\u00e7\u00e3o tinha deixado de conseguir bombear corretamente o sangue pelo complexo sistema circulat\u00f3rio.<\/p>\n<p><img loading=\"lazy\" decoding=\"async\" class=\"aligncenter size-full wp-image-3725\" src=\"http:\/\/vetpovoa.pt\/VP\/wp-content\/uploads\/Corac\u0327a\u0303o.jpeg\" alt=\"\" width=\"300\" height=\"168\" \/><\/p>\n<p>Esta situa\u00e7\u00e3o causa uma diminui\u00e7\u00e3o do movimento sangu\u00edneo e a consequente sa\u00edda de liquido para o exterior dos vasos sangu\u00edneos, acumulando-se em cavidades como o abd\u00f3men, ou at\u00e9 mesmo debaixo da pele.<\/p>\n<p>Ap\u00f3s alguns exames simples diagnostic\u00e1mos um tamponamento cardiaco.<\/p>\n<p><strong>O CORA\u00c7\u00c3O DA N. ESTAVA RODEADO POR LIQUIDO, QUE AO EXERCER UM EXCESSO DE PRESS\u00c3O, O IMPEDIA DE FUNCIONAR CORRETAMENTE.<\/strong><\/p>\n<p>Ap\u00f3s discutir as v\u00e1rias op\u00e7\u00f5es com os seus fant\u00e1sticos tutores, opt\u00e1mos por realizar uma toracoscopia para visualiza\u00e7\u00e3o direta do cora\u00e7\u00e3o que nos levou ao diagn\u00f3stico definitivo.<\/p>\n<p><strong>INFELIZMENTE DIAGNOSTIC\u00c1MOS UM TUMOR CARDIACO MALIGO, NO ENTANTO CONSEGUIMOS IMPEDIR DE FORMA PERMANENTE QUE SE VOLTE A ACUMULAR L\u00cdQUIDO \u00c0 VOLTA DO CORA\u00c7\u00c3O.<\/strong><\/p>\n<p>Podem ver o video do procedimento em:<\/p>\n<p><a href=\"https:\/\/www.youtube.com\/watch?v=UN7Pck0jnbM&amp;feature=youtu.be\" target=\"_blank\" rel=\"noopener\">Pericardiectomia por Toracoscopia<\/a><\/p>\n<p>A N. est\u00e1 a recuperar muit\u00edssimo bem para grande alegria de todos.<\/p>\n","protected":false},"excerpt":{"rendered":"<p>A N. \u00e9 uma senhora cadela, muito simp\u00e1tica, com uma idade muito bonita e nossa cliente h\u00e1 muitos, muitos anos. Chegou \u00e0 Vet P\u00f3voa com&hellip; <a href=\"https:\/\/vetpovoa.pt\/VP\/?page_id=3724\" class=\"post-excerpt-readmore\"><\/a><\/p>\n","protected":false},"author":1,"featured_media":0,"parent":0,"menu_order":0,"comment_status":"closed","ping_status":"closed","template":"","meta":{"footnotes":""},"class_list":["post-3724","page","type-page","status-publish","hentry"],"yoast_head":"<!-- This site is optimized with the Yoast SEO plugin v24.5 - https:\/\/yoast.com\/wordpress\/plugins\/seo\/ -->\n<title>Tumor Cardiaco da N. - Vet P\u00f3voa - Cl\u00ednica Veterin\u00e1ria Coimbra<\/title>\n<meta name=\"robots\" content=\"index, follow, max-snippet:-1, max-image-preview:large, max-video-preview:-1\" \/>\n<link rel=\"canonical\" href=\"https:\/\/vetpovoa.pt\/VP\/?page_id=3724\" \/>\n<meta property=\"og:locale\" content=\"pt_PT\" \/>\n<meta property=\"og:type\" content=\"article\" \/>\n<meta property=\"og:title\" content=\"Tumor Cardiaco da N. - Vet P\u00f3voa - Cl\u00ednica Veterin\u00e1ria Coimbra\" \/>\n<meta property=\"og:description\" content=\"A N. \u00e9 uma senhora cadela, muito simp\u00e1tica, com uma idade muito bonita e nossa cliente h\u00e1 muitos, muitos anos. Chegou \u00e0 Vet P\u00f3voa com&hellip;\" \/>\n<meta property=\"og:url\" content=\"https:\/\/vetpovoa.pt\/VP\/?page_id=3724\" \/>\n<meta property=\"og:site_name\" content=\"Vet P\u00f3voa - Cl\u00ednica Veterin\u00e1ria Coimbra\" \/>\n<meta name=\"twitter:card\" content=\"summary_large_image\" \/>\n<meta name=\"twitter:label1\" content=\"Tempo estimado de leitura\" \/>\n\t<meta name=\"twitter:data1\" content=\"1 minuto\" \/>\n<script type=\"application\/ld+json\" class=\"yoast-schema-graph\">{\"@context\":\"https:\/\/schema.org\",\"@graph\":[{\"@type\":\"WebPage\",\"@id\":\"https:\/\/vetpovoa.pt\/VP\/?page_id=3724\",\"url\":\"https:\/\/vetpovoa.pt\/VP\/?page_id=3724\",\"name\":\"Tumor Cardiaco da N. - Vet P\u00f3voa - Cl\u00ednica Veterin\u00e1ria Coimbra\",\"isPartOf\":{\"@id\":\"https:\/\/vetpovoa.pt\/VP\/#website\"},\"datePublished\":\"2018-04-21T03:34:13+00:00\",\"breadcrumb\":{\"@id\":\"https:\/\/vetpovoa.pt\/VP\/?page_id=3724#breadcrumb\"},\"inLanguage\":\"pt-PT\",\"potentialAction\":[{\"@type\":\"ReadAction\",\"target\":[\"https:\/\/vetpovoa.pt\/VP\/?page_id=3724\"]}]},{\"@type\":\"BreadcrumbList\",\"@id\":\"https:\/\/vetpovoa.pt\/VP\/?page_id=3724#breadcrumb\",\"itemListElement\":[{\"@type\":\"ListItem\",\"position\":1,\"name\":\"In\u00edcio\",\"item\":\"https:\/\/vetpovoa.pt\/VP\/\"},{\"@type\":\"ListItem\",\"position\":2,\"name\":\"Tumor Cardiaco da N.\"}]},{\"@type\":\"WebSite\",\"@id\":\"https:\/\/vetpovoa.pt\/VP\/#website\",\"url\":\"https:\/\/vetpovoa.pt\/VP\/\",\"name\":\"Vet P\u00f3voa - Cl\u00ednica Veterin\u00e1ria Coimbra\",\"description\":\"Cl\u00ednica Veterin\u00e1ria Coimbra\",\"potentialAction\":[{\"@type\":\"SearchAction\",\"target\":{\"@type\":\"EntryPoint\",\"urlTemplate\":\"https:\/\/vetpovoa.pt\/VP\/?s={search_term_string}\"},\"query-input\":{\"@type\":\"PropertyValueSpecification\",\"valueRequired\":true,\"valueName\":\"search_term_string\"}}],\"inLanguage\":\"pt-PT\"}]}<\/script>\n<!-- \/ Yoast SEO plugin. -->","yoast_head_json":{"title":"Tumor Cardiaco da N. - Vet P\u00f3voa - Cl\u00ednica Veterin\u00e1ria Coimbra","robots":{"index":"index","follow":"follow","max-snippet":"max-snippet:-1","max-image-preview":"max-image-preview:large","max-video-preview":"max-video-preview:-1"},"canonical":"https:\/\/vetpovoa.pt\/VP\/?page_id=3724","og_locale":"pt_PT","og_type":"article","og_title":"Tumor Cardiaco da N. - Vet P\u00f3voa - Cl\u00ednica Veterin\u00e1ria Coimbra","og_description":"A N. \u00e9 uma senhora cadela, muito simp\u00e1tica, com uma idade muito bonita e nossa cliente h\u00e1 muitos, muitos anos. Chegou \u00e0 Vet P\u00f3voa com&hellip;","og_url":"https:\/\/vetpovoa.pt\/VP\/?page_id=3724","og_site_name":"Vet P\u00f3voa - Cl\u00ednica Veterin\u00e1ria Coimbra","twitter_card":"summary_large_image","twitter_misc":{"Tempo estimado de leitura":"1 minuto"},"schema":{"@context":"https:\/\/schema.org","@graph":[{"@type":"WebPage","@id":"https:\/\/vetpovoa.pt\/VP\/?page_id=3724","url":"https:\/\/vetpovoa.pt\/VP\/?page_id=3724","name":"Tumor Cardiaco da N. - Vet P\u00f3voa - Cl\u00ednica Veterin\u00e1ria Coimbra","isPartOf":{"@id":"https:\/\/vetpovoa.pt\/VP\/#website"},"datePublished":"2018-04-21T03:34:13+00:00","breadcrumb":{"@id":"https:\/\/vetpovoa.pt\/VP\/?page_id=3724#breadcrumb"},"inLanguage":"pt-PT","potentialAction":[{"@type":"ReadAction","target":["https:\/\/vetpovoa.pt\/VP\/?page_id=3724"]}]},{"@type":"BreadcrumbList","@id":"https:\/\/vetpovoa.pt\/VP\/?page_id=3724#breadcrumb","itemListElement":[{"@type":"ListItem","position":1,"name":"In\u00edcio","item":"https:\/\/vetpovoa.pt\/VP\/"},{"@type":"ListItem","position":2,"name":"Tumor Cardiaco da N."}]},{"@type":"WebSite","@id":"https:\/\/vetpovoa.pt\/VP\/#website","url":"https:\/\/vetpovoa.pt\/VP\/","name":"Vet P\u00f3voa - Cl\u00ednica Veterin\u00e1ria Coimbra","description":"Cl\u00ednica Veterin\u00e1ria Coimbra","potentialAction":[{"@type":"SearchAction","target":{"@type":"EntryPoint","urlTemplate":"https:\/\/vetpovoa.pt\/VP\/?s={search_term_string}"},"query-input":{"@type":"PropertyValueSpecification","valueRequired":true,"valueName":"search_term_string"}}],"inLanguage":"pt-PT"}]}},"_links":{"self":[{"href":"https:\/\/vetpovoa.pt\/VP\/index.php?rest_route=\/wp\/v2\/pages\/3724","targetHints":{"allow":["GET"]}}],"collection":[{"href":"https:\/\/vetpovoa.pt\/VP\/index.php?rest_route=\/wp\/v2\/pages"}],"about":[{"href":"https:\/\/vetpovoa.pt\/VP\/index.php?rest_route=\/wp\/v2\/types\/page"}],"author":[{"embeddable":true,"href":"https:\/\/vetpovoa.pt\/VP\/index.php?rest_route=\/wp\/v2\/users\/1"}],"replies":[{"embeddable":true,"href":"https:\/\/vetpovoa.pt\/VP\/index.php?rest_route=%2Fwp%2Fv2%2Fcomments&post=3724"}],"version-history":[{"count":1,"href":"https:\/\/vetpovoa.pt\/VP\/index.php?rest_route=\/wp\/v2\/pages\/3724\/revisions"}],"predecessor-version":[{"id":3727,"href":"https:\/\/vetpovoa.pt\/VP\/index.php?rest_route=\/wp\/v2\/pages\/3724\/revisions\/3727"}],"wp:attachment":[{"href":"https:\/\/vetpovoa.pt\/VP\/index.php?rest_route=%2Fwp%2Fv2%2Fmedia&parent=3724"}],"curies":[{"name":"wp","href":"https:\/\/api.w.org\/{rel}","templated":true}]}}