{"id":3729,"date":"2018-06-19T11:48:34","date_gmt":"2018-06-19T11:48:34","guid":{"rendered":"http:\/\/vetpovoa.pt\/VP\/?page_id=3729"},"modified":"2018-06-19T11:48:34","modified_gmt":"2018-06-19T11:48:34","slug":"rutura-ligamento-cruzado-caso-tplo","status":"publish","type":"page","link":"https:\/\/vetpovoa.pt\/VP\/?page_id=3729","title":{"rendered":"Rutura de Ligamento Cruzado &#8211; Caso de TPLO"},"content":{"rendered":"<p>A Rutura de Ligamento Cruzado \u00e9 uma condi\u00e7\u00e3o cl\u00ednica em que, num movimento repentino, os ligamentos principais do joelho (essencialmente o Lig. Cruzado Anterior) rompem, deixando de realizar a sua fun\u00e7\u00e3o.<\/p>\n<p>Esta situa\u00e7\u00e3o causa instabilidade articular e ao longo do tempo desenvolve-se um processo de artrose que \u00e9 irrevers\u00edvel.<\/p>\n<p>Os c\u00e3es de grande porte s\u00e3o predispostos a esta patologia, e tem sido estudada predisposi\u00e7\u00e3o gen\u00e9tica em alguma ra\u00e7as como o Rottweiler.<\/p>\n<p>O diagn\u00f3stico e tratamento precoce s\u00e3o essenciais para evitar as altera\u00e7\u00f5es a m\u00e9dio prazo, pelo que qualquer claudica\u00e7\u00e3o deve ser avaliada por um m\u00e9dico veterin\u00e1rio.<\/p>\n<p>O tratamento \u00e9 diferenciado conforme as caracter\u00edsticas do c\u00e3o e as expetativas do dono. O progn\u00f3stico ap\u00f3s tratamento \u00e9 bom, desde que seja detetada atempadamente.<\/p>\n<p>Hoje apresentamos um dos casos mais complexos que tivemos relacionados com esta tem\u00e1tica.<\/p>\n<p>A Z, \u00e9 nossa cliente h\u00e1 10 anos e tem perto de 50 Kg. Foi utilizada uma das t\u00e9cnicas mais complexas (a TPLO).<\/p>\n<p>A Z j\u00e1 est\u00e1 recuperada para aproveitar os dias quentes que se avizinham.<\/p>\n<p>Veja as fotos e reveja a entrevista sobre artrose clicando no video do programa dos animais an\u00f3nimos:<\/p>\n<p><a href=\"https:\/\/www.youtube.com\/watch?v=DkYQ2mgOBko&amp;t=2s\" target=\"_blank\" rel=\"noopener\">Animais An\u00f3nimos Artrose<\/a><\/p>\n<p>&nbsp;<\/p>\n<p><img loading=\"lazy\" decoding=\"async\" class=\"aligncenter size-full wp-image-3731\" src=\"http:\/\/vetpovoa.pt\/VP\/wp-content\/uploads\/zara-0002.jpg\" alt=\"\" width=\"1760\" height=\"2140\" srcset=\"https:\/\/vetpovoa.pt\/VP\/wp-content\/uploads\/zara-0002.jpg 1760w, https:\/\/vetpovoa.pt\/VP\/wp-content\/uploads\/zara-0002-247x300.jpg 247w, https:\/\/vetpovoa.pt\/VP\/wp-content\/uploads\/zara-0002-768x934.jpg 768w, https:\/\/vetpovoa.pt\/VP\/wp-content\/uploads\/zara-0002-842x1024.jpg 842w\" sizes=\"auto, (max-width: 1760px) 100vw, 1760px\" \/><img loading=\"lazy\" decoding=\"async\" class=\"aligncenter size-full wp-image-3732\" src=\"http:\/\/vetpovoa.pt\/VP\/wp-content\/uploads\/zara-0001.jpg\" alt=\"\" width=\"1760\" height=\"2140\" srcset=\"https:\/\/vetpovoa.pt\/VP\/wp-content\/uploads\/zara-0001.jpg 1760w, https:\/\/vetpovoa.pt\/VP\/wp-content\/uploads\/zara-0001-247x300.jpg 247w, https:\/\/vetpovoa.pt\/VP\/wp-content\/uploads\/zara-0001-768x934.jpg 768w, https:\/\/vetpovoa.pt\/VP\/wp-content\/uploads\/zara-0001-842x1024.jpg 842w\" sizes=\"auto, (max-width: 1760px) 100vw, 1760px\" \/><img loading=\"lazy\" decoding=\"async\" class=\"aligncenter size-full wp-image-3730\" src=\"http:\/\/vetpovoa.pt\/VP\/wp-content\/uploads\/zara-0000.jpg\" alt=\"\" width=\"1576\" height=\"1976\" srcset=\"https:\/\/vetpovoa.pt\/VP\/wp-content\/uploads\/zara-0000.jpg 1576w, https:\/\/vetpovoa.pt\/VP\/wp-content\/uploads\/zara-0000-239x300.jpg 239w, https:\/\/vetpovoa.pt\/VP\/wp-content\/uploads\/zara-0000-768x963.jpg 768w, https:\/\/vetpovoa.pt\/VP\/wp-content\/uploads\/zara-0000-817x1024.jpg 817w\" sizes=\"auto, (max-width: 1576px) 100vw, 1576px\" \/><\/p>\n","protected":false},"excerpt":{"rendered":"<p>A Rutura de Ligamento Cruzado \u00e9 uma condi\u00e7\u00e3o cl\u00ednica em que, num movimento repentino, os ligamentos principais do joelho (essencialmente o Lig. Cruzado Anterior) rompem,&hellip; <a href=\"https:\/\/vetpovoa.pt\/VP\/?page_id=3729\" class=\"post-excerpt-readmore\"><\/a><\/p>\n","protected":false},"author":1,"featured_media":3731,"parent":0,"menu_order":0,"comment_status":"closed","ping_status":"closed","template":"","meta":{"footnotes":""},"class_list":["post-3729","page","type-page","status-publish","has-post-thumbnail","hentry"],"yoast_head":"<!-- This site is optimized with the Yoast SEO plugin v24.5 - https:\/\/yoast.com\/wordpress\/plugins\/seo\/ -->\n<title>Rutura de Ligamento Cruzado - Caso de TPLO - Vet P\u00f3voa - Cl\u00ednica Veterin\u00e1ria Coimbra<\/title>\n<meta name=\"description\" content=\"Aproveitamos a \u00e9poca do Mundial de Futebol para mostrar a utiliza\u00e7\u00e3o da t\u00e9cnica TPLO num caso especial de Rotura de Ligamento Cruzado.\" \/>\n<meta name=\"robots\" content=\"index, follow, max-snippet:-1, max-image-preview:large, max-video-preview:-1\" \/>\n<link rel=\"canonical\" href=\"https:\/\/vetpovoa.pt\/VP\/?page_id=3729\" \/>\n<meta property=\"og:locale\" content=\"pt_PT\" \/>\n<meta property=\"og:type\" content=\"article\" \/>\n<meta property=\"og:title\" content=\"Rutura de Ligamento Cruzado - Caso de TPLO - Vet P\u00f3voa - Cl\u00ednica Veterin\u00e1ria Coimbra\" \/>\n<meta property=\"og:description\" content=\"Aproveitamos a \u00e9poca do Mundial de Futebol para mostrar a utiliza\u00e7\u00e3o da t\u00e9cnica TPLO num caso especial de Rotura de Ligamento Cruzado.\" \/>\n<meta property=\"og:url\" content=\"https:\/\/vetpovoa.pt\/VP\/?page_id=3729\" \/>\n<meta property=\"og:site_name\" content=\"Vet P\u00f3voa - Cl\u00ednica Veterin\u00e1ria Coimbra\" \/>\n<meta property=\"og:image\" content=\"https:\/\/vetpovoa.pt\/VP\/wp-content\/uploads\/zara-0002.jpg\" \/>\n\t<meta property=\"og:image:width\" content=\"1760\" \/>\n\t<meta property=\"og:image:height\" content=\"2140\" \/>\n\t<meta property=\"og:image:type\" content=\"image\/jpeg\" \/>\n<meta name=\"twitter:card\" content=\"summary_large_image\" \/>\n<meta name=\"twitter:label1\" content=\"Tempo estimado de leitura\" \/>\n\t<meta name=\"twitter:data1\" content=\"1 minuto\" \/>\n<script type=\"application\/ld+json\" class=\"yoast-schema-graph\">{\"@context\":\"https:\/\/schema.org\",\"@graph\":[{\"@type\":\"WebPage\",\"@id\":\"https:\/\/vetpovoa.pt\/VP\/?page_id=3729\",\"url\":\"https:\/\/vetpovoa.pt\/VP\/?page_id=3729\",\"name\":\"Rutura de Ligamento Cruzado - Caso de TPLO - Vet P\u00f3voa - Cl\u00ednica Veterin\u00e1ria Coimbra\",\"isPartOf\":{\"@id\":\"https:\/\/vetpovoa.pt\/VP\/#website\"},\"primaryImageOfPage\":{\"@id\":\"https:\/\/vetpovoa.pt\/VP\/?page_id=3729#primaryimage\"},\"image\":{\"@id\":\"https:\/\/vetpovoa.pt\/VP\/?page_id=3729#primaryimage\"},\"thumbnailUrl\":\"https:\/\/vetpovoa.pt\/VP\/wp-content\/uploads\/zara-0002.jpg\",\"datePublished\":\"2018-06-19T11:48:34+00:00\",\"description\":\"Aproveitamos a \u00e9poca do Mundial de Futebol para mostrar a utiliza\u00e7\u00e3o da t\u00e9cnica TPLO num caso especial de Rotura de Ligamento Cruzado.\",\"breadcrumb\":{\"@id\":\"https:\/\/vetpovoa.pt\/VP\/?page_id=3729#breadcrumb\"},\"inLanguage\":\"pt-PT\",\"potentialAction\":[{\"@type\":\"ReadAction\",\"target\":[\"https:\/\/vetpovoa.pt\/VP\/?page_id=3729\"]}]},{\"@type\":\"ImageObject\",\"inLanguage\":\"pt-PT\",\"@id\":\"https:\/\/vetpovoa.pt\/VP\/?page_id=3729#primaryimage\",\"url\":\"https:\/\/vetpovoa.pt\/VP\/wp-content\/uploads\/zara-0002.jpg\",\"contentUrl\":\"https:\/\/vetpovoa.pt\/VP\/wp-content\/uploads\/zara-0002.jpg\",\"width\":1760,\"height\":2140},{\"@type\":\"BreadcrumbList\",\"@id\":\"https:\/\/vetpovoa.pt\/VP\/?page_id=3729#breadcrumb\",\"itemListElement\":[{\"@type\":\"ListItem\",\"position\":1,\"name\":\"In\u00edcio\",\"item\":\"https:\/\/vetpovoa.pt\/VP\/\"},{\"@type\":\"ListItem\",\"position\":2,\"name\":\"Rutura de Ligamento Cruzado &#8211; Caso de TPLO\"}]},{\"@type\":\"WebSite\",\"@id\":\"https:\/\/vetpovoa.pt\/VP\/#website\",\"url\":\"https:\/\/vetpovoa.pt\/VP\/\",\"name\":\"Vet P\u00f3voa - Cl\u00ednica Veterin\u00e1ria Coimbra\",\"description\":\"Cl\u00ednica Veterin\u00e1ria Coimbra\",\"potentialAction\":[{\"@type\":\"SearchAction\",\"target\":{\"@type\":\"EntryPoint\",\"urlTemplate\":\"https:\/\/vetpovoa.pt\/VP\/?s={search_term_string}\"},\"query-input\":{\"@type\":\"PropertyValueSpecification\",\"valueRequired\":true,\"valueName\":\"search_term_string\"}}],\"inLanguage\":\"pt-PT\"}]}<\/script>\n<!-- \/ Yoast SEO plugin. -->","yoast_head_json":{"title":"Rutura de Ligamento Cruzado - Caso de TPLO - Vet P\u00f3voa - Cl\u00ednica Veterin\u00e1ria Coimbra","description":"Aproveitamos a \u00e9poca do Mundial de Futebol para mostrar a utiliza\u00e7\u00e3o da t\u00e9cnica TPLO num caso especial de Rotura de Ligamento Cruzado.","robots":{"index":"index","follow":"follow","max-snippet":"max-snippet:-1","max-image-preview":"max-image-preview:large","max-video-preview":"max-video-preview:-1"},"canonical":"https:\/\/vetpovoa.pt\/VP\/?page_id=3729","og_locale":"pt_PT","og_type":"article","og_title":"Rutura de Ligamento Cruzado - Caso de TPLO - Vet P\u00f3voa - Cl\u00ednica Veterin\u00e1ria Coimbra","og_description":"Aproveitamos a \u00e9poca do Mundial de Futebol para mostrar a utiliza\u00e7\u00e3o da t\u00e9cnica TPLO num caso especial de Rotura de Ligamento Cruzado.","og_url":"https:\/\/vetpovoa.pt\/VP\/?page_id=3729","og_site_name":"Vet P\u00f3voa - Cl\u00ednica Veterin\u00e1ria Coimbra","og_image":[{"width":1760,"height":2140,"url":"https:\/\/vetpovoa.pt\/VP\/wp-content\/uploads\/zara-0002.jpg","type":"image\/jpeg"}],"twitter_card":"summary_large_image","twitter_misc":{"Tempo estimado de leitura":"1 minuto"},"schema":{"@context":"https:\/\/schema.org","@graph":[{"@type":"WebPage","@id":"https:\/\/vetpovoa.pt\/VP\/?page_id=3729","url":"https:\/\/vetpovoa.pt\/VP\/?page_id=3729","name":"Rutura de Ligamento Cruzado - Caso de TPLO - Vet P\u00f3voa - Cl\u00ednica Veterin\u00e1ria Coimbra","isPartOf":{"@id":"https:\/\/vetpovoa.pt\/VP\/#website"},"primaryImageOfPage":{"@id":"https:\/\/vetpovoa.pt\/VP\/?page_id=3729#primaryimage"},"image":{"@id":"https:\/\/vetpovoa.pt\/VP\/?page_id=3729#primaryimage"},"thumbnailUrl":"https:\/\/vetpovoa.pt\/VP\/wp-content\/uploads\/zara-0002.jpg","datePublished":"2018-06-19T11:48:34+00:00","description":"Aproveitamos a \u00e9poca do Mundial de Futebol para mostrar a utiliza\u00e7\u00e3o da t\u00e9cnica TPLO num caso especial de Rotura de Ligamento Cruzado.","breadcrumb":{"@id":"https:\/\/vetpovoa.pt\/VP\/?page_id=3729#breadcrumb"},"inLanguage":"pt-PT","potentialAction":[{"@type":"ReadAction","target":["https:\/\/vetpovoa.pt\/VP\/?page_id=3729"]}]},{"@type":"ImageObject","inLanguage":"pt-PT","@id":"https:\/\/vetpovoa.pt\/VP\/?page_id=3729#primaryimage","url":"https:\/\/vetpovoa.pt\/VP\/wp-content\/uploads\/zara-0002.jpg","contentUrl":"https:\/\/vetpovoa.pt\/VP\/wp-content\/uploads\/zara-0002.jpg","width":1760,"height":2140},{"@type":"BreadcrumbList","@id":"https:\/\/vetpovoa.pt\/VP\/?page_id=3729#breadcrumb","itemListElement":[{"@type":"ListItem","position":1,"name":"In\u00edcio","item":"https:\/\/vetpovoa.pt\/VP\/"},{"@type":"ListItem","position":2,"name":"Rutura de Ligamento Cruzado &#8211; Caso de TPLO"}]},{"@type":"WebSite","@id":"https:\/\/vetpovoa.pt\/VP\/#website","url":"https:\/\/vetpovoa.pt\/VP\/","name":"Vet P\u00f3voa - Cl\u00ednica Veterin\u00e1ria Coimbra","description":"Cl\u00ednica Veterin\u00e1ria Coimbra","potentialAction":[{"@type":"SearchAction","target":{"@type":"EntryPoint","urlTemplate":"https:\/\/vetpovoa.pt\/VP\/?s={search_term_string}"},"query-input":{"@type":"PropertyValueSpecification","valueRequired":true,"valueName":"search_term_string"}}],"inLanguage":"pt-PT"}]}},"_links":{"self":[{"href":"https:\/\/vetpovoa.pt\/VP\/index.php?rest_route=\/wp\/v2\/pages\/3729","targetHints":{"allow":["GET"]}}],"collection":[{"href":"https:\/\/vetpovoa.pt\/VP\/index.php?rest_route=\/wp\/v2\/pages"}],"about":[{"href":"https:\/\/vetpovoa.pt\/VP\/index.php?rest_route=\/wp\/v2\/types\/page"}],"author":[{"embeddable":true,"href":"https:\/\/vetpovoa.pt\/VP\/index.php?rest_route=\/wp\/v2\/users\/1"}],"replies":[{"embeddable":true,"href":"https:\/\/vetpovoa.pt\/VP\/index.php?rest_route=%2Fwp%2Fv2%2Fcomments&post=3729"}],"version-history":[{"count":2,"href":"https:\/\/vetpovoa.pt\/VP\/index.php?rest_route=\/wp\/v2\/pages\/3729\/revisions"}],"predecessor-version":[{"id":3734,"href":"https:\/\/vetpovoa.pt\/VP\/index.php?rest_route=\/wp\/v2\/pages\/3729\/revisions\/3734"}],"wp:featuredmedia":[{"embeddable":true,"href":"https:\/\/vetpovoa.pt\/VP\/index.php?rest_route=\/wp\/v2\/media\/3731"}],"wp:attachment":[{"href":"https:\/\/vetpovoa.pt\/VP\/index.php?rest_route=%2Fwp%2Fv2%2Fmedia&parent=3729"}],"curies":[{"name":"wp","href":"https:\/\/api.w.org\/{rel}","templated":true}]}}