{"id":3763,"date":"2018-11-19T23:13:31","date_gmt":"2018-11-19T23:13:31","guid":{"rendered":"https:\/\/vetpovoa.pt\/VP\/?page_id=3763"},"modified":"2019-02-15T14:19:46","modified_gmt":"2019-02-15T14:19:46","slug":"ajuda-nos-incendios","status":"publish","type":"page","link":"https:\/\/vetpovoa.pt\/VP\/?page_id=3763","title":{"rendered":"Ajuda nos Inc\u00eandios &#8211; Queimaduras Graves"},"content":{"rendered":"<p>Nos \u00faltimos anos, o m\u00eas de Outubro tem sido bastante complicado para Portugal, em particular para a zona centro do pa\u00eds.<\/p>\n<p>Este ano foi o Leslie que n\u00e3o deu descanso \u00e0 regi\u00e3o, embora, felizmente, se tenha ficado essencialmente por danos materiais.<\/p>\n<p>Mas em 2017 n\u00e3o foi bem assim&#8230; No dia 15 de Outubro, um dia extraordinariamente quente, associado a fen\u00f3menos dif\u00edceis de explicar trazia um verdadeiro inferno ao nosso pa\u00eds e \u00e0 nossa regi\u00e3o.<\/p>\n<p><img loading=\"lazy\" decoding=\"async\" class=\"aligncenter size-full wp-image-3813\" src=\"https:\/\/vetpovoa.pt\/VP\/wp-content\/uploads\/IMG_0342.jpg\" alt=\"\" width=\"800\" height=\"533\" srcset=\"https:\/\/vetpovoa.pt\/VP\/wp-content\/uploads\/IMG_0342.jpg 800w, https:\/\/vetpovoa.pt\/VP\/wp-content\/uploads\/IMG_0342-300x200.jpg 300w, https:\/\/vetpovoa.pt\/VP\/wp-content\/uploads\/IMG_0342-768x512.jpg 768w\" sizes=\"auto, (max-width: 800px) 100vw, 800px\" \/><\/p>\n<p>Nos dias seguintes come\u00e7ou uma vaga de solidariedade impressionante, ao qual a equipa da Vet P\u00f3voa e os nossos clientes n\u00e3o ficaram indiferentes. Recolhemos alimentos e outros bens necess\u00e1rios ao bem estar animal e rum\u00e1mos at\u00e9 uma das zonas mais afetadas, previamente identificada por uma das cl\u00ednicas veterin\u00e1rias nossa parceira.<\/p>\n<p><img loading=\"lazy\" decoding=\"async\" class=\"aligncenter size-full wp-image-3814\" src=\"https:\/\/vetpovoa.pt\/VP\/wp-content\/uploads\/IMG_0300.jpg\" alt=\"\" width=\"1000\" height=\"667\" srcset=\"https:\/\/vetpovoa.pt\/VP\/wp-content\/uploads\/IMG_0300.jpg 1000w, https:\/\/vetpovoa.pt\/VP\/wp-content\/uploads\/IMG_0300-300x200.jpg 300w, https:\/\/vetpovoa.pt\/VP\/wp-content\/uploads\/IMG_0300-768x512.jpg 768w\" sizes=\"auto, (max-width: 1000px) 100vw, 1000px\" \/><\/p>\n<p>Quando l\u00e1 cheg\u00e1mos havia uma mistura de desola\u00e7\u00e3o e vontade de recuperar o que o fogo tinha destru\u00eddo em poucos minutos, que em alguns casos era praticamente tudo. &#8220;O fogo passou por onde quiz, mas n\u00f3s fic\u00e1mos&#8221;, dizia-nos uma senhora com cerca de 80 anos, profundamente desolada.<\/p>\n<p><img loading=\"lazy\" decoding=\"async\" class=\"aligncenter size-full wp-image-3815\" src=\"https:\/\/vetpovoa.pt\/VP\/wp-content\/uploads\/IMG_0403.jpg\" alt=\"\" width=\"800\" height=\"534\" srcset=\"https:\/\/vetpovoa.pt\/VP\/wp-content\/uploads\/IMG_0403.jpg 800w, https:\/\/vetpovoa.pt\/VP\/wp-content\/uploads\/IMG_0403-300x200.jpg 300w, https:\/\/vetpovoa.pt\/VP\/wp-content\/uploads\/IMG_0403-768x513.jpg 768w\" sizes=\"auto, (max-width: 800px) 100vw, 800px\" \/><\/p>\n<p><img loading=\"lazy\" decoding=\"async\" class=\"aligncenter size-full wp-image-3817\" src=\"https:\/\/vetpovoa.pt\/VP\/wp-content\/uploads\/IMG_0406.jpg\" alt=\"\" width=\"800\" height=\"533\" srcset=\"https:\/\/vetpovoa.pt\/VP\/wp-content\/uploads\/IMG_0406.jpg 800w, https:\/\/vetpovoa.pt\/VP\/wp-content\/uploads\/IMG_0406-300x200.jpg 300w, https:\/\/vetpovoa.pt\/VP\/wp-content\/uploads\/IMG_0406-768x512.jpg 768w\" sizes=\"auto, (max-width: 800px) 100vw, 800px\" \/><\/p>\n<p>&nbsp;<\/p>\n<p>Junto com o pessoal da Junta de Freguesia de S\u00e3o Pedro de Alva e muitos volunt\u00e1rios seguimos estrada fora para a distribui\u00e7\u00e3o<\/p>\n<p>&nbsp;<\/p>\n<p>dos produtos de primeira necessidade, assim como de sementes e plantas para reiniciar as hortas que estavam reduzidas a cinzas.<\/p>\n<p><img loading=\"lazy\" decoding=\"async\" class=\"aligncenter size-full wp-image-3818\" src=\"https:\/\/vetpovoa.pt\/VP\/wp-content\/uploads\/IMG_0379.jpg\" alt=\"\" width=\"1000\" height=\"667\" srcset=\"https:\/\/vetpovoa.pt\/VP\/wp-content\/uploads\/IMG_0379.jpg 1000w, https:\/\/vetpovoa.pt\/VP\/wp-content\/uploads\/IMG_0379-300x200.jpg 300w, https:\/\/vetpovoa.pt\/VP\/wp-content\/uploads\/IMG_0379-768x512.jpg 768w\" sizes=\"auto, (max-width: 1000px) 100vw, 1000px\" \/><\/p>\n<p>Pelo caminho encontr\u00e1mos alguns patudos em dificuldades, alguns com extensas les\u00f5es causadas pelo inc\u00eandio, nomeadamente queimaduras nas almofadas plantares de dif\u00edcil tratamento. Tivemos de utilizar desbridamentos cir\u00fargicos, antibi\u00f3ticos, controlo de dor, pomadas cicatrizantes, e muito carinho durante algumas semanas, de forma a promover a recupera\u00e7\u00e3o e devolu\u00e7\u00e3o dos patudos aos seus tutores, perfeitamente saud\u00e1veis.<\/p>\n<p>&nbsp;<\/p>\n<p><img loading=\"lazy\" decoding=\"async\" class=\"aligncenter size-full wp-image-3819\" src=\"https:\/\/vetpovoa.pt\/VP\/wp-content\/uploads\/IMG_0391.jpg\" alt=\"\" width=\"800\" height=\"533\" srcset=\"https:\/\/vetpovoa.pt\/VP\/wp-content\/uploads\/IMG_0391.jpg 800w, https:\/\/vetpovoa.pt\/VP\/wp-content\/uploads\/IMG_0391-300x200.jpg 300w, https:\/\/vetpovoa.pt\/VP\/wp-content\/uploads\/IMG_0391-768x512.jpg 768w\" sizes=\"auto, (max-width: 800px) 100vw, 800px\" \/><img loading=\"lazy\" decoding=\"async\" class=\"aligncenter size-full wp-image-3820\" src=\"https:\/\/vetpovoa.pt\/VP\/wp-content\/uploads\/IMG_0408.jpg\" alt=\"\" width=\"800\" height=\"533\" srcset=\"https:\/\/vetpovoa.pt\/VP\/wp-content\/uploads\/IMG_0408.jpg 800w, https:\/\/vetpovoa.pt\/VP\/wp-content\/uploads\/IMG_0408-300x200.jpg 300w, https:\/\/vetpovoa.pt\/VP\/wp-content\/uploads\/IMG_0408-768x512.jpg 768w\" sizes=\"auto, (max-width: 800px) 100vw, 800px\" \/><\/p>\n<p><img loading=\"lazy\" decoding=\"async\" class=\"aligncenter size-full wp-image-3777\" src=\"https:\/\/vetpovoa.pt\/VP\/wp-content\/uploads\/IMG_0439.jpeg\" alt=\"\" width=\"640\" height=\"427\" srcset=\"https:\/\/vetpovoa.pt\/VP\/wp-content\/uploads\/IMG_0439.jpeg 640w, https:\/\/vetpovoa.pt\/VP\/wp-content\/uploads\/IMG_0439-300x200.jpeg 300w\" sizes=\"auto, (max-width: 640px) 100vw, 640px\" \/><\/p>\n<p>Assim, no dia em que faz precisamente um ano do \u00faltimo animal entregue \u00e0queles que j\u00e1 tinham perdido tanto, gostar\u00edamos de agradecer aos clientes que fizeram donativos para esta causa, tornando esta miss\u00e3o poss\u00edvel.<\/p>\n<p><img loading=\"lazy\" decoding=\"async\" class=\"aligncenter size-full wp-image-3778\" src=\"https:\/\/vetpovoa.pt\/VP\/wp-content\/uploads\/IMG_5434-1.jpeg\" alt=\"\" width=\"640\" height=\"480\" \/><\/p>\n<p>A todos um Muito Obrigado!<\/p>\n","protected":false},"excerpt":{"rendered":"<p>Nos \u00faltimos anos, o m\u00eas de Outubro tem sido bastante complicado para Portugal, em particular para a zona centro do pa\u00eds. Este ano foi o&hellip; <a href=\"https:\/\/vetpovoa.pt\/VP\/?page_id=3763\" class=\"post-excerpt-readmore\"><\/a><\/p>\n","protected":false},"author":1,"featured_media":0,"parent":0,"menu_order":0,"comment_status":"closed","ping_status":"closed","template":"","meta":{"footnotes":""},"class_list":["post-3763","page","type-page","status-publish","hentry"],"yoast_head":"<!-- This site is optimized with the Yoast SEO plugin v24.5 - https:\/\/yoast.com\/wordpress\/plugins\/seo\/ -->\n<title>Ajuda nos Inc\u00eandios - A Equipa da Vet P\u00f3voa deslocou-se a uma das regi\u00f5es mais afetadas.<\/title>\n<meta name=\"description\" content=\"A Vet P\u00f3voa deslocou-se a uma das regi\u00f5es afetadas pelos inc\u00eandios para distribuir os bens recolhidos e ajudar nos patudos afetados pelo fogo.\" \/>\n<meta name=\"robots\" content=\"index, follow, max-snippet:-1, max-image-preview:large, max-video-preview:-1\" \/>\n<link rel=\"canonical\" href=\"https:\/\/vetpovoa.pt\/VP\/?page_id=3763\" \/>\n<meta property=\"og:locale\" content=\"pt_PT\" \/>\n<meta property=\"og:type\" content=\"article\" \/>\n<meta property=\"og:title\" content=\"Ajuda nos Inc\u00eandios - A Equipa da Vet P\u00f3voa deslocou-se a uma das regi\u00f5es mais afetadas.\" \/>\n<meta property=\"og:description\" content=\"A Vet P\u00f3voa deslocou-se a uma das regi\u00f5es afetadas pelos inc\u00eandios para distribuir os bens recolhidos e ajudar nos patudos afetados pelo fogo.\" \/>\n<meta property=\"og:url\" content=\"https:\/\/vetpovoa.pt\/VP\/?page_id=3763\" \/>\n<meta property=\"og:site_name\" content=\"Vet P\u00f3voa - Cl\u00ednica Veterin\u00e1ria Coimbra\" \/>\n<meta property=\"article:modified_time\" content=\"2019-02-15T14:19:46+00:00\" \/>\n<meta property=\"og:image\" content=\"https:\/\/vetpovoa.pt\/VP\/wp-content\/uploads\/IMG_0342.jpg\" \/>\n\t<meta property=\"og:image:width\" content=\"800\" \/>\n\t<meta property=\"og:image:height\" content=\"533\" \/>\n\t<meta property=\"og:image:type\" content=\"image\/jpeg\" \/>\n<meta name=\"twitter:card\" content=\"summary_large_image\" \/>\n<meta name=\"twitter:label1\" content=\"Tempo estimado de leitura\" \/>\n\t<meta name=\"twitter:data1\" content=\"2 minutos\" \/>\n<script type=\"application\/ld+json\" class=\"yoast-schema-graph\">{\"@context\":\"https:\/\/schema.org\",\"@graph\":[{\"@type\":\"WebPage\",\"@id\":\"https:\/\/vetpovoa.pt\/VP\/?page_id=3763\",\"url\":\"https:\/\/vetpovoa.pt\/VP\/?page_id=3763\",\"name\":\"Ajuda nos Inc\u00eandios - A Equipa da Vet P\u00f3voa deslocou-se a uma das regi\u00f5es mais afetadas.\",\"isPartOf\":{\"@id\":\"https:\/\/vetpovoa.pt\/VP\/#website\"},\"primaryImageOfPage\":{\"@id\":\"https:\/\/vetpovoa.pt\/VP\/?page_id=3763#primaryimage\"},\"image\":{\"@id\":\"https:\/\/vetpovoa.pt\/VP\/?page_id=3763#primaryimage\"},\"thumbnailUrl\":\"https:\/\/vetpovoa.pt\/VP\/wp-content\/uploads\/IMG_0342.jpg\",\"datePublished\":\"2018-11-19T23:13:31+00:00\",\"dateModified\":\"2019-02-15T14:19:46+00:00\",\"description\":\"A Vet P\u00f3voa deslocou-se a uma das regi\u00f5es afetadas pelos inc\u00eandios para distribuir os bens recolhidos e ajudar nos patudos afetados pelo fogo.\",\"breadcrumb\":{\"@id\":\"https:\/\/vetpovoa.pt\/VP\/?page_id=3763#breadcrumb\"},\"inLanguage\":\"pt-PT\",\"potentialAction\":[{\"@type\":\"ReadAction\",\"target\":[\"https:\/\/vetpovoa.pt\/VP\/?page_id=3763\"]}]},{\"@type\":\"ImageObject\",\"inLanguage\":\"pt-PT\",\"@id\":\"https:\/\/vetpovoa.pt\/VP\/?page_id=3763#primaryimage\",\"url\":\"https:\/\/vetpovoa.pt\/VP\/wp-content\/uploads\/IMG_0342.jpg\",\"contentUrl\":\"https:\/\/vetpovoa.pt\/VP\/wp-content\/uploads\/IMG_0342.jpg\",\"width\":800,\"height\":533},{\"@type\":\"BreadcrumbList\",\"@id\":\"https:\/\/vetpovoa.pt\/VP\/?page_id=3763#breadcrumb\",\"itemListElement\":[{\"@type\":\"ListItem\",\"position\":1,\"name\":\"In\u00edcio\",\"item\":\"https:\/\/vetpovoa.pt\/VP\/\"},{\"@type\":\"ListItem\",\"position\":2,\"name\":\"Ajuda nos Inc\u00eandios &#8211; Queimaduras Graves\"}]},{\"@type\":\"WebSite\",\"@id\":\"https:\/\/vetpovoa.pt\/VP\/#website\",\"url\":\"https:\/\/vetpovoa.pt\/VP\/\",\"name\":\"Vet P\u00f3voa - Cl\u00ednica Veterin\u00e1ria Coimbra\",\"description\":\"Cl\u00ednica Veterin\u00e1ria Coimbra\",\"potentialAction\":[{\"@type\":\"SearchAction\",\"target\":{\"@type\":\"EntryPoint\",\"urlTemplate\":\"https:\/\/vetpovoa.pt\/VP\/?s={search_term_string}\"},\"query-input\":{\"@type\":\"PropertyValueSpecification\",\"valueRequired\":true,\"valueName\":\"search_term_string\"}}],\"inLanguage\":\"pt-PT\"}]}<\/script>\n<!-- \/ Yoast SEO plugin. -->","yoast_head_json":{"title":"Ajuda nos Inc\u00eandios - A Equipa da Vet P\u00f3voa deslocou-se a uma das regi\u00f5es mais afetadas.","description":"A Vet P\u00f3voa deslocou-se a uma das regi\u00f5es afetadas pelos inc\u00eandios para distribuir os bens recolhidos e ajudar nos patudos afetados pelo fogo.","robots":{"index":"index","follow":"follow","max-snippet":"max-snippet:-1","max-image-preview":"max-image-preview:large","max-video-preview":"max-video-preview:-1"},"canonical":"https:\/\/vetpovoa.pt\/VP\/?page_id=3763","og_locale":"pt_PT","og_type":"article","og_title":"Ajuda nos Inc\u00eandios - A Equipa da Vet P\u00f3voa deslocou-se a uma das regi\u00f5es mais afetadas.","og_description":"A Vet P\u00f3voa deslocou-se a uma das regi\u00f5es afetadas pelos inc\u00eandios para distribuir os bens recolhidos e ajudar nos patudos afetados pelo fogo.","og_url":"https:\/\/vetpovoa.pt\/VP\/?page_id=3763","og_site_name":"Vet P\u00f3voa - Cl\u00ednica Veterin\u00e1ria Coimbra","article_modified_time":"2019-02-15T14:19:46+00:00","og_image":[{"width":800,"height":533,"url":"https:\/\/vetpovoa.pt\/VP\/wp-content\/uploads\/IMG_0342.jpg","type":"image\/jpeg"}],"twitter_card":"summary_large_image","twitter_misc":{"Tempo estimado de leitura":"2 minutos"},"schema":{"@context":"https:\/\/schema.org","@graph":[{"@type":"WebPage","@id":"https:\/\/vetpovoa.pt\/VP\/?page_id=3763","url":"https:\/\/vetpovoa.pt\/VP\/?page_id=3763","name":"Ajuda nos Inc\u00eandios - A Equipa da Vet P\u00f3voa deslocou-se a uma das regi\u00f5es mais afetadas.","isPartOf":{"@id":"https:\/\/vetpovoa.pt\/VP\/#website"},"primaryImageOfPage":{"@id":"https:\/\/vetpovoa.pt\/VP\/?page_id=3763#primaryimage"},"image":{"@id":"https:\/\/vetpovoa.pt\/VP\/?page_id=3763#primaryimage"},"thumbnailUrl":"https:\/\/vetpovoa.pt\/VP\/wp-content\/uploads\/IMG_0342.jpg","datePublished":"2018-11-19T23:13:31+00:00","dateModified":"2019-02-15T14:19:46+00:00","description":"A Vet P\u00f3voa deslocou-se a uma das regi\u00f5es afetadas pelos inc\u00eandios para distribuir os bens recolhidos e ajudar nos patudos afetados pelo fogo.","breadcrumb":{"@id":"https:\/\/vetpovoa.pt\/VP\/?page_id=3763#breadcrumb"},"inLanguage":"pt-PT","potentialAction":[{"@type":"ReadAction","target":["https:\/\/vetpovoa.pt\/VP\/?page_id=3763"]}]},{"@type":"ImageObject","inLanguage":"pt-PT","@id":"https:\/\/vetpovoa.pt\/VP\/?page_id=3763#primaryimage","url":"https:\/\/vetpovoa.pt\/VP\/wp-content\/uploads\/IMG_0342.jpg","contentUrl":"https:\/\/vetpovoa.pt\/VP\/wp-content\/uploads\/IMG_0342.jpg","width":800,"height":533},{"@type":"BreadcrumbList","@id":"https:\/\/vetpovoa.pt\/VP\/?page_id=3763#breadcrumb","itemListElement":[{"@type":"ListItem","position":1,"name":"In\u00edcio","item":"https:\/\/vetpovoa.pt\/VP\/"},{"@type":"ListItem","position":2,"name":"Ajuda nos Inc\u00eandios &#8211; Queimaduras Graves"}]},{"@type":"WebSite","@id":"https:\/\/vetpovoa.pt\/VP\/#website","url":"https:\/\/vetpovoa.pt\/VP\/","name":"Vet P\u00f3voa - Cl\u00ednica Veterin\u00e1ria Coimbra","description":"Cl\u00ednica Veterin\u00e1ria Coimbra","potentialAction":[{"@type":"SearchAction","target":{"@type":"EntryPoint","urlTemplate":"https:\/\/vetpovoa.pt\/VP\/?s={search_term_string}"},"query-input":{"@type":"PropertyValueSpecification","valueRequired":true,"valueName":"search_term_string"}}],"inLanguage":"pt-PT"}]}},"_links":{"self":[{"href":"https:\/\/vetpovoa.pt\/VP\/index.php?rest_route=\/wp\/v2\/pages\/3763","targetHints":{"allow":["GET"]}}],"collection":[{"href":"https:\/\/vetpovoa.pt\/VP\/index.php?rest_route=\/wp\/v2\/pages"}],"about":[{"href":"https:\/\/vetpovoa.pt\/VP\/index.php?rest_route=\/wp\/v2\/types\/page"}],"author":[{"embeddable":true,"href":"https:\/\/vetpovoa.pt\/VP\/index.php?rest_route=\/wp\/v2\/users\/1"}],"replies":[{"embeddable":true,"href":"https:\/\/vetpovoa.pt\/VP\/index.php?rest_route=%2Fwp%2Fv2%2Fcomments&post=3763"}],"version-history":[{"count":12,"href":"https:\/\/vetpovoa.pt\/VP\/index.php?rest_route=\/wp\/v2\/pages\/3763\/revisions"}],"predecessor-version":[{"id":3821,"href":"https:\/\/vetpovoa.pt\/VP\/index.php?rest_route=\/wp\/v2\/pages\/3763\/revisions\/3821"}],"wp:attachment":[{"href":"https:\/\/vetpovoa.pt\/VP\/index.php?rest_route=%2Fwp%2Fv2%2Fmedia&parent=3763"}],"curies":[{"name":"wp","href":"https:\/\/api.w.org\/{rel}","templated":true}]}}