{"id":3791,"date":"2019-01-09T14:43:22","date_gmt":"2019-01-09T14:43:22","guid":{"rendered":"https:\/\/vetpovoa.pt\/VP\/?page_id=3791"},"modified":"2019-05-22T11:09:59","modified_gmt":"2019-05-22T11:09:59","slug":"o-que-e-a-artrose","status":"publish","type":"page","link":"https:\/\/vetpovoa.pt\/VP\/?page_id=3791","title":{"rendered":"O que \u00e9 a Artrose?"},"content":{"rendered":"<p>Tal como os humanos, tamb\u00e9m os nossos animais de companhia est\u00e3o sujeitos ao aparecimento de artrose, ou em termos mais t\u00e9cnicos Doen\u00e7a Articular Degenerativa.<\/p>\n<p>Sempre que exista uma incongru\u00eancia articular, um traumatismo articular ou simplesmente devido ao passar do tempo, as extremidades dos ossos (onde se d\u00e1 o movimento) ficam sujeitas a desgaste. Ao perder-se a camada superficial da articula\u00e7\u00e3o, fica exposto o osso sub-condral que se vai comportar da mesma forma como num processo de fratura. Sofre espessamento e deposita-se novo osso de forma irregular e aleat\u00f3ria: Os Oste\u00f3fitos.<\/p>\n<p>Com o decorrer do processo vem tamb\u00e9m a dor, a inflama\u00e7\u00e3o e a perda de mobilidade.<\/p>\n<p>Na foto podemos ver uma articula\u00e7\u00e3o coxo-femural perfeitamente normal e a outra com altera\u00e7\u00f5es \u00f3sseas muito evidentes (seta).<\/p>\n<div id=\"attachment_3792\" style=\"width: 1290px\" class=\"wp-caption aligncenter\"><img loading=\"lazy\" decoding=\"async\" aria-describedby=\"caption-attachment-3792\" class=\"wp-image-3792 size-full\" title=\"Artrose Coxo-femural (anca) em c\u00e3o.\" src=\"https:\/\/vetpovoa.pt\/VP\/wp-content\/uploads\/Sebastiao-690001.jpg\" alt=\"Artrose anca\" width=\"1280\" height=\"879\" srcset=\"https:\/\/vetpovoa.pt\/VP\/wp-content\/uploads\/Sebastiao-690001.jpg 1280w, https:\/\/vetpovoa.pt\/VP\/wp-content\/uploads\/Sebastiao-690001-300x206.jpg 300w, https:\/\/vetpovoa.pt\/VP\/wp-content\/uploads\/Sebastiao-690001-768x527.jpg 768w, https:\/\/vetpovoa.pt\/VP\/wp-content\/uploads\/Sebastiao-690001-1024x703.jpg 1024w\" sizes=\"auto, (max-width: 1280px) 100vw, 1280px\" \/><p id=\"caption-attachment-3792\" class=\"wp-caption-text\">Artrose coxo-f\u00e9mural unilateral<\/p><\/div>\n<p>Apesar de n\u00e3o ser especifica dos animais idosos, \u00e9 muito mais frequente a partir dos 8 anos de idade, quer no c\u00e3o, quer no gato (apesar dos felinos esconderem os sinais cl\u00ednicos pelo m\u00e1ximo de tempo poss\u00edvel).<\/p>\n<p>Manter um controlo de peso, associado a exerc\u00edcio moderado e a uma alimenta\u00e7\u00e3o saud\u00e1vel (eventualmente com suplementos alimentares), ajuda a manter as articula\u00e7\u00f5es mais saud\u00e1veis, evitando ou atrasando a progress\u00e3o desta doen\u00e7a.<\/p>\n<p>Saiba mais sobre artrose e a sua preven\u00e7\u00e3o, explicada pelo nosso diretor cl\u00ednico e respons\u00e1vel pela \u00e1rea de cirurgia ortop\u00e9dica no video dos &#8220;Animais An\u00f3nimos&#8221;:<\/p>\n<p><a href=\"https:\/\/www.youtube.com\/watch?v=DkYQ2mgOBko&amp;t=4s\" target=\"_blank\" rel=\"noopener\">Entrevista Animais An\u00f3nimos &#8211; Voc\u00ea na TV<\/a><\/p>\n<p>Apesar desta patologia n\u00e3o ter cura cl\u00ednica, h\u00e1 muito a fazer para aumentar a qualidade de vida dos patudos que sofrem com ela. Assim, se suspeita que o seu companheiro sofre de artrose, contacte o quanto antes o seu m\u00e9dico veterin\u00e1rio, de forma a aumentar o conforto, mas tamb\u00e9m a limitar a progress\u00e3o.<\/p>\n<p>De igual forma, se tem um c\u00e3o ou um gato a passar a meia idade (especialmente se for obeso, de grande porte, ou de ra\u00e7a definida), informe-se sobre a preven\u00e7\u00e3o.<\/p>\n<p>Conhe\u00e7a ainda alguns produtos dispon\u00edveis na nossa loja online relacionados com este problema:<\/p>\n<p><a href=\"https:\/\/www.donamicas.pt\/content\/13-artrose\" target=\"_blank\" rel=\"noopener\">Aconselhamento Dona Micas<\/a><\/p>\n<p>&nbsp;<\/p>\n<p>&nbsp;<\/p>\n","protected":false},"excerpt":{"rendered":"<p>Tal como os humanos, tamb\u00e9m os nossos animais de companhia est\u00e3o sujeitos ao aparecimento de artrose, ou em termos mais t\u00e9cnicos Doen\u00e7a Articular Degenerativa. Sempre&hellip; <a href=\"https:\/\/vetpovoa.pt\/VP\/?page_id=3791\" class=\"post-excerpt-readmore\"><\/a><\/p>\n","protected":false},"author":1,"featured_media":0,"parent":0,"menu_order":0,"comment_status":"closed","ping_status":"closed","template":"","meta":{"footnotes":""},"class_list":["post-3791","page","type-page","status-publish","hentry"],"yoast_head":"<!-- This site is optimized with the Yoast SEO plugin v24.5 - https:\/\/yoast.com\/wordpress\/plugins\/seo\/ -->\n<title>O que \u00e9 a Artrose? A Vet P\u00f3voa, cl\u00ednica veterin\u00e1ria em Coimbra explica!<\/title>\n<meta name=\"description\" content=\"O seu C\u00e3o ou Gato tem dificuldade ao levantar? Nota-o triste ou com pouca vontade para passear ou brincar. Uma das hip\u00f3teses \u00e9 estar a sofrer de Artrose!\" \/>\n<meta name=\"robots\" content=\"index, follow, max-snippet:-1, max-image-preview:large, max-video-preview:-1\" \/>\n<link rel=\"canonical\" href=\"https:\/\/vetpovoa.pt\/VP\/?page_id=3791\" \/>\n<meta property=\"og:locale\" content=\"pt_PT\" \/>\n<meta property=\"og:type\" content=\"article\" \/>\n<meta property=\"og:title\" content=\"O que \u00e9 a Artrose? A Vet P\u00f3voa, cl\u00ednica veterin\u00e1ria em Coimbra explica!\" \/>\n<meta property=\"og:description\" content=\"O seu C\u00e3o ou Gato tem dificuldade ao levantar? Nota-o triste ou com pouca vontade para passear ou brincar. Uma das hip\u00f3teses \u00e9 estar a sofrer de Artrose!\" \/>\n<meta property=\"og:url\" content=\"https:\/\/vetpovoa.pt\/VP\/?page_id=3791\" \/>\n<meta property=\"og:site_name\" content=\"Vet P\u00f3voa - Cl\u00ednica Veterin\u00e1ria Coimbra\" \/>\n<meta property=\"article:modified_time\" content=\"2019-05-22T11:09:59+00:00\" \/>\n<meta property=\"og:image\" content=\"https:\/\/vetpovoa.pt\/VP\/wp-content\/uploads\/Sebastiao-690001.jpg\" \/>\n\t<meta property=\"og:image:width\" content=\"1280\" \/>\n\t<meta property=\"og:image:height\" content=\"879\" \/>\n\t<meta property=\"og:image:type\" content=\"image\/jpeg\" \/>\n<meta name=\"twitter:card\" content=\"summary_large_image\" \/>\n<meta name=\"twitter:label1\" content=\"Tempo estimado de leitura\" \/>\n\t<meta name=\"twitter:data1\" content=\"2 minutos\" \/>\n<script type=\"application\/ld+json\" class=\"yoast-schema-graph\">{\"@context\":\"https:\/\/schema.org\",\"@graph\":[{\"@type\":\"WebPage\",\"@id\":\"https:\/\/vetpovoa.pt\/VP\/?page_id=3791\",\"url\":\"https:\/\/vetpovoa.pt\/VP\/?page_id=3791\",\"name\":\"O que \u00e9 a Artrose? A Vet P\u00f3voa, cl\u00ednica veterin\u00e1ria em Coimbra explica!\",\"isPartOf\":{\"@id\":\"https:\/\/vetpovoa.pt\/VP\/#website\"},\"primaryImageOfPage\":{\"@id\":\"https:\/\/vetpovoa.pt\/VP\/?page_id=3791#primaryimage\"},\"image\":{\"@id\":\"https:\/\/vetpovoa.pt\/VP\/?page_id=3791#primaryimage\"},\"thumbnailUrl\":\"https:\/\/vetpovoa.pt\/VP\/wp-content\/uploads\/Sebastiao-690001.jpg\",\"datePublished\":\"2019-01-09T14:43:22+00:00\",\"dateModified\":\"2019-05-22T11:09:59+00:00\",\"description\":\"O seu C\u00e3o ou Gato tem dificuldade ao levantar? Nota-o triste ou com pouca vontade para passear ou brincar. Uma das hip\u00f3teses \u00e9 estar a sofrer de Artrose!\",\"breadcrumb\":{\"@id\":\"https:\/\/vetpovoa.pt\/VP\/?page_id=3791#breadcrumb\"},\"inLanguage\":\"pt-PT\",\"potentialAction\":[{\"@type\":\"ReadAction\",\"target\":[\"https:\/\/vetpovoa.pt\/VP\/?page_id=3791\"]}]},{\"@type\":\"ImageObject\",\"inLanguage\":\"pt-PT\",\"@id\":\"https:\/\/vetpovoa.pt\/VP\/?page_id=3791#primaryimage\",\"url\":\"https:\/\/vetpovoa.pt\/VP\/wp-content\/uploads\/Sebastiao-690001.jpg\",\"contentUrl\":\"https:\/\/vetpovoa.pt\/VP\/wp-content\/uploads\/Sebastiao-690001.jpg\",\"width\":1280,\"height\":879},{\"@type\":\"BreadcrumbList\",\"@id\":\"https:\/\/vetpovoa.pt\/VP\/?page_id=3791#breadcrumb\",\"itemListElement\":[{\"@type\":\"ListItem\",\"position\":1,\"name\":\"In\u00edcio\",\"item\":\"https:\/\/vetpovoa.pt\/VP\/\"},{\"@type\":\"ListItem\",\"position\":2,\"name\":\"O que \u00e9 a Artrose?\"}]},{\"@type\":\"WebSite\",\"@id\":\"https:\/\/vetpovoa.pt\/VP\/#website\",\"url\":\"https:\/\/vetpovoa.pt\/VP\/\",\"name\":\"Vet P\u00f3voa - Cl\u00ednica Veterin\u00e1ria Coimbra\",\"description\":\"Cl\u00ednica Veterin\u00e1ria Coimbra\",\"potentialAction\":[{\"@type\":\"SearchAction\",\"target\":{\"@type\":\"EntryPoint\",\"urlTemplate\":\"https:\/\/vetpovoa.pt\/VP\/?s={search_term_string}\"},\"query-input\":{\"@type\":\"PropertyValueSpecification\",\"valueRequired\":true,\"valueName\":\"search_term_string\"}}],\"inLanguage\":\"pt-PT\"}]}<\/script>\n<!-- \/ Yoast SEO plugin. -->","yoast_head_json":{"title":"O que \u00e9 a Artrose? A Vet P\u00f3voa, cl\u00ednica veterin\u00e1ria em Coimbra explica!","description":"O seu C\u00e3o ou Gato tem dificuldade ao levantar? Nota-o triste ou com pouca vontade para passear ou brincar. Uma das hip\u00f3teses \u00e9 estar a sofrer de Artrose!","robots":{"index":"index","follow":"follow","max-snippet":"max-snippet:-1","max-image-preview":"max-image-preview:large","max-video-preview":"max-video-preview:-1"},"canonical":"https:\/\/vetpovoa.pt\/VP\/?page_id=3791","og_locale":"pt_PT","og_type":"article","og_title":"O que \u00e9 a Artrose? A Vet P\u00f3voa, cl\u00ednica veterin\u00e1ria em Coimbra explica!","og_description":"O seu C\u00e3o ou Gato tem dificuldade ao levantar? Nota-o triste ou com pouca vontade para passear ou brincar. Uma das hip\u00f3teses \u00e9 estar a sofrer de Artrose!","og_url":"https:\/\/vetpovoa.pt\/VP\/?page_id=3791","og_site_name":"Vet P\u00f3voa - Cl\u00ednica Veterin\u00e1ria Coimbra","article_modified_time":"2019-05-22T11:09:59+00:00","og_image":[{"width":1280,"height":879,"url":"https:\/\/vetpovoa.pt\/VP\/wp-content\/uploads\/Sebastiao-690001.jpg","type":"image\/jpeg"}],"twitter_card":"summary_large_image","twitter_misc":{"Tempo estimado de leitura":"2 minutos"},"schema":{"@context":"https:\/\/schema.org","@graph":[{"@type":"WebPage","@id":"https:\/\/vetpovoa.pt\/VP\/?page_id=3791","url":"https:\/\/vetpovoa.pt\/VP\/?page_id=3791","name":"O que \u00e9 a Artrose? A Vet P\u00f3voa, cl\u00ednica veterin\u00e1ria em Coimbra explica!","isPartOf":{"@id":"https:\/\/vetpovoa.pt\/VP\/#website"},"primaryImageOfPage":{"@id":"https:\/\/vetpovoa.pt\/VP\/?page_id=3791#primaryimage"},"image":{"@id":"https:\/\/vetpovoa.pt\/VP\/?page_id=3791#primaryimage"},"thumbnailUrl":"https:\/\/vetpovoa.pt\/VP\/wp-content\/uploads\/Sebastiao-690001.jpg","datePublished":"2019-01-09T14:43:22+00:00","dateModified":"2019-05-22T11:09:59+00:00","description":"O seu C\u00e3o ou Gato tem dificuldade ao levantar? Nota-o triste ou com pouca vontade para passear ou brincar. Uma das hip\u00f3teses \u00e9 estar a sofrer de Artrose!","breadcrumb":{"@id":"https:\/\/vetpovoa.pt\/VP\/?page_id=3791#breadcrumb"},"inLanguage":"pt-PT","potentialAction":[{"@type":"ReadAction","target":["https:\/\/vetpovoa.pt\/VP\/?page_id=3791"]}]},{"@type":"ImageObject","inLanguage":"pt-PT","@id":"https:\/\/vetpovoa.pt\/VP\/?page_id=3791#primaryimage","url":"https:\/\/vetpovoa.pt\/VP\/wp-content\/uploads\/Sebastiao-690001.jpg","contentUrl":"https:\/\/vetpovoa.pt\/VP\/wp-content\/uploads\/Sebastiao-690001.jpg","width":1280,"height":879},{"@type":"BreadcrumbList","@id":"https:\/\/vetpovoa.pt\/VP\/?page_id=3791#breadcrumb","itemListElement":[{"@type":"ListItem","position":1,"name":"In\u00edcio","item":"https:\/\/vetpovoa.pt\/VP\/"},{"@type":"ListItem","position":2,"name":"O que \u00e9 a Artrose?"}]},{"@type":"WebSite","@id":"https:\/\/vetpovoa.pt\/VP\/#website","url":"https:\/\/vetpovoa.pt\/VP\/","name":"Vet P\u00f3voa - Cl\u00ednica Veterin\u00e1ria Coimbra","description":"Cl\u00ednica Veterin\u00e1ria Coimbra","potentialAction":[{"@type":"SearchAction","target":{"@type":"EntryPoint","urlTemplate":"https:\/\/vetpovoa.pt\/VP\/?s={search_term_string}"},"query-input":{"@type":"PropertyValueSpecification","valueRequired":true,"valueName":"search_term_string"}}],"inLanguage":"pt-PT"}]}},"_links":{"self":[{"href":"https:\/\/vetpovoa.pt\/VP\/index.php?rest_route=\/wp\/v2\/pages\/3791","targetHints":{"allow":["GET"]}}],"collection":[{"href":"https:\/\/vetpovoa.pt\/VP\/index.php?rest_route=\/wp\/v2\/pages"}],"about":[{"href":"https:\/\/vetpovoa.pt\/VP\/index.php?rest_route=\/wp\/v2\/types\/page"}],"author":[{"embeddable":true,"href":"https:\/\/vetpovoa.pt\/VP\/index.php?rest_route=\/wp\/v2\/users\/1"}],"replies":[{"embeddable":true,"href":"https:\/\/vetpovoa.pt\/VP\/index.php?rest_route=%2Fwp%2Fv2%2Fcomments&post=3791"}],"version-history":[{"count":5,"href":"https:\/\/vetpovoa.pt\/VP\/index.php?rest_route=\/wp\/v2\/pages\/3791\/revisions"}],"predecessor-version":[{"id":3864,"href":"https:\/\/vetpovoa.pt\/VP\/index.php?rest_route=\/wp\/v2\/pages\/3791\/revisions\/3864"}],"wp:attachment":[{"href":"https:\/\/vetpovoa.pt\/VP\/index.php?rest_route=%2Fwp%2Fv2%2Fmedia&parent=3791"}],"curies":[{"name":"wp","href":"https:\/\/api.w.org\/{rel}","templated":true}]}}