{"id":3803,"date":"2019-02-15T12:39:16","date_gmt":"2019-02-15T12:39:16","guid":{"rendered":"https:\/\/vetpovoa.pt\/VP\/?page_id=3803"},"modified":"2019-02-15T15:21:21","modified_gmt":"2019-02-15T15:21:21","slug":"cirurgia-plastica-e-reconstrutiva","status":"publish","type":"page","link":"https:\/\/vetpovoa.pt\/VP\/?page_id=3803","title":{"rendered":"Cirurgia Pl\u00e1stica e Reconstrutiva"},"content":{"rendered":"<p>Uma das vertentes dos procedimentos cir\u00fargicos que realizamos na Vet P\u00f3voa tem a ver com a cirurgia pl\u00e1stica e reconstrutiva (que n\u00e3o deve ser confundida com a cirurgia est\u00e9tica), este tipo de cirurgia serve para corrigir defeitos cong\u00e9nitos (de nascen\u00e7a), ou adquiridos (por exemplo por traumatismos).<\/p>\n<p>Ao longo destes anos temos realizados centenas de procedimentos deste tipo, quer na pele como nos m\u00fasculos ou ossos, mas quando pensamos que j\u00e1 vimos de tudo aparece um novo caso para nos relembrar que estamos sempre a aprender.<\/p>\n<p>Desde gatos que nascem sem \u00e2nus, c\u00e3es cortados por acidentes com motosserras ou motorro\u00e7adoras, animais queimados por inc\u00eandios, atropelados e traumatizados por quedas brutais, aparece-nos um pouco de tudo.<\/p>\n<div id=\"attachment_3708\" style=\"width: 1210px\" class=\"wp-caption aligncenter\"><img loading=\"lazy\" decoding=\"async\" aria-describedby=\"caption-attachment-3708\" class=\"wp-image-3708 size-full\" src=\"https:\/\/vetpovoa.pt\/VP\/wp-content\/uploads\/2018-03-02-PHOTO-00003159.jpg\" alt=\"Gata com atr\u00e9sia anal foto p\u00f3s operat\u00f3ria\" width=\"1200\" height=\"1600\" srcset=\"https:\/\/vetpovoa.pt\/VP\/wp-content\/uploads\/2018-03-02-PHOTO-00003159.jpg 1200w, https:\/\/vetpovoa.pt\/VP\/wp-content\/uploads\/2018-03-02-PHOTO-00003159-225x300.jpg 225w, https:\/\/vetpovoa.pt\/VP\/wp-content\/uploads\/2018-03-02-PHOTO-00003159-768x1024.jpg 768w\" sizes=\"auto, (max-width: 1200px) 100vw, 1200px\" \/><p id=\"caption-attachment-3708\" class=\"wp-caption-text\">Gata com atr\u00e9sia anal foto p\u00f3s operat\u00f3ria<\/p><\/div>\n<p>Nesta p\u00e1gina ter\u00e1 acesso a alguns dos procedimentos mais impressionantes que nos chegam \u00e0 cl\u00ednica para reconstruir, mas devemos avisar que as fotos apresentadas podem n\u00e3o ser adequadas aos mais sens\u00edveis.<\/p>\n<p><a href=\"https:\/\/vetpovoa.pt\/VP\/?page_id=3704\">Atr\u00e9sia Anal Completa<\/a><\/p>\n<p><a href=\"https:\/\/vetpovoa.pt\/VP\/?page_id=3763\">Ajuda nos Inc\u00eandios &#8211; Queimaduras Graves<\/a><\/p>\n<p><a href=\"https:\/\/vetpovoa.pt\/VP\/?page_id=3822\">Cirurgia Gato &#8211; Reconstru\u00e7\u00e3o Abdominal<\/a><\/p>\n<p>&nbsp;<\/p>\n","protected":false},"excerpt":{"rendered":"<p>Uma das vertentes dos procedimentos cir\u00fargicos que realizamos na Vet P\u00f3voa tem a ver com a cirurgia pl\u00e1stica e reconstrutiva (que n\u00e3o deve ser confundida&hellip; <a href=\"https:\/\/vetpovoa.pt\/VP\/?page_id=3803\" class=\"post-excerpt-readmore\"><\/a><\/p>\n","protected":false},"author":1,"featured_media":0,"parent":0,"menu_order":0,"comment_status":"closed","ping_status":"closed","template":"","meta":{"footnotes":""},"class_list":["post-3803","page","type-page","status-publish","hentry"],"yoast_head":"<!-- This site is optimized with the Yoast SEO plugin v24.5 - https:\/\/yoast.com\/wordpress\/plugins\/seo\/ -->\n<title>Cirurgia Pl\u00e1stica e Reconstrutiva - Vet P\u00f3voa - Cl\u00ednica Veterin\u00e1ria Coimbra<\/title>\n<meta name=\"description\" content=\"Uma das vertentes dos procedimentos cir\u00fargicos que realizamos na Vet P\u00f3voa tem a ver com a cirurgia pl\u00e1stica e reconstrutiva. Confira alguns casos.\" \/>\n<meta name=\"robots\" content=\"index, follow, max-snippet:-1, max-image-preview:large, max-video-preview:-1\" \/>\n<link rel=\"canonical\" href=\"https:\/\/vetpovoa.pt\/VP\/?page_id=3803\" \/>\n<meta property=\"og:locale\" content=\"pt_PT\" \/>\n<meta property=\"og:type\" content=\"article\" \/>\n<meta property=\"og:title\" content=\"Cirurgia Pl\u00e1stica e Reconstrutiva - Vet P\u00f3voa - Cl\u00ednica Veterin\u00e1ria Coimbra\" \/>\n<meta property=\"og:description\" content=\"Uma das vertentes dos procedimentos cir\u00fargicos que realizamos na Vet P\u00f3voa tem a ver com a cirurgia pl\u00e1stica e reconstrutiva. Confira alguns casos.\" \/>\n<meta property=\"og:url\" content=\"https:\/\/vetpovoa.pt\/VP\/?page_id=3803\" \/>\n<meta property=\"og:site_name\" content=\"Vet P\u00f3voa - Cl\u00ednica Veterin\u00e1ria Coimbra\" \/>\n<meta property=\"article:modified_time\" content=\"2019-02-15T15:21:21+00:00\" \/>\n<meta property=\"og:image\" content=\"https:\/\/vetpovoa.pt\/VP\/wp-content\/uploads\/2018-03-02-PHOTO-00003159.jpg\" \/>\n\t<meta property=\"og:image:width\" content=\"1200\" \/>\n\t<meta property=\"og:image:height\" content=\"1600\" \/>\n\t<meta property=\"og:image:type\" content=\"image\/jpeg\" \/>\n<meta name=\"twitter:card\" content=\"summary_large_image\" \/>\n<meta name=\"twitter:label1\" content=\"Tempo estimado de leitura\" \/>\n\t<meta name=\"twitter:data1\" content=\"1 minuto\" \/>\n<script type=\"application\/ld+json\" class=\"yoast-schema-graph\">{\"@context\":\"https:\/\/schema.org\",\"@graph\":[{\"@type\":\"WebPage\",\"@id\":\"https:\/\/vetpovoa.pt\/VP\/?page_id=3803\",\"url\":\"https:\/\/vetpovoa.pt\/VP\/?page_id=3803\",\"name\":\"Cirurgia Pl\u00e1stica e Reconstrutiva - Vet P\u00f3voa - Cl\u00ednica Veterin\u00e1ria Coimbra\",\"isPartOf\":{\"@id\":\"https:\/\/vetpovoa.pt\/VP\/#website\"},\"primaryImageOfPage\":{\"@id\":\"https:\/\/vetpovoa.pt\/VP\/?page_id=3803#primaryimage\"},\"image\":{\"@id\":\"https:\/\/vetpovoa.pt\/VP\/?page_id=3803#primaryimage\"},\"thumbnailUrl\":\"https:\/\/vetpovoa.pt\/VP\/wp-content\/uploads\/2018-03-02-PHOTO-00003159.jpg\",\"datePublished\":\"2019-02-15T12:39:16+00:00\",\"dateModified\":\"2019-02-15T15:21:21+00:00\",\"description\":\"Uma das vertentes dos procedimentos cir\u00fargicos que realizamos na Vet P\u00f3voa tem a ver com a cirurgia pl\u00e1stica e reconstrutiva. Confira alguns casos.\",\"breadcrumb\":{\"@id\":\"https:\/\/vetpovoa.pt\/VP\/?page_id=3803#breadcrumb\"},\"inLanguage\":\"pt-PT\",\"potentialAction\":[{\"@type\":\"ReadAction\",\"target\":[\"https:\/\/vetpovoa.pt\/VP\/?page_id=3803\"]}]},{\"@type\":\"ImageObject\",\"inLanguage\":\"pt-PT\",\"@id\":\"https:\/\/vetpovoa.pt\/VP\/?page_id=3803#primaryimage\",\"url\":\"https:\/\/vetpovoa.pt\/VP\/wp-content\/uploads\/2018-03-02-PHOTO-00003159.jpg\",\"contentUrl\":\"https:\/\/vetpovoa.pt\/VP\/wp-content\/uploads\/2018-03-02-PHOTO-00003159.jpg\",\"width\":1200,\"height\":1600},{\"@type\":\"BreadcrumbList\",\"@id\":\"https:\/\/vetpovoa.pt\/VP\/?page_id=3803#breadcrumb\",\"itemListElement\":[{\"@type\":\"ListItem\",\"position\":1,\"name\":\"In\u00edcio\",\"item\":\"https:\/\/vetpovoa.pt\/VP\/\"},{\"@type\":\"ListItem\",\"position\":2,\"name\":\"Cirurgia Pl\u00e1stica e Reconstrutiva\"}]},{\"@type\":\"WebSite\",\"@id\":\"https:\/\/vetpovoa.pt\/VP\/#website\",\"url\":\"https:\/\/vetpovoa.pt\/VP\/\",\"name\":\"Vet P\u00f3voa - Cl\u00ednica Veterin\u00e1ria Coimbra\",\"description\":\"Cl\u00ednica Veterin\u00e1ria Coimbra\",\"potentialAction\":[{\"@type\":\"SearchAction\",\"target\":{\"@type\":\"EntryPoint\",\"urlTemplate\":\"https:\/\/vetpovoa.pt\/VP\/?s={search_term_string}\"},\"query-input\":{\"@type\":\"PropertyValueSpecification\",\"valueRequired\":true,\"valueName\":\"search_term_string\"}}],\"inLanguage\":\"pt-PT\"}]}<\/script>\n<!-- \/ Yoast SEO plugin. -->","yoast_head_json":{"title":"Cirurgia Pl\u00e1stica e Reconstrutiva - Vet P\u00f3voa - Cl\u00ednica Veterin\u00e1ria Coimbra","description":"Uma das vertentes dos procedimentos cir\u00fargicos que realizamos na Vet P\u00f3voa tem a ver com a cirurgia pl\u00e1stica e reconstrutiva. Confira alguns casos.","robots":{"index":"index","follow":"follow","max-snippet":"max-snippet:-1","max-image-preview":"max-image-preview:large","max-video-preview":"max-video-preview:-1"},"canonical":"https:\/\/vetpovoa.pt\/VP\/?page_id=3803","og_locale":"pt_PT","og_type":"article","og_title":"Cirurgia Pl\u00e1stica e Reconstrutiva - Vet P\u00f3voa - Cl\u00ednica Veterin\u00e1ria Coimbra","og_description":"Uma das vertentes dos procedimentos cir\u00fargicos que realizamos na Vet P\u00f3voa tem a ver com a cirurgia pl\u00e1stica e reconstrutiva. Confira alguns casos.","og_url":"https:\/\/vetpovoa.pt\/VP\/?page_id=3803","og_site_name":"Vet P\u00f3voa - Cl\u00ednica Veterin\u00e1ria Coimbra","article_modified_time":"2019-02-15T15:21:21+00:00","og_image":[{"width":1200,"height":1600,"url":"https:\/\/vetpovoa.pt\/VP\/wp-content\/uploads\/2018-03-02-PHOTO-00003159.jpg","type":"image\/jpeg"}],"twitter_card":"summary_large_image","twitter_misc":{"Tempo estimado de leitura":"1 minuto"},"schema":{"@context":"https:\/\/schema.org","@graph":[{"@type":"WebPage","@id":"https:\/\/vetpovoa.pt\/VP\/?page_id=3803","url":"https:\/\/vetpovoa.pt\/VP\/?page_id=3803","name":"Cirurgia Pl\u00e1stica e Reconstrutiva - Vet P\u00f3voa - Cl\u00ednica Veterin\u00e1ria Coimbra","isPartOf":{"@id":"https:\/\/vetpovoa.pt\/VP\/#website"},"primaryImageOfPage":{"@id":"https:\/\/vetpovoa.pt\/VP\/?page_id=3803#primaryimage"},"image":{"@id":"https:\/\/vetpovoa.pt\/VP\/?page_id=3803#primaryimage"},"thumbnailUrl":"https:\/\/vetpovoa.pt\/VP\/wp-content\/uploads\/2018-03-02-PHOTO-00003159.jpg","datePublished":"2019-02-15T12:39:16+00:00","dateModified":"2019-02-15T15:21:21+00:00","description":"Uma das vertentes dos procedimentos cir\u00fargicos que realizamos na Vet P\u00f3voa tem a ver com a cirurgia pl\u00e1stica e reconstrutiva. Confira alguns casos.","breadcrumb":{"@id":"https:\/\/vetpovoa.pt\/VP\/?page_id=3803#breadcrumb"},"inLanguage":"pt-PT","potentialAction":[{"@type":"ReadAction","target":["https:\/\/vetpovoa.pt\/VP\/?page_id=3803"]}]},{"@type":"ImageObject","inLanguage":"pt-PT","@id":"https:\/\/vetpovoa.pt\/VP\/?page_id=3803#primaryimage","url":"https:\/\/vetpovoa.pt\/VP\/wp-content\/uploads\/2018-03-02-PHOTO-00003159.jpg","contentUrl":"https:\/\/vetpovoa.pt\/VP\/wp-content\/uploads\/2018-03-02-PHOTO-00003159.jpg","width":1200,"height":1600},{"@type":"BreadcrumbList","@id":"https:\/\/vetpovoa.pt\/VP\/?page_id=3803#breadcrumb","itemListElement":[{"@type":"ListItem","position":1,"name":"In\u00edcio","item":"https:\/\/vetpovoa.pt\/VP\/"},{"@type":"ListItem","position":2,"name":"Cirurgia Pl\u00e1stica e Reconstrutiva"}]},{"@type":"WebSite","@id":"https:\/\/vetpovoa.pt\/VP\/#website","url":"https:\/\/vetpovoa.pt\/VP\/","name":"Vet P\u00f3voa - Cl\u00ednica Veterin\u00e1ria Coimbra","description":"Cl\u00ednica Veterin\u00e1ria Coimbra","potentialAction":[{"@type":"SearchAction","target":{"@type":"EntryPoint","urlTemplate":"https:\/\/vetpovoa.pt\/VP\/?s={search_term_string}"},"query-input":{"@type":"PropertyValueSpecification","valueRequired":true,"valueName":"search_term_string"}}],"inLanguage":"pt-PT"}]}},"_links":{"self":[{"href":"https:\/\/vetpovoa.pt\/VP\/index.php?rest_route=\/wp\/v2\/pages\/3803","targetHints":{"allow":["GET"]}}],"collection":[{"href":"https:\/\/vetpovoa.pt\/VP\/index.php?rest_route=\/wp\/v2\/pages"}],"about":[{"href":"https:\/\/vetpovoa.pt\/VP\/index.php?rest_route=\/wp\/v2\/types\/page"}],"author":[{"embeddable":true,"href":"https:\/\/vetpovoa.pt\/VP\/index.php?rest_route=\/wp\/v2\/users\/1"}],"replies":[{"embeddable":true,"href":"https:\/\/vetpovoa.pt\/VP\/index.php?rest_route=%2Fwp%2Fv2%2Fcomments&post=3803"}],"version-history":[{"count":7,"href":"https:\/\/vetpovoa.pt\/VP\/index.php?rest_route=\/wp\/v2\/pages\/3803\/revisions"}],"predecessor-version":[{"id":3836,"href":"https:\/\/vetpovoa.pt\/VP\/index.php?rest_route=\/wp\/v2\/pages\/3803\/revisions\/3836"}],"wp:attachment":[{"href":"https:\/\/vetpovoa.pt\/VP\/index.php?rest_route=%2Fwp%2Fv2%2Fmedia&parent=3803"}],"curies":[{"name":"wp","href":"https:\/\/api.w.org\/{rel}","templated":true}]}}