{"id":3822,"date":"2019-02-15T14:55:57","date_gmt":"2019-02-15T14:55:57","guid":{"rendered":"https:\/\/vetpovoa.pt\/VP\/?page_id=3822"},"modified":"2019-02-15T15:19:17","modified_gmt":"2019-02-15T15:19:17","slug":"recontrucao-abdominal","status":"publish","type":"page","link":"https:\/\/vetpovoa.pt\/VP\/?page_id=3822","title":{"rendered":"Cirurgia Gato &#8211; Reconstru\u00e7\u00e3o Abdominal"},"content":{"rendered":"<p>Mas h\u00e1 dias que s\u00e3o mesmo muito diferentes de todos os outros&#8230;<\/p>\n<p>Em Proen\u00e7a a Nova, um gatinho foi recolhido de uma armadilha para capturar javalis, em que esteve preso durante um per\u00edodo desconhecido de tempo.<\/p>\n<p>Os primeiros cuidados de hidrata\u00e7\u00e3o,\u00a0 suporte de vida e controlo de infe\u00e7\u00e3o foram prestados pela Proen\u00e7a Vet, que depois de ter conseguido cicatrizar os ferimentos nos enviou o caso para reconstru\u00e7\u00e3o abdominal.<\/p>\n<p><img loading=\"lazy\" decoding=\"async\" class=\"aligncenter size-full wp-image-3834\" src=\"https:\/\/vetpovoa.pt\/VP\/wp-content\/uploads\/Constricao-abdominal.jpg\" alt=\"\" width=\"563\" height=\"1000\" srcset=\"https:\/\/vetpovoa.pt\/VP\/wp-content\/uploads\/Constricao-abdominal.jpg 563w, https:\/\/vetpovoa.pt\/VP\/wp-content\/uploads\/Constricao-abdominal-169x300.jpg 169w\" sizes=\"auto, (max-width: 563px) 100vw, 563px\" \/><\/p>\n<p>&nbsp;<\/p>\n<p>Na abordagem inicial ao caso, parecia que apenas a pele estaria severamente afetada, no entanto a cirurgia n\u00e3o \u00e9 matem\u00e1tica: ao iniciarmos o procedimento depar\u00e1mo.nos com uma rutura abdominal completa (estando v\u00e1rios \u00f3rg\u00e3o abdominais com contato direto com o tecido sub-cut\u00e2neo.<\/p>\n<p><img loading=\"lazy\" decoding=\"async\" class=\"aligncenter size-full wp-image-3832\" src=\"https:\/\/vetpovoa.pt\/VP\/wp-content\/uploads\/Cirurgia.jpg\" alt=\"\" width=\"563\" height=\"1000\" srcset=\"https:\/\/vetpovoa.pt\/VP\/wp-content\/uploads\/Cirurgia.jpg 563w, https:\/\/vetpovoa.pt\/VP\/wp-content\/uploads\/Cirurgia-169x300.jpg 169w\" sizes=\"auto, (max-width: 563px) 100vw, 563px\" \/><\/p>\n<p>&nbsp;<\/p>\n<p>&nbsp;<\/p>\n<p><img loading=\"lazy\" decoding=\"async\" class=\"aligncenter size-full wp-image-3824\" src=\"https:\/\/vetpovoa.pt\/VP\/wp-content\/uploads\/Pos-operatorio.jpg\" alt=\"\" width=\"563\" height=\"1000\" srcset=\"https:\/\/vetpovoa.pt\/VP\/wp-content\/uploads\/Pos-operatorio.jpg 563w, https:\/\/vetpovoa.pt\/VP\/wp-content\/uploads\/Pos-operatorio-169x300.jpg 169w\" sizes=\"auto, (max-width: 563px) 100vw, 563px\" \/><\/p>\n<p>Inici\u00e1mos a reconstru\u00e7\u00e3o do m\u00fasculo, seguidamente do espa\u00e7o subcut\u00e2neo e finalmente retir\u00e1mos uma grande quantidade tecido cicatricial de modo a chegarmos a um resultado final satisfat\u00f3rio.<\/p>\n<p><img loading=\"lazy\" decoding=\"async\" class=\"aligncenter size-full wp-image-3825\" src=\"https:\/\/vetpovoa.pt\/VP\/wp-content\/uploads\/pos-operatorio-lateral.jpg\" alt=\"\" width=\"563\" height=\"1000\" srcset=\"https:\/\/vetpovoa.pt\/VP\/wp-content\/uploads\/pos-operatorio-lateral.jpg 563w, https:\/\/vetpovoa.pt\/VP\/wp-content\/uploads\/pos-operatorio-lateral-169x300.jpg 169w\" sizes=\"auto, (max-width: 563px) 100vw, 563px\" \/><img loading=\"lazy\" decoding=\"async\" class=\"aligncenter size-full wp-image-3826\" src=\"https:\/\/vetpovoa.pt\/VP\/wp-content\/uploads\/Pos-operatorio-1.jpg\" alt=\"\" width=\"563\" height=\"1000\" srcset=\"https:\/\/vetpovoa.pt\/VP\/wp-content\/uploads\/Pos-operatorio-1.jpg 563w, https:\/\/vetpovoa.pt\/VP\/wp-content\/uploads\/Pos-operatorio-1-169x300.jpg 169w\" sizes=\"auto, (max-width: 563px) 100vw, 563px\" \/><\/p>\n<p>Com tantos anos de cirurgia, nunca deixamos de nos espantar com a complac\u00eancia, resili\u00eancia e capacidade de recupera\u00e7\u00e3o de alguns animais.<\/p>\n<p>Queremos agradecer \u00e0 Dra. Daniela Carneiro da Proen\u00e7a Vet pela confian\u00e7a em n\u00f3s depositada desde 2006, \u00e0 nossa equipa cir\u00fargica sem a qual n\u00e3o seria poss\u00edvel realizar procedimentos esta complexidade e aos nosso estagi\u00e1rios que t\u00eam disponibilidade para nos irem fazendo o registo fotogr\u00e1fico.<\/p>\n<p>Pelo que sabemos este gatito est\u00e1 a recuperar muit\u00edssimo bem no conforto de sua casa.<\/p>\n","protected":false},"excerpt":{"rendered":"<p>Mas h\u00e1 dias que s\u00e3o mesmo muito diferentes de todos os outros&#8230; Em Proen\u00e7a a Nova, um gatinho foi recolhido de uma armadilha para capturar&hellip; <a href=\"https:\/\/vetpovoa.pt\/VP\/?page_id=3822\" class=\"post-excerpt-readmore\"><\/a><\/p>\n","protected":false},"author":1,"featured_media":0,"parent":0,"menu_order":0,"comment_status":"closed","ping_status":"closed","template":"","meta":{"footnotes":""},"class_list":["post-3822","page","type-page","status-publish","hentry"],"yoast_head":"<!-- This site is optimized with the Yoast SEO plugin v24.5 - https:\/\/yoast.com\/wordpress\/plugins\/seo\/ -->\n<title>Cirurgia Gato - Reconstru\u00e7\u00e3o Abdominal - Vet P\u00f3voa - Cl\u00ednica Veterin\u00e1ria Coimbra<\/title>\n<meta name=\"description\" content=\"Um gato ficou preso numa armadilha pelo que tivemos de fazer uma reconstru\u00e7\u00e3o abdominal. Encontra-se a recuperar em sua casa.\" \/>\n<meta name=\"robots\" content=\"index, follow, max-snippet:-1, max-image-preview:large, max-video-preview:-1\" \/>\n<link rel=\"canonical\" href=\"https:\/\/vetpovoa.pt\/VP\/?page_id=3822\" \/>\n<meta property=\"og:locale\" content=\"pt_PT\" \/>\n<meta property=\"og:type\" content=\"article\" \/>\n<meta property=\"og:title\" content=\"Cirurgia Gato - Reconstru\u00e7\u00e3o Abdominal - Vet P\u00f3voa - Cl\u00ednica Veterin\u00e1ria Coimbra\" \/>\n<meta property=\"og:description\" content=\"Um gato ficou preso numa armadilha pelo que tivemos de fazer uma reconstru\u00e7\u00e3o abdominal. Encontra-se a recuperar em sua casa.\" \/>\n<meta property=\"og:url\" content=\"https:\/\/vetpovoa.pt\/VP\/?page_id=3822\" \/>\n<meta property=\"og:site_name\" content=\"Vet P\u00f3voa - Cl\u00ednica Veterin\u00e1ria Coimbra\" \/>\n<meta property=\"article:modified_time\" content=\"2019-02-15T15:19:17+00:00\" \/>\n<meta property=\"og:image\" content=\"https:\/\/vetpovoa.pt\/VP\/wp-content\/uploads\/Constricao-abdominal.jpg\" \/>\n\t<meta property=\"og:image:width\" content=\"563\" \/>\n\t<meta property=\"og:image:height\" content=\"1000\" \/>\n\t<meta property=\"og:image:type\" content=\"image\/jpeg\" \/>\n<meta name=\"twitter:card\" content=\"summary_large_image\" \/>\n<meta name=\"twitter:label1\" content=\"Tempo estimado de leitura\" \/>\n\t<meta name=\"twitter:data1\" content=\"1 minuto\" \/>\n<script type=\"application\/ld+json\" class=\"yoast-schema-graph\">{\"@context\":\"https:\/\/schema.org\",\"@graph\":[{\"@type\":\"WebPage\",\"@id\":\"https:\/\/vetpovoa.pt\/VP\/?page_id=3822\",\"url\":\"https:\/\/vetpovoa.pt\/VP\/?page_id=3822\",\"name\":\"Cirurgia Gato - Reconstru\u00e7\u00e3o Abdominal - Vet P\u00f3voa - Cl\u00ednica Veterin\u00e1ria Coimbra\",\"isPartOf\":{\"@id\":\"https:\/\/vetpovoa.pt\/VP\/#website\"},\"primaryImageOfPage\":{\"@id\":\"https:\/\/vetpovoa.pt\/VP\/?page_id=3822#primaryimage\"},\"image\":{\"@id\":\"https:\/\/vetpovoa.pt\/VP\/?page_id=3822#primaryimage\"},\"thumbnailUrl\":\"https:\/\/vetpovoa.pt\/VP\/wp-content\/uploads\/Constricao-abdominal.jpg\",\"datePublished\":\"2019-02-15T14:55:57+00:00\",\"dateModified\":\"2019-02-15T15:19:17+00:00\",\"description\":\"Um gato ficou preso numa armadilha pelo que tivemos de fazer uma reconstru\u00e7\u00e3o abdominal. Encontra-se a recuperar em sua casa.\",\"breadcrumb\":{\"@id\":\"https:\/\/vetpovoa.pt\/VP\/?page_id=3822#breadcrumb\"},\"inLanguage\":\"pt-PT\",\"potentialAction\":[{\"@type\":\"ReadAction\",\"target\":[\"https:\/\/vetpovoa.pt\/VP\/?page_id=3822\"]}]},{\"@type\":\"ImageObject\",\"inLanguage\":\"pt-PT\",\"@id\":\"https:\/\/vetpovoa.pt\/VP\/?page_id=3822#primaryimage\",\"url\":\"https:\/\/vetpovoa.pt\/VP\/wp-content\/uploads\/Constricao-abdominal.jpg\",\"contentUrl\":\"https:\/\/vetpovoa.pt\/VP\/wp-content\/uploads\/Constricao-abdominal.jpg\",\"width\":563,\"height\":1000},{\"@type\":\"BreadcrumbList\",\"@id\":\"https:\/\/vetpovoa.pt\/VP\/?page_id=3822#breadcrumb\",\"itemListElement\":[{\"@type\":\"ListItem\",\"position\":1,\"name\":\"In\u00edcio\",\"item\":\"https:\/\/vetpovoa.pt\/VP\/\"},{\"@type\":\"ListItem\",\"position\":2,\"name\":\"Cirurgia Gato &#8211; Reconstru\u00e7\u00e3o Abdominal\"}]},{\"@type\":\"WebSite\",\"@id\":\"https:\/\/vetpovoa.pt\/VP\/#website\",\"url\":\"https:\/\/vetpovoa.pt\/VP\/\",\"name\":\"Vet P\u00f3voa - Cl\u00ednica Veterin\u00e1ria Coimbra\",\"description\":\"Cl\u00ednica Veterin\u00e1ria Coimbra\",\"potentialAction\":[{\"@type\":\"SearchAction\",\"target\":{\"@type\":\"EntryPoint\",\"urlTemplate\":\"https:\/\/vetpovoa.pt\/VP\/?s={search_term_string}\"},\"query-input\":{\"@type\":\"PropertyValueSpecification\",\"valueRequired\":true,\"valueName\":\"search_term_string\"}}],\"inLanguage\":\"pt-PT\"}]}<\/script>\n<!-- \/ Yoast SEO plugin. -->","yoast_head_json":{"title":"Cirurgia Gato - Reconstru\u00e7\u00e3o Abdominal - Vet P\u00f3voa - Cl\u00ednica Veterin\u00e1ria Coimbra","description":"Um gato ficou preso numa armadilha pelo que tivemos de fazer uma reconstru\u00e7\u00e3o abdominal. Encontra-se a recuperar em sua casa.","robots":{"index":"index","follow":"follow","max-snippet":"max-snippet:-1","max-image-preview":"max-image-preview:large","max-video-preview":"max-video-preview:-1"},"canonical":"https:\/\/vetpovoa.pt\/VP\/?page_id=3822","og_locale":"pt_PT","og_type":"article","og_title":"Cirurgia Gato - Reconstru\u00e7\u00e3o Abdominal - Vet P\u00f3voa - Cl\u00ednica Veterin\u00e1ria Coimbra","og_description":"Um gato ficou preso numa armadilha pelo que tivemos de fazer uma reconstru\u00e7\u00e3o abdominal. Encontra-se a recuperar em sua casa.","og_url":"https:\/\/vetpovoa.pt\/VP\/?page_id=3822","og_site_name":"Vet P\u00f3voa - Cl\u00ednica Veterin\u00e1ria Coimbra","article_modified_time":"2019-02-15T15:19:17+00:00","og_image":[{"width":563,"height":1000,"url":"https:\/\/vetpovoa.pt\/VP\/wp-content\/uploads\/Constricao-abdominal.jpg","type":"image\/jpeg"}],"twitter_card":"summary_large_image","twitter_misc":{"Tempo estimado de leitura":"1 minuto"},"schema":{"@context":"https:\/\/schema.org","@graph":[{"@type":"WebPage","@id":"https:\/\/vetpovoa.pt\/VP\/?page_id=3822","url":"https:\/\/vetpovoa.pt\/VP\/?page_id=3822","name":"Cirurgia Gato - Reconstru\u00e7\u00e3o Abdominal - Vet P\u00f3voa - Cl\u00ednica Veterin\u00e1ria Coimbra","isPartOf":{"@id":"https:\/\/vetpovoa.pt\/VP\/#website"},"primaryImageOfPage":{"@id":"https:\/\/vetpovoa.pt\/VP\/?page_id=3822#primaryimage"},"image":{"@id":"https:\/\/vetpovoa.pt\/VP\/?page_id=3822#primaryimage"},"thumbnailUrl":"https:\/\/vetpovoa.pt\/VP\/wp-content\/uploads\/Constricao-abdominal.jpg","datePublished":"2019-02-15T14:55:57+00:00","dateModified":"2019-02-15T15:19:17+00:00","description":"Um gato ficou preso numa armadilha pelo que tivemos de fazer uma reconstru\u00e7\u00e3o abdominal. Encontra-se a recuperar em sua casa.","breadcrumb":{"@id":"https:\/\/vetpovoa.pt\/VP\/?page_id=3822#breadcrumb"},"inLanguage":"pt-PT","potentialAction":[{"@type":"ReadAction","target":["https:\/\/vetpovoa.pt\/VP\/?page_id=3822"]}]},{"@type":"ImageObject","inLanguage":"pt-PT","@id":"https:\/\/vetpovoa.pt\/VP\/?page_id=3822#primaryimage","url":"https:\/\/vetpovoa.pt\/VP\/wp-content\/uploads\/Constricao-abdominal.jpg","contentUrl":"https:\/\/vetpovoa.pt\/VP\/wp-content\/uploads\/Constricao-abdominal.jpg","width":563,"height":1000},{"@type":"BreadcrumbList","@id":"https:\/\/vetpovoa.pt\/VP\/?page_id=3822#breadcrumb","itemListElement":[{"@type":"ListItem","position":1,"name":"In\u00edcio","item":"https:\/\/vetpovoa.pt\/VP\/"},{"@type":"ListItem","position":2,"name":"Cirurgia Gato &#8211; Reconstru\u00e7\u00e3o Abdominal"}]},{"@type":"WebSite","@id":"https:\/\/vetpovoa.pt\/VP\/#website","url":"https:\/\/vetpovoa.pt\/VP\/","name":"Vet P\u00f3voa - Cl\u00ednica Veterin\u00e1ria Coimbra","description":"Cl\u00ednica Veterin\u00e1ria Coimbra","potentialAction":[{"@type":"SearchAction","target":{"@type":"EntryPoint","urlTemplate":"https:\/\/vetpovoa.pt\/VP\/?s={search_term_string}"},"query-input":{"@type":"PropertyValueSpecification","valueRequired":true,"valueName":"search_term_string"}}],"inLanguage":"pt-PT"}]}},"_links":{"self":[{"href":"https:\/\/vetpovoa.pt\/VP\/index.php?rest_route=\/wp\/v2\/pages\/3822","targetHints":{"allow":["GET"]}}],"collection":[{"href":"https:\/\/vetpovoa.pt\/VP\/index.php?rest_route=\/wp\/v2\/pages"}],"about":[{"href":"https:\/\/vetpovoa.pt\/VP\/index.php?rest_route=\/wp\/v2\/types\/page"}],"author":[{"embeddable":true,"href":"https:\/\/vetpovoa.pt\/VP\/index.php?rest_route=\/wp\/v2\/users\/1"}],"replies":[{"embeddable":true,"href":"https:\/\/vetpovoa.pt\/VP\/index.php?rest_route=%2Fwp%2Fv2%2Fcomments&post=3822"}],"version-history":[{"count":6,"href":"https:\/\/vetpovoa.pt\/VP\/index.php?rest_route=\/wp\/v2\/pages\/3822\/revisions"}],"predecessor-version":[{"id":3835,"href":"https:\/\/vetpovoa.pt\/VP\/index.php?rest_route=\/wp\/v2\/pages\/3822\/revisions\/3835"}],"wp:attachment":[{"href":"https:\/\/vetpovoa.pt\/VP\/index.php?rest_route=%2Fwp%2Fv2%2Fmedia&parent=3822"}],"curies":[{"name":"wp","href":"https:\/\/api.w.org\/{rel}","templated":true}]}}