{"id":3845,"date":"2019-04-11T16:56:45","date_gmt":"2019-04-11T16:56:45","guid":{"rendered":"https:\/\/vetpovoa.pt\/VP\/?page_id=3845"},"modified":"2019-04-11T18:17:25","modified_gmt":"2019-04-11T18:17:25","slug":"urolitos-calculos-urinarios","status":"publish","type":"page","link":"https:\/\/vetpovoa.pt\/VP\/?page_id=3845","title":{"rendered":"Ur\u00f3litos (c\u00e1lculos urin\u00e1rios)"},"content":{"rendered":"<p><img loading=\"lazy\" decoding=\"async\" class=\"aligncenter size-full wp-image-3848\" src=\"https:\/\/vetpovoa.pt\/VP\/wp-content\/uploads\/Urolitos2.jpg\" alt=\"\" width=\"640\" height=\"480\" srcset=\"https:\/\/vetpovoa.pt\/VP\/wp-content\/uploads\/Urolitos2.jpg 640w, https:\/\/vetpovoa.pt\/VP\/wp-content\/uploads\/Urolitos2-300x225.jpg 300w\" sizes=\"auto, (max-width: 640px) 100vw, 640px\" \/>Tal como no ser humano, tamb\u00e9m os nossos patudos podem desenvolver, em determinada\u00a0 altura das suas vidas a presen\u00e7a de ur\u00f3litos (c\u00e1lculos urin\u00e1rios), que podem ter tamanhos muito vari\u00e1veis, ser constitu\u00eddos por v\u00e1rios tipos de minerais e aparecer em diversas localiza\u00e7\u00f5es (desde os rins at\u00e9 \u00e0 por\u00e7\u00e3o final da uretra).<\/p>\n<p>As causas para o seu aparecimento s\u00e3o variadas, podendo ir desde predisposi\u00e7\u00e3o gen\u00e9rica, patologias que predisponham a sua forma\u00e7\u00e3o, medica\u00e7\u00e3o cr\u00f3nica, alimenta\u00e7\u00e3o e ingest\u00e3o de \u00e1gua desadequadas, reten\u00e7\u00e3o urin\u00e1ria, infe\u00e7\u00f5es, etc.<\/p>\n<p>Por vezes conseguem-se resolver estes problemas apenas com medica\u00e7\u00e3o e eventual corre\u00e7\u00e3o alimentar (geralmente alimentos com quantidades ajustadas de minerais e que respeitem o pH natural da urina).<\/p>\n<p>No entanto, quando os cristais minerais se concentram em forma\u00e7\u00f5es de dimens\u00f5es macrosc\u00f3picas (vis\u00edveis e palp\u00e1veis a olho n\u00fa), a situa\u00e7\u00e3o torna-se mais complicada, tendo muitas vezes de avan\u00e7ar para cirurgia de retirada do c\u00e1lculo.<\/p>\n<p><img loading=\"lazy\" decoding=\"async\" class=\"aligncenter size-full wp-image-3847\" src=\"https:\/\/vetpovoa.pt\/VP\/wp-content\/uploads\/Urolitos-e1555001589540.jpg\" alt=\"\" width=\"480\" height=\"640\" srcset=\"https:\/\/vetpovoa.pt\/VP\/wp-content\/uploads\/Urolitos-e1555001589540.jpg 480w, https:\/\/vetpovoa.pt\/VP\/wp-content\/uploads\/Urolitos-e1555001589540-225x300.jpg 225w\" sizes=\"auto, (max-width: 480px) 100vw, 480px\" \/><\/p>\n<p>Uma alimenta\u00e7\u00e3o correta, associada a um incremento na ingest\u00e3o de \u00e1gua podem ser uma ajuda preciosa na preven\u00e7\u00e3o desta situa\u00e7\u00e3o. Aconselhe-se com o seu m\u00e9dico veterin\u00e1rio sobre a melhor alimenta\u00e7\u00e3o para o seu patudo.<\/p>\n<p>Al\u00e9m disso, o diagn\u00f3stico precoce \u00e9 essencial, pelo que caso o seu patudo apresente dificuldades em urinar (fluxos pequenos, sinais de dor, urina em locais inapropriados, presen\u00e7a de sangue, ou aus\u00eancia de produ\u00e7\u00e3o de urina), dever\u00e1 consultar de imediato o seu m\u00e9dico veterin\u00e1rio assistente.<\/p>\n","protected":false},"excerpt":{"rendered":"<p>Tal como no ser humano, tamb\u00e9m os nossos patudos podem desenvolver, em determinada\u00a0 altura das suas vidas a presen\u00e7a de ur\u00f3litos (c\u00e1lculos urin\u00e1rios), que podem&hellip; <a href=\"https:\/\/vetpovoa.pt\/VP\/?page_id=3845\" class=\"post-excerpt-readmore\"><\/a><\/p>\n","protected":false},"author":1,"featured_media":3848,"parent":0,"menu_order":0,"comment_status":"closed","ping_status":"closed","template":"","meta":{"footnotes":""},"class_list":["post-3845","page","type-page","status-publish","has-post-thumbnail","hentry"],"yoast_head":"<!-- This site is optimized with the Yoast SEO plugin v24.5 - https:\/\/yoast.com\/wordpress\/plugins\/seo\/ -->\n<title>Ur\u00f3litos (c\u00e1lculos urin\u00e1rios) - Vet P\u00f3voa - Cl\u00ednica Veterin\u00e1ria Coimbra<\/title>\n<meta name=\"description\" content=\"Existem v\u00e1rios tipos de ur\u00f3litos (c\u00e1lculos urin\u00e1rios) que podem surgir em c\u00e3es e gatos. Assim sendo, altera\u00e7\u00f5es da mic\u00e7\u00e3o devem ser analisadas e tratadas.\" \/>\n<meta name=\"robots\" content=\"index, follow, max-snippet:-1, max-image-preview:large, max-video-preview:-1\" \/>\n<link rel=\"canonical\" href=\"https:\/\/vetpovoa.pt\/VP\/?page_id=3845\" \/>\n<meta property=\"og:locale\" content=\"pt_PT\" \/>\n<meta property=\"og:type\" content=\"article\" \/>\n<meta property=\"og:title\" content=\"Ur\u00f3litos (c\u00e1lculos urin\u00e1rios) - Vet P\u00f3voa - Cl\u00ednica Veterin\u00e1ria Coimbra\" \/>\n<meta property=\"og:description\" content=\"Existem v\u00e1rios tipos de ur\u00f3litos (c\u00e1lculos urin\u00e1rios) que podem surgir em c\u00e3es e gatos. Assim sendo, altera\u00e7\u00f5es da mic\u00e7\u00e3o devem ser analisadas e tratadas.\" \/>\n<meta property=\"og:url\" content=\"https:\/\/vetpovoa.pt\/VP\/?page_id=3845\" \/>\n<meta property=\"og:site_name\" content=\"Vet P\u00f3voa - Cl\u00ednica Veterin\u00e1ria Coimbra\" \/>\n<meta property=\"article:modified_time\" content=\"2019-04-11T18:17:25+00:00\" \/>\n<meta property=\"og:image\" content=\"https:\/\/vetpovoa.pt\/VP\/wp-content\/uploads\/Urolitos2.jpg\" \/>\n\t<meta property=\"og:image:width\" content=\"640\" \/>\n\t<meta property=\"og:image:height\" content=\"480\" \/>\n\t<meta property=\"og:image:type\" content=\"image\/jpeg\" \/>\n<meta name=\"twitter:card\" content=\"summary_large_image\" \/>\n<meta name=\"twitter:label1\" content=\"Tempo estimado de leitura\" \/>\n\t<meta name=\"twitter:data1\" content=\"1 minuto\" \/>\n<script type=\"application\/ld+json\" class=\"yoast-schema-graph\">{\"@context\":\"https:\/\/schema.org\",\"@graph\":[{\"@type\":\"WebPage\",\"@id\":\"https:\/\/vetpovoa.pt\/VP\/?page_id=3845\",\"url\":\"https:\/\/vetpovoa.pt\/VP\/?page_id=3845\",\"name\":\"Ur\u00f3litos (c\u00e1lculos urin\u00e1rios) - Vet P\u00f3voa - Cl\u00ednica Veterin\u00e1ria Coimbra\",\"isPartOf\":{\"@id\":\"https:\/\/vetpovoa.pt\/VP\/#website\"},\"primaryImageOfPage\":{\"@id\":\"https:\/\/vetpovoa.pt\/VP\/?page_id=3845#primaryimage\"},\"image\":{\"@id\":\"https:\/\/vetpovoa.pt\/VP\/?page_id=3845#primaryimage\"},\"thumbnailUrl\":\"https:\/\/vetpovoa.pt\/VP\/wp-content\/uploads\/Urolitos2.jpg\",\"datePublished\":\"2019-04-11T16:56:45+00:00\",\"dateModified\":\"2019-04-11T18:17:25+00:00\",\"description\":\"Existem v\u00e1rios tipos de ur\u00f3litos (c\u00e1lculos urin\u00e1rios) que podem surgir em c\u00e3es e gatos. Assim sendo, altera\u00e7\u00f5es da mic\u00e7\u00e3o devem ser analisadas e tratadas.\",\"breadcrumb\":{\"@id\":\"https:\/\/vetpovoa.pt\/VP\/?page_id=3845#breadcrumb\"},\"inLanguage\":\"pt-PT\",\"potentialAction\":[{\"@type\":\"ReadAction\",\"target\":[\"https:\/\/vetpovoa.pt\/VP\/?page_id=3845\"]}]},{\"@type\":\"ImageObject\",\"inLanguage\":\"pt-PT\",\"@id\":\"https:\/\/vetpovoa.pt\/VP\/?page_id=3845#primaryimage\",\"url\":\"https:\/\/vetpovoa.pt\/VP\/wp-content\/uploads\/Urolitos2.jpg\",\"contentUrl\":\"https:\/\/vetpovoa.pt\/VP\/wp-content\/uploads\/Urolitos2.jpg\",\"width\":640,\"height\":480},{\"@type\":\"BreadcrumbList\",\"@id\":\"https:\/\/vetpovoa.pt\/VP\/?page_id=3845#breadcrumb\",\"itemListElement\":[{\"@type\":\"ListItem\",\"position\":1,\"name\":\"In\u00edcio\",\"item\":\"https:\/\/vetpovoa.pt\/VP\/\"},{\"@type\":\"ListItem\",\"position\":2,\"name\":\"Ur\u00f3litos (c\u00e1lculos urin\u00e1rios)\"}]},{\"@type\":\"WebSite\",\"@id\":\"https:\/\/vetpovoa.pt\/VP\/#website\",\"url\":\"https:\/\/vetpovoa.pt\/VP\/\",\"name\":\"Vet P\u00f3voa - Cl\u00ednica Veterin\u00e1ria Coimbra\",\"description\":\"Cl\u00ednica Veterin\u00e1ria Coimbra\",\"potentialAction\":[{\"@type\":\"SearchAction\",\"target\":{\"@type\":\"EntryPoint\",\"urlTemplate\":\"https:\/\/vetpovoa.pt\/VP\/?s={search_term_string}\"},\"query-input\":{\"@type\":\"PropertyValueSpecification\",\"valueRequired\":true,\"valueName\":\"search_term_string\"}}],\"inLanguage\":\"pt-PT\"}]}<\/script>\n<!-- \/ Yoast SEO plugin. -->","yoast_head_json":{"title":"Ur\u00f3litos (c\u00e1lculos urin\u00e1rios) - Vet P\u00f3voa - Cl\u00ednica Veterin\u00e1ria Coimbra","description":"Existem v\u00e1rios tipos de ur\u00f3litos (c\u00e1lculos urin\u00e1rios) que podem surgir em c\u00e3es e gatos. Assim sendo, altera\u00e7\u00f5es da mic\u00e7\u00e3o devem ser analisadas e tratadas.","robots":{"index":"index","follow":"follow","max-snippet":"max-snippet:-1","max-image-preview":"max-image-preview:large","max-video-preview":"max-video-preview:-1"},"canonical":"https:\/\/vetpovoa.pt\/VP\/?page_id=3845","og_locale":"pt_PT","og_type":"article","og_title":"Ur\u00f3litos (c\u00e1lculos urin\u00e1rios) - Vet P\u00f3voa - Cl\u00ednica Veterin\u00e1ria Coimbra","og_description":"Existem v\u00e1rios tipos de ur\u00f3litos (c\u00e1lculos urin\u00e1rios) que podem surgir em c\u00e3es e gatos. Assim sendo, altera\u00e7\u00f5es da mic\u00e7\u00e3o devem ser analisadas e tratadas.","og_url":"https:\/\/vetpovoa.pt\/VP\/?page_id=3845","og_site_name":"Vet P\u00f3voa - Cl\u00ednica Veterin\u00e1ria Coimbra","article_modified_time":"2019-04-11T18:17:25+00:00","og_image":[{"width":640,"height":480,"url":"https:\/\/vetpovoa.pt\/VP\/wp-content\/uploads\/Urolitos2.jpg","type":"image\/jpeg"}],"twitter_card":"summary_large_image","twitter_misc":{"Tempo estimado de leitura":"1 minuto"},"schema":{"@context":"https:\/\/schema.org","@graph":[{"@type":"WebPage","@id":"https:\/\/vetpovoa.pt\/VP\/?page_id=3845","url":"https:\/\/vetpovoa.pt\/VP\/?page_id=3845","name":"Ur\u00f3litos (c\u00e1lculos urin\u00e1rios) - Vet P\u00f3voa - Cl\u00ednica Veterin\u00e1ria Coimbra","isPartOf":{"@id":"https:\/\/vetpovoa.pt\/VP\/#website"},"primaryImageOfPage":{"@id":"https:\/\/vetpovoa.pt\/VP\/?page_id=3845#primaryimage"},"image":{"@id":"https:\/\/vetpovoa.pt\/VP\/?page_id=3845#primaryimage"},"thumbnailUrl":"https:\/\/vetpovoa.pt\/VP\/wp-content\/uploads\/Urolitos2.jpg","datePublished":"2019-04-11T16:56:45+00:00","dateModified":"2019-04-11T18:17:25+00:00","description":"Existem v\u00e1rios tipos de ur\u00f3litos (c\u00e1lculos urin\u00e1rios) que podem surgir em c\u00e3es e gatos. Assim sendo, altera\u00e7\u00f5es da mic\u00e7\u00e3o devem ser analisadas e tratadas.","breadcrumb":{"@id":"https:\/\/vetpovoa.pt\/VP\/?page_id=3845#breadcrumb"},"inLanguage":"pt-PT","potentialAction":[{"@type":"ReadAction","target":["https:\/\/vetpovoa.pt\/VP\/?page_id=3845"]}]},{"@type":"ImageObject","inLanguage":"pt-PT","@id":"https:\/\/vetpovoa.pt\/VP\/?page_id=3845#primaryimage","url":"https:\/\/vetpovoa.pt\/VP\/wp-content\/uploads\/Urolitos2.jpg","contentUrl":"https:\/\/vetpovoa.pt\/VP\/wp-content\/uploads\/Urolitos2.jpg","width":640,"height":480},{"@type":"BreadcrumbList","@id":"https:\/\/vetpovoa.pt\/VP\/?page_id=3845#breadcrumb","itemListElement":[{"@type":"ListItem","position":1,"name":"In\u00edcio","item":"https:\/\/vetpovoa.pt\/VP\/"},{"@type":"ListItem","position":2,"name":"Ur\u00f3litos (c\u00e1lculos urin\u00e1rios)"}]},{"@type":"WebSite","@id":"https:\/\/vetpovoa.pt\/VP\/#website","url":"https:\/\/vetpovoa.pt\/VP\/","name":"Vet P\u00f3voa - Cl\u00ednica Veterin\u00e1ria Coimbra","description":"Cl\u00ednica Veterin\u00e1ria Coimbra","potentialAction":[{"@type":"SearchAction","target":{"@type":"EntryPoint","urlTemplate":"https:\/\/vetpovoa.pt\/VP\/?s={search_term_string}"},"query-input":{"@type":"PropertyValueSpecification","valueRequired":true,"valueName":"search_term_string"}}],"inLanguage":"pt-PT"}]}},"_links":{"self":[{"href":"https:\/\/vetpovoa.pt\/VP\/index.php?rest_route=\/wp\/v2\/pages\/3845","targetHints":{"allow":["GET"]}}],"collection":[{"href":"https:\/\/vetpovoa.pt\/VP\/index.php?rest_route=\/wp\/v2\/pages"}],"about":[{"href":"https:\/\/vetpovoa.pt\/VP\/index.php?rest_route=\/wp\/v2\/types\/page"}],"author":[{"embeddable":true,"href":"https:\/\/vetpovoa.pt\/VP\/index.php?rest_route=\/wp\/v2\/users\/1"}],"replies":[{"embeddable":true,"href":"https:\/\/vetpovoa.pt\/VP\/index.php?rest_route=%2Fwp%2Fv2%2Fcomments&post=3845"}],"version-history":[{"count":2,"href":"https:\/\/vetpovoa.pt\/VP\/index.php?rest_route=\/wp\/v2\/pages\/3845\/revisions"}],"predecessor-version":[{"id":3850,"href":"https:\/\/vetpovoa.pt\/VP\/index.php?rest_route=\/wp\/v2\/pages\/3845\/revisions\/3850"}],"wp:featuredmedia":[{"embeddable":true,"href":"https:\/\/vetpovoa.pt\/VP\/index.php?rest_route=\/wp\/v2\/media\/3848"}],"wp:attachment":[{"href":"https:\/\/vetpovoa.pt\/VP\/index.php?rest_route=%2Fwp%2Fv2%2Fmedia&parent=3845"}],"curies":[{"name":"wp","href":"https:\/\/api.w.org\/{rel}","templated":true}]}}