{"id":3852,"date":"2019-05-22T10:12:40","date_gmt":"2019-05-22T10:12:40","guid":{"rendered":"https:\/\/vetpovoa.pt\/VP\/?page_id=3852"},"modified":"2019-05-22T11:28:33","modified_gmt":"2019-05-22T11:28:33","slug":"cirurgia-da-vet-povoa","status":"publish","type":"page","link":"https:\/\/vetpovoa.pt\/VP\/?page_id=3852","title":{"rendered":"Cirurgia da Vet P\u00f3voa"},"content":{"rendered":"<p>Quando deixa o seu companheiro para uma cirurgia, mesmo sendo de rotina sabe como \u00e9 que ela \u00e9 realizada? Pois a partir de agora pode saber como trabalhamos na cirurgia da Vet P\u00f3voa!<\/p>\n<p>Um dos pontos fortes da nossa cl\u00ednica, desde 1996 tem sido a cirurgia, sendo que temos um servi\u00e7o de refer\u00eancia que acolhe colegas de dezenas de centros m\u00e9dico-veterin\u00e1rios da regi\u00e3o centro de Portugal.<\/p>\n<p>Assim sendo \u00e9 uma das \u00e1reas em que temos investido continuamente e desde 2016 que utilizamos as mais avan\u00e7adas t\u00e9cnicas cir\u00fargicas.<\/p>\n<p>Muito resumidamente, na cirurgia da Vet P\u00f3voa, al\u00e9m de uma equipa muit\u00edssimo experiente, temos ao nosso dispor um equipamento que permite laquear os vasos sangu\u00edneos de forma r\u00e1pida e totalmente segura, sem necessidade de recorrer ao tradicional fio de sutura.<\/p>\n<p>Trata-se de um aparelho com um software sofisticado, que mede a corrente sangu\u00ednea em cada vaso e ajusta a pot\u00eancia de coagula\u00e7\u00e3o a cada tecido at\u00e9 ao ponto em que pode ser seccionado com seguran\u00e7a.<\/p>\n<p>Assim conseguimos reduzir drasticamente o tempo cir\u00fargico, o risco associado \u00e0 anestesia e a potenciais hemorragias e aumentar consideravelmente o\u00a0 conforto do paciente, reduzindo a morbilidade p\u00f3s operat\u00f3ria. Por n\u00e3o haver fios de sutura nos locais mais internos reduzem-se tamb\u00e9m as infe\u00e7\u00f5es p\u00f3s operat\u00f3rias, bem como as potenciais rejei\u00e7\u00f5es aos pontos internos.<\/p>\n<div id=\"attachment_3855\" style=\"width: 650px\" class=\"wp-caption aligncenter\"><img loading=\"lazy\" decoding=\"async\" aria-describedby=\"caption-attachment-3855\" class=\"wp-image-3855 size-full\" title=\"Recobro Cirurgico na Vet P\u00f3voa Coimbra\" src=\"https:\/\/vetpovoa.pt\/VP\/wp-content\/uploads\/pos_operatorio_cadela.jpg\" alt=\"Cirurgia da Vet P\u00f3voa\" width=\"640\" height=\"480\" srcset=\"https:\/\/vetpovoa.pt\/VP\/wp-content\/uploads\/pos_operatorio_cadela.jpg 640w, https:\/\/vetpovoa.pt\/VP\/wp-content\/uploads\/pos_operatorio_cadela-300x225.jpg 300w\" sizes=\"auto, (max-width: 640px) 100vw, 640px\" \/><p id=\"caption-attachment-3855\" class=\"wp-caption-text\">Recobro de Cirurgia Complexa na Vet P\u00f3voa<\/p><\/div>\n<div id=\"attachment_3867\" style=\"width: 650px\" class=\"wp-caption aligncenter\"><img loading=\"lazy\" decoding=\"async\" aria-describedby=\"caption-attachment-3867\" class=\"size-full wp-image-3867\" src=\"https:\/\/vetpovoa.pt\/VP\/wp-content\/uploads\/pos_operatorio_cao.jpg\" alt=\"Recupera\u00e7\u00e3o p\u00f3s operat\u00f3ria\" width=\"640\" height=\"480\" srcset=\"https:\/\/vetpovoa.pt\/VP\/wp-content\/uploads\/pos_operatorio_cao.jpg 640w, https:\/\/vetpovoa.pt\/VP\/wp-content\/uploads\/pos_operatorio_cao-300x225.jpg 300w\" sizes=\"auto, (max-width: 640px) 100vw, 640px\" \/><p id=\"caption-attachment-3867\" class=\"wp-caption-text\">Recobro de Cirurgia Simples na Vet P\u00f3voa<\/p><\/div>\n<p>&nbsp;<\/p>\n<p>Mostramos a t\u00e9cnica em video, numa orquiectomia de c\u00e3o (caso muito simples e sem conte\u00fado agressivo), no entanto alertamos que s\u00f3 dever\u00e1 ser visualizado caso esteja \u00e0 vontade com a visualiza\u00e7\u00e3o de sangue.<\/p>\n<p><a href=\"https:\/\/vetpovoa.pt\/VP\/?page_id=3860\" target=\"_blank\" rel=\"noopener\">Video de Cirurgia Real<\/a><\/p>\n<p>&nbsp;<\/p>\n<p>&nbsp;<\/p>\n<p>&nbsp;<\/p>\n","protected":false},"excerpt":{"rendered":"<p>Quando deixa o seu companheiro para uma cirurgia, mesmo sendo de rotina sabe como \u00e9 que ela \u00e9 realizada? Pois a partir de agora pode&hellip; <a href=\"https:\/\/vetpovoa.pt\/VP\/?page_id=3852\" class=\"post-excerpt-readmore\"><\/a><\/p>\n","protected":false},"author":1,"featured_media":0,"parent":0,"menu_order":0,"comment_status":"closed","ping_status":"closed","template":"","meta":{"footnotes":""},"class_list":["post-3852","page","type-page","status-publish","hentry"],"yoast_head":"<!-- This site is optimized with the Yoast SEO plugin v24.5 - https:\/\/yoast.com\/wordpress\/plugins\/seo\/ -->\n<title>Cl\u00ednica Veterin\u00e1ria Coimbra - Cirurgia da Vet P\u00f3voa<\/title>\n<meta name=\"description\" content=\"Saiba com trabalhamos na cirurgia da Vet P\u00f3voa. Os nossos objetivos s\u00e3o reduzir os riscos e aumentar o conforto p\u00f3s-operat\u00f3rio.\" \/>\n<meta name=\"robots\" content=\"index, follow, max-snippet:-1, max-image-preview:large, max-video-preview:-1\" \/>\n<link rel=\"canonical\" href=\"https:\/\/vetpovoa.pt\/VP\/?page_id=3852\" \/>\n<meta property=\"og:locale\" content=\"pt_PT\" \/>\n<meta property=\"og:type\" content=\"article\" \/>\n<meta property=\"og:title\" content=\"Cl\u00ednica Veterin\u00e1ria Coimbra - Cirurgia da Vet P\u00f3voa\" \/>\n<meta property=\"og:description\" content=\"Saiba com trabalhamos na cirurgia da Vet P\u00f3voa. Os nossos objetivos s\u00e3o reduzir os riscos e aumentar o conforto p\u00f3s-operat\u00f3rio.\" \/>\n<meta property=\"og:url\" content=\"https:\/\/vetpovoa.pt\/VP\/?page_id=3852\" \/>\n<meta property=\"og:site_name\" content=\"Vet P\u00f3voa - Cl\u00ednica Veterin\u00e1ria Coimbra\" \/>\n<meta property=\"article:modified_time\" content=\"2019-05-22T11:28:33+00:00\" \/>\n<meta property=\"og:image\" content=\"https:\/\/vetpovoa.pt\/VP\/wp-content\/uploads\/pos_operatorio_cadela.jpg\" \/>\n\t<meta property=\"og:image:width\" content=\"640\" \/>\n\t<meta property=\"og:image:height\" content=\"480\" \/>\n\t<meta property=\"og:image:type\" content=\"image\/jpeg\" \/>\n<meta name=\"twitter:card\" content=\"summary_large_image\" \/>\n<meta name=\"twitter:label1\" content=\"Tempo estimado de leitura\" \/>\n\t<meta name=\"twitter:data1\" content=\"2 minutos\" \/>\n<script type=\"application\/ld+json\" class=\"yoast-schema-graph\">{\"@context\":\"https:\/\/schema.org\",\"@graph\":[{\"@type\":\"WebPage\",\"@id\":\"https:\/\/vetpovoa.pt\/VP\/?page_id=3852\",\"url\":\"https:\/\/vetpovoa.pt\/VP\/?page_id=3852\",\"name\":\"Cl\u00ednica Veterin\u00e1ria Coimbra - Cirurgia da Vet P\u00f3voa\",\"isPartOf\":{\"@id\":\"https:\/\/vetpovoa.pt\/VP\/#website\"},\"primaryImageOfPage\":{\"@id\":\"https:\/\/vetpovoa.pt\/VP\/?page_id=3852#primaryimage\"},\"image\":{\"@id\":\"https:\/\/vetpovoa.pt\/VP\/?page_id=3852#primaryimage\"},\"thumbnailUrl\":\"https:\/\/vetpovoa.pt\/VP\/wp-content\/uploads\/pos_operatorio_cadela.jpg\",\"datePublished\":\"2019-05-22T10:12:40+00:00\",\"dateModified\":\"2019-05-22T11:28:33+00:00\",\"description\":\"Saiba com trabalhamos na cirurgia da Vet P\u00f3voa. Os nossos objetivos s\u00e3o reduzir os riscos e aumentar o conforto p\u00f3s-operat\u00f3rio.\",\"breadcrumb\":{\"@id\":\"https:\/\/vetpovoa.pt\/VP\/?page_id=3852#breadcrumb\"},\"inLanguage\":\"pt-PT\",\"potentialAction\":[{\"@type\":\"ReadAction\",\"target\":[\"https:\/\/vetpovoa.pt\/VP\/?page_id=3852\"]}]},{\"@type\":\"ImageObject\",\"inLanguage\":\"pt-PT\",\"@id\":\"https:\/\/vetpovoa.pt\/VP\/?page_id=3852#primaryimage\",\"url\":\"https:\/\/vetpovoa.pt\/VP\/wp-content\/uploads\/pos_operatorio_cadela.jpg\",\"contentUrl\":\"https:\/\/vetpovoa.pt\/VP\/wp-content\/uploads\/pos_operatorio_cadela.jpg\",\"width\":640,\"height\":480},{\"@type\":\"BreadcrumbList\",\"@id\":\"https:\/\/vetpovoa.pt\/VP\/?page_id=3852#breadcrumb\",\"itemListElement\":[{\"@type\":\"ListItem\",\"position\":1,\"name\":\"In\u00edcio\",\"item\":\"https:\/\/vetpovoa.pt\/VP\/\"},{\"@type\":\"ListItem\",\"position\":2,\"name\":\"Cirurgia da Vet P\u00f3voa\"}]},{\"@type\":\"WebSite\",\"@id\":\"https:\/\/vetpovoa.pt\/VP\/#website\",\"url\":\"https:\/\/vetpovoa.pt\/VP\/\",\"name\":\"Vet P\u00f3voa - Cl\u00ednica Veterin\u00e1ria Coimbra\",\"description\":\"Cl\u00ednica Veterin\u00e1ria Coimbra\",\"potentialAction\":[{\"@type\":\"SearchAction\",\"target\":{\"@type\":\"EntryPoint\",\"urlTemplate\":\"https:\/\/vetpovoa.pt\/VP\/?s={search_term_string}\"},\"query-input\":{\"@type\":\"PropertyValueSpecification\",\"valueRequired\":true,\"valueName\":\"search_term_string\"}}],\"inLanguage\":\"pt-PT\"}]}<\/script>\n<!-- \/ Yoast SEO plugin. -->","yoast_head_json":{"title":"Cl\u00ednica Veterin\u00e1ria Coimbra - Cirurgia da Vet P\u00f3voa","description":"Saiba com trabalhamos na cirurgia da Vet P\u00f3voa. Os nossos objetivos s\u00e3o reduzir os riscos e aumentar o conforto p\u00f3s-operat\u00f3rio.","robots":{"index":"index","follow":"follow","max-snippet":"max-snippet:-1","max-image-preview":"max-image-preview:large","max-video-preview":"max-video-preview:-1"},"canonical":"https:\/\/vetpovoa.pt\/VP\/?page_id=3852","og_locale":"pt_PT","og_type":"article","og_title":"Cl\u00ednica Veterin\u00e1ria Coimbra - Cirurgia da Vet P\u00f3voa","og_description":"Saiba com trabalhamos na cirurgia da Vet P\u00f3voa. Os nossos objetivos s\u00e3o reduzir os riscos e aumentar o conforto p\u00f3s-operat\u00f3rio.","og_url":"https:\/\/vetpovoa.pt\/VP\/?page_id=3852","og_site_name":"Vet P\u00f3voa - Cl\u00ednica Veterin\u00e1ria Coimbra","article_modified_time":"2019-05-22T11:28:33+00:00","og_image":[{"width":640,"height":480,"url":"https:\/\/vetpovoa.pt\/VP\/wp-content\/uploads\/pos_operatorio_cadela.jpg","type":"image\/jpeg"}],"twitter_card":"summary_large_image","twitter_misc":{"Tempo estimado de leitura":"2 minutos"},"schema":{"@context":"https:\/\/schema.org","@graph":[{"@type":"WebPage","@id":"https:\/\/vetpovoa.pt\/VP\/?page_id=3852","url":"https:\/\/vetpovoa.pt\/VP\/?page_id=3852","name":"Cl\u00ednica Veterin\u00e1ria Coimbra - Cirurgia da Vet P\u00f3voa","isPartOf":{"@id":"https:\/\/vetpovoa.pt\/VP\/#website"},"primaryImageOfPage":{"@id":"https:\/\/vetpovoa.pt\/VP\/?page_id=3852#primaryimage"},"image":{"@id":"https:\/\/vetpovoa.pt\/VP\/?page_id=3852#primaryimage"},"thumbnailUrl":"https:\/\/vetpovoa.pt\/VP\/wp-content\/uploads\/pos_operatorio_cadela.jpg","datePublished":"2019-05-22T10:12:40+00:00","dateModified":"2019-05-22T11:28:33+00:00","description":"Saiba com trabalhamos na cirurgia da Vet P\u00f3voa. Os nossos objetivos s\u00e3o reduzir os riscos e aumentar o conforto p\u00f3s-operat\u00f3rio.","breadcrumb":{"@id":"https:\/\/vetpovoa.pt\/VP\/?page_id=3852#breadcrumb"},"inLanguage":"pt-PT","potentialAction":[{"@type":"ReadAction","target":["https:\/\/vetpovoa.pt\/VP\/?page_id=3852"]}]},{"@type":"ImageObject","inLanguage":"pt-PT","@id":"https:\/\/vetpovoa.pt\/VP\/?page_id=3852#primaryimage","url":"https:\/\/vetpovoa.pt\/VP\/wp-content\/uploads\/pos_operatorio_cadela.jpg","contentUrl":"https:\/\/vetpovoa.pt\/VP\/wp-content\/uploads\/pos_operatorio_cadela.jpg","width":640,"height":480},{"@type":"BreadcrumbList","@id":"https:\/\/vetpovoa.pt\/VP\/?page_id=3852#breadcrumb","itemListElement":[{"@type":"ListItem","position":1,"name":"In\u00edcio","item":"https:\/\/vetpovoa.pt\/VP\/"},{"@type":"ListItem","position":2,"name":"Cirurgia da Vet P\u00f3voa"}]},{"@type":"WebSite","@id":"https:\/\/vetpovoa.pt\/VP\/#website","url":"https:\/\/vetpovoa.pt\/VP\/","name":"Vet P\u00f3voa - Cl\u00ednica Veterin\u00e1ria Coimbra","description":"Cl\u00ednica Veterin\u00e1ria Coimbra","potentialAction":[{"@type":"SearchAction","target":{"@type":"EntryPoint","urlTemplate":"https:\/\/vetpovoa.pt\/VP\/?s={search_term_string}"},"query-input":{"@type":"PropertyValueSpecification","valueRequired":true,"valueName":"search_term_string"}}],"inLanguage":"pt-PT"}]}},"_links":{"self":[{"href":"https:\/\/vetpovoa.pt\/VP\/index.php?rest_route=\/wp\/v2\/pages\/3852","targetHints":{"allow":["GET"]}}],"collection":[{"href":"https:\/\/vetpovoa.pt\/VP\/index.php?rest_route=\/wp\/v2\/pages"}],"about":[{"href":"https:\/\/vetpovoa.pt\/VP\/index.php?rest_route=\/wp\/v2\/types\/page"}],"author":[{"embeddable":true,"href":"https:\/\/vetpovoa.pt\/VP\/index.php?rest_route=\/wp\/v2\/users\/1"}],"replies":[{"embeddable":true,"href":"https:\/\/vetpovoa.pt\/VP\/index.php?rest_route=%2Fwp%2Fv2%2Fcomments&post=3852"}],"version-history":[{"count":6,"href":"https:\/\/vetpovoa.pt\/VP\/index.php?rest_route=\/wp\/v2\/pages\/3852\/revisions"}],"predecessor-version":[{"id":3868,"href":"https:\/\/vetpovoa.pt\/VP\/index.php?rest_route=\/wp\/v2\/pages\/3852\/revisions\/3868"}],"wp:attachment":[{"href":"https:\/\/vetpovoa.pt\/VP\/index.php?rest_route=%2Fwp%2Fv2%2Fmedia&parent=3852"}],"curies":[{"name":"wp","href":"https:\/\/api.w.org\/{rel}","templated":true}]}}