{"id":3869,"date":"2019-09-25T16:04:58","date_gmt":"2019-09-25T16:04:58","guid":{"rendered":"https:\/\/vetpovoa.pt\/VP\/?page_id=3869"},"modified":"2019-09-27T17:24:34","modified_gmt":"2019-09-27T17:24:34","slug":"tumor-hepatico-da-micas","status":"publish","type":"page","link":"https:\/\/vetpovoa.pt\/VP\/?page_id=3869","title":{"rendered":"O Tumor Hep\u00e1tico da Micas"},"content":{"rendered":"<p><span style=\"font-size: 14pt;\">No final de mais um Ver\u00e3o, podemos voltar a respirar um bocadinho e at\u00e9 temos uns minutos para escrever sobre o caso do Tumor Hep\u00e1tico da Micas.<\/span><\/p>\n<p><span style=\"font-size: 14pt;\">Para a equipa da Vet P\u00f3voa, cada patudo \u00e9 especial e cada caso \u00e9 um caso, no entanto por limita\u00e7\u00e3o de tempo n\u00e3o podemos escrever sobre todos. A hist\u00f3ria da Micas \u00e9 similar a tantas outras hist\u00f3rias do nosso quotidiano, no entanto escolhemos a Micas, e ainda n\u00e3o sei bem porqu\u00ea&#8230;<\/span><\/p>\n<p>&nbsp;<\/p>\n<div id=\"attachment_3878\" style=\"width: 643px\" class=\"wp-caption alignright\"><img loading=\"lazy\" decoding=\"async\" aria-describedby=\"caption-attachment-3878\" class=\"wp-image-3878 size-full\" src=\"https:\/\/vetpovoa.pt\/VP\/wp-content\/uploads\/Micas-a-passear-e1569336730238.jpg\" alt=\"\" width=\"633\" height=\"950\" srcset=\"https:\/\/vetpovoa.pt\/VP\/wp-content\/uploads\/Micas-a-passear-e1569336730238.jpg 633w, https:\/\/vetpovoa.pt\/VP\/wp-content\/uploads\/Micas-a-passear-e1569336730238-200x300.jpg 200w\" sizes=\"auto, (max-width: 633px) 100vw, 633px\" \/><p id=\"caption-attachment-3878\" class=\"wp-caption-text\"><span style=\"font-size: 14pt;\">Micas no campo<\/span><\/p><\/div>\n<p><span style=\"font-size: 14pt;\">\u00c9 poss\u00edvel que tenha sido porque a Micas tem a particularidade de pertencer n\u00e3o s\u00f3 \u00e0 grande fam\u00edlia da Vet P\u00f3voa, mas tamb\u00e9m \u00e0 minha pr\u00f3pria fam\u00edlia.<\/span><\/p>\n<p><span style=\"font-size: 14pt;\">De forma algo sub-consciente poder\u00e1 at\u00e9 ter sido ela a fonte de inspira\u00e7\u00e3o para o nome e logotipo do nosso novo projeto (Dona Micas). Pelo menos, encaixa na perfei\u00e7\u00e3o no perfil da nossa cadelinha pequenina, feliz e de bem com a vida, muito dona do seu nariz e apreciadora de produtos gourmet.<\/span><\/p>\n<p><span style=\"font-size: 14pt;\">Podemos ent\u00e3o afirmar que, com a maturidade que a idade j\u00e1 lhe d\u00e1, a Micas \u00e9 uma aut\u00eantica &#8220;lady&#8221;, uma verdadeira &#8220;Senhora Dona Micas&#8221;.<\/span><\/p>\n<p><span style=\"font-size: 14pt;\">Antes do Ver\u00e3o, tudo estava bem na vida da Micas, pertence a uma fam\u00edlia numerosa, constitu\u00edda por outros c\u00e3es, humanos adultos e crian\u00e7as para brincar. Mas um dia, essa terr\u00edvel doen\u00e7a designada genericamente de cancro, a tal que n\u00e3o escolhe idades, nem sexos, nem nacionalidades, nem etnias, nem feitios ou personalidades, nem estratos sociais e que em boa verdade tamb\u00e9m n\u00e3o escolhe esp\u00e9cies, nem ra\u00e7as, bateu-lhe \u00e0 porta.<\/span><\/p>\n<p><span style=\"font-size: 14pt;\">O que come\u00e7ou apenas com um ligeiro cansa\u00e7o e uma ligeira diminui\u00e7\u00e3o do apetite, t\u00e3o t\u00edpicos destas idades mais avan\u00e7adas, foi diagnosticado como uma massa hep\u00e1tica de grandes dimens\u00f5es. O f\u00edgado da Micas estava severamente afetado. Apesar de ser uma &#8220;Alfacinha de Gema&#8221;, a Micas l\u00e1 veio de Lisboa at\u00e9 Coimbra para ser operada na &#8220;cl\u00ednica dos primos&#8221;, sempre com a comunica\u00e7\u00e3o permanente entre a cl\u00ednica veterin\u00e1ria onde \u00e9 assistida regularmente e a Vet P\u00f3voa.<\/span><\/p>\n<p><span style=\"font-size: 14pt;\">Apesar do tumor da Micas ser muito silencioso, tendo estado algum tempo sem qualquer tipo de sintomas (tal como a grande maioria deles), a massa j\u00e1 tinha grandes dimens\u00f5es&#8230; mas as boas novas chegaram logo a seguir&#8230; Com a ajuda dos nossos equipamentos (nomeadamente das m\u00e1quinas para laquear &#8211; saiba mais <a href=\"https:\/\/vetpovoa.pt\/VP\/?page_id=3860\" target=\"_blank\" rel=\"noopener\">aqui<\/a>), o tumor foi dado como oper\u00e1vel, tendo sido retirado logo de seguida.<\/span><\/p>\n<p><span style=\"font-size: 14pt;\">A Micas reagiu muit\u00edssimo bem e at\u00e9 foi de f\u00e9rias em Agosto. Dividiu-se entre o campo e a praia e andou muito feliz.<\/span><\/p>\n<p><span style=\"font-size: 14pt;\">As m\u00e1s not\u00edcias voltariam logo depois: O tumor era maligno, e embora, aparentemente, tivesse sido retirado na sua totalidade, tinha capacidade de invadir outros tecidos ou org\u00e3os (metastizar).<\/span><\/p>\n<p><span style=\"font-size: 14pt;\">Posto isto, reunimos com a fam\u00edlia mais pr\u00f3xima da Micas e em conjunto decidimos iniciar um protocolo de quimioterapia ligeira, de modo a prolongar o seu tempo entre n\u00f3s, tentando sempre preservar a sua qualidade de vida.<\/span><\/p>\n<p><span style=\"font-size: 14pt;\">No momento presente a Micas est\u00e1 bem de sa\u00fade e muito bem disposta e feliz.<\/span><\/p>\n<div id=\"attachment_3877\" style=\"width: 330px\" class=\"wp-caption alignright\"><img loading=\"lazy\" decoding=\"async\" aria-describedby=\"caption-attachment-3877\" class=\"size-full wp-image-3877\" src=\"https:\/\/vetpovoa.pt\/VP\/wp-content\/uploads\/Micas-a-brincar.jpg\" alt=\"\" width=\"320\" height=\"156\" srcset=\"https:\/\/vetpovoa.pt\/VP\/wp-content\/uploads\/Micas-a-brincar.jpg 320w, https:\/\/vetpovoa.pt\/VP\/wp-content\/uploads\/Micas-a-brincar-300x146.jpg 300w\" sizes=\"auto, (max-width: 320px) 100vw, 320px\" \/><p id=\"caption-attachment-3877\" class=\"wp-caption-text\"><span style=\"font-size: 14pt;\">Micas depois da cirurgia<\/span><\/p><\/div>\n<p><span style=\"font-size: 14pt;\">Talvez tenha escolhido para escrever sobre este caso por ser a Senhora Dona Micas, que conhe\u00e7o desde que nasceu e que assisto sempre que tem um problema de sa\u00fade complicado, ou talvez por ter sido um caso grave que est\u00e1 a correr muit\u00edssimo bem, ou talvez por ser um dos cancros que conseguimos vencer, pelo menos para j\u00e1.<\/span><\/p>\n<p><span style=\"font-size: 14pt;\">Os mais corajosos podem ver detalhes da cirurgia <a href=\"https:\/\/vetpovoa.pt\/VP\/?page_id=3883\">aqui.<\/a><\/span><\/p>\n<p><span style=\"font-size: 14pt;\">Para a pr\u00f3xima que tiver uns minutos livres da correria di\u00e1ria que levo, talvez possa escrever sobre um Boxer com um hemangiossarcoma visceral que me morreu nas m\u00e3os h\u00e1 15 dias. Boxer esse que entrou na Vet P\u00f3voa ainda beb\u00e9 e do qual nos despedimos ainda antes de completar 8 anos. Boxer esse que passou v\u00e1rios dias a lutar contra um cancro altamente agressivo, mas que nos recebia diariamente com uma dan\u00e7a de alegria.\u00a0 Boxer esse que entregamos hoje as cinzas \u00e0 fam\u00edlia. Ou sobre um S\u00e3o Bernardo que sofreu uma met\u00e1stase pulmonar de um sarcoma retirado anteriormente. Ou quem sabe sobre a minha pr\u00f3pria cadela que tamb\u00e9m morreu de hemangiossarcoma.<\/span><\/p>\n<p><span style=\"font-size: 14pt;\">Ou talvez possa escrever sobre as dezenas de membros, amputados com osteossarcomas, as centenas de n\u00f3dulos cut\u00e2neos ou sub-cut\u00e2neos retirados, os tumores da mais diversa natureza que nos v\u00e3o passando pelas m\u00e3os todos os dias e que em alguns casos s\u00e3o extraordinariamente dif\u00edceis de diagnosticar ou at\u00e9 sobre os j\u00e1 milhares de cancros da mama que oper\u00e1mos nos 13 anos em que aqui estamos. <\/span><\/p>\n<p><span style=\"font-size: 14pt;\">Para os que se perguntam por onde ando por n\u00e3o me encontrarem tantas vezes nas consultas, j\u00e1 ficam a saber que estou atr\u00e1s do muro (leia-se sala de cirurgia), a lutar contra estas e outras doen\u00e7as danadas.<\/span><\/p>\n<p><span style=\"font-size: 14pt;\">J\u00e1 \u00e0 quest\u00e3o sobre as causas do aumento das doen\u00e7as cancer\u00edgenas, acredito que poder\u00e1 ser multifatorial, no entanto o facto de continuarmos a contrariar a sele\u00e7\u00e3o natural e conseguir combater eficazmente cada vez mais doen\u00e7as que no passado eram a causa de mortes prematuras.<\/span><\/p>\n<p><span style=\"font-size: 14pt;\">Assim sendo, vejo o cancro como um &#8220;efeito secund\u00e1rio&#8221; dos avan\u00e7as da medicina. Enquanto a esperan\u00e7a m\u00e9dia de vida continuar a aumentar deveremos estar no bom caminho.<\/span><\/p>\n<p><span style=\"font-size: 14pt;\">\u00c0s vezes ganhamos, outras vezes perdemos. Mas n\u00e3o desistimos&#8230;<\/span><\/p>\n<p>&nbsp;<\/p>\n<p><span style=\"font-size: 14pt;\">Hoje decidi escrever sobre a Micas, talvez por ser o exemplo perfeito dos avan\u00e7os da medicina e cirurgia veterin\u00e1rias a que temos assistido nos \u00faltimos anos, por nos dizer que muitas vezes podemos ganhar a guerra contra essa doen\u00e7a silenciosa que se vai alastrando, ou apenas por ser um enorme caso de esperan\u00e7a.<\/span><\/p>\n<p>&nbsp;<\/p>\n<p><span style=\"font-size: 14pt;\">Ricardo Almeida<\/span><\/p>\n<p><span style=\"font-size: 14pt;\">Diretor Cl\u00ednico da Vet P\u00f3voa<\/span><\/p>\n<p>&nbsp;<\/p>\n<p>&nbsp;<\/p>\n","protected":false},"excerpt":{"rendered":"<p>No final de mais um Ver\u00e3o, podemos voltar a respirar um bocadinho e at\u00e9 temos uns minutos para escrever sobre o caso do Tumor Hep\u00e1tico&hellip; <a href=\"https:\/\/vetpovoa.pt\/VP\/?page_id=3869\" class=\"post-excerpt-readmore\"><\/a><\/p>\n","protected":false},"author":1,"featured_media":0,"parent":0,"menu_order":0,"comment_status":"closed","ping_status":"closed","template":"","meta":{"footnotes":""},"class_list":["post-3869","page","type-page","status-publish","hentry"],"yoast_head":"<!-- This site is optimized with the Yoast SEO plugin v24.5 - https:\/\/yoast.com\/wordpress\/plugins\/seo\/ -->\n<title>O Tumor Hep\u00e1tico da Micas - Vet P\u00f3voa - Cl\u00ednica Veterin\u00e1ria Coimbra<\/title>\n<meta name=\"robots\" content=\"index, follow, max-snippet:-1, max-image-preview:large, max-video-preview:-1\" \/>\n<link rel=\"canonical\" href=\"https:\/\/vetpovoa.pt\/VP\/?page_id=3869\" \/>\n<meta property=\"og:locale\" content=\"pt_PT\" \/>\n<meta property=\"og:type\" content=\"article\" \/>\n<meta property=\"og:title\" content=\"O Tumor Hep\u00e1tico da Micas - Vet P\u00f3voa - Cl\u00ednica Veterin\u00e1ria Coimbra\" \/>\n<meta property=\"og:description\" content=\"No final de mais um Ver\u00e3o, podemos voltar a respirar um bocadinho e at\u00e9 temos uns minutos para escrever sobre o caso do Tumor Hep\u00e1tico&hellip;\" \/>\n<meta property=\"og:url\" content=\"https:\/\/vetpovoa.pt\/VP\/?page_id=3869\" \/>\n<meta property=\"og:site_name\" content=\"Vet P\u00f3voa - Cl\u00ednica Veterin\u00e1ria Coimbra\" \/>\n<meta property=\"article:modified_time\" content=\"2019-09-27T17:24:34+00:00\" \/>\n<meta property=\"og:image\" content=\"https:\/\/vetpovoa.pt\/VP\/wp-content\/uploads\/Micas-a-passear-e1569336730238.jpg\" \/>\n\t<meta property=\"og:image:width\" content=\"633\" \/>\n\t<meta property=\"og:image:height\" content=\"950\" \/>\n\t<meta property=\"og:image:type\" content=\"image\/jpeg\" \/>\n<meta name=\"twitter:card\" content=\"summary_large_image\" \/>\n<meta name=\"twitter:label1\" content=\"Tempo estimado de leitura\" \/>\n\t<meta name=\"twitter:data1\" content=\"5 minutos\" \/>\n<script type=\"application\/ld+json\" class=\"yoast-schema-graph\">{\"@context\":\"https:\/\/schema.org\",\"@graph\":[{\"@type\":\"WebPage\",\"@id\":\"https:\/\/vetpovoa.pt\/VP\/?page_id=3869\",\"url\":\"https:\/\/vetpovoa.pt\/VP\/?page_id=3869\",\"name\":\"O Tumor Hep\u00e1tico da Micas - Vet P\u00f3voa - Cl\u00ednica Veterin\u00e1ria Coimbra\",\"isPartOf\":{\"@id\":\"https:\/\/vetpovoa.pt\/VP\/#website\"},\"primaryImageOfPage\":{\"@id\":\"https:\/\/vetpovoa.pt\/VP\/?page_id=3869#primaryimage\"},\"image\":{\"@id\":\"https:\/\/vetpovoa.pt\/VP\/?page_id=3869#primaryimage\"},\"thumbnailUrl\":\"https:\/\/vetpovoa.pt\/VP\/wp-content\/uploads\/Micas-a-passear-e1569336730238.jpg\",\"datePublished\":\"2019-09-25T16:04:58+00:00\",\"dateModified\":\"2019-09-27T17:24:34+00:00\",\"breadcrumb\":{\"@id\":\"https:\/\/vetpovoa.pt\/VP\/?page_id=3869#breadcrumb\"},\"inLanguage\":\"pt-PT\",\"potentialAction\":[{\"@type\":\"ReadAction\",\"target\":[\"https:\/\/vetpovoa.pt\/VP\/?page_id=3869\"]}]},{\"@type\":\"ImageObject\",\"inLanguage\":\"pt-PT\",\"@id\":\"https:\/\/vetpovoa.pt\/VP\/?page_id=3869#primaryimage\",\"url\":\"https:\/\/vetpovoa.pt\/VP\/wp-content\/uploads\/Micas-a-passear-e1569336730238.jpg\",\"contentUrl\":\"https:\/\/vetpovoa.pt\/VP\/wp-content\/uploads\/Micas-a-passear-e1569336730238.jpg\",\"width\":633,\"height\":950,\"caption\":\"Micas depois da cirurgia\"},{\"@type\":\"BreadcrumbList\",\"@id\":\"https:\/\/vetpovoa.pt\/VP\/?page_id=3869#breadcrumb\",\"itemListElement\":[{\"@type\":\"ListItem\",\"position\":1,\"name\":\"In\u00edcio\",\"item\":\"https:\/\/vetpovoa.pt\/VP\/\"},{\"@type\":\"ListItem\",\"position\":2,\"name\":\"O Tumor Hep\u00e1tico da Micas\"}]},{\"@type\":\"WebSite\",\"@id\":\"https:\/\/vetpovoa.pt\/VP\/#website\",\"url\":\"https:\/\/vetpovoa.pt\/VP\/\",\"name\":\"Vet P\u00f3voa - Cl\u00ednica Veterin\u00e1ria Coimbra\",\"description\":\"Cl\u00ednica Veterin\u00e1ria Coimbra\",\"potentialAction\":[{\"@type\":\"SearchAction\",\"target\":{\"@type\":\"EntryPoint\",\"urlTemplate\":\"https:\/\/vetpovoa.pt\/VP\/?s={search_term_string}\"},\"query-input\":{\"@type\":\"PropertyValueSpecification\",\"valueRequired\":true,\"valueName\":\"search_term_string\"}}],\"inLanguage\":\"pt-PT\"}]}<\/script>\n<!-- \/ Yoast SEO plugin. -->","yoast_head_json":{"title":"O Tumor Hep\u00e1tico da Micas - Vet P\u00f3voa - Cl\u00ednica Veterin\u00e1ria Coimbra","robots":{"index":"index","follow":"follow","max-snippet":"max-snippet:-1","max-image-preview":"max-image-preview:large","max-video-preview":"max-video-preview:-1"},"canonical":"https:\/\/vetpovoa.pt\/VP\/?page_id=3869","og_locale":"pt_PT","og_type":"article","og_title":"O Tumor Hep\u00e1tico da Micas - Vet P\u00f3voa - Cl\u00ednica Veterin\u00e1ria Coimbra","og_description":"No final de mais um Ver\u00e3o, podemos voltar a respirar um bocadinho e at\u00e9 temos uns minutos para escrever sobre o caso do Tumor Hep\u00e1tico&hellip;","og_url":"https:\/\/vetpovoa.pt\/VP\/?page_id=3869","og_site_name":"Vet P\u00f3voa - Cl\u00ednica Veterin\u00e1ria Coimbra","article_modified_time":"2019-09-27T17:24:34+00:00","og_image":[{"width":633,"height":950,"url":"https:\/\/vetpovoa.pt\/VP\/wp-content\/uploads\/Micas-a-passear-e1569336730238.jpg","type":"image\/jpeg"}],"twitter_card":"summary_large_image","twitter_misc":{"Tempo estimado de leitura":"5 minutos"},"schema":{"@context":"https:\/\/schema.org","@graph":[{"@type":"WebPage","@id":"https:\/\/vetpovoa.pt\/VP\/?page_id=3869","url":"https:\/\/vetpovoa.pt\/VP\/?page_id=3869","name":"O Tumor Hep\u00e1tico da Micas - Vet P\u00f3voa - Cl\u00ednica Veterin\u00e1ria Coimbra","isPartOf":{"@id":"https:\/\/vetpovoa.pt\/VP\/#website"},"primaryImageOfPage":{"@id":"https:\/\/vetpovoa.pt\/VP\/?page_id=3869#primaryimage"},"image":{"@id":"https:\/\/vetpovoa.pt\/VP\/?page_id=3869#primaryimage"},"thumbnailUrl":"https:\/\/vetpovoa.pt\/VP\/wp-content\/uploads\/Micas-a-passear-e1569336730238.jpg","datePublished":"2019-09-25T16:04:58+00:00","dateModified":"2019-09-27T17:24:34+00:00","breadcrumb":{"@id":"https:\/\/vetpovoa.pt\/VP\/?page_id=3869#breadcrumb"},"inLanguage":"pt-PT","potentialAction":[{"@type":"ReadAction","target":["https:\/\/vetpovoa.pt\/VP\/?page_id=3869"]}]},{"@type":"ImageObject","inLanguage":"pt-PT","@id":"https:\/\/vetpovoa.pt\/VP\/?page_id=3869#primaryimage","url":"https:\/\/vetpovoa.pt\/VP\/wp-content\/uploads\/Micas-a-passear-e1569336730238.jpg","contentUrl":"https:\/\/vetpovoa.pt\/VP\/wp-content\/uploads\/Micas-a-passear-e1569336730238.jpg","width":633,"height":950,"caption":"Micas depois da cirurgia"},{"@type":"BreadcrumbList","@id":"https:\/\/vetpovoa.pt\/VP\/?page_id=3869#breadcrumb","itemListElement":[{"@type":"ListItem","position":1,"name":"In\u00edcio","item":"https:\/\/vetpovoa.pt\/VP\/"},{"@type":"ListItem","position":2,"name":"O Tumor Hep\u00e1tico da Micas"}]},{"@type":"WebSite","@id":"https:\/\/vetpovoa.pt\/VP\/#website","url":"https:\/\/vetpovoa.pt\/VP\/","name":"Vet P\u00f3voa - Cl\u00ednica Veterin\u00e1ria Coimbra","description":"Cl\u00ednica Veterin\u00e1ria Coimbra","potentialAction":[{"@type":"SearchAction","target":{"@type":"EntryPoint","urlTemplate":"https:\/\/vetpovoa.pt\/VP\/?s={search_term_string}"},"query-input":{"@type":"PropertyValueSpecification","valueRequired":true,"valueName":"search_term_string"}}],"inLanguage":"pt-PT"}]}},"_links":{"self":[{"href":"https:\/\/vetpovoa.pt\/VP\/index.php?rest_route=\/wp\/v2\/pages\/3869","targetHints":{"allow":["GET"]}}],"collection":[{"href":"https:\/\/vetpovoa.pt\/VP\/index.php?rest_route=\/wp\/v2\/pages"}],"about":[{"href":"https:\/\/vetpovoa.pt\/VP\/index.php?rest_route=\/wp\/v2\/types\/page"}],"author":[{"embeddable":true,"href":"https:\/\/vetpovoa.pt\/VP\/index.php?rest_route=\/wp\/v2\/users\/1"}],"replies":[{"embeddable":true,"href":"https:\/\/vetpovoa.pt\/VP\/index.php?rest_route=%2Fwp%2Fv2%2Fcomments&post=3869"}],"version-history":[{"count":13,"href":"https:\/\/vetpovoa.pt\/VP\/index.php?rest_route=\/wp\/v2\/pages\/3869\/revisions"}],"predecessor-version":[{"id":3903,"href":"https:\/\/vetpovoa.pt\/VP\/index.php?rest_route=\/wp\/v2\/pages\/3869\/revisions\/3903"}],"wp:attachment":[{"href":"https:\/\/vetpovoa.pt\/VP\/index.php?rest_route=%2Fwp%2Fv2%2Fmedia&parent=3869"}],"curies":[{"name":"wp","href":"https:\/\/api.w.org\/{rel}","templated":true}]}}