{"id":3883,"date":"2019-09-25T15:57:23","date_gmt":"2019-09-25T15:57:23","guid":{"rendered":"https:\/\/vetpovoa.pt\/VP\/?page_id=3883"},"modified":"2019-09-25T15:57:23","modified_gmt":"2019-09-25T15:57:23","slug":"cirurgia-da-micas","status":"publish","type":"page","link":"https:\/\/vetpovoa.pt\/VP\/?page_id=3883","title":{"rendered":"A Cirurgia da Micas"},"content":{"rendered":"<p><span style=\"font-size: 14pt;\">Esta p\u00e1gina, apenas dispon\u00edvel para os mais corajosos, tem alguns detalhes fotogr\u00e1ficos da cirurgia da Micas.<\/span><\/p>\n<p><span style=\"font-size: 14pt;\">Inicialmente realiz\u00e1mos an\u00e1lises sangu\u00edneas para perceber se os org\u00e3os internos se encontravam a funcionar bem e capazes de poder metabolizar os agentes anest\u00e9sicos.<\/span><\/p>\n<p><span style=\"font-size: 14pt;\">Seguidamente a Micas foi sedada e foi realizada uma ecografia pr\u00e9-cirurgica de modo a que a equipa de cirurgia pudesse perceber a dimens\u00e3o do problema.<\/span><\/p>\n<div id=\"attachment_3884\" style=\"width: 650px\" class=\"wp-caption aligncenter\"><img loading=\"lazy\" decoding=\"async\" aria-describedby=\"caption-attachment-3884\" class=\"wp-image-3884 size-full\" src=\"https:\/\/vetpovoa.pt\/VP\/wp-content\/uploads\/Preparacao-Micas.jpg\" alt=\"\" width=\"640\" height=\"480\" srcset=\"https:\/\/vetpovoa.pt\/VP\/wp-content\/uploads\/Preparacao-Micas.jpg 640w, https:\/\/vetpovoa.pt\/VP\/wp-content\/uploads\/Preparacao-Micas-300x225.jpg 300w\" sizes=\"auto, (max-width: 640px) 100vw, 640px\" \/><p id=\"caption-attachment-3884\" class=\"wp-caption-text\">Abd\u00f3men preparado para ecografia e cirurgia<\/p><\/div>\n<p><span style=\"font-size: 14pt;\">Depois de preparar (rapar e lavar muito bem a zona a intervencionar), a Micas foi anestesiada (tendo por base a sua idade e condi\u00e7\u00e3o f\u00edsica) e deu-se inicio \u00e0 cirurgia propriamente dita.<\/span><\/p>\n<p><span style=\"font-size: 14pt;\">Apasar de ser uma cirurgia de elevado risco, os sinais vitais foram monitorizados permanentemente, com ajuda do monitor multiparam\u00e9trico, n\u00e3o tendo existindo surpresas durante o procedimento.<\/span><\/p>\n<p><span style=\"font-size: 14pt;\">Ao abrir o abd\u00f3men na regi\u00e3o mais craneal, depar\u00e1mo-nos\u00a0 com\u00a0 o que a ecografia j\u00e1 nos tinha mostrado: uma massa de grandes dimens\u00f5es, muito irregular e vascularizada (caracter\u00edsticas t\u00edpicas dos tumores).<\/span><\/p>\n<p><img loading=\"lazy\" decoding=\"async\" class=\"wp-image-3889 aligncenter\" src=\"https:\/\/vetpovoa.pt\/VP\/wp-content\/uploads\/Tumor-Hepatico-Micas.jpg\" alt=\"\" width=\"304\" height=\"405\" srcset=\"https:\/\/vetpovoa.pt\/VP\/wp-content\/uploads\/Tumor-Hepatico-Micas.jpg 480w, https:\/\/vetpovoa.pt\/VP\/wp-content\/uploads\/Tumor-Hepatico-Micas-225x300.jpg 225w\" sizes=\"auto, (max-width: 304px) 100vw, 304px\" \/><\/p>\n<p><img loading=\"lazy\" decoding=\"async\" class=\"wp-image-3887 aligncenter\" src=\"https:\/\/vetpovoa.pt\/VP\/wp-content\/uploads\/Pormenor-cirurgia.jpg\" alt=\"\" width=\"325\" height=\"433\" srcset=\"https:\/\/vetpovoa.pt\/VP\/wp-content\/uploads\/Pormenor-cirurgia.jpg 480w, https:\/\/vetpovoa.pt\/VP\/wp-content\/uploads\/Pormenor-cirurgia-225x300.jpg 225w\" sizes=\"auto, (max-width: 325px) 100vw, 325px\" \/><\/p>\n<div id=\"attachment_3890\" style=\"width: 490px\" class=\"wp-caption aligncenter\"><img loading=\"lazy\" decoding=\"async\" aria-describedby=\"caption-attachment-3890\" class=\"wp-image-3890 size-full\" src=\"https:\/\/vetpovoa.pt\/VP\/wp-content\/uploads\/Tumor-Micas-e1569411384605.jpg\" alt=\"\" width=\"480\" height=\"640\" srcset=\"https:\/\/vetpovoa.pt\/VP\/wp-content\/uploads\/Tumor-Micas-e1569411384605.jpg 480w, https:\/\/vetpovoa.pt\/VP\/wp-content\/uploads\/Tumor-Micas-e1569411384605-225x300.jpg 225w\" sizes=\"auto, (max-width: 480px) 100vw, 480px\" \/><p id=\"caption-attachment-3890\" class=\"wp-caption-text\">Pormenores do tumor e da sua retirada<\/p><\/div>\n<p><span style=\"font-size: 14pt;\">Com muito cuidado o tumor foi separado dos tecidos envolventes e retirado, junto com uma grande por\u00e7\u00e3o de f\u00edgado. A ajuda das m\u00e1quinas foi absolutamente crucial para o resultado final deste cirurgia. <\/span><\/p>\n<p><span style=\"font-size: 14pt;\">Ap\u00f3s o procedimento, a Micas p\u00f4de ser acordada, e a massa enviada para an\u00e1lise.\u00a0<\/span><\/p>\n<p>&nbsp;<\/p>\n<div id=\"attachment_3888\" style=\"width: 1450px\" class=\"wp-caption aligncenter\"><img loading=\"lazy\" decoding=\"async\" aria-describedby=\"caption-attachment-3888\" class=\"wp-image-3888 size-full\" src=\"https:\/\/vetpovoa.pt\/VP\/wp-content\/uploads\/Recobro-Pos-Operatorio.jpg\" alt=\"\" width=\"1440\" height=\"1920\" srcset=\"https:\/\/vetpovoa.pt\/VP\/wp-content\/uploads\/Recobro-Pos-Operatorio.jpg 1440w, https:\/\/vetpovoa.pt\/VP\/wp-content\/uploads\/Recobro-Pos-Operatorio-225x300.jpg 225w, https:\/\/vetpovoa.pt\/VP\/wp-content\/uploads\/Recobro-Pos-Operatorio-768x1024.jpg 768w\" sizes=\"auto, (max-width: 1440px) 100vw, 1440px\" \/><p id=\"caption-attachment-3888\" class=\"wp-caption-text\">Micas no recobro p\u00f3s-cirurgico<\/p><\/div>\n<p><span style=\"font-size: 14pt;\">O resultado do laborat\u00f3rio demonstrou que se tratava de um carcinoma hepatocelular (tumor relativamente raro, com elevada malignidade). Nesta altura foi iniciado um protocolo de quimioterapia de suporte, de modo a manter a qualidade de vida da Micas, durante o m\u00e1ximo tempo poss\u00edvel.<\/span><\/p>\n<div id=\"attachment_3877\" style=\"width: 330px\" class=\"wp-caption alignright\"><img loading=\"lazy\" decoding=\"async\" aria-describedby=\"caption-attachment-3877\" class=\"wp-image-3877 size-full\" src=\"https:\/\/vetpovoa.pt\/VP\/wp-content\/uploads\/Micas-a-brincar.jpg\" alt=\"\" width=\"320\" height=\"156\" srcset=\"https:\/\/vetpovoa.pt\/VP\/wp-content\/uploads\/Micas-a-brincar.jpg 320w, https:\/\/vetpovoa.pt\/VP\/wp-content\/uploads\/Micas-a-brincar-300x146.jpg 300w\" sizes=\"auto, (max-width: 320px) 100vw, 320px\" \/><p id=\"caption-attachment-3877\" class=\"wp-caption-text\">Micas nas habituais brincadeiras<\/p><\/div>\n<p>&nbsp;<\/p>\n<p>&nbsp;<\/p>\n","protected":false},"excerpt":{"rendered":"<p>Esta p\u00e1gina, apenas dispon\u00edvel para os mais corajosos, tem alguns detalhes fotogr\u00e1ficos da cirurgia da Micas. Inicialmente realiz\u00e1mos an\u00e1lises sangu\u00edneas para perceber se os org\u00e3os&hellip; <a href=\"https:\/\/vetpovoa.pt\/VP\/?page_id=3883\" class=\"post-excerpt-readmore\"><\/a><\/p>\n","protected":false},"author":1,"featured_media":0,"parent":0,"menu_order":0,"comment_status":"closed","ping_status":"closed","template":"","meta":{"footnotes":""},"class_list":["post-3883","page","type-page","status-publish","hentry"],"yoast_head":"<!-- This site is optimized with the Yoast SEO plugin v24.5 - https:\/\/yoast.com\/wordpress\/plugins\/seo\/ -->\n<title>A Cirurgia da Micas - Vet P\u00f3voa - Cl\u00ednica Veterin\u00e1ria Coimbra<\/title>\n<meta name=\"description\" content=\"Cirurgia da Micas realizada na Vet P\u00f3voa, para retirada de um Carcinoma Hepatocelular de grandes dimens\u00f5es e praticamente assintom\u00e1tico.\" \/>\n<meta name=\"robots\" content=\"index, follow, max-snippet:-1, max-image-preview:large, max-video-preview:-1\" \/>\n<link rel=\"canonical\" href=\"https:\/\/vetpovoa.pt\/VP\/?page_id=3883\" \/>\n<meta property=\"og:locale\" content=\"pt_PT\" \/>\n<meta property=\"og:type\" content=\"article\" \/>\n<meta property=\"og:title\" content=\"A Cirurgia da Micas - Vet P\u00f3voa - Cl\u00ednica Veterin\u00e1ria Coimbra\" \/>\n<meta property=\"og:description\" content=\"Cirurgia da Micas realizada na Vet P\u00f3voa, para retirada de um Carcinoma Hepatocelular de grandes dimens\u00f5es e praticamente assintom\u00e1tico.\" \/>\n<meta property=\"og:url\" content=\"https:\/\/vetpovoa.pt\/VP\/?page_id=3883\" \/>\n<meta property=\"og:site_name\" content=\"Vet P\u00f3voa - Cl\u00ednica Veterin\u00e1ria Coimbra\" \/>\n<meta property=\"og:image\" content=\"https:\/\/vetpovoa.pt\/VP\/wp-content\/uploads\/Preparacao-Micas.jpg\" \/>\n\t<meta property=\"og:image:width\" content=\"640\" \/>\n\t<meta property=\"og:image:height\" content=\"480\" \/>\n\t<meta property=\"og:image:type\" content=\"image\/jpeg\" \/>\n<meta name=\"twitter:card\" content=\"summary_large_image\" \/>\n<meta name=\"twitter:label1\" content=\"Tempo estimado de leitura\" \/>\n\t<meta name=\"twitter:data1\" content=\"2 minutos\" \/>\n<script type=\"application\/ld+json\" class=\"yoast-schema-graph\">{\"@context\":\"https:\/\/schema.org\",\"@graph\":[{\"@type\":\"WebPage\",\"@id\":\"https:\/\/vetpovoa.pt\/VP\/?page_id=3883\",\"url\":\"https:\/\/vetpovoa.pt\/VP\/?page_id=3883\",\"name\":\"A Cirurgia da Micas - Vet P\u00f3voa - Cl\u00ednica Veterin\u00e1ria Coimbra\",\"isPartOf\":{\"@id\":\"https:\/\/vetpovoa.pt\/VP\/#website\"},\"primaryImageOfPage\":{\"@id\":\"https:\/\/vetpovoa.pt\/VP\/?page_id=3883#primaryimage\"},\"image\":{\"@id\":\"https:\/\/vetpovoa.pt\/VP\/?page_id=3883#primaryimage\"},\"thumbnailUrl\":\"https:\/\/vetpovoa.pt\/VP\/wp-content\/uploads\/Preparacao-Micas.jpg\",\"datePublished\":\"2019-09-25T15:57:23+00:00\",\"description\":\"Cirurgia da Micas realizada na Vet P\u00f3voa, para retirada de um Carcinoma Hepatocelular de grandes dimens\u00f5es e praticamente assintom\u00e1tico.\",\"breadcrumb\":{\"@id\":\"https:\/\/vetpovoa.pt\/VP\/?page_id=3883#breadcrumb\"},\"inLanguage\":\"pt-PT\",\"potentialAction\":[{\"@type\":\"ReadAction\",\"target\":[\"https:\/\/vetpovoa.pt\/VP\/?page_id=3883\"]}]},{\"@type\":\"ImageObject\",\"inLanguage\":\"pt-PT\",\"@id\":\"https:\/\/vetpovoa.pt\/VP\/?page_id=3883#primaryimage\",\"url\":\"https:\/\/vetpovoa.pt\/VP\/wp-content\/uploads\/Preparacao-Micas.jpg\",\"contentUrl\":\"https:\/\/vetpovoa.pt\/VP\/wp-content\/uploads\/Preparacao-Micas.jpg\",\"width\":640,\"height\":480},{\"@type\":\"BreadcrumbList\",\"@id\":\"https:\/\/vetpovoa.pt\/VP\/?page_id=3883#breadcrumb\",\"itemListElement\":[{\"@type\":\"ListItem\",\"position\":1,\"name\":\"In\u00edcio\",\"item\":\"https:\/\/vetpovoa.pt\/VP\/\"},{\"@type\":\"ListItem\",\"position\":2,\"name\":\"A Cirurgia da Micas\"}]},{\"@type\":\"WebSite\",\"@id\":\"https:\/\/vetpovoa.pt\/VP\/#website\",\"url\":\"https:\/\/vetpovoa.pt\/VP\/\",\"name\":\"Vet P\u00f3voa - Cl\u00ednica Veterin\u00e1ria Coimbra\",\"description\":\"Cl\u00ednica Veterin\u00e1ria Coimbra\",\"potentialAction\":[{\"@type\":\"SearchAction\",\"target\":{\"@type\":\"EntryPoint\",\"urlTemplate\":\"https:\/\/vetpovoa.pt\/VP\/?s={search_term_string}\"},\"query-input\":{\"@type\":\"PropertyValueSpecification\",\"valueRequired\":true,\"valueName\":\"search_term_string\"}}],\"inLanguage\":\"pt-PT\"}]}<\/script>\n<!-- \/ Yoast SEO plugin. -->","yoast_head_json":{"title":"A Cirurgia da Micas - Vet P\u00f3voa - Cl\u00ednica Veterin\u00e1ria Coimbra","description":"Cirurgia da Micas realizada na Vet P\u00f3voa, para retirada de um Carcinoma Hepatocelular de grandes dimens\u00f5es e praticamente assintom\u00e1tico.","robots":{"index":"index","follow":"follow","max-snippet":"max-snippet:-1","max-image-preview":"max-image-preview:large","max-video-preview":"max-video-preview:-1"},"canonical":"https:\/\/vetpovoa.pt\/VP\/?page_id=3883","og_locale":"pt_PT","og_type":"article","og_title":"A Cirurgia da Micas - Vet P\u00f3voa - Cl\u00ednica Veterin\u00e1ria Coimbra","og_description":"Cirurgia da Micas realizada na Vet P\u00f3voa, para retirada de um Carcinoma Hepatocelular de grandes dimens\u00f5es e praticamente assintom\u00e1tico.","og_url":"https:\/\/vetpovoa.pt\/VP\/?page_id=3883","og_site_name":"Vet P\u00f3voa - Cl\u00ednica Veterin\u00e1ria Coimbra","og_image":[{"width":640,"height":480,"url":"https:\/\/vetpovoa.pt\/VP\/wp-content\/uploads\/Preparacao-Micas.jpg","type":"image\/jpeg"}],"twitter_card":"summary_large_image","twitter_misc":{"Tempo estimado de leitura":"2 minutos"},"schema":{"@context":"https:\/\/schema.org","@graph":[{"@type":"WebPage","@id":"https:\/\/vetpovoa.pt\/VP\/?page_id=3883","url":"https:\/\/vetpovoa.pt\/VP\/?page_id=3883","name":"A Cirurgia da Micas - Vet P\u00f3voa - Cl\u00ednica Veterin\u00e1ria Coimbra","isPartOf":{"@id":"https:\/\/vetpovoa.pt\/VP\/#website"},"primaryImageOfPage":{"@id":"https:\/\/vetpovoa.pt\/VP\/?page_id=3883#primaryimage"},"image":{"@id":"https:\/\/vetpovoa.pt\/VP\/?page_id=3883#primaryimage"},"thumbnailUrl":"https:\/\/vetpovoa.pt\/VP\/wp-content\/uploads\/Preparacao-Micas.jpg","datePublished":"2019-09-25T15:57:23+00:00","description":"Cirurgia da Micas realizada na Vet P\u00f3voa, para retirada de um Carcinoma Hepatocelular de grandes dimens\u00f5es e praticamente assintom\u00e1tico.","breadcrumb":{"@id":"https:\/\/vetpovoa.pt\/VP\/?page_id=3883#breadcrumb"},"inLanguage":"pt-PT","potentialAction":[{"@type":"ReadAction","target":["https:\/\/vetpovoa.pt\/VP\/?page_id=3883"]}]},{"@type":"ImageObject","inLanguage":"pt-PT","@id":"https:\/\/vetpovoa.pt\/VP\/?page_id=3883#primaryimage","url":"https:\/\/vetpovoa.pt\/VP\/wp-content\/uploads\/Preparacao-Micas.jpg","contentUrl":"https:\/\/vetpovoa.pt\/VP\/wp-content\/uploads\/Preparacao-Micas.jpg","width":640,"height":480},{"@type":"BreadcrumbList","@id":"https:\/\/vetpovoa.pt\/VP\/?page_id=3883#breadcrumb","itemListElement":[{"@type":"ListItem","position":1,"name":"In\u00edcio","item":"https:\/\/vetpovoa.pt\/VP\/"},{"@type":"ListItem","position":2,"name":"A Cirurgia da Micas"}]},{"@type":"WebSite","@id":"https:\/\/vetpovoa.pt\/VP\/#website","url":"https:\/\/vetpovoa.pt\/VP\/","name":"Vet P\u00f3voa - Cl\u00ednica Veterin\u00e1ria Coimbra","description":"Cl\u00ednica Veterin\u00e1ria Coimbra","potentialAction":[{"@type":"SearchAction","target":{"@type":"EntryPoint","urlTemplate":"https:\/\/vetpovoa.pt\/VP\/?s={search_term_string}"},"query-input":{"@type":"PropertyValueSpecification","valueRequired":true,"valueName":"search_term_string"}}],"inLanguage":"pt-PT"}]}},"_links":{"self":[{"href":"https:\/\/vetpovoa.pt\/VP\/index.php?rest_route=\/wp\/v2\/pages\/3883","targetHints":{"allow":["GET"]}}],"collection":[{"href":"https:\/\/vetpovoa.pt\/VP\/index.php?rest_route=\/wp\/v2\/pages"}],"about":[{"href":"https:\/\/vetpovoa.pt\/VP\/index.php?rest_route=\/wp\/v2\/types\/page"}],"author":[{"embeddable":true,"href":"https:\/\/vetpovoa.pt\/VP\/index.php?rest_route=\/wp\/v2\/users\/1"}],"replies":[{"embeddable":true,"href":"https:\/\/vetpovoa.pt\/VP\/index.php?rest_route=%2Fwp%2Fv2%2Fcomments&post=3883"}],"version-history":[{"count":6,"href":"https:\/\/vetpovoa.pt\/VP\/index.php?rest_route=\/wp\/v2\/pages\/3883\/revisions"}],"predecessor-version":[{"id":3897,"href":"https:\/\/vetpovoa.pt\/VP\/index.php?rest_route=\/wp\/v2\/pages\/3883\/revisions\/3897"}],"wp:attachment":[{"href":"https:\/\/vetpovoa.pt\/VP\/index.php?rest_route=%2Fwp%2Fv2%2Fmedia&parent=3883"}],"curies":[{"name":"wp","href":"https:\/\/api.w.org\/{rel}","templated":true}]}}