{"id":3926,"date":"2020-07-13T22:40:48","date_gmt":"2020-07-13T22:40:48","guid":{"rendered":"https:\/\/vetpovoa.pt\/VP\/?page_id=3926"},"modified":"2020-07-15T11:56:22","modified_gmt":"2020-07-15T11:56:22","slug":"tumores-mamarios","status":"publish","type":"page","link":"https:\/\/vetpovoa.pt\/VP\/?page_id=3926","title":{"rendered":"Tumores Mam\u00e1rios"},"content":{"rendered":"<p>Tal como os seres humanos, tamb\u00e9m os nossos patudos podem sofrer de tumores mam\u00e1rios.<\/p>\n<p>Com especial incid\u00eancia em f\u00eameas, estes tumores aparecem mais frequentemente a partir dos 7 anos de idade, podendo ser benignos ou malignos.<\/p>\n<div id=\"attachment_3931\" style=\"width: 368px\" class=\"wp-caption aligncenter\"><img loading=\"lazy\" decoding=\"async\" aria-describedby=\"caption-attachment-3931\" class=\" wp-image-3931\" src=\"https:\/\/vetpovoa.pt\/VP\/wp-content\/uploads\/Tumores_mamarios.jpeg\" alt=\"\" width=\"358\" height=\"471\" srcset=\"https:\/\/vetpovoa.pt\/VP\/wp-content\/uploads\/Tumores_mamarios.jpeg 432w, https:\/\/vetpovoa.pt\/VP\/wp-content\/uploads\/Tumores_mamarios-228x300.jpeg 228w\" sizes=\"auto, (max-width: 358px) 100vw, 358px\" \/><p id=\"caption-attachment-3931\" class=\"wp-caption-text\">Dois Tumores Mam\u00e1rios de Grandes Dimens\u00f5es<\/p><\/div>\n<p>Como as hormonas sexuais desempenham um papel preponderante na patologia, existem fatores de risco que podem facilmente ser prevenidos, entre eles:<\/p>\n<ul>\n<li>Realizar a Ovariectomia ou Ovariohisterectomia &#8211; OVH (vulgarmente\u00a0 conhecidas como castra\u00e7\u00e3o). Quanto mais cedo na vida for feita a cirurgia, menor a probabilidade de vir a desenvolver tumores mam\u00e1rios no futuro. Regra geral, quanto menos cios existirem melhor.<\/li>\n<\/ul>\n<p>Na Vet P\u00f3voa a OVH \u00e9 realizada com uma tecnologia que permite reduzir substancialmente o tempo, risco, taxa de infe\u00e7\u00e3o e desconforto p\u00f3s-operat\u00f3rio.<a href=\"https:\/\/vetpovoa.pt\/VP\/?page_id=3852\" target=\"_blank\" rel=\"noopener\">Saber mais<\/a><\/p>\n<p><a href=\"https:\/\/www.youtube.com\/watch?v=kmBGvDumeDI\" target=\"_blank\" rel=\"noopener\">Ver V\u00eddeo<\/a><\/p>\n<p>Tamb\u00e9m dispomos de cirurgia laparosc\u00f3pica de m\u00ednima invas\u00e3o para os clientes que a solicitem.<\/p>\n<ul>\n<li>Nunca administrar &#8220;pilulas&#8221;, anticonceptivos ou inibidores de cio sem um escrupuloso acompanhamento do seu m\u00e9dico veterin\u00e1rio.<\/li>\n<li>A amamenta\u00e7\u00e3o pode ter um efeito protetor. No entanto, caso opte por deixar que a gata ou cadela tenha uma ou mais ninhadas, aconselhe-se com o seu m\u00e9dico veterin\u00e1rio assistente. Uma ninhada n\u00e3o programada pode ser extremamente perigoso e potencialmente fatal. Aconselhamos a castra\u00e7\u00e3o aproximadamente 3 meses ap\u00f3s o parto.<\/li>\n<\/ul>\n<p>Prevenir \u00e9 o melhor rem\u00e9dio, mas caso detecte algum n\u00f3dulo palp\u00e1vel ou vis\u00edvel na regi\u00e3o ventral, fa\u00e7a o rastreio para n\u00e3o deixar avan\u00e7ar a doen\u00e7a.<\/p>\n<p>Depois da preven\u00e7\u00e3o, o tratamento precoce \u00e9 a melhor op\u00e7\u00e3o, existindo v\u00e1rios alternativas dispon\u00edveis.<\/p>\n<p>Para saber um pouco mais, veja o caso cl\u00ednico desta patuda super simp\u00e1tica, clicando na foto.<\/p>\n<p><a href=\"https:\/\/vetpovoa.pt\/VP\/?page_id=3935\" target=\"_blank\" rel=\"https:\/\/vetpovoa.pt\/VP\/?page_id=3935 noopener\"><img loading=\"lazy\" decoding=\"async\" class=\"aligncenter wp-image-3932 size-full\" src=\"https:\/\/vetpovoa.pt\/VP\/wp-content\/uploads\/Tumores_mamarios.png\" alt=\"\" width=\"432\" height=\"408\" srcset=\"https:\/\/vetpovoa.pt\/VP\/wp-content\/uploads\/Tumores_mamarios.png 432w, https:\/\/vetpovoa.pt\/VP\/wp-content\/uploads\/Tumores_mamarios-300x283.png 300w\" sizes=\"auto, (max-width: 432px) 100vw, 432px\" \/><\/a><\/p>\n","protected":false},"excerpt":{"rendered":"<p>Tal como os seres humanos, tamb\u00e9m os nossos patudos podem sofrer de tumores mam\u00e1rios. Com especial incid\u00eancia em f\u00eameas, estes tumores aparecem mais frequentemente a&hellip; <a href=\"https:\/\/vetpovoa.pt\/VP\/?page_id=3926\" class=\"post-excerpt-readmore\"><\/a><\/p>\n","protected":false},"author":1,"featured_media":0,"parent":0,"menu_order":0,"comment_status":"closed","ping_status":"closed","template":"","meta":{"footnotes":""},"class_list":["post-3926","page","type-page","status-publish","hentry"],"yoast_head":"<!-- This site is optimized with the Yoast SEO plugin v24.5 - https:\/\/yoast.com\/wordpress\/plugins\/seo\/ -->\n<title>Tumores Mam\u00e1rios - Vet P\u00f3voa - Cl\u00ednica Veterin\u00e1ria Coimbra<\/title>\n<meta name=\"robots\" content=\"index, follow, max-snippet:-1, max-image-preview:large, max-video-preview:-1\" \/>\n<link rel=\"canonical\" href=\"https:\/\/vetpovoa.pt\/VP\/?page_id=3926\" \/>\n<meta property=\"og:locale\" content=\"pt_PT\" \/>\n<meta property=\"og:type\" content=\"article\" \/>\n<meta property=\"og:title\" content=\"Tumores Mam\u00e1rios - Vet P\u00f3voa - Cl\u00ednica Veterin\u00e1ria Coimbra\" \/>\n<meta property=\"og:description\" content=\"Tal como os seres humanos, tamb\u00e9m os nossos patudos podem sofrer de tumores mam\u00e1rios. Com especial incid\u00eancia em f\u00eameas, estes tumores aparecem mais frequentemente a&hellip;\" \/>\n<meta property=\"og:url\" content=\"https:\/\/vetpovoa.pt\/VP\/?page_id=3926\" \/>\n<meta property=\"og:site_name\" content=\"Vet P\u00f3voa - Cl\u00ednica Veterin\u00e1ria Coimbra\" \/>\n<meta property=\"article:modified_time\" content=\"2020-07-15T11:56:22+00:00\" \/>\n<meta property=\"og:image\" content=\"https:\/\/vetpovoa.pt\/VP\/wp-content\/uploads\/Tumores_mamarios.jpeg\" \/>\n\t<meta property=\"og:image:width\" content=\"432\" \/>\n\t<meta property=\"og:image:height\" content=\"568\" \/>\n\t<meta property=\"og:image:type\" content=\"image\/jpeg\" \/>\n<meta name=\"twitter:card\" content=\"summary_large_image\" \/>\n<meta name=\"twitter:label1\" content=\"Tempo estimado de leitura\" \/>\n\t<meta name=\"twitter:data1\" content=\"2 minutos\" \/>\n<script type=\"application\/ld+json\" class=\"yoast-schema-graph\">{\"@context\":\"https:\/\/schema.org\",\"@graph\":[{\"@type\":\"WebPage\",\"@id\":\"https:\/\/vetpovoa.pt\/VP\/?page_id=3926\",\"url\":\"https:\/\/vetpovoa.pt\/VP\/?page_id=3926\",\"name\":\"Tumores Mam\u00e1rios - Vet P\u00f3voa - Cl\u00ednica Veterin\u00e1ria Coimbra\",\"isPartOf\":{\"@id\":\"https:\/\/vetpovoa.pt\/VP\/#website\"},\"primaryImageOfPage\":{\"@id\":\"https:\/\/vetpovoa.pt\/VP\/?page_id=3926#primaryimage\"},\"image\":{\"@id\":\"https:\/\/vetpovoa.pt\/VP\/?page_id=3926#primaryimage\"},\"thumbnailUrl\":\"https:\/\/vetpovoa.pt\/VP\/wp-content\/uploads\/Tumores_mamarios.jpeg\",\"datePublished\":\"2020-07-13T22:40:48+00:00\",\"dateModified\":\"2020-07-15T11:56:22+00:00\",\"breadcrumb\":{\"@id\":\"https:\/\/vetpovoa.pt\/VP\/?page_id=3926#breadcrumb\"},\"inLanguage\":\"pt-PT\",\"potentialAction\":[{\"@type\":\"ReadAction\",\"target\":[\"https:\/\/vetpovoa.pt\/VP\/?page_id=3926\"]}]},{\"@type\":\"ImageObject\",\"inLanguage\":\"pt-PT\",\"@id\":\"https:\/\/vetpovoa.pt\/VP\/?page_id=3926#primaryimage\",\"url\":\"https:\/\/vetpovoa.pt\/VP\/wp-content\/uploads\/Tumores_mamarios.jpeg\",\"contentUrl\":\"https:\/\/vetpovoa.pt\/VP\/wp-content\/uploads\/Tumores_mamarios.jpeg\",\"width\":432,\"height\":568,\"caption\":\"Dois Tumores Mam\u00e1rios de Grandes Dimens\u00f5es\"},{\"@type\":\"BreadcrumbList\",\"@id\":\"https:\/\/vetpovoa.pt\/VP\/?page_id=3926#breadcrumb\",\"itemListElement\":[{\"@type\":\"ListItem\",\"position\":1,\"name\":\"In\u00edcio\",\"item\":\"https:\/\/vetpovoa.pt\/VP\/\"},{\"@type\":\"ListItem\",\"position\":2,\"name\":\"Tumores Mam\u00e1rios\"}]},{\"@type\":\"WebSite\",\"@id\":\"https:\/\/vetpovoa.pt\/VP\/#website\",\"url\":\"https:\/\/vetpovoa.pt\/VP\/\",\"name\":\"Vet P\u00f3voa - Cl\u00ednica Veterin\u00e1ria Coimbra\",\"description\":\"Cl\u00ednica Veterin\u00e1ria Coimbra\",\"potentialAction\":[{\"@type\":\"SearchAction\",\"target\":{\"@type\":\"EntryPoint\",\"urlTemplate\":\"https:\/\/vetpovoa.pt\/VP\/?s={search_term_string}\"},\"query-input\":{\"@type\":\"PropertyValueSpecification\",\"valueRequired\":true,\"valueName\":\"search_term_string\"}}],\"inLanguage\":\"pt-PT\"}]}<\/script>\n<!-- \/ Yoast SEO plugin. -->","yoast_head_json":{"title":"Tumores Mam\u00e1rios - Vet P\u00f3voa - Cl\u00ednica Veterin\u00e1ria Coimbra","robots":{"index":"index","follow":"follow","max-snippet":"max-snippet:-1","max-image-preview":"max-image-preview:large","max-video-preview":"max-video-preview:-1"},"canonical":"https:\/\/vetpovoa.pt\/VP\/?page_id=3926","og_locale":"pt_PT","og_type":"article","og_title":"Tumores Mam\u00e1rios - Vet P\u00f3voa - Cl\u00ednica Veterin\u00e1ria Coimbra","og_description":"Tal como os seres humanos, tamb\u00e9m os nossos patudos podem sofrer de tumores mam\u00e1rios. Com especial incid\u00eancia em f\u00eameas, estes tumores aparecem mais frequentemente a&hellip;","og_url":"https:\/\/vetpovoa.pt\/VP\/?page_id=3926","og_site_name":"Vet P\u00f3voa - Cl\u00ednica Veterin\u00e1ria Coimbra","article_modified_time":"2020-07-15T11:56:22+00:00","og_image":[{"width":432,"height":568,"url":"https:\/\/vetpovoa.pt\/VP\/wp-content\/uploads\/Tumores_mamarios.jpeg","type":"image\/jpeg"}],"twitter_card":"summary_large_image","twitter_misc":{"Tempo estimado de leitura":"2 minutos"},"schema":{"@context":"https:\/\/schema.org","@graph":[{"@type":"WebPage","@id":"https:\/\/vetpovoa.pt\/VP\/?page_id=3926","url":"https:\/\/vetpovoa.pt\/VP\/?page_id=3926","name":"Tumores Mam\u00e1rios - Vet P\u00f3voa - Cl\u00ednica Veterin\u00e1ria Coimbra","isPartOf":{"@id":"https:\/\/vetpovoa.pt\/VP\/#website"},"primaryImageOfPage":{"@id":"https:\/\/vetpovoa.pt\/VP\/?page_id=3926#primaryimage"},"image":{"@id":"https:\/\/vetpovoa.pt\/VP\/?page_id=3926#primaryimage"},"thumbnailUrl":"https:\/\/vetpovoa.pt\/VP\/wp-content\/uploads\/Tumores_mamarios.jpeg","datePublished":"2020-07-13T22:40:48+00:00","dateModified":"2020-07-15T11:56:22+00:00","breadcrumb":{"@id":"https:\/\/vetpovoa.pt\/VP\/?page_id=3926#breadcrumb"},"inLanguage":"pt-PT","potentialAction":[{"@type":"ReadAction","target":["https:\/\/vetpovoa.pt\/VP\/?page_id=3926"]}]},{"@type":"ImageObject","inLanguage":"pt-PT","@id":"https:\/\/vetpovoa.pt\/VP\/?page_id=3926#primaryimage","url":"https:\/\/vetpovoa.pt\/VP\/wp-content\/uploads\/Tumores_mamarios.jpeg","contentUrl":"https:\/\/vetpovoa.pt\/VP\/wp-content\/uploads\/Tumores_mamarios.jpeg","width":432,"height":568,"caption":"Dois Tumores Mam\u00e1rios de Grandes Dimens\u00f5es"},{"@type":"BreadcrumbList","@id":"https:\/\/vetpovoa.pt\/VP\/?page_id=3926#breadcrumb","itemListElement":[{"@type":"ListItem","position":1,"name":"In\u00edcio","item":"https:\/\/vetpovoa.pt\/VP\/"},{"@type":"ListItem","position":2,"name":"Tumores Mam\u00e1rios"}]},{"@type":"WebSite","@id":"https:\/\/vetpovoa.pt\/VP\/#website","url":"https:\/\/vetpovoa.pt\/VP\/","name":"Vet P\u00f3voa - Cl\u00ednica Veterin\u00e1ria Coimbra","description":"Cl\u00ednica Veterin\u00e1ria Coimbra","potentialAction":[{"@type":"SearchAction","target":{"@type":"EntryPoint","urlTemplate":"https:\/\/vetpovoa.pt\/VP\/?s={search_term_string}"},"query-input":{"@type":"PropertyValueSpecification","valueRequired":true,"valueName":"search_term_string"}}],"inLanguage":"pt-PT"}]}},"_links":{"self":[{"href":"https:\/\/vetpovoa.pt\/VP\/index.php?rest_route=\/wp\/v2\/pages\/3926","targetHints":{"allow":["GET"]}}],"collection":[{"href":"https:\/\/vetpovoa.pt\/VP\/index.php?rest_route=\/wp\/v2\/pages"}],"about":[{"href":"https:\/\/vetpovoa.pt\/VP\/index.php?rest_route=\/wp\/v2\/types\/page"}],"author":[{"embeddable":true,"href":"https:\/\/vetpovoa.pt\/VP\/index.php?rest_route=\/wp\/v2\/users\/1"}],"replies":[{"embeddable":true,"href":"https:\/\/vetpovoa.pt\/VP\/index.php?rest_route=%2Fwp%2Fv2%2Fcomments&post=3926"}],"version-history":[{"count":6,"href":"https:\/\/vetpovoa.pt\/VP\/index.php?rest_route=\/wp\/v2\/pages\/3926\/revisions"}],"predecessor-version":[{"id":3946,"href":"https:\/\/vetpovoa.pt\/VP\/index.php?rest_route=\/wp\/v2\/pages\/3926\/revisions\/3946"}],"wp:attachment":[{"href":"https:\/\/vetpovoa.pt\/VP\/index.php?rest_route=%2Fwp%2Fv2%2Fmedia&parent=3926"}],"curies":[{"name":"wp","href":"https:\/\/api.w.org\/{rel}","templated":true}]}}