{"id":3935,"date":"2020-07-13T23:30:02","date_gmt":"2020-07-13T23:30:02","guid":{"rendered":"https:\/\/vetpovoa.pt\/VP\/?page_id=3935"},"modified":"2020-07-15T15:18:32","modified_gmt":"2020-07-15T15:18:32","slug":"tumores-hormonodependentes","status":"publish","type":"page","link":"https:\/\/vetpovoa.pt\/VP\/?page_id=3935","title":{"rendered":"Tumores Hormonodependentes"},"content":{"rendered":"<p>Durante o confinamento causado pela Covid-19, nunca deix\u00e1mos de atender os nossos clientes e os seus patudos! Tivemos casos relativamente simples, mas durante esta fase a grande maioria, foram situa\u00e7\u00f5es bastante complexas, como o caso destes tumores hormonodependentes.<\/p>\n<div id=\"attachment_3936\" style=\"width: 538px\" class=\"wp-caption aligncenter\"><img loading=\"lazy\" decoding=\"async\" aria-describedby=\"caption-attachment-3936\" class=\"wp-image-3936 size-full\" src=\"https:\/\/vetpovoa.pt\/VP\/wp-content\/uploads\/Tumores-Hormonodependentes.jpg\" alt=\"\" width=\"528\" height=\"415\" srcset=\"https:\/\/vetpovoa.pt\/VP\/wp-content\/uploads\/Tumores-Hormonodependentes.jpg 528w, https:\/\/vetpovoa.pt\/VP\/wp-content\/uploads\/Tumores-Hormonodependentes-300x236.jpg 300w\" sizes=\"auto, (max-width: 528px) 100vw, 528px\" \/><p id=\"caption-attachment-3936\" class=\"wp-caption-text\">A N no p\u00f3s-operat\u00f3rio<\/p><\/div>\n<p>Foi o caso desta simp\u00e1tica que se apresentou \u00e0 consulta externa (previamente marcada), com dois n\u00f3dulos mam\u00e1rios de grandes dimens\u00f5es.<\/p>\n<p>Depois do diagn\u00f3stico feito, decidimos que o tratamento seria essencialmente cir\u00fargico!<\/p>\n<p>Durante a avalia\u00e7\u00e3o pr\u00e9-cirurgia, apesar das an\u00e1lises se encontrarem bem foi detectada e confirmada ecograficamente uma terceira massa no interior do abd\u00f3men.<\/p>\n<p>Dada a idade muito avan\u00e7ada da paciente, escolhemos um protocolo anest\u00e9sico adaptado \u00e0 sua condi\u00e7\u00e3o, uma monitoriza\u00e7\u00e3o anest\u00e9sica permanente e realiz\u00e1mos as cirurgias com a ajuda dos nossos equipamentos, que al\u00e9m do conforto, permitem reduzir o tempo e o risco em interven\u00e7\u00f5es deste tipo. Saiba mais <a href=\"https:\/\/vetpovoa.pt\/VP\/?page_id=3852\" target=\"_blank\" rel=\"noopener\">aqui<\/a>.<\/p>\n<p><img loading=\"lazy\" decoding=\"async\" class=\"size-full wp-image-3937 aligncenter\" src=\"https:\/\/vetpovoa.pt\/VP\/wp-content\/uploads\/Tumores_hormonodependentes.png\" alt=\"\" width=\"640\" height=\"418\" srcset=\"https:\/\/vetpovoa.pt\/VP\/wp-content\/uploads\/Tumores_hormonodependentes.png 640w, https:\/\/vetpovoa.pt\/VP\/wp-content\/uploads\/Tumores_hormonodependentes-300x196.png 300w\" sizes=\"auto, (max-width: 640px) 100vw, 640px\" \/><\/p>\n<div id=\"attachment_3938\" style=\"width: 335px\" class=\"wp-caption aligncenter\"><img loading=\"lazy\" decoding=\"async\" aria-describedby=\"caption-attachment-3938\" class=\"wp-image-3938\" src=\"https:\/\/vetpovoa.pt\/VP\/wp-content\/uploads\/Tumores_mamarios-1.jpeg\" alt=\"\" width=\"325\" height=\"428\" srcset=\"https:\/\/vetpovoa.pt\/VP\/wp-content\/uploads\/Tumores_mamarios-1.jpeg 432w, https:\/\/vetpovoa.pt\/VP\/wp-content\/uploads\/Tumores_mamarios-1-228x300.jpeg 228w\" sizes=\"auto, (max-width: 325px) 100vw, 325px\" \/><p id=\"caption-attachment-3938\" class=\"wp-caption-text\">Imagem pre-operat\u00f3ria<\/p><\/div>\n<div id=\"attachment_3939\" style=\"width: 330px\" class=\"wp-caption aligncenter\"><img loading=\"lazy\" decoding=\"async\" aria-describedby=\"caption-attachment-3939\" class=\"wp-image-3939\" src=\"https:\/\/vetpovoa.pt\/VP\/wp-content\/uploads\/Tumores_mamaris.jpg\" alt=\"\" width=\"320\" height=\"469\" srcset=\"https:\/\/vetpovoa.pt\/VP\/wp-content\/uploads\/Tumores_mamaris.jpg 434w, https:\/\/vetpovoa.pt\/VP\/wp-content\/uploads\/Tumores_mamaris-205x300.jpg 205w\" sizes=\"auto, (max-width: 320px) 100vw, 320px\" \/><p id=\"caption-attachment-3939\" class=\"wp-caption-text\">Imagem p\u00f3s-operat\u00f3ria<\/p><\/div>\n<p>Foram retiradas as duas massas mam\u00e1rias, bem como um tumor uterino de grandes dimens\u00f5es.<\/p>\n<div id=\"attachment_3940\" style=\"width: 650px\" class=\"wp-caption aligncenter\"><img loading=\"lazy\" decoding=\"async\" aria-describedby=\"caption-attachment-3940\" class=\"size-full wp-image-3940\" src=\"https:\/\/vetpovoa.pt\/VP\/wp-content\/uploads\/Tumor_uterino.jpg\" alt=\"\" width=\"640\" height=\"480\" srcset=\"https:\/\/vetpovoa.pt\/VP\/wp-content\/uploads\/Tumor_uterino.jpg 640w, https:\/\/vetpovoa.pt\/VP\/wp-content\/uploads\/Tumor_uterino-300x225.jpg 300w\" sizes=\"auto, (max-width: 640px) 100vw, 640px\" \/><p id=\"caption-attachment-3940\" class=\"wp-caption-text\">Tumor Uterino<\/p><\/div>\n<p>A N recuperou muito rapidamente da cirurgia, para continuar a passar o confinamento na companhia dos seus tutores.<\/p>\n<p>Tal como foi explicado aos tutores, esta situa\u00e7\u00e3o poderia ter sido prevenida pela Ovariohisterectomia pr\u00e9via (Saiba mais <a href=\"https:\/\/vetpovoa.pt\/VP\/?page_id=3926\" target=\"_blank\" rel=\"noopener\">aqui<\/a>).<\/p>\n","protected":false},"excerpt":{"rendered":"<p>Durante o confinamento causado pela Covid-19, nunca deix\u00e1mos de atender os nossos clientes e os seus patudos! Tivemos casos relativamente simples, mas durante esta fase&hellip; <a href=\"https:\/\/vetpovoa.pt\/VP\/?page_id=3935\" class=\"post-excerpt-readmore\"><\/a><\/p>\n","protected":false},"author":1,"featured_media":0,"parent":0,"menu_order":0,"comment_status":"closed","ping_status":"closed","template":"","meta":{"footnotes":""},"class_list":["post-3935","page","type-page","status-publish","hentry"],"yoast_head":"<!-- This site is optimized with the Yoast SEO plugin v24.5 - https:\/\/yoast.com\/wordpress\/plugins\/seo\/ -->\n<title>Tumores Hormonodependentes numa cadela durante o confinamento<\/title>\n<meta name=\"description\" content=\"Os tumores hormonodependentes s\u00e3o muito comuns tanto em gatas, como em cadelas. Muitas vezes t\u00eam tratamento e at\u00e9 cura, al\u00e9m disso podem ser prevenidos.\" \/>\n<meta name=\"robots\" content=\"index, follow, max-snippet:-1, max-image-preview:large, max-video-preview:-1\" \/>\n<link rel=\"canonical\" href=\"https:\/\/vetpovoa.pt\/VP\/?page_id=3935\" \/>\n<meta property=\"og:locale\" content=\"pt_PT\" \/>\n<meta property=\"og:type\" content=\"article\" \/>\n<meta property=\"og:title\" content=\"Tumores Hormonodependentes numa cadela durante o confinamento\" \/>\n<meta property=\"og:description\" content=\"Os tumores hormonodependentes s\u00e3o muito comuns tanto em gatas, como em cadelas. Muitas vezes t\u00eam tratamento e at\u00e9 cura, al\u00e9m disso podem ser prevenidos.\" \/>\n<meta property=\"og:url\" content=\"https:\/\/vetpovoa.pt\/VP\/?page_id=3935\" \/>\n<meta property=\"og:site_name\" content=\"Vet P\u00f3voa - Cl\u00ednica Veterin\u00e1ria Coimbra\" \/>\n<meta property=\"article:modified_time\" content=\"2020-07-15T15:18:32+00:00\" \/>\n<meta property=\"og:image\" content=\"https:\/\/vetpovoa.pt\/VP\/wp-content\/uploads\/Tumores-Hormonodependentes.jpg\" \/>\n\t<meta property=\"og:image:width\" content=\"528\" \/>\n\t<meta property=\"og:image:height\" content=\"415\" \/>\n\t<meta property=\"og:image:type\" content=\"image\/jpeg\" \/>\n<meta name=\"twitter:card\" content=\"summary_large_image\" \/>\n<meta name=\"twitter:label1\" content=\"Tempo estimado de leitura\" \/>\n\t<meta name=\"twitter:data1\" content=\"1 minuto\" \/>\n<script type=\"application\/ld+json\" class=\"yoast-schema-graph\">{\"@context\":\"https:\/\/schema.org\",\"@graph\":[{\"@type\":\"WebPage\",\"@id\":\"https:\/\/vetpovoa.pt\/VP\/?page_id=3935\",\"url\":\"https:\/\/vetpovoa.pt\/VP\/?page_id=3935\",\"name\":\"Tumores Hormonodependentes numa cadela durante o confinamento\",\"isPartOf\":{\"@id\":\"https:\/\/vetpovoa.pt\/VP\/#website\"},\"primaryImageOfPage\":{\"@id\":\"https:\/\/vetpovoa.pt\/VP\/?page_id=3935#primaryimage\"},\"image\":{\"@id\":\"https:\/\/vetpovoa.pt\/VP\/?page_id=3935#primaryimage\"},\"thumbnailUrl\":\"https:\/\/vetpovoa.pt\/VP\/wp-content\/uploads\/Tumores-Hormonodependentes.jpg\",\"datePublished\":\"2020-07-13T23:30:02+00:00\",\"dateModified\":\"2020-07-15T15:18:32+00:00\",\"description\":\"Os tumores hormonodependentes s\u00e3o muito comuns tanto em gatas, como em cadelas. Muitas vezes t\u00eam tratamento e at\u00e9 cura, al\u00e9m disso podem ser prevenidos.\",\"breadcrumb\":{\"@id\":\"https:\/\/vetpovoa.pt\/VP\/?page_id=3935#breadcrumb\"},\"inLanguage\":\"pt-PT\",\"potentialAction\":[{\"@type\":\"ReadAction\",\"target\":[\"https:\/\/vetpovoa.pt\/VP\/?page_id=3935\"]}]},{\"@type\":\"ImageObject\",\"inLanguage\":\"pt-PT\",\"@id\":\"https:\/\/vetpovoa.pt\/VP\/?page_id=3935#primaryimage\",\"url\":\"https:\/\/vetpovoa.pt\/VP\/wp-content\/uploads\/Tumores-Hormonodependentes.jpg\",\"contentUrl\":\"https:\/\/vetpovoa.pt\/VP\/wp-content\/uploads\/Tumores-Hormonodependentes.jpg\",\"width\":528,\"height\":415},{\"@type\":\"BreadcrumbList\",\"@id\":\"https:\/\/vetpovoa.pt\/VP\/?page_id=3935#breadcrumb\",\"itemListElement\":[{\"@type\":\"ListItem\",\"position\":1,\"name\":\"In\u00edcio\",\"item\":\"https:\/\/vetpovoa.pt\/VP\/\"},{\"@type\":\"ListItem\",\"position\":2,\"name\":\"Tumores Hormonodependentes\"}]},{\"@type\":\"WebSite\",\"@id\":\"https:\/\/vetpovoa.pt\/VP\/#website\",\"url\":\"https:\/\/vetpovoa.pt\/VP\/\",\"name\":\"Vet P\u00f3voa - Cl\u00ednica Veterin\u00e1ria Coimbra\",\"description\":\"Cl\u00ednica Veterin\u00e1ria Coimbra\",\"potentialAction\":[{\"@type\":\"SearchAction\",\"target\":{\"@type\":\"EntryPoint\",\"urlTemplate\":\"https:\/\/vetpovoa.pt\/VP\/?s={search_term_string}\"},\"query-input\":{\"@type\":\"PropertyValueSpecification\",\"valueRequired\":true,\"valueName\":\"search_term_string\"}}],\"inLanguage\":\"pt-PT\"}]}<\/script>\n<!-- \/ Yoast SEO plugin. -->","yoast_head_json":{"title":"Tumores Hormonodependentes numa cadela durante o confinamento","description":"Os tumores hormonodependentes s\u00e3o muito comuns tanto em gatas, como em cadelas. Muitas vezes t\u00eam tratamento e at\u00e9 cura, al\u00e9m disso podem ser prevenidos.","robots":{"index":"index","follow":"follow","max-snippet":"max-snippet:-1","max-image-preview":"max-image-preview:large","max-video-preview":"max-video-preview:-1"},"canonical":"https:\/\/vetpovoa.pt\/VP\/?page_id=3935","og_locale":"pt_PT","og_type":"article","og_title":"Tumores Hormonodependentes numa cadela durante o confinamento","og_description":"Os tumores hormonodependentes s\u00e3o muito comuns tanto em gatas, como em cadelas. Muitas vezes t\u00eam tratamento e at\u00e9 cura, al\u00e9m disso podem ser prevenidos.","og_url":"https:\/\/vetpovoa.pt\/VP\/?page_id=3935","og_site_name":"Vet P\u00f3voa - Cl\u00ednica Veterin\u00e1ria Coimbra","article_modified_time":"2020-07-15T15:18:32+00:00","og_image":[{"width":528,"height":415,"url":"https:\/\/vetpovoa.pt\/VP\/wp-content\/uploads\/Tumores-Hormonodependentes.jpg","type":"image\/jpeg"}],"twitter_card":"summary_large_image","twitter_misc":{"Tempo estimado de leitura":"1 minuto"},"schema":{"@context":"https:\/\/schema.org","@graph":[{"@type":"WebPage","@id":"https:\/\/vetpovoa.pt\/VP\/?page_id=3935","url":"https:\/\/vetpovoa.pt\/VP\/?page_id=3935","name":"Tumores Hormonodependentes numa cadela durante o confinamento","isPartOf":{"@id":"https:\/\/vetpovoa.pt\/VP\/#website"},"primaryImageOfPage":{"@id":"https:\/\/vetpovoa.pt\/VP\/?page_id=3935#primaryimage"},"image":{"@id":"https:\/\/vetpovoa.pt\/VP\/?page_id=3935#primaryimage"},"thumbnailUrl":"https:\/\/vetpovoa.pt\/VP\/wp-content\/uploads\/Tumores-Hormonodependentes.jpg","datePublished":"2020-07-13T23:30:02+00:00","dateModified":"2020-07-15T15:18:32+00:00","description":"Os tumores hormonodependentes s\u00e3o muito comuns tanto em gatas, como em cadelas. Muitas vezes t\u00eam tratamento e at\u00e9 cura, al\u00e9m disso podem ser prevenidos.","breadcrumb":{"@id":"https:\/\/vetpovoa.pt\/VP\/?page_id=3935#breadcrumb"},"inLanguage":"pt-PT","potentialAction":[{"@type":"ReadAction","target":["https:\/\/vetpovoa.pt\/VP\/?page_id=3935"]}]},{"@type":"ImageObject","inLanguage":"pt-PT","@id":"https:\/\/vetpovoa.pt\/VP\/?page_id=3935#primaryimage","url":"https:\/\/vetpovoa.pt\/VP\/wp-content\/uploads\/Tumores-Hormonodependentes.jpg","contentUrl":"https:\/\/vetpovoa.pt\/VP\/wp-content\/uploads\/Tumores-Hormonodependentes.jpg","width":528,"height":415},{"@type":"BreadcrumbList","@id":"https:\/\/vetpovoa.pt\/VP\/?page_id=3935#breadcrumb","itemListElement":[{"@type":"ListItem","position":1,"name":"In\u00edcio","item":"https:\/\/vetpovoa.pt\/VP\/"},{"@type":"ListItem","position":2,"name":"Tumores Hormonodependentes"}]},{"@type":"WebSite","@id":"https:\/\/vetpovoa.pt\/VP\/#website","url":"https:\/\/vetpovoa.pt\/VP\/","name":"Vet P\u00f3voa - Cl\u00ednica Veterin\u00e1ria Coimbra","description":"Cl\u00ednica Veterin\u00e1ria Coimbra","potentialAction":[{"@type":"SearchAction","target":{"@type":"EntryPoint","urlTemplate":"https:\/\/vetpovoa.pt\/VP\/?s={search_term_string}"},"query-input":{"@type":"PropertyValueSpecification","valueRequired":true,"valueName":"search_term_string"}}],"inLanguage":"pt-PT"}]}},"_links":{"self":[{"href":"https:\/\/vetpovoa.pt\/VP\/index.php?rest_route=\/wp\/v2\/pages\/3935","targetHints":{"allow":["GET"]}}],"collection":[{"href":"https:\/\/vetpovoa.pt\/VP\/index.php?rest_route=\/wp\/v2\/pages"}],"about":[{"href":"https:\/\/vetpovoa.pt\/VP\/index.php?rest_route=\/wp\/v2\/types\/page"}],"author":[{"embeddable":true,"href":"https:\/\/vetpovoa.pt\/VP\/index.php?rest_route=\/wp\/v2\/users\/1"}],"replies":[{"embeddable":true,"href":"https:\/\/vetpovoa.pt\/VP\/index.php?rest_route=%2Fwp%2Fv2%2Fcomments&post=3935"}],"version-history":[{"count":6,"href":"https:\/\/vetpovoa.pt\/VP\/index.php?rest_route=\/wp\/v2\/pages\/3935\/revisions"}],"predecessor-version":[{"id":3950,"href":"https:\/\/vetpovoa.pt\/VP\/index.php?rest_route=\/wp\/v2\/pages\/3935\/revisions\/3950"}],"wp:attachment":[{"href":"https:\/\/vetpovoa.pt\/VP\/index.php?rest_route=%2Fwp%2Fv2%2Fmedia&parent=3935"}],"curies":[{"name":"wp","href":"https:\/\/api.w.org\/{rel}","templated":true}]}}