{"id":42,"date":"2014-03-25T11:42:48","date_gmt":"2014-03-25T11:42:48","guid":{"rendered":"http:\/\/vetpovoa.pt\/VP\/?page_id=42"},"modified":"2014-03-25T14:34:31","modified_gmt":"2014-03-25T14:34:31","slug":"leishmaniose-canina","status":"publish","type":"page","link":"https:\/\/vetpovoa.pt\/VP\/?page_id=42","title":{"rendered":"Leishmaniose Canina"},"content":{"rendered":"<p><img loading=\"lazy\" decoding=\"async\" class=\"aligncenter  wp-image-65\" alt=\"azul\" src=\"http:\/\/vetpovoa.pt\/VP\/wp-content\/uploads\/2014\/03\/azul.png\" width=\"548\" height=\"135\" srcset=\"https:\/\/vetpovoa.pt\/VP\/wp-content\/uploads\/2014\/03\/azul.png 548w, https:\/\/vetpovoa.pt\/VP\/wp-content\/uploads\/2014\/03\/azul-300x73.png 300w\" sizes=\"auto, (max-width: 548px) 100vw, 548px\" \/><\/p>\n<table width=\"100%\" border=\"0\" cellspacing=\"0\" cellpadding=\"0\">\n<tbody>\n<tr>\n<td width=\"30%\"><strong>O QUE \u00c9 A LEISHMANIOSE?<\/strong><br \/>\n<br \/>\nA Leishmaniose, \u00e9 uma doen\u00e7a provocada por um protozo\u00e1rio (parasita microsc\u00f3pico) do g\u00e9nero Leishmania, que infecta can\u00eddeos e ocasionalmente o gato e roedores. Al\u00e9m disso \u00e9 uma zoonose, ou seja, pode infectar o Homem (principalmente indiv\u00edduos imunodeprimidos).\u00c9 uma doen\u00e7a cr\u00f3nica debilitante, que, caso n\u00e3o seja acompanhada pelo M\u00e9dico Veterin\u00e1rio, pode levar \u00e0 morte do nosso melhor amigo.<\/p>\n<p style=\"color: #008080; text-align: left;\"><strong><em>&#8220;Em Portugal, existem duas formas da doen\u00e7a: a visceral e a cut\u00e2nea, sendo a visceral a forma mais grave e a que se encontra mais disseminada pelo territ\u00f3rio nacional.\u201d<\/em><\/strong><\/p>\n<p align=\"left\">Esta doen\u00e7a pode ocorrer em can\u00eddeos de qualquer idade, ra\u00e7a ou sexo, no entanto, as infec\u00e7\u00f5es sintom\u00e1ticas s\u00e3o mais comuns a partir dos nove meses de idade.<\/p>\n<p><strong>COMO SE TRANSMITE?<\/strong><\/p>\n<p>A transmiss\u00e3o, ocorre atrav\u00e9s da picada de um mosquito da familia Phlebotomidae, como tal, o can\u00eddeo s\u00f3 fica infectado\u00a0 em zonas onde existem estes mosquitos e a transmiss\u00e3o ocorre principalmente durante os meses quentes (de Mar\u00e7o a Outubro). \u00a0O Homem s\u00f3 pode ficar infectado, quando picado pelo mosquito.<\/p>\n<p align=\"left\"><strong>Mosquito (<em>Phlebotomus<\/em> sp.)<\/strong><\/p>\n<p>1 &#8211; A f\u00eamea do mosquito ingere sangue de um vertebrado infectado, ingerindo tamb\u00e9m o parasita.<\/p>\n<p>2 \u2013 Depois de ingerido, o parasita multiplica-se no trato gastrointestinal do mosquito.<\/p>\n<p>3 &#8211; Quando se volta a alimentar noutro hospedeiro, o mosquito, inocula o parasita\u00a0 na corrente sangu\u00ednea. Caso este n\u00e3o seja eliminado pelo sistema imunit\u00e1rio, o animal (ou o Homem) fica infectado.<\/td>\n<td width=\"35%\"><strong>QUAIS OS SINTOMAS?<\/strong><br \/>\n<br \/>\n\u00c9 importante referir que a Leishmaniose pode ser assintom\u00e1tica, ou seja, c\u00e3es infectados podem n\u00e3o apresentar sinais de doen\u00e7a.Nos casos sintom\u00e1ticos, existem les\u00f5es ao n\u00edvel de v\u00e1rios \u00f3rg\u00e3os, j\u00e1 que a Leishmania tem a capacidade de se distribuir por todos os sistemas. Assim, animais com les\u00f5es de pele, hiperqueratose nasal e\/ou digital, queda anormal de p\u00ealo, crescimento excessivo das unhas, perda progressiva de peso, apetite diminu\u00eddo, intoler\u00e2ncia ao exerc\u00edcio, depress\u00e3o, problemas oculares, corrimentos nasais, diarreia, v\u00f3mitos ou animais que bebam muita \u00e1gua e urinem em demasia, devem ser levados ao veterin\u00e1rio para despiste da Leishmaniose.<\/p>\n<p><strong>SE O C\u00c3O N\u00c3O APRESENTA SINTOMAS, DEVE FAZER O DESPISTE DA LEISHMANIOSE?<\/strong><\/p>\n<p>Sim, deve-se fazer o despiste da Leishmaniose, especialmente durante o Outono ou Inverno, uma vez que o animal pode ter sido infectado durante a Primavera ou Ver\u00e3o anteriores.<\/p>\n<p><strong>Os c\u00e3es que habitem em zonas de mosquitos (como por exemplo, perto de rios ou lagoas) e\/ou que passem a noite ao ar livre, est\u00e3o mais sujeitos \u00e0s picadas, como tal devem ser considerados animais de risco e devem fazer, pelo menos, um controlo anual.<\/strong><\/p>\n<p>O despiste da Leishmaniose \u00e9 muito importante, devido \u00e0s suas caracter\u00edsticas zoon\u00f3ticas. Al\u00e9m disso \u00e9 uma doen\u00e7a que tem um per\u00edodo de incuba\u00e7\u00e3o vari\u00e1vel, mas que pode chegar aos sete anos.<\/p>\n<p>Se esta patologia for detectada numa fase assintom\u00e1tica (diagn\u00f3stico precoce), o controlo pode ser bastante eficaz e conseguimos dar ao nosso amigo uma vida com qualidade, durante v\u00e1rios anos.<\/p>\n<p style=\"color: #008080; text-align: left;\"><strong><em>\u201cA Leishmaniose canina, actualmente, ainda n\u00e3o tem cura comprovada, no entanto pode ser encarada como uma doen\u00e7a cr\u00f3nica, perfeitamente control\u00e1vel.\u201d<\/em><\/strong><\/p>\n<\/td>\n<td width=\"35%\"><strong>COMO SE TRATA A LEISHMANIOSE?<\/strong><br \/>\n<br \/>\nA Leishmaniose Humana, \u00e9 facilmente tratada, quando diagnosticada a tempo, por outro lado, a Leishmaniose Canina, ainda n\u00e3o tem cura definitiva, no entanto, longe v\u00e3o os tempos em que Leishmaniose era sin\u00f3nimo de eutan\u00e1sia.<strong>Os animais doentes, devem ser sujeitos a um tratamento m\u00e9dico, institu\u00eddo pelo veterin\u00e1rio. Este tratamento, apesar de n\u00e3o eliminar o parasita, impede a sua multiplica\u00e7\u00e3o e melhora a qualidade de vida do animal de estima\u00e7\u00e3o.<\/strong><\/p>\n<p>As recomenda\u00e7\u00f5es do veterin\u00e1rio devem ser seguidas, de modo a tentar prevenir reca\u00eddas.<\/p>\n<p><strong>COMO SE PREVINE A LEISHMANIOSE?<\/strong><\/p>\n<p>Como esta doen\u00e7a se transmite pela picada de um mosquito, \u00e9 essencial proteger o nosso fiel companheiro durante as horas cr\u00edticas (quando o mosquito se alimenta), ou seja, durante o final da tarde, noite e princ\u00edpio da manh\u00e3<strong>. Assim deve-se evitar manter os c\u00e3es ao ar livre durante estes per\u00edodos do dia, principalmente nos meses quentes.<\/strong><\/p>\n<p>No caso do animal pernoitar num canil, este deve ser protegido por redes mosquiteiras, repelentes e\/ou insecticidas. <strong>Existem coleiras e pipetas \u201cspot on\u201d repelentes que ajudam a impedir as picadas do mosquito, actuando tamb\u00e9m contra pulgas e carra\u00e7as. <\/strong>Felizmente, j\u00e1 est\u00e1 tamb\u00e9m dispon\u00edvel uma vacina contra a Leishmaniose, bem como uma preven\u00e7\u00e3o oral. Para mais informa\u00e7\u00f5es aconselhe-se com o seu m\u00e9dico veterin\u00e1rio.<\/p>\n<p>N\u00e3o se esque\u00e7a que a Leishmaniose \u00e9 uma realidade em todo o territ\u00f3rio nacional, que pode matar o nosso melhor amigo e contaminar o ser humano. Al\u00e9m disso o nosso c\u00e3o pode estar infectado, sem apresentar sintomas. <strong>\u00a0<\/strong><\/p>\n<p style=\"text-align: left;\" align=\"center\"><strong>Para qualquer esclarecimento adicional, \u00e9 favor contactar o corpo cl\u00ednico da VetP\u00f3voa.<\/strong><\/p>\n<p align=\"center\">\n<\/td>\n<\/tr>\n<\/tbody>\n<\/table>\n<p>&nbsp;<\/p>\n","protected":false},"excerpt":{"rendered":"<p>O QUE \u00c9 A LEISHMANIOSE? A Leishmaniose, \u00e9 uma doen\u00e7a provocada por um protozo\u00e1rio (parasita microsc\u00f3pico) do g\u00e9nero Leishmania, que infecta can\u00eddeos e ocasionalmente o&hellip; <a href=\"https:\/\/vetpovoa.pt\/VP\/?page_id=42\" class=\"post-excerpt-readmore\"><\/a><\/p>\n","protected":false},"author":1,"featured_media":0,"parent":0,"menu_order":0,"comment_status":"open","ping_status":"open","template":"full-width-page.php","meta":{"footnotes":""},"class_list":["post-42","page","type-page","status-publish","hentry"],"yoast_head":"<!-- This site is optimized with the Yoast SEO plugin v24.5 - https:\/\/yoast.com\/wordpress\/plugins\/seo\/ -->\n<title>Leishmaniose Canina - Vet P\u00f3voa - Cl\u00ednica Veterin\u00e1ria Coimbra<\/title>\n<meta name=\"robots\" content=\"index, follow, max-snippet:-1, max-image-preview:large, max-video-preview:-1\" \/>\n<link rel=\"canonical\" href=\"https:\/\/vetpovoa.pt\/VP\/?page_id=42\" \/>\n<meta property=\"og:locale\" content=\"pt_PT\" \/>\n<meta property=\"og:type\" content=\"article\" \/>\n<meta property=\"og:title\" content=\"Leishmaniose Canina - Vet P\u00f3voa - Cl\u00ednica Veterin\u00e1ria Coimbra\" \/>\n<meta property=\"og:description\" content=\"O QUE \u00c9 A LEISHMANIOSE? A Leishmaniose, \u00e9 uma doen\u00e7a provocada por um protozo\u00e1rio (parasita microsc\u00f3pico) do g\u00e9nero Leishmania, que infecta can\u00eddeos e ocasionalmente o&hellip;\" \/>\n<meta property=\"og:url\" content=\"https:\/\/vetpovoa.pt\/VP\/?page_id=42\" \/>\n<meta property=\"og:site_name\" content=\"Vet P\u00f3voa - Cl\u00ednica Veterin\u00e1ria Coimbra\" \/>\n<meta property=\"article:modified_time\" content=\"2014-03-25T14:34:31+00:00\" \/>\n<meta property=\"og:image\" content=\"https:\/\/vetpovoa.pt\/VP\/wp-content\/uploads\/2014\/03\/azul.png\" \/>\n\t<meta property=\"og:image:width\" content=\"548\" \/>\n\t<meta property=\"og:image:height\" content=\"135\" \/>\n\t<meta property=\"og:image:type\" content=\"image\/png\" \/>\n<meta name=\"twitter:card\" content=\"summary_large_image\" \/>\n<meta name=\"twitter:label1\" content=\"Tempo estimado de leitura\" \/>\n\t<meta name=\"twitter:data1\" content=\"4 minutos\" \/>\n<script type=\"application\/ld+json\" class=\"yoast-schema-graph\">{\"@context\":\"https:\/\/schema.org\",\"@graph\":[{\"@type\":\"WebPage\",\"@id\":\"https:\/\/vetpovoa.pt\/VP\/?page_id=42\",\"url\":\"https:\/\/vetpovoa.pt\/VP\/?page_id=42\",\"name\":\"Leishmaniose Canina - Vet P\u00f3voa - Cl\u00ednica Veterin\u00e1ria Coimbra\",\"isPartOf\":{\"@id\":\"https:\/\/vetpovoa.pt\/VP\/#website\"},\"primaryImageOfPage\":{\"@id\":\"https:\/\/vetpovoa.pt\/VP\/?page_id=42#primaryimage\"},\"image\":{\"@id\":\"https:\/\/vetpovoa.pt\/VP\/?page_id=42#primaryimage\"},\"thumbnailUrl\":\"http:\/\/vetpovoa.pt\/VP\/wp-content\/uploads\/2014\/03\/azul.png\",\"datePublished\":\"2014-03-25T11:42:48+00:00\",\"dateModified\":\"2014-03-25T14:34:31+00:00\",\"breadcrumb\":{\"@id\":\"https:\/\/vetpovoa.pt\/VP\/?page_id=42#breadcrumb\"},\"inLanguage\":\"pt-PT\",\"potentialAction\":[{\"@type\":\"ReadAction\",\"target\":[\"https:\/\/vetpovoa.pt\/VP\/?page_id=42\"]}]},{\"@type\":\"ImageObject\",\"inLanguage\":\"pt-PT\",\"@id\":\"https:\/\/vetpovoa.pt\/VP\/?page_id=42#primaryimage\",\"url\":\"http:\/\/vetpovoa.pt\/VP\/wp-content\/uploads\/2014\/03\/azul.png\",\"contentUrl\":\"http:\/\/vetpovoa.pt\/VP\/wp-content\/uploads\/2014\/03\/azul.png\"},{\"@type\":\"BreadcrumbList\",\"@id\":\"https:\/\/vetpovoa.pt\/VP\/?page_id=42#breadcrumb\",\"itemListElement\":[{\"@type\":\"ListItem\",\"position\":1,\"name\":\"In\u00edcio\",\"item\":\"https:\/\/vetpovoa.pt\/VP\/\"},{\"@type\":\"ListItem\",\"position\":2,\"name\":\"Leishmaniose Canina\"}]},{\"@type\":\"WebSite\",\"@id\":\"https:\/\/vetpovoa.pt\/VP\/#website\",\"url\":\"https:\/\/vetpovoa.pt\/VP\/\",\"name\":\"Vet P\u00f3voa - Cl\u00ednica Veterin\u00e1ria Coimbra\",\"description\":\"Cl\u00ednica Veterin\u00e1ria Coimbra\",\"potentialAction\":[{\"@type\":\"SearchAction\",\"target\":{\"@type\":\"EntryPoint\",\"urlTemplate\":\"https:\/\/vetpovoa.pt\/VP\/?s={search_term_string}\"},\"query-input\":{\"@type\":\"PropertyValueSpecification\",\"valueRequired\":true,\"valueName\":\"search_term_string\"}}],\"inLanguage\":\"pt-PT\"}]}<\/script>\n<!-- \/ Yoast SEO plugin. -->","yoast_head_json":{"title":"Leishmaniose Canina - Vet P\u00f3voa - Cl\u00ednica Veterin\u00e1ria Coimbra","robots":{"index":"index","follow":"follow","max-snippet":"max-snippet:-1","max-image-preview":"max-image-preview:large","max-video-preview":"max-video-preview:-1"},"canonical":"https:\/\/vetpovoa.pt\/VP\/?page_id=42","og_locale":"pt_PT","og_type":"article","og_title":"Leishmaniose Canina - Vet P\u00f3voa - Cl\u00ednica Veterin\u00e1ria Coimbra","og_description":"O QUE \u00c9 A LEISHMANIOSE? A Leishmaniose, \u00e9 uma doen\u00e7a provocada por um protozo\u00e1rio (parasita microsc\u00f3pico) do g\u00e9nero Leishmania, que infecta can\u00eddeos e ocasionalmente o&hellip;","og_url":"https:\/\/vetpovoa.pt\/VP\/?page_id=42","og_site_name":"Vet P\u00f3voa - Cl\u00ednica Veterin\u00e1ria Coimbra","article_modified_time":"2014-03-25T14:34:31+00:00","og_image":[{"width":548,"height":135,"url":"https:\/\/vetpovoa.pt\/VP\/wp-content\/uploads\/2014\/03\/azul.png","type":"image\/png"}],"twitter_card":"summary_large_image","twitter_misc":{"Tempo estimado de leitura":"4 minutos"},"schema":{"@context":"https:\/\/schema.org","@graph":[{"@type":"WebPage","@id":"https:\/\/vetpovoa.pt\/VP\/?page_id=42","url":"https:\/\/vetpovoa.pt\/VP\/?page_id=42","name":"Leishmaniose Canina - Vet P\u00f3voa - Cl\u00ednica Veterin\u00e1ria Coimbra","isPartOf":{"@id":"https:\/\/vetpovoa.pt\/VP\/#website"},"primaryImageOfPage":{"@id":"https:\/\/vetpovoa.pt\/VP\/?page_id=42#primaryimage"},"image":{"@id":"https:\/\/vetpovoa.pt\/VP\/?page_id=42#primaryimage"},"thumbnailUrl":"http:\/\/vetpovoa.pt\/VP\/wp-content\/uploads\/2014\/03\/azul.png","datePublished":"2014-03-25T11:42:48+00:00","dateModified":"2014-03-25T14:34:31+00:00","breadcrumb":{"@id":"https:\/\/vetpovoa.pt\/VP\/?page_id=42#breadcrumb"},"inLanguage":"pt-PT","potentialAction":[{"@type":"ReadAction","target":["https:\/\/vetpovoa.pt\/VP\/?page_id=42"]}]},{"@type":"ImageObject","inLanguage":"pt-PT","@id":"https:\/\/vetpovoa.pt\/VP\/?page_id=42#primaryimage","url":"http:\/\/vetpovoa.pt\/VP\/wp-content\/uploads\/2014\/03\/azul.png","contentUrl":"http:\/\/vetpovoa.pt\/VP\/wp-content\/uploads\/2014\/03\/azul.png"},{"@type":"BreadcrumbList","@id":"https:\/\/vetpovoa.pt\/VP\/?page_id=42#breadcrumb","itemListElement":[{"@type":"ListItem","position":1,"name":"In\u00edcio","item":"https:\/\/vetpovoa.pt\/VP\/"},{"@type":"ListItem","position":2,"name":"Leishmaniose Canina"}]},{"@type":"WebSite","@id":"https:\/\/vetpovoa.pt\/VP\/#website","url":"https:\/\/vetpovoa.pt\/VP\/","name":"Vet P\u00f3voa - Cl\u00ednica Veterin\u00e1ria Coimbra","description":"Cl\u00ednica Veterin\u00e1ria Coimbra","potentialAction":[{"@type":"SearchAction","target":{"@type":"EntryPoint","urlTemplate":"https:\/\/vetpovoa.pt\/VP\/?s={search_term_string}"},"query-input":{"@type":"PropertyValueSpecification","valueRequired":true,"valueName":"search_term_string"}}],"inLanguage":"pt-PT"}]}},"_links":{"self":[{"href":"https:\/\/vetpovoa.pt\/VP\/index.php?rest_route=\/wp\/v2\/pages\/42","targetHints":{"allow":["GET"]}}],"collection":[{"href":"https:\/\/vetpovoa.pt\/VP\/index.php?rest_route=\/wp\/v2\/pages"}],"about":[{"href":"https:\/\/vetpovoa.pt\/VP\/index.php?rest_route=\/wp\/v2\/types\/page"}],"author":[{"embeddable":true,"href":"https:\/\/vetpovoa.pt\/VP\/index.php?rest_route=\/wp\/v2\/users\/1"}],"replies":[{"embeddable":true,"href":"https:\/\/vetpovoa.pt\/VP\/index.php?rest_route=%2Fwp%2Fv2%2Fcomments&post=42"}],"version-history":[{"count":6,"href":"https:\/\/vetpovoa.pt\/VP\/index.php?rest_route=\/wp\/v2\/pages\/42\/revisions"}],"predecessor-version":[{"id":91,"href":"https:\/\/vetpovoa.pt\/VP\/index.php?rest_route=\/wp\/v2\/pages\/42\/revisions\/91"}],"wp:attachment":[{"href":"https:\/\/vetpovoa.pt\/VP\/index.php?rest_route=%2Fwp%2Fv2%2Fmedia&parent=42"}],"curies":[{"name":"wp","href":"https:\/\/api.w.org\/{rel}","templated":true}]}}