{"id":45,"date":"2014-03-25T11:46:30","date_gmt":"2014-03-25T11:46:30","guid":{"rendered":"http:\/\/vetpovoa.pt\/VP\/?page_id=45"},"modified":"2014-03-25T14:50:22","modified_gmt":"2014-03-25T14:50:22","slug":"imunodeficiencia-felina-fiv-leucemia-felina-felv","status":"publish","type":"page","link":"https:\/\/vetpovoa.pt\/VP\/?page_id=45","title":{"rendered":"Imunodefici\u00eancia Felina (fiv) \/ Leucemia Felina (felv)"},"content":{"rendered":"<p><img loading=\"lazy\" decoding=\"async\" class=\"aligncenter  wp-image-66\" alt=\"laranja\" src=\"http:\/\/vetpovoa.pt\/VP\/wp-content\/uploads\/2014\/03\/laranja.png\" width=\"548\" height=\"135\" srcset=\"https:\/\/vetpovoa.pt\/VP\/wp-content\/uploads\/2014\/03\/laranja.png 548w, https:\/\/vetpovoa.pt\/VP\/wp-content\/uploads\/2014\/03\/laranja-300x73.png 300w\" sizes=\"auto, (max-width: 548px) 100vw, 548px\" \/><\/p>\n<p>&nbsp;<\/p>\n<table width=\"100%\" border=\"0\" cellspacing=\"0\" cellpadding=\"0\">\n<tbody>\n<tr>\n<td width=\"32%\"><strong>O QUE \u00c9 A IMUNODEFICI\u00caNCIA FELINA E A LEUCEMIA FELINA?<\/strong><\/p>\n<p>O sindrome da Imunodefici\u00eancia felina (S.I.D.A. dos gatos) e da Leucemia felina s\u00e3o duas doen\u00e7as v\u00edricas provocadas por v\u00edrus distintos, mas semelhantes: o FIV (v\u00edrus da imunodefeci\u00eancia felina e o Felv (v\u00edrus da leucemia felina) respectivamente.<strong>Apesar de serem duas condi\u00e7\u00f5es perfeitamente diferentes, os mecanismos de cont\u00e1gio, os sintomas e a mortalidade s\u00e3o bastante semelhantes. Alguns animais podem apresentar ambas as doen\u00e7as ao mesmo tempo.<\/strong>\u00c9 importante salientar que a partir do momento em que o animal \u00e9 infectado e se torna sero positivo, nunca mais deixar\u00e1 de o ser, podendo ou n\u00e3o apresentar sintomatologia da doen\u00e7a.<\/p>\n<p style=\"color: #ff6600; text-align: left;\"><strong><em>\u201cS\u00e3o doen\u00e7as \u00fanicas e exclusivamente do gato, n\u00e3o podendo ser transmitidas ao homem<\/em><em><\/em>\u201d<\/strong><\/p>\n<p>Tratam-se de patologias cr\u00f3nicas e debilitantes que sem o acompanhamento de um m\u00e9dico veterin\u00e1rio podem levar rapidamente \u00e0 morte do nosso animal de estima\u00e7\u00e3o.<\/p>\n<p><strong>COMO SE TRANSMITEM?<\/strong><\/p>\n<p>Uma vez que os retrov\u00edrus (grupo onde se incluem o FIV e o Felv) s\u00e3o muito pouco resistentes no meio ambiente a transmiss\u00e3o ocorre atrav\u00e9s de um contacto muito pr\u00f3ximo: arranhadelas e mordidelas, contactos sexuais, ou por via transplacent\u00e1ria (da m\u00e3e para filho durante a gesta\u00e7\u00e3o). Como tal, a grande maioria dos gatos com acesso \u00e0 rua, principalmente os que n\u00e3o forem castrados, acabam mais cedo ou mais tarde por contrair uma e\/ou outra destas doen\u00e7as.<\/td>\n<td width=\"35%\"><strong>QUAIS OS SINTOMAS?<\/strong><\/p>\n<p>\u00c9 importante lembrar que estas doen\u00e7as podem dar uma multiplicidade de sintomas desde: febres intermitentes, prostra\u00e7\u00e3o, anorexia, pelagem em mau estado, v\u00f3mitos, diarreia, altera\u00e7\u00f5es articulares, altera\u00e7\u00f5es oculares, perda de peso e at\u00e9 fal\u00eancia multi-org\u00e2nica.Esta situa\u00e7\u00e3o deve-se ao facto de ambas as doen\u00e7as causarem um enfraquecimento progressivo do sistema imunit\u00e1rio (sistema de defesa) do animal, deixando-o vulner\u00e1vel a outros micoorganismos oportunistas.<strong>Estes v\u00edrus tamb\u00e9m t\u00eam a capacidade de provocar tumores nos nossos companheiros felinos. <\/strong>Em alguns dos casos pode n\u00e3o dar qualquer tipo de sintomas, principalmente nas fases iniciais da doen\u00e7a.<\/p>\n<p><strong>DEVO FAZER OS DESPISTES DAS DOEN\u00c7AS?<\/strong><\/p>\n<p>O despiste \u00e9 aconselhado sempre que houver uma suspeita, por m\u00ednima que seja, ou aquando da castra\u00e7\u00e3o para nos certificarmos que n\u00e3o houve transmiss\u00e3o da m\u00e3e para o filho e que o nosso amigo est\u00e1 livre da doen\u00e7a, n\u00e3o descartando um cont\u00e1gio futuro.<\/p>\n<p style=\"color: #ff6600; text-align: left;\"><strong><em>\u201c<\/em><\/strong><strong><\/strong><strong><em>Os testes baseiam-se no m\u00e9todo de ELISA com um resultado fi\u00e1vel em apenas 10min, ap\u00f3s a colheita de sangue.\u201d<\/em><\/strong><\/p>\n<p><strong>COMO SE TRATAM ANIMAIS COM FIV E \/ OU FELV?<\/strong><\/p>\n<p>N\u00e3o existe nenhum tratamento espec\u00edfico eficaz. O tratamento \u00e9 adequado e ajustado pelo m\u00e9dico veterin\u00e1rio relativamente aos sintomas apresentados, tentando erradicar infec\u00e7\u00f5es oportunistas, sendo que por vezes ser\u00e1 aconselhada a eutan\u00e1sia.<\/td>\n<td width=\"33%\"><strong>COMO SE PREVINEM ESTAS DOEN\u00c7AS?<\/strong><\/p>\n<p>Como se tratam de doen\u00e7as com transmiss\u00e3o directa de gato para gato, aconselha-se desde sempre tentar manter o nosso companheiro longe de outros que tenham acesso \u00e0 rua.<\/p>\n<p style=\"color: #ff6600;\"><strong><em>\u201c<\/em><\/strong><strong><em>A castra\u00e7\u00e3o \u00e9 um dos m\u00e9todos de elei\u00e7\u00e3o para a preven\u00e7\u00e3o, impedindo a dessimina\u00e7\u00e3o da doen\u00e7a.<\/em><\/strong><strong><em>\u201d<\/em><\/strong><\/p>\n<p><strong>Quanto \u00e0 preven\u00e7\u00e3o imunul\u00f3gica, \u00e9 importante salientar desde j\u00e1, que para a imunodefici\u00eancia felina (FIV), n\u00e3o existe vacina\u00e7\u00e3o, enquanto que para a leucemia felina (Felv), existe vacina\u00e7\u00e3o<\/strong> que \u00e9 aconselhada para os gatos que perten\u00e7am a um grupo de risco: gatos castrados ou n\u00e3o, com acesso \u00e0 rua, estando mais predispostos a lutas territoriais ou de defesa.<\/p>\n<p style=\"text-align: left;\" align=\"center\"><strong>Para qualquer esclarecimento adicional, \u00e9 favor contactar o corpo cl\u00ednico da VetP\u00f3voa.<\/strong><\/p>\n<\/td>\n<\/tr>\n<\/tbody>\n<\/table>\n<p>&nbsp;<\/p>\n","protected":false},"excerpt":{"rendered":"<p>&nbsp; O QUE \u00c9 A IMUNODEFICI\u00caNCIA FELINA E A LEUCEMIA FELINA? O sindrome da Imunodefici\u00eancia felina (S.I.D.A. dos gatos) e da Leucemia felina s\u00e3o duas&hellip; <a href=\"https:\/\/vetpovoa.pt\/VP\/?page_id=45\" class=\"post-excerpt-readmore\"><\/a><\/p>\n","protected":false},"author":1,"featured_media":0,"parent":0,"menu_order":0,"comment_status":"open","ping_status":"open","template":"full-width-page.php","meta":{"footnotes":""},"class_list":["post-45","page","type-page","status-publish","hentry"],"yoast_head":"<!-- This site is optimized with the Yoast SEO plugin v24.5 - https:\/\/yoast.com\/wordpress\/plugins\/seo\/ -->\n<title>Imunodefici\u00eancia Felina (fiv) \/ Leucemia Felina (felv) - Vet P\u00f3voa - Cl\u00ednica Veterin\u00e1ria Coimbra<\/title>\n<meta name=\"robots\" content=\"index, follow, max-snippet:-1, max-image-preview:large, max-video-preview:-1\" \/>\n<link rel=\"canonical\" href=\"https:\/\/vetpovoa.pt\/VP\/?page_id=45\" \/>\n<meta property=\"og:locale\" content=\"pt_PT\" \/>\n<meta property=\"og:type\" content=\"article\" \/>\n<meta property=\"og:title\" content=\"Imunodefici\u00eancia Felina (fiv) \/ Leucemia Felina (felv) - Vet P\u00f3voa - Cl\u00ednica Veterin\u00e1ria Coimbra\" \/>\n<meta property=\"og:description\" content=\"&nbsp; O QUE \u00c9 A IMUNODEFICI\u00caNCIA FELINA E A LEUCEMIA FELINA? O sindrome da Imunodefici\u00eancia felina (S.I.D.A. dos gatos) e da Leucemia felina s\u00e3o duas&hellip;\" \/>\n<meta property=\"og:url\" content=\"https:\/\/vetpovoa.pt\/VP\/?page_id=45\" \/>\n<meta property=\"og:site_name\" content=\"Vet P\u00f3voa - Cl\u00ednica Veterin\u00e1ria Coimbra\" \/>\n<meta property=\"article:modified_time\" content=\"2014-03-25T14:50:22+00:00\" \/>\n<meta property=\"og:image\" content=\"https:\/\/vetpovoa.pt\/VP\/wp-content\/uploads\/2014\/03\/laranja.png\" \/>\n\t<meta property=\"og:image:width\" content=\"548\" \/>\n\t<meta property=\"og:image:height\" content=\"135\" \/>\n\t<meta property=\"og:image:type\" content=\"image\/png\" \/>\n<meta name=\"twitter:card\" content=\"summary_large_image\" \/>\n<meta name=\"twitter:label1\" content=\"Tempo estimado de leitura\" \/>\n\t<meta name=\"twitter:data1\" content=\"3 minutos\" \/>\n<script type=\"application\/ld+json\" class=\"yoast-schema-graph\">{\"@context\":\"https:\/\/schema.org\",\"@graph\":[{\"@type\":\"WebPage\",\"@id\":\"https:\/\/vetpovoa.pt\/VP\/?page_id=45\",\"url\":\"https:\/\/vetpovoa.pt\/VP\/?page_id=45\",\"name\":\"Imunodefici\u00eancia Felina (fiv) \/ Leucemia Felina (felv) - Vet P\u00f3voa - Cl\u00ednica Veterin\u00e1ria Coimbra\",\"isPartOf\":{\"@id\":\"https:\/\/vetpovoa.pt\/VP\/#website\"},\"primaryImageOfPage\":{\"@id\":\"https:\/\/vetpovoa.pt\/VP\/?page_id=45#primaryimage\"},\"image\":{\"@id\":\"https:\/\/vetpovoa.pt\/VP\/?page_id=45#primaryimage\"},\"thumbnailUrl\":\"http:\/\/vetpovoa.pt\/VP\/wp-content\/uploads\/2014\/03\/laranja.png\",\"datePublished\":\"2014-03-25T11:46:30+00:00\",\"dateModified\":\"2014-03-25T14:50:22+00:00\",\"breadcrumb\":{\"@id\":\"https:\/\/vetpovoa.pt\/VP\/?page_id=45#breadcrumb\"},\"inLanguage\":\"pt-PT\",\"potentialAction\":[{\"@type\":\"ReadAction\",\"target\":[\"https:\/\/vetpovoa.pt\/VP\/?page_id=45\"]}]},{\"@type\":\"ImageObject\",\"inLanguage\":\"pt-PT\",\"@id\":\"https:\/\/vetpovoa.pt\/VP\/?page_id=45#primaryimage\",\"url\":\"http:\/\/vetpovoa.pt\/VP\/wp-content\/uploads\/2014\/03\/laranja.png\",\"contentUrl\":\"http:\/\/vetpovoa.pt\/VP\/wp-content\/uploads\/2014\/03\/laranja.png\"},{\"@type\":\"BreadcrumbList\",\"@id\":\"https:\/\/vetpovoa.pt\/VP\/?page_id=45#breadcrumb\",\"itemListElement\":[{\"@type\":\"ListItem\",\"position\":1,\"name\":\"In\u00edcio\",\"item\":\"https:\/\/vetpovoa.pt\/VP\/\"},{\"@type\":\"ListItem\",\"position\":2,\"name\":\"Imunodefici\u00eancia Felina (fiv) \/ Leucemia Felina (felv)\"}]},{\"@type\":\"WebSite\",\"@id\":\"https:\/\/vetpovoa.pt\/VP\/#website\",\"url\":\"https:\/\/vetpovoa.pt\/VP\/\",\"name\":\"Vet P\u00f3voa - Cl\u00ednica Veterin\u00e1ria Coimbra\",\"description\":\"Cl\u00ednica Veterin\u00e1ria Coimbra\",\"potentialAction\":[{\"@type\":\"SearchAction\",\"target\":{\"@type\":\"EntryPoint\",\"urlTemplate\":\"https:\/\/vetpovoa.pt\/VP\/?s={search_term_string}\"},\"query-input\":{\"@type\":\"PropertyValueSpecification\",\"valueRequired\":true,\"valueName\":\"search_term_string\"}}],\"inLanguage\":\"pt-PT\"}]}<\/script>\n<!-- \/ Yoast SEO plugin. -->","yoast_head_json":{"title":"Imunodefici\u00eancia Felina (fiv) \/ Leucemia Felina (felv) - Vet P\u00f3voa - Cl\u00ednica Veterin\u00e1ria Coimbra","robots":{"index":"index","follow":"follow","max-snippet":"max-snippet:-1","max-image-preview":"max-image-preview:large","max-video-preview":"max-video-preview:-1"},"canonical":"https:\/\/vetpovoa.pt\/VP\/?page_id=45","og_locale":"pt_PT","og_type":"article","og_title":"Imunodefici\u00eancia Felina (fiv) \/ Leucemia Felina (felv) - Vet P\u00f3voa - Cl\u00ednica Veterin\u00e1ria Coimbra","og_description":"&nbsp; O QUE \u00c9 A IMUNODEFICI\u00caNCIA FELINA E A LEUCEMIA FELINA? O sindrome da Imunodefici\u00eancia felina (S.I.D.A. dos gatos) e da Leucemia felina s\u00e3o duas&hellip;","og_url":"https:\/\/vetpovoa.pt\/VP\/?page_id=45","og_site_name":"Vet P\u00f3voa - Cl\u00ednica Veterin\u00e1ria Coimbra","article_modified_time":"2014-03-25T14:50:22+00:00","og_image":[{"width":548,"height":135,"url":"https:\/\/vetpovoa.pt\/VP\/wp-content\/uploads\/2014\/03\/laranja.png","type":"image\/png"}],"twitter_card":"summary_large_image","twitter_misc":{"Tempo estimado de leitura":"3 minutos"},"schema":{"@context":"https:\/\/schema.org","@graph":[{"@type":"WebPage","@id":"https:\/\/vetpovoa.pt\/VP\/?page_id=45","url":"https:\/\/vetpovoa.pt\/VP\/?page_id=45","name":"Imunodefici\u00eancia Felina (fiv) \/ Leucemia Felina (felv) - Vet P\u00f3voa - Cl\u00ednica Veterin\u00e1ria Coimbra","isPartOf":{"@id":"https:\/\/vetpovoa.pt\/VP\/#website"},"primaryImageOfPage":{"@id":"https:\/\/vetpovoa.pt\/VP\/?page_id=45#primaryimage"},"image":{"@id":"https:\/\/vetpovoa.pt\/VP\/?page_id=45#primaryimage"},"thumbnailUrl":"http:\/\/vetpovoa.pt\/VP\/wp-content\/uploads\/2014\/03\/laranja.png","datePublished":"2014-03-25T11:46:30+00:00","dateModified":"2014-03-25T14:50:22+00:00","breadcrumb":{"@id":"https:\/\/vetpovoa.pt\/VP\/?page_id=45#breadcrumb"},"inLanguage":"pt-PT","potentialAction":[{"@type":"ReadAction","target":["https:\/\/vetpovoa.pt\/VP\/?page_id=45"]}]},{"@type":"ImageObject","inLanguage":"pt-PT","@id":"https:\/\/vetpovoa.pt\/VP\/?page_id=45#primaryimage","url":"http:\/\/vetpovoa.pt\/VP\/wp-content\/uploads\/2014\/03\/laranja.png","contentUrl":"http:\/\/vetpovoa.pt\/VP\/wp-content\/uploads\/2014\/03\/laranja.png"},{"@type":"BreadcrumbList","@id":"https:\/\/vetpovoa.pt\/VP\/?page_id=45#breadcrumb","itemListElement":[{"@type":"ListItem","position":1,"name":"In\u00edcio","item":"https:\/\/vetpovoa.pt\/VP\/"},{"@type":"ListItem","position":2,"name":"Imunodefici\u00eancia Felina (fiv) \/ Leucemia Felina (felv)"}]},{"@type":"WebSite","@id":"https:\/\/vetpovoa.pt\/VP\/#website","url":"https:\/\/vetpovoa.pt\/VP\/","name":"Vet P\u00f3voa - Cl\u00ednica Veterin\u00e1ria Coimbra","description":"Cl\u00ednica Veterin\u00e1ria Coimbra","potentialAction":[{"@type":"SearchAction","target":{"@type":"EntryPoint","urlTemplate":"https:\/\/vetpovoa.pt\/VP\/?s={search_term_string}"},"query-input":{"@type":"PropertyValueSpecification","valueRequired":true,"valueName":"search_term_string"}}],"inLanguage":"pt-PT"}]}},"_links":{"self":[{"href":"https:\/\/vetpovoa.pt\/VP\/index.php?rest_route=\/wp\/v2\/pages\/45","targetHints":{"allow":["GET"]}}],"collection":[{"href":"https:\/\/vetpovoa.pt\/VP\/index.php?rest_route=\/wp\/v2\/pages"}],"about":[{"href":"https:\/\/vetpovoa.pt\/VP\/index.php?rest_route=\/wp\/v2\/types\/page"}],"author":[{"embeddable":true,"href":"https:\/\/vetpovoa.pt\/VP\/index.php?rest_route=\/wp\/v2\/users\/1"}],"replies":[{"embeddable":true,"href":"https:\/\/vetpovoa.pt\/VP\/index.php?rest_route=%2Fwp%2Fv2%2Fcomments&post=45"}],"version-history":[{"count":19,"href":"https:\/\/vetpovoa.pt\/VP\/index.php?rest_route=\/wp\/v2\/pages\/45\/revisions"}],"predecessor-version":[{"id":86,"href":"https:\/\/vetpovoa.pt\/VP\/index.php?rest_route=\/wp\/v2\/pages\/45\/revisions\/86"}],"wp:attachment":[{"href":"https:\/\/vetpovoa.pt\/VP\/index.php?rest_route=%2Fwp%2Fv2%2Fmedia&parent=45"}],"curies":[{"name":"wp","href":"https:\/\/api.w.org\/{rel}","templated":true}]}}