{"id":47,"date":"2014-03-25T11:47:03","date_gmt":"2014-03-25T11:47:03","guid":{"rendered":"http:\/\/vetpovoa.pt\/VP\/?page_id=47"},"modified":"2014-03-25T14:23:32","modified_gmt":"2014-03-25T14:23:32","slug":"dirofilarose","status":"publish","type":"page","link":"https:\/\/vetpovoa.pt\/VP\/?page_id=47","title":{"rendered":"Dirofilarose"},"content":{"rendered":"<p><img loading=\"lazy\" decoding=\"async\" class=\"aligncenter  wp-image-67\" alt=\"verde\" src=\"http:\/\/vetpovoa.pt\/VP\/wp-content\/uploads\/2014\/03\/verde.png\" width=\"548\" height=\"135\" srcset=\"https:\/\/vetpovoa.pt\/VP\/wp-content\/uploads\/2014\/03\/verde.png 548w, https:\/\/vetpovoa.pt\/VP\/wp-content\/uploads\/2014\/03\/verde-300x73.png 300w\" sizes=\"auto, (max-width: 548px) 100vw, 548px\" \/><\/p>\n<table width=\"100%\" border=\"0\" cellspacing=\"0\" cellpadding=\"0\">\n<tbody>\n<tr>\n<td width=\"34%\"><strong>O QUE \u00c9 A DIROFILARIOSE?<\/strong><\/p>\n<p>A Dirofilariose \u00e9 uma doen\u00e7a parasit\u00e1ria causada por um nem\u00e1tode, semelhante \u00e0s lombrigas do intestino, mas que se aloja no cora\u00e7\u00e3o. Este parasita card\u00edaco \u00e9 conhecido por Dirofilaria immitis e transmite-se por meio da picada de um mosquito, no entanto, n\u00e3o se deve confundir esta doen\u00e7a com a Leishmaniose, j\u00e1 que, tanto o mosquito, como o parasita s\u00e3o totalmente diferentes.<strong>A Dirofilariose afecta c\u00e3es e eventualmente gatos, mas nunca os seres humanos.<\/strong><\/p>\n<p><strong>COMO SE TRANSMITE? <\/strong><\/p>\n<p><strong>O ciclo tem in\u00edcio, quando um mosquito se alimenta do sangue de um c\u00e3o infestado, ingerindo larvas microsc\u00f3picas.<\/strong><\/p>\n<p>Quando o insecto pica um c\u00e3o saud\u00e1vel, transporta as larvas para um novo hospedeiro. As larvas migram at\u00e9 ao cora\u00e7\u00e3o e atingem a maturidade, podendo os adultos atingir 30cm de comprimento, cada um. Os vermes reproduzem-se, e soltam mais larvas na corrente sangu\u00ednea que ser\u00e3o transportadas por um novo mosquito que completa o ciclo.<\/p>\n<p><strong>Assim sendo, o mosquito \u00e9 o vector, provocando a dissemina\u00e7\u00e3o da doen\u00e7a dos c\u00e3es infestados para os c\u00e3es saud\u00e1veis.<\/strong><strong> <\/strong><\/p>\n<p><strong>QUAIS OS SINTOMAS?<\/strong><\/p>\n<p>Infelizmente a Dirofilariose canina provoca les\u00f5es muito graves antes do aparecimento dos sintomas vis\u00edveis. Na altura em que os sintomas aparecem, a doen\u00e7a est\u00e1 de tal forma avan\u00e7ada que as les\u00f5es nos \u00f3rg\u00e3os internos podem j\u00e1 ser irrevers\u00edveis.<\/p>\n<p><strong>O per\u00edodo assintom\u00e1tico pode durar 1 ano e muitas vezes os primeiros sintomas podem passar despercebidos. <\/strong><\/td>\n<td width=\"35%\">\n<p style=\"color: #99cc00; text-align: left;\" align=\"center\"><strong><em>\u201c<\/em><\/strong><strong><em>A tosse \u00e9 geralmente o primeiro sintoma e tem tend\u00eancia a aumentar tanto em frequ\u00eancia, como em intensidade. <\/em><\/strong><strong><em>Animais com dirofilariose cansam-se facilmente, est\u00e3o geralmente fracos e perdem peso, podendo tossir sangue.\u201d<\/em><\/strong><\/p>\n<p>\u00c0 medida que a doen\u00e7a vai progredindo, respirar torna-se cada vez mais dif\u00edcil afectando drasticamente a qualidade de vida do animal.<\/p>\n<p>O nosso amigo deixa de conseguir apanhar um brinquedo ou dar o passeio di\u00e1rio, devido ao desenvolvimento de uma insufici\u00eancia card\u00edaca. <strong>Nesta fase podem existir perdas de consci\u00eancia moment\u00e2neas.<\/strong><\/p>\n<p><strong>DEVO FAZER O DESPISTE DE DIROFILARIOSE?<\/strong><\/p>\n<p>O M\u00e9dico Veterin\u00e1rio \u00e9 a pessoa indicada para o aconselhar sobre esta situa\u00e7\u00e3o.<\/p>\n<p>Em zonas onde esta doen\u00e7a existe \u00e9 sempre importante efectuar an\u00e1lises ao sangue, mesmo antes de existirem sintomas de patologia card\u00edaca.<\/p>\n<p><strong>Esta medida \u00e9, apesar de tudo, mais barata e tem uma margem de seguran\u00e7a maior do que o tratamento m\u00e9dico ou cir\u00fargico, pois embora estes sejam o \u00fanico meio para salvar a vida do animal, s\u00e3o procedimentos por si s\u00f3 bastante arriscados. <\/strong><\/p>\n<p style=\"color: #99cc00; text-align: left;\" align=\"center\"><strong><em>\u201c<\/em><\/strong><strong><em>Se n\u00e3o forem efectuados despistes e preven\u00e7\u00e3o, a doen\u00e7a pode passar despercebida durante muito tempo.\u201d<\/em><\/strong><\/p>\n<\/td>\n<td width=\"31%\"><strong>COMO SE PREVINE A DIROFILARIOSE?<\/strong><\/p>\n<p>A luta contra os mosquitos, \u00e9 uma das hip\u00f3teses de preven\u00e7\u00e3o, mas nunca \u00e9 totalmente eficaz. Felizmente temos \u00e0 disposi\u00e7\u00e3o alguns f\u00e1rmacos preventivos de Dirofilariose, sob a forma de injet\u00e1veis anuais ou comprimidos mastig\u00e1veis mensais que impedem que as larvas cheguem ao cora\u00e7\u00e3o.<strong>A preven\u00e7\u00e3o deve ser realizada durante todo o ano, pois o nosso clima ameno, \u00e9 propicio \u00e0 sobreviv\u00eancia dos mosquitos 12 meses por ano. Estes medicamentos substituem a desparasita\u00e7\u00e3o normal contra nem\u00e1todes intestinais, pelo que s\u00f3 teremos de fazer desparasita\u00e7\u00f5es do\u00a0 trato gastro-intestinal de 6 em 6 meses contra t\u00e9nias (estes parasitas n\u00e3o s\u00e3o eliminados pelos f\u00e1rmacos usados na preven\u00e7\u00e3o da Dirofilariose).<\/strong><\/p>\n<p>Antes de iniciar este protocolo preventivo aconselhe-se com o M\u00e9dico Veterin\u00e1rio j\u00e1 que o despiste pr\u00e9vio da doen\u00e7a \u00e9 essencial.<\/p>\n<p style=\"color: #99cc00; text-align: left;\" align=\"center\"><strong><em>\u201c<\/em><\/strong><strong><em>Esta preven\u00e7\u00e3o n\u00e3o nos permite descurar a preven\u00e7\u00e3o dos mosquitos, porque eles tamb\u00e9m transmitem outras doen\u00e7as importantes como a Leishmaniose.\u201d<\/em><\/strong><\/p>\n<p style=\"text-align: left;\" align=\"center\"><strong>Para qualquer esclarecimento adicional, \u00e9 favor contactar o corpo cl\u00ednico da VetP\u00f3voa.<\/strong><\/p>\n<\/td>\n<\/tr>\n<\/tbody>\n<\/table>\n<p>&nbsp;<\/p>\n","protected":false},"excerpt":{"rendered":"<p>O QUE \u00c9 A DIROFILARIOSE? A Dirofilariose \u00e9 uma doen\u00e7a parasit\u00e1ria causada por um nem\u00e1tode, semelhante \u00e0s lombrigas do intestino, mas que se aloja no&hellip; <a href=\"https:\/\/vetpovoa.pt\/VP\/?page_id=47\" class=\"post-excerpt-readmore\"><\/a><\/p>\n","protected":false},"author":1,"featured_media":0,"parent":0,"menu_order":0,"comment_status":"open","ping_status":"open","template":"full-width-page.php","meta":{"footnotes":""},"class_list":["post-47","page","type-page","status-publish","hentry"],"yoast_head":"<!-- This site is optimized with the Yoast SEO plugin v24.5 - https:\/\/yoast.com\/wordpress\/plugins\/seo\/ -->\n<title>Dirofilarose - Vet P\u00f3voa - Cl\u00ednica Veterin\u00e1ria Coimbra<\/title>\n<meta name=\"robots\" content=\"index, follow, max-snippet:-1, max-image-preview:large, max-video-preview:-1\" \/>\n<link rel=\"canonical\" href=\"https:\/\/vetpovoa.pt\/VP\/?page_id=47\" \/>\n<meta property=\"og:locale\" content=\"pt_PT\" \/>\n<meta property=\"og:type\" content=\"article\" \/>\n<meta property=\"og:title\" content=\"Dirofilarose - Vet P\u00f3voa - Cl\u00ednica Veterin\u00e1ria Coimbra\" \/>\n<meta property=\"og:description\" content=\"O QUE \u00c9 A DIROFILARIOSE? A Dirofilariose \u00e9 uma doen\u00e7a parasit\u00e1ria causada por um nem\u00e1tode, semelhante \u00e0s lombrigas do intestino, mas que se aloja no&hellip;\" \/>\n<meta property=\"og:url\" content=\"https:\/\/vetpovoa.pt\/VP\/?page_id=47\" \/>\n<meta property=\"og:site_name\" content=\"Vet P\u00f3voa - Cl\u00ednica Veterin\u00e1ria Coimbra\" \/>\n<meta property=\"article:modified_time\" content=\"2014-03-25T14:23:32+00:00\" \/>\n<meta property=\"og:image\" content=\"https:\/\/vetpovoa.pt\/VP\/wp-content\/uploads\/2014\/03\/verde.png\" \/>\n\t<meta property=\"og:image:width\" content=\"548\" \/>\n\t<meta property=\"og:image:height\" content=\"135\" \/>\n\t<meta property=\"og:image:type\" content=\"image\/png\" \/>\n<meta name=\"twitter:card\" content=\"summary_large_image\" \/>\n<meta name=\"twitter:label1\" content=\"Tempo estimado de leitura\" \/>\n\t<meta name=\"twitter:data1\" content=\"3 minutos\" \/>\n<script type=\"application\/ld+json\" class=\"yoast-schema-graph\">{\"@context\":\"https:\/\/schema.org\",\"@graph\":[{\"@type\":\"WebPage\",\"@id\":\"https:\/\/vetpovoa.pt\/VP\/?page_id=47\",\"url\":\"https:\/\/vetpovoa.pt\/VP\/?page_id=47\",\"name\":\"Dirofilarose - Vet P\u00f3voa - Cl\u00ednica Veterin\u00e1ria Coimbra\",\"isPartOf\":{\"@id\":\"https:\/\/vetpovoa.pt\/VP\/#website\"},\"primaryImageOfPage\":{\"@id\":\"https:\/\/vetpovoa.pt\/VP\/?page_id=47#primaryimage\"},\"image\":{\"@id\":\"https:\/\/vetpovoa.pt\/VP\/?page_id=47#primaryimage\"},\"thumbnailUrl\":\"http:\/\/vetpovoa.pt\/VP\/wp-content\/uploads\/2014\/03\/verde.png\",\"datePublished\":\"2014-03-25T11:47:03+00:00\",\"dateModified\":\"2014-03-25T14:23:32+00:00\",\"breadcrumb\":{\"@id\":\"https:\/\/vetpovoa.pt\/VP\/?page_id=47#breadcrumb\"},\"inLanguage\":\"pt-PT\",\"potentialAction\":[{\"@type\":\"ReadAction\",\"target\":[\"https:\/\/vetpovoa.pt\/VP\/?page_id=47\"]}]},{\"@type\":\"ImageObject\",\"inLanguage\":\"pt-PT\",\"@id\":\"https:\/\/vetpovoa.pt\/VP\/?page_id=47#primaryimage\",\"url\":\"http:\/\/vetpovoa.pt\/VP\/wp-content\/uploads\/2014\/03\/verde.png\",\"contentUrl\":\"http:\/\/vetpovoa.pt\/VP\/wp-content\/uploads\/2014\/03\/verde.png\"},{\"@type\":\"BreadcrumbList\",\"@id\":\"https:\/\/vetpovoa.pt\/VP\/?page_id=47#breadcrumb\",\"itemListElement\":[{\"@type\":\"ListItem\",\"position\":1,\"name\":\"In\u00edcio\",\"item\":\"https:\/\/vetpovoa.pt\/VP\/\"},{\"@type\":\"ListItem\",\"position\":2,\"name\":\"Dirofilarose\"}]},{\"@type\":\"WebSite\",\"@id\":\"https:\/\/vetpovoa.pt\/VP\/#website\",\"url\":\"https:\/\/vetpovoa.pt\/VP\/\",\"name\":\"Vet P\u00f3voa - Cl\u00ednica Veterin\u00e1ria Coimbra\",\"description\":\"Cl\u00ednica Veterin\u00e1ria Coimbra\",\"potentialAction\":[{\"@type\":\"SearchAction\",\"target\":{\"@type\":\"EntryPoint\",\"urlTemplate\":\"https:\/\/vetpovoa.pt\/VP\/?s={search_term_string}\"},\"query-input\":{\"@type\":\"PropertyValueSpecification\",\"valueRequired\":true,\"valueName\":\"search_term_string\"}}],\"inLanguage\":\"pt-PT\"}]}<\/script>\n<!-- \/ Yoast SEO plugin. -->","yoast_head_json":{"title":"Dirofilarose - Vet P\u00f3voa - Cl\u00ednica Veterin\u00e1ria Coimbra","robots":{"index":"index","follow":"follow","max-snippet":"max-snippet:-1","max-image-preview":"max-image-preview:large","max-video-preview":"max-video-preview:-1"},"canonical":"https:\/\/vetpovoa.pt\/VP\/?page_id=47","og_locale":"pt_PT","og_type":"article","og_title":"Dirofilarose - Vet P\u00f3voa - Cl\u00ednica Veterin\u00e1ria Coimbra","og_description":"O QUE \u00c9 A DIROFILARIOSE? A Dirofilariose \u00e9 uma doen\u00e7a parasit\u00e1ria causada por um nem\u00e1tode, semelhante \u00e0s lombrigas do intestino, mas que se aloja no&hellip;","og_url":"https:\/\/vetpovoa.pt\/VP\/?page_id=47","og_site_name":"Vet P\u00f3voa - Cl\u00ednica Veterin\u00e1ria Coimbra","article_modified_time":"2014-03-25T14:23:32+00:00","og_image":[{"width":548,"height":135,"url":"https:\/\/vetpovoa.pt\/VP\/wp-content\/uploads\/2014\/03\/verde.png","type":"image\/png"}],"twitter_card":"summary_large_image","twitter_misc":{"Tempo estimado de leitura":"3 minutos"},"schema":{"@context":"https:\/\/schema.org","@graph":[{"@type":"WebPage","@id":"https:\/\/vetpovoa.pt\/VP\/?page_id=47","url":"https:\/\/vetpovoa.pt\/VP\/?page_id=47","name":"Dirofilarose - Vet P\u00f3voa - Cl\u00ednica Veterin\u00e1ria Coimbra","isPartOf":{"@id":"https:\/\/vetpovoa.pt\/VP\/#website"},"primaryImageOfPage":{"@id":"https:\/\/vetpovoa.pt\/VP\/?page_id=47#primaryimage"},"image":{"@id":"https:\/\/vetpovoa.pt\/VP\/?page_id=47#primaryimage"},"thumbnailUrl":"http:\/\/vetpovoa.pt\/VP\/wp-content\/uploads\/2014\/03\/verde.png","datePublished":"2014-03-25T11:47:03+00:00","dateModified":"2014-03-25T14:23:32+00:00","breadcrumb":{"@id":"https:\/\/vetpovoa.pt\/VP\/?page_id=47#breadcrumb"},"inLanguage":"pt-PT","potentialAction":[{"@type":"ReadAction","target":["https:\/\/vetpovoa.pt\/VP\/?page_id=47"]}]},{"@type":"ImageObject","inLanguage":"pt-PT","@id":"https:\/\/vetpovoa.pt\/VP\/?page_id=47#primaryimage","url":"http:\/\/vetpovoa.pt\/VP\/wp-content\/uploads\/2014\/03\/verde.png","contentUrl":"http:\/\/vetpovoa.pt\/VP\/wp-content\/uploads\/2014\/03\/verde.png"},{"@type":"BreadcrumbList","@id":"https:\/\/vetpovoa.pt\/VP\/?page_id=47#breadcrumb","itemListElement":[{"@type":"ListItem","position":1,"name":"In\u00edcio","item":"https:\/\/vetpovoa.pt\/VP\/"},{"@type":"ListItem","position":2,"name":"Dirofilarose"}]},{"@type":"WebSite","@id":"https:\/\/vetpovoa.pt\/VP\/#website","url":"https:\/\/vetpovoa.pt\/VP\/","name":"Vet P\u00f3voa - Cl\u00ednica Veterin\u00e1ria Coimbra","description":"Cl\u00ednica Veterin\u00e1ria Coimbra","potentialAction":[{"@type":"SearchAction","target":{"@type":"EntryPoint","urlTemplate":"https:\/\/vetpovoa.pt\/VP\/?s={search_term_string}"},"query-input":{"@type":"PropertyValueSpecification","valueRequired":true,"valueName":"search_term_string"}}],"inLanguage":"pt-PT"}]}},"_links":{"self":[{"href":"https:\/\/vetpovoa.pt\/VP\/index.php?rest_route=\/wp\/v2\/pages\/47","targetHints":{"allow":["GET"]}}],"collection":[{"href":"https:\/\/vetpovoa.pt\/VP\/index.php?rest_route=\/wp\/v2\/pages"}],"about":[{"href":"https:\/\/vetpovoa.pt\/VP\/index.php?rest_route=\/wp\/v2\/types\/page"}],"author":[{"embeddable":true,"href":"https:\/\/vetpovoa.pt\/VP\/index.php?rest_route=\/wp\/v2\/users\/1"}],"replies":[{"embeddable":true,"href":"https:\/\/vetpovoa.pt\/VP\/index.php?rest_route=%2Fwp%2Fv2%2Fcomments&post=47"}],"version-history":[{"count":10,"href":"https:\/\/vetpovoa.pt\/VP\/index.php?rest_route=\/wp\/v2\/pages\/47\/revisions"}],"predecessor-version":[{"id":74,"href":"https:\/\/vetpovoa.pt\/VP\/index.php?rest_route=\/wp\/v2\/pages\/47\/revisions\/74"}],"wp:attachment":[{"href":"https:\/\/vetpovoa.pt\/VP\/index.php?rest_route=%2Fwp%2Fv2%2Fmedia&parent=47"}],"curies":[{"name":"wp","href":"https:\/\/api.w.org\/{rel}","templated":true}]}}